{"id":4213,"date":"2021-12-30T15:02:59","date_gmt":"2021-12-30T14:02:59","guid":{"rendered":"https:\/\/radar-shop.com\/condiciones\/"},"modified":"2023-01-19T17:31:49","modified_gmt":"2023-01-19T16:31:49","slug":"condiciones","status":"publish","type":"page","link":"https:\/\/radar-shop.com\/es\/condiciones\/","title":{"rendered":"Condiciones"},"content":{"rendered":"&#13;\n<h3 class=\"wp-block-heading\"><strong>T\u00e9rminos de servicio&#13;\nDerecho de desistimiento y protecci\u00f3n de datos<\/strong><\/h3>&#13;\n&#13;\n<p><strong>1 Alcance<\/strong><\/p>&#13;\n&#13;\n<p>Para la relaci\u00f3n comercial entre RADAR-SHOP y el cliente, los siguientes t\u00e9rminos y condiciones generales se aplican exclusivamente en la versi\u00f3n v\u00e1lida en el momento del pedido. Radar-shop.com no reconoce las condiciones divergentes del cliente, a menos que radar-shop haya aceptado expresamente su validez por escrito.<\/p>&#13;\n&#13;\n<p><strong>2 celebraci\u00f3n de contrato<\/strong><\/p>&#13;\n&#13;\n<p>Su pedido representa una oferta para nosotros para celebrar un contrato de compra. Cuando realiza un pedido con radar-shop, le enviaremos un correo electr\u00f3nico confirmando que hemos recibido su pedido y enumerando sus detalles (confirmaci\u00f3n del pedido). Esta confirmaci\u00f3n de pedido no constituye la aceptaci\u00f3n de su oferta, pero solo tiene como objetivo informarle que hemos recibido su pedido. Un contrato de venta solo se concluye cuando le enviamos el producto solicitado. El socio contractual es RADAR-SHOP. En caso de errores de mecanograf\u00eda, impresi\u00f3n o c\u00e1lculo en el sitio web, radar-shop.com tiene derecho a retirarse.<\/p>&#13;\n&#13;\n<p><strong>3 derecho de desistimiento <\/strong><\/p>&#13;\n&#13;\n<p><strong>Derecho a retirada&#13;\nDerecho a retirada<\/strong><\/p>&#13;\n&#13;\n<p>Sie haben das Recht, binnen vierzehn Tagen ohne Angabe von Gr\u00fcnden diesen Vertrag zu widerrufen. Die Widerrufsfrist betr\u00e4gt vierzehn Tage ab dem Tag, an dem Sie oder ein von Ihnen benannter Dritter, der nicht der Bef\u00f6rderer ist, die Waren in Besitz genommen haben bzw. hat. Um Ihr Widerrufsrecht auszu\u00fcben, m\u00fcssen Sie uns (RADAR-SHOP, Waldhofer Strasse 102, D-69123 Heidelberg, Deutschland \/ Germany, Tel.: +49-3886-714 99 99, Fax: +49-06221-619098 Email:\u00a0<a href=\"mailto:service@radar-shop.com\">service@radar-shop.com<\/a>) mittels einer eindeutigen Erkl\u00e4rung (z.B. ein mit der Post versandter Brief, Telefax oder E-Mail) \u00fcber Ihren Entschluss, diesen Vertrag zu widerrufen, informieren. Sie k\u00f6nnen daf\u00fcr das beigef\u00fcgte\u00a0<a href=\"https:\/\/radar-shop.com\/wp-content\/uploads\/2023\/01\/Radarshop-widerrufsformular.pdf\">Muster-Widerrufsformular<\/a>\u00a0verwenden, das jedoch nicht vorgeschrieben ist. Zur Wahrung der Widerrufsfrist reicht es aus, dass Sie die Mitteilung \u00fcber die Aus\u00fcbung des Widerrufsrechts vor Ablauf der Widerrufsfrist absenden.<\/p>&#13;\n&#13;\n<p><strong>Consecuencias de la retirada<\/strong><\/p>&#13;\n&#13;\n<p>Si se rescinde de este contrato, le habremos entregado todos los pagos que hayamos recibido de usted, incluidos los gastos de env\u00edo (con la excepci\u00f3n de los costes adicionales que resultan de elegir un tipo de env\u00edo diferente al de la entrega est\u00e1ndar m\u00e1s barata ofrecida por nosotros. ), que se reembolsar\u00e1 de inmediato y, a m\u00e1s tardar, dentro de los catorce d\u00edas a partir del d\u00eda en que recibamos la notificaci\u00f3n de su cancelaci\u00f3n de este contrato. Para este reembolso, utilizaremos el mismo medio de pago que utiliz\u00f3 para la transacci\u00f3n original, a menos que se haya acordado expresamente con usted otra cosa; En ning\u00fan caso se le cobrar\u00e1 ninguna tarifa por este reembolso. Podemos rechazar el reembolso hasta que hayamos recibido la mercanc\u00eda de regreso o hasta que usted haya proporcionado evidencia de que ha devuelto la mercanc\u00eda, lo que ocurra primero.<\/p>&#13;\n&#13;\n<p>Debe devolver o entregar la mercanc\u00eda a RADAR-SHOP, Waldhofer Strasse 102, D-69123 Heidelberg, Deutschland \/ Alemania, inmediatamente y, en cualquier caso, a m\u00e1s tardar catorce d\u00edas a partir del d\u00eda en que nos informe de la cancelaci\u00f3n de este contrato. . El plazo se cumple si env\u00eda la mercanc\u00eda antes de que expire el plazo de catorce d\u00edas. Usted corre con los costes directos de devoluci\u00f3n de la mercanc\u00eda. Debe pagar cualquier p\u00e9rdida de valor de los bienes si esta p\u00e9rdida de valor se debe a la manipulaci\u00f3n de los bienes que no es necesaria para verificar la naturaleza, propiedades y funcionalidad de los bienes.<\/p>&#13;\n&#13;\n<p><strong>4 entrega<\/strong><\/p>&#13;\n&#13;\n<p>A menos que se acuerde lo contrario, la entrega se realiza desde el almac\u00e9n de la tienda radar hasta la direcci\u00f3n de entrega especificada por el cliente. En el sitio web encontrar\u00e1 informaci\u00f3n sobre la disponibilidad de productos vendidos directamente por radar-shop (por ejemplo, en la p\u00e1gina de detalles del producto correspondiente). Nos gustar\u00eda se\u00f1alar que toda la informaci\u00f3n sobre disponibilidad, env\u00edo o entrega de un producto son solo informaci\u00f3n aproximada y valores orientativos aproximados. No representan ninguna fecha de env\u00edo o entrega vinculante o garantizada, a menos que esto se designe expresamente como una fecha vinculante en las opciones de env\u00edo para el producto respectivo. Si, mientras procesa su pedido, radar-shop determina que los productos que ha pedido no est\u00e1n disponibles, se le informar\u00e1 por separado por correo electr\u00f3nico. Si radar-shop.com no puede entregar la mercanc\u00eda solicitada por causas ajenas a ella, porque el proveedor de radar-shop.com no cumple con sus obligaciones contractuales, radar-shop.com tiene derecho a rescindir el contrato con el cliente. En este caso, el cliente ser\u00e1 informado inmediatamente de que el producto solicitado no est\u00e1 disponible. Los derechos legales del cliente no se ven afectados.<\/p>&#13;\n&#13;\n<p>Si la entrega al cliente no es posible porque no se puede encontrar al cliente en la direcci\u00f3n de entrega especificada por \u00e9l, aunque el tiempo de entrega se haya comunicado al cliente con un per\u00edodo de tiempo razonable, el cliente correr\u00e1 con los gastos de la entrega fallida.<\/p>&#13;\n&#13;\n<p><strong>5 Vencimiento y pago, incumplimiento<\/strong><\/p>&#13;\n&#13;\n<p>El cliente puede pagar el precio de compra contra reembolso, prepago, tarjeta de cr\u00e9dito, Giropay, Sofort\u00fcberweisung.de. Si el cliente no paga, radar-shop tiene derecho a exigir un inter\u00e9s de demora del 5% por encima de la tasa base anunciada por el Banco Central Europeo. Si radar-shop.com ha incurrido de manera verificable en da\u00f1os mayores causados por defecto, radar-shop.com tiene derecho a afirmar esto.<\/p>&#13;\n&#13;\n<p><strong>6 Compensaci\u00f3n, retenci\u00f3n<\/strong><\/p>&#13;\n&#13;\n<p>El cliente solo tiene derecho a la compensaci\u00f3n si sus contrademandas han sido legalmente establecidas o no son controvertidas por radar-shop.com. Adem\u00e1s, solo est\u00e1 autorizado a ejercer un derecho de retenci\u00f3n si su reconvenci\u00f3n se basa en la misma relaci\u00f3n contractual.<\/p>&#13;\n&#13;\n<p><strong>7 precio<\/strong><\/p>&#13;\n&#13;\n<p>Todos los precios incluyen el IVA aplicable.<\/p>&#13;\n&#13;\n<p><strong>8 Reserva de t\u00edtulo<\/strong><\/p>&#13;\n&#13;\n<p>Los bienes entregados siguen siendo propiedad de radar-shop hasta que se hayan pagado en su totalidad.<\/p>&#13;\n&#13;\n<p><strong>9 Responsabilidad por defectos<\/strong><\/p>&#13;\n&#13;\n<p>Si hay un defecto en el art\u00edculo comprado, se aplican las disposiciones legales. Queda excluida la cesi\u00f3n de estas reclamaciones por parte del cliente.<\/p>&#13;\n&#13;\n<p>Si la prestaci\u00f3n complementaria se ha realizado mediante una entrega de sustituci\u00f3n, el cliente est\u00e1 obligado a devolver la mercanc\u00eda entregada inicialmente a radar-shop en un plazo de 30 d\u00edas a cargo de radar-shop. La devoluci\u00f3n de la mercanc\u00eda defectuosa debe realizarse de acuerdo con las disposiciones legales. Radar-shop se reserva el derecho a reclamar da\u00f1os y perjuicios en las condiciones legales.<\/p>&#13;\n&#13;\n<p>El plazo de prescripci\u00f3n es de veinticuatro meses desde la entrega.<\/p>&#13;\n&#13;\n<p>Radar-shop tiene una responsabilidad ilimitada en la medida en que la causa del da\u00f1o se base en dolo o negligencia grave.<\/p>&#13;\n&#13;\n<p>Adem\u00e1s, radar-shop es responsable del incumplimiento levemente negligente de las obligaciones esenciales, cuyo incumplimiento ponga en peligro la consecuci\u00f3n del objeto del contrato, o del incumplimiento de las obligaciones, cuyo cumplimiento permita la correcta ejecuci\u00f3n del contrato en el primer lugar y en cuyo cumplimiento conf\u00eda habitualmente. En este caso, sin embargo, radar-shop solo es responsable de los da\u00f1os previsibles t\u00edpicos del contrato. radar-shop.com no se hace responsable del incumplimiento levemente negligente de obligaciones distintas de las mencionadas en las frases anteriores.<\/p>&#13;\n&#13;\n<p>Las limitaciones de responsabilidad anteriores no se aplican en el caso de da\u00f1os a la vida, el cuerpo y la salud, por un defecto despu\u00e9s de asumir una garant\u00eda por la calidad del producto y por defectos ocultos fraudulentamente. La responsabilidad bajo la Ley de Responsabilidad por Productos no se ve afectada.<\/p>&#13;\n&#13;\n<p>En la medida en que la responsabilidad de radar-shop est\u00e9 excluida o limitada, esto tambi\u00e9n se aplica a la responsabilidad personal de los empleados, representantes y agentes indirectos.<\/p>&#13;\n&#13;\n<p><strong>10 Protecci\u00f3n de datos, recopilaci\u00f3n, procesamiento y uso de informaci\u00f3n personal de nuestros clientes<\/strong><\/p>&#13;\n&#13;\n<p>El cliente ha sido informado sobre el tipo, alcance, lugar y prop\u00f3sito de la recopilaci\u00f3n, procesamiento y uso de los datos personales requeridos para la ejecuci\u00f3n de pedidos por radar-shop. El cliente consiente expresamente esta recopilaci\u00f3n, procesamiento y uso de datos personales.<\/p>&#13;\n&#13;\n<p>Wir weisen darauf hin, dass die Daten\u00fcbertragung im Internet (z.B. bei der Kommunikation per E-Mail) Sicherheitsl\u00fccken aufweisen kann. Ein l\u00fcckenloser Schutz der Daten vor dem Zugriff durch Dritte ist nicht m\u00f6glich. Eine Vertraulichkeit im Hinblick auf die Datenschutzbestimmungen wird unter der hier abgegebenen\u00a0<a href=\"https:\/\/radar-shop.com\/datenschutzerklaerung\/\">Datenschutzerkl\u00e4rung gem\u00e4\u00df DGSVO<\/a>\u00a0(EU Directive 2016\/679) abgeben.<\/p>&#13;\n&#13;\n<p>En la declaraci\u00f3n de protecci\u00f3n de datos se puede encontrar m\u00e1s informaci\u00f3n sobre el tipo, alcance, ubicaci\u00f3n y prop\u00f3sito de la recopilaci\u00f3n, procesamiento y uso de los datos personales necesarios para la ejecuci\u00f3n de pedidos por parte de radar-shop.<\/p>&#13;\n&#13;\n<p><a href=\"https:\/\/radar-shop.com\/datenschutzerklaerung\/\">Link zu unserer Datenschutzerkl\u00e4rung gem\u00e4\u00df DSGVO<\/a><\/p>&#13;\n&#13;\n<p>La confidencialidad con respecto a las regulaciones de protecci\u00f3n de datos solo est\u00e1 garantizada bajo la restricci\u00f3n anterior. En particular, todas las comunicaciones de datos personales a trav\u00e9s de Internet solo deben realizarse si los derechos de terceros no se ven afectados. A menos que el tercero tambi\u00e9n haya dado su consentimiento con conocimiento de las brechas de seguridad anteriores. El operador del sitio no es responsable de ning\u00fan da\u00f1o o medidas cautelares que resulten de tales brechas de seguridad.<\/p>&#13;\n&#13;\n<p><strong>11 Ley aplicable<\/strong><\/p>&#13;\n&#13;\n<p>La ley alemana se aplica a la exclusi\u00f3n de la Convenci\u00f3n de Ventas de la ONU (CISG).<\/p>&#13;\n&#13;\n<p><strong>12 Responsabilidad por el contenido<\/strong><\/p>&#13;\n&#13;\n<p>Nos esforzamos por mantener actualizado el contenido de nuestro sitio web. A pesar de la cuidadosa edici\u00f3n, se excluye la responsabilidad.<\/p>&#13;\n&#13;\n<p>Como proveedor de servicios, estamos de acuerdo con la Secci\u00f3n 7 (1) TMG es responsable de su propio contenido en estas p\u00e1ginas de acuerdo con la ley general.<\/p>&#13;\n&#13;\n<p>Sin embargo, de acuerdo con las Secciones 8 a 10 de la TMG, como proveedor de servicios no estamos obligados a monitorear la informaci\u00f3n de terceros que se transmite o almacena. Si nos damos cuenta de violaciones legales, eliminaremos este contenido de inmediato. Solo asumimos responsabilidad en este sentido a partir del momento en que tengamos conocimiento de una posible infracci\u00f3n legal.<\/p>&#13;\n&#13;\n<p><strong>13 Responsabilidad por los enlaces<\/strong><\/p>&#13;\n&#13;\n<p>Nuestra oferta contiene enlaces a sitios web externos de terceros sobre cuyo contenido no tenemos influencia. El respectivo proveedor u operador de las p\u00e1ginas es siempre responsable del contenido de las p\u00e1ginas enlazadas. No se ofrece ninguna garant\u00eda por el contenido y la exactitud de la informaci\u00f3n en los sitios web vinculados de proveedores de informaci\u00f3n de terceros.<\/p>&#13;\n&#13;\n<p>Las p\u00e1ginas vinculadas fueron revisadas por posibles violaciones legales en el momento en que fueron vinculadas SIN QUEJA. Si nos damos cuenta de violaciones legales, eliminaremos dichos enlaces de inmediato.<\/p>&#13;\n&#13;\n<p><strong>14 Copyright<\/strong><\/p>&#13;\n&#13;\n<p>El contenido y las obras de estas p\u00e1ginas creadas por el operador del sitio web est\u00e1n sujetos a la ley de derechos de autor alemana. La reproducci\u00f3n, procesamiento, distribuci\u00f3n y cualquier tipo de explotaci\u00f3n fuera de los l\u00edmites de la ley de derechos de autor requieren el consentimiento por escrito del autor o creador respectivo.<\/p>&#13;\n","protected":false},"excerpt":{"rendered":"<p>&#13; T\u00e9rminos de servicio&#13; Derecho de desistimiento y protecci\u00f3n de datos &#13; &#13; 1 Alcance &#13; &#13; Para la relaci\u00f3n comercial entre RADAR-SHOP y el cliente, los siguientes t\u00e9rminos y condiciones generales se aplican exclusivamente en la versi\u00f3n v\u00e1lida en el momento del pedido. Radar-shop.com no reconoce las condiciones divergentes del cliente, a menos que&#8230;<\/p>\n","protected":false},"author":1,"featured_media":0,"parent":0,"menu_order":0,"comment_status":"closed","ping_status":"closed","template":"","meta":{"_kad_post_transparent":"","_kad_post_title":"","_kad_post_layout":"left","_kad_post_sidebar_id":"","_kad_post_content_style":"","_kad_post_vertical_padding":"","_kad_post_feature":"","_kad_post_feature_position":"","_kad_post_header":false,"_kad_post_footer":false,"_kad_post_classname":"","footnotes":""},"class_list":["post-4213","page","type-page","status-publish","hentry"],"jetpack_sharing_enabled":true,"_links":{"self":[{"href":"https:\/\/radar-shop.com\/es\/wp-json\/wp\/v2\/pages\/4213","targetHints":{"allow":["GET"]}}],"collection":[{"href":"https:\/\/radar-shop.com\/es\/wp-json\/wp\/v2\/pages"}],"about":[{"href":"https:\/\/radar-shop.com\/es\/wp-json\/wp\/v2\/types\/page"}],"author":[{"embeddable":true,"href":"https:\/\/radar-shop.com\/es\/wp-json\/wp\/v2\/users\/1"}],"replies":[{"embeddable":true,"href":"https:\/\/radar-shop.com\/es\/wp-json\/wp\/v2\/comments?post=4213"}],"version-history":[{"count":4,"href":"https:\/\/radar-shop.com\/es\/wp-json\/wp\/v2\/pages\/4213\/revisions"}],"predecessor-version":[{"id":6700,"href":"https:\/\/radar-shop.com\/es\/wp-json\/wp\/v2\/pages\/4213\/revisions\/6700"}],"wp:attachment":[{"href":"https:\/\/radar-shop.com\/es\/wp-json\/wp\/v2\/media?parent=4213"}],"curies":[{"name":"wp","href":"https:\/\/api.w.org\/{rel}","templated":true}]}}