{"id":3779,"date":"2020-11-22T09:34:10","date_gmt":"2020-11-22T08:34:10","guid":{"rendered":"https:\/\/radar-shop.com\/produkt\/escort-redline-360c\/"},"modified":"2026-03-01T06:45:26","modified_gmt":"2026-03-01T05:45:26","slug":"escort-redline-360c","status":"publish","type":"product","link":"https:\/\/radar-shop.com\/es\/producto\/escort-redline-360c\/","title":{"rendered":"ESCORT Redline 360c"},"content":{"rendered":"<div class=\"kpFeatures2__feature\">\n<div class=\"kpFeatures2__iconContainer\">\n<div class=\"kpFeatures1__feature2 relative aos-init aos-animate\" data-aos=\"fade-left\" data-aos-delay=\"800\" data-aos-anchor=\".kpFeatures1__featureWrapper2\">\n<p class=\"kpFeatures1__featureTitle\"><strong>El Escort Redline 360c<\/strong> no es para todos, solo para aquellos que esperan lo mejor. Sin compromisos, sin compromisos. Hemos entregado lo mejor de lo mejor a las personas que esperan un rendimiento de alto nivel.<\/p>\n<div class=\"kpFeatures1__feature1 relative aos-init aos-animate\" data-aos=\"fade-right\" data-aos-delay=\"800\" data-aos-anchor=\".kpFeatures1__featureWrapper1\">\n<h3 class=\"kpFeatures1__featureTitle\"><strong><img loading=\"lazy\" decoding=\"async\" class=\"wp-image-4384 alignright\" src=\"https:\/\/www.radar-shop.eu\/wp-content\/uploads\/\/ESCORT_RedLine360c_radar-detector-1024x576.jpg\" alt=\"Escort Redline 360c radar detector\" width=\"767\" height=\"431\" data-wp-editing=\"1\">Escort Redline 360c <\/strong><\/h3>\n<p>ALCANCE EXTREMO<\/p>\n<p>Rel\u00e1jate, porque gracias al rango extremo (2 veces m\u00e1s rango en comparaci\u00f3n con Redline EX) sabes exactamente lo que hay delante, detr\u00e1s y a tu alrededor.<\/p>\n<p>SIEMPRE CIERTO. NUNCA MAL.<\/p>\n<p>Una precisi\u00f3n excepcional en los falsos positivos (filtrado asistido por IA) significa que sabe qu\u00e9 es una amenaza real y qu\u00e9 no lo es *.<\/p>\n<p>AUMENTA TU EFICIENCIA<\/p>\n<p>Un potente procesador Escort Redline 360c (25 veces m\u00e1s que el Redline EX) garantiza tiempos de respuesta r\u00e1pidos y mensajes de advertencia m\u00e1s r\u00e1pidos que nunca.<\/p>\n<p>VER PERO NO SER VISTO<\/p>\n<p>La avanzada tecnolog\u00eda sigilosa del Escort Redline 360c (invisible para todos los detectores RDD) garantiza que permanezca completamente an\u00f3nimo<\/p>\n<p>&nbsp;<\/p>\n<\/div>\n<\/div>\n<div class=\"kpFeatures1__feature2 relative aos-init aos-animate\" data-aos=\"fade-left\" data-aos-delay=\"1100\" data-aos-anchor=\".kpFeatures1__featureWrapper2\">\n<h3 class=\"kpFeatures1__featureTitle\"><img loading=\"lazy\" decoding=\"async\" class=\"alignright size-shop_isle_category_thumbnail wp-image-4394\" src=\"https:\/\/www.radar-shop.eu\/wp-content\/uploads\/\/Escort_Redline360c-500x500.jpg\" alt=\"\" width=\"500\" height=\"500\"><\/h3>\n<p>El reconocimiento direccional real de 360 \u00b0 y una precisi\u00f3n de ubicaci\u00f3n de hasta 2,5 m le ofrecen un escudo protector completo<\/p>\n<p>LISTO CUANDO TU LO EST\u00c9S<\/p>\n<p>Una red de conductores con m\u00e1s de 100 millones de alertas comunitarias compartidas en tiempo real por a\u00f1o garantiza la m\u00e1xima protecci\u00f3n (\u00a1solo en EE. UU.!)<\/p>\n<p>DISE\u00d1O DE TRIPLE ANTENA<\/p>\n<p>Dos antenas delanteras y una trasera ofrecen el doble de alcance en comparaci\u00f3n con los modelos anteriores.<\/p>\n<p>FLECHAS DE ADVERTENCIA DIRECCIONAL<\/p>\n<p>Las flechas indican la direcci\u00f3n de la fuente del radar para una protecci\u00f3n de 360 \u00b0.<\/p>\n<p>TECNOLOG\u00cdA TOTALSHIELD \u2122<\/p>\n<p>El verdadero dise\u00f1o sigiloso y patentado permite su uso sin ser detectado.<\/p>\n<p>TECNOLOG\u00cdA AUTOLEARN<\/p>\n<p>La tecnolog\u00eda inteligente basada en GPS aprende rutas y rechaza falsas alarmas.<\/p>\n<p>COMPATIBLE CON VEH\u00cdCULOS CONECTADOS<\/p>\n<p>El Wi-Fi integrado permite compartir instant\u00e1neamente alertas y actualizaciones de software.<\/p>\n<p>BASE DE DATOS DEL DEFENSOR<\/p>\n<p>Recibe advertencias avanzadas sobre la ubicaci\u00f3n de los radares de sem\u00e1foro en rojo y de velocidad. (\u00a1Solo en EE. UU.!)<\/p>\n<p>\u00bfNECESITA AYUDA PARA CONFIGURAR CORRECTAMENTE LA ADVERTENCIA DE RADAR?<\/p>\n<p>&nbsp;<\/p>\n<\/div>\n<\/div>\n<\/div>\n<div class=\"kpFeatures2__feature\">\n<div><\/div>\n<\/div>\n<div class=\"kpFeatures2__feature\">\n<div>\n<h3 class=\"kpFeatures2__title\"><\/h3>\n<\/div>\n<\/div>\n<div class=\"kpFeatures2__feature\">\n<div>\n<h3 class=\"kpFeatures2__title\"><\/h3>\n<\/div>\n<\/div>\n","protected":false},"excerpt":{"rendered":"<p><strong>El Escort Redline 360c<\/strong> no es para todos, solo para aquellos que esperan lo mejor. Sin compromisos, sin compromisos.<\/p>\n","protected":false},"featured_media":3688,"comment_status":"open","ping_status":"closed","template":"","meta":{"_kad_post_transparent":"","_kad_post_title":"","_kad_post_layout":"","_kad_post_sidebar_id":"","_kad_post_content_style":"","_kad_post_vertical_padding":"","_kad_post_feature":"","_kad_post_feature_position":"","_kad_post_header":false,"_kad_post_footer":false,"_kad_post_classname":""},"product_brand":[],"product_cat":[1052,932],"product_tag":[266],"class_list":{"0":"post-3779","1":"product","2":"type-product","3":"status-publish","4":"has-post-thumbnail","6":"product_cat-detector-de-radares-movil","7":"product_cat-escort-es","8":"product_tag-escort-redline-360c-es","10":"first","11":"instock","12":"sale","13":"taxable","14":"shipping-taxable","15":"purchasable","16":"product-type-simple","17":"entry","18":"content-bg","19":"loop-entry"},"jetpack_sharing_enabled":true,"_links":{"self":[{"href":"https:\/\/radar-shop.com\/es\/wp-json\/wp\/v2\/product\/3779","targetHints":{"allow":["GET"]}}],"collection":[{"href":"https:\/\/radar-shop.com\/es\/wp-json\/wp\/v2\/product"}],"about":[{"href":"https:\/\/radar-shop.com\/es\/wp-json\/wp\/v2\/types\/product"}],"replies":[{"embeddable":true,"href":"https:\/\/radar-shop.com\/es\/wp-json\/wp\/v2\/comments?post=3779"}],"wp:featuredmedia":[{"embeddable":true,"href":"https:\/\/radar-shop.com\/es\/wp-json\/wp\/v2\/media\/3688"}],"wp:attachment":[{"href":"https:\/\/radar-shop.com\/es\/wp-json\/wp\/v2\/media?parent=3779"}],"wp:term":[{"taxonomy":"product_brand","embeddable":true,"href":"https:\/\/radar-shop.com\/es\/wp-json\/wp\/v2\/product_brand?post=3779"},{"taxonomy":"product_cat","embeddable":true,"href":"https:\/\/radar-shop.com\/es\/wp-json\/wp\/v2\/product_cat?post=3779"},{"taxonomy":"product_tag","embeddable":true,"href":"https:\/\/radar-shop.com\/es\/wp-json\/wp\/v2\/product_tag?post=3779"}],"curies":[{"name":"wp","href":"https:\/\/api.w.org\/{rel}","templated":true}]}}