{"id":3782,"date":"2019-06-22T09:19:42","date_gmt":"2021-12-30T12:42:08","guid":{"rendered":"https:\/\/radar-shop.com\/produkt\/genevo-assist-hdm-y-antilaser-alp2\/"},"modified":"2025-07-11T12:37:17","modified_gmt":"2025-07-11T10:37:17","slug":"genevo-assist-hdm-y-anti-laser-alp2","status":"publish","type":"product","link":"https:\/\/radar-shop.com\/es\/producto\/genevo-assist-hdm-y-anti-laser-alp2\/","title":{"rendered":"GENEVO ASSIST HDM + y Antilaser ALP2"},"content":{"rendered":"<h2><strong>GENEVO ASSIST HDM + y Antilaser ALP2<\/strong><\/h2>\n<ul>\n<li>\u00bfEst\u00e1 buscando un sistema de alerta por radar absolutamente invisible, integrado y no orientable para Alemania \/ Europa?<\/li>\n<li>\u00bfLe gustar\u00eda una instalaci\u00f3n oculta de todos los componentes en la parte delantera del veh\u00edculo, as\u00ed como en el interior del veh\u00edculo?<\/li>\n<li>\u00bfNo valora una pantalla separada y una pantalla de configuraci\u00f3n en la cabina?<\/li>\n<\/ul>\n<p><strong>Genevo es invisible. Sin pantalla. Solo un bot\u00f3n. No mas.<\/strong><\/p>\n<p align=\"justify\"><strong>El sistema consta de una antena de radar de alta calidad, un receptor GPS asociado para advertir de c\u00e1maras de velocidad fija (cajas de estrella), bloqueadores l\u00e1ser de alta gama y un altavoz.<\/strong> La unidad central, que controla todos los componentes de forma centralizada mediante software, es \u00fanica. Esto se opera simplemente a trav\u00e9s de una tarjeta SD con el programa de configuraci\u00f3n instalado, que se puede abrir directamente desde la tarjeta en la PC. De esta manera, todos los ajustes relacionados con las frecuencias escaneadas, la salida de voz, etc. se pueden configurar muy f\u00e1cilmente en el PC usando la tarjeta SD. Una vez configurado, no es necesario realizar m\u00e1s cambios en el veh\u00edculo.<\/p>\n<p align=\"justify\"><strong>La ventaja del sistema es obvia:<\/strong> todos los componentes se instalan completamente ocultos en el veh\u00edculo; no es necesario instalar una pantalla en la cabina, solo el bot\u00f3n del tama\u00f1o de una u\u00f1a con una peque\u00f1a luz LED y un interruptor de punta para encender todo el sistema y el apagado debe ser accesible para que el conductor est\u00e9 posicionado.<\/p>\n<p align=\"justify\">Esto se puede hacer debajo del volante, por ejemplo. Como resultado, el atractivo aspecto del interior de su veh\u00edculo de alta calidad no se ve afectado y tambi\u00e9n permite que el sistema se maneje de manera absolutamente discreta mientras conduce. El altavoz oculto, por supuesto, le advertir\u00e1 en alem\u00e1n cuando se acerque a un control de velocidad.<\/p>\n<p style=\"text-align: left;\" align=\"justify\"><strong>Las interferencias l\u00e1ser integradas ALP2<\/strong> ofrecen una protecci\u00f3n completa, que tambi\u00e9n se pueden configurar c\u00f3modamente seg\u00fan sus deseos utilizando el programa de configuraci\u00f3n en alem\u00e1n. Por supuesto, tambi\u00e9n son posibles varias opciones de configuraci\u00f3n, como la supresi\u00f3n de alarmas por debajo de un umbral de velocidad ajustable.<\/p>\n<p style=\"text-align: left;\" align=\"justify\">El sistema tambi\u00e9n reconoce las c\u00e1maras Poliscan cada vez m\u00e1s extendidas; solo debe considerar un bloqueador eso 3.0 (ESOGuard Dual se puede pedir opcionalmente + \u20ac 599) frente al sensor de medici\u00f3n de un solo lado eso 3.0, que se usa ocasionalmente en Alemania.<\/p>\n<p><strong>Las ventajas de un vistazo:<\/strong><\/p>\n<ul>\n<li>Sistema completo integrado con componentes individuales de alta calidad contra radar, l\u00e1ser, c\u00e1maras de velocidad fija, control de secciones y mucho m\u00e1s, para que pueda usarse en toda Europa sin ning\u00fan problema.<\/li>\n<li>No es necesario montar una pantalla en la cabina<\/li>\n<li>Avisos ac\u00fasticos en alem\u00e1n<\/li>\n<li>Los interruptores se pueden colocar muy peque\u00f1os y sin llamar la atenci\u00f3n<\/li>\n<li>C\u00f3moda configuraci\u00f3n en alem\u00e1n mediante un programa en la PC<\/li>\n<li>una vez configurado &#8211; no hay m\u00e1s ajustes en el veh\u00edculo<\/li>\n<li>Actualizaci\u00f3n de la base de datos de por vida y sin cargo a trav\u00e9s de la tarjeta SD suministrada<\/li>\n<li>Control centralizado de todos los componentes mediante software inteligente<\/li>\n<\/ul>\n<p align=\"justify\"><strong><span style=\"color: #000000;\">\u00bfNo est\u00e1 seguro de c\u00f3mo se ver\u00e1 una instalaci\u00f3n oculta en su veh\u00edculo?<br \/>\nMira los videos:<br \/>\n<\/span><\/strong><\/p>\n<p align=\"justify\"><img loading=\"lazy\" decoding=\"async\" class=\"aligncenter size-full wp-image-139\" src=\"https:\/\/www.radar-shop.eu\/wp-content\/uploads\/2017\/03\/Video_Radarwarner.jpg\" alt=\"\" width=\"500\" height=\"80\"><\/p>\n<p align=\"justify\">Si est\u00e1 interesado, los mec\u00e1nicos \/ electricistas de autom\u00f3viles profesionales con experiencia pueden instalar estos dispositivos de una manera muy flexible y discreta, por ejemplo, en Heidelberg (generalmente los viernes por la tarde, los fines de semana). El tiempo de instalaci\u00f3n suele ser de 2 a 5 horas dependiendo del sistema, pero puede ser un poco m\u00e1s largo para los coches ex\u00f3ticos. Por supuesto, los t\u00e9cnicos discutir\u00e1n personalmente con usted las opciones de instalaci\u00f3n de antemano para que pueda tener una idea de c\u00f3mo ser\u00e1 la soluci\u00f3n de antemano. Puede utilizar el tiempo para un recorrido por la ciudad durante la instalaci\u00f3n. Muchos clientes est\u00e1n muy contentos con esta oportunidad. Las dificultades solo pueden surgir en casos raros, por ejemplo, si no hay suficiente espacio en la parte delantera del veh\u00edculo o simplemente desmantelar partes de la carrocer\u00eda tomar\u00eda horas y se requieren herramientas especiales. Si est\u00e1 interesado en organizar la instalaci\u00f3n de los dispositivos que ha solicitado, agregue este art\u00edculo a su carrito de compras.<\/p>\n","protected":false},"excerpt":{"rendered":"<p>El detector de radar Genevo Assist PRO HDM + es un detector de radar de montaje fijo de alta gama incl. Anti-l\u00e1ser ALP2. Ofrece una pantalla magn\u00e9tica que se puede utilizar para operar todo el sistema.<\/p>\n","protected":false},"featured_media":3216,"comment_status":"open","ping_status":"closed","template":"","meta":{"_kad_post_transparent":"","_kad_post_title":"","_kad_post_layout":"","_kad_post_sidebar_id":"","_kad_post_content_style":"","_kad_post_vertical_padding":"","_kad_post_feature":"","_kad_post_feature_position":"","_kad_post_header":false,"_kad_post_footer":false,"_kad_post_classname":""},"product_brand":[],"product_cat":[943,1049,1050],"product_tag":[],"class_list":{"0":"post-3782","1":"product","2":"type-product","3":"status-publish","4":"has-post-thumbnail","6":"product_cat-genevo-es","7":"product_cat-paquetes-de-detectores-de-radar-de-alta-gama","8":"product_cat-recomendacion-de-detector-de-radar","10":"first","11":"instock","12":"sale","13":"taxable","14":"shipping-taxable","15":"purchasable","16":"product-type-simple","17":"entry","18":"content-bg","19":"loop-entry"},"jetpack_sharing_enabled":true,"_links":{"self":[{"href":"https:\/\/radar-shop.com\/es\/wp-json\/wp\/v2\/product\/3782","targetHints":{"allow":["GET"]}}],"collection":[{"href":"https:\/\/radar-shop.com\/es\/wp-json\/wp\/v2\/product"}],"about":[{"href":"https:\/\/radar-shop.com\/es\/wp-json\/wp\/v2\/types\/product"}],"replies":[{"embeddable":true,"href":"https:\/\/radar-shop.com\/es\/wp-json\/wp\/v2\/comments?post=3782"}],"wp:featuredmedia":[{"embeddable":true,"href":"https:\/\/radar-shop.com\/es\/wp-json\/wp\/v2\/media\/3216"}],"wp:attachment":[{"href":"https:\/\/radar-shop.com\/es\/wp-json\/wp\/v2\/media?parent=3782"}],"wp:term":[{"taxonomy":"product_brand","embeddable":true,"href":"https:\/\/radar-shop.com\/es\/wp-json\/wp\/v2\/product_brand?post=3782"},{"taxonomy":"product_cat","embeddable":true,"href":"https:\/\/radar-shop.com\/es\/wp-json\/wp\/v2\/product_cat?post=3782"},{"taxonomy":"product_tag","embeddable":true,"href":"https:\/\/radar-shop.com\/es\/wp-json\/wp\/v2\/product_tag?post=3782"}],"curies":[{"name":"wp","href":"https:\/\/api.w.org\/{rel}","templated":true}]}}