{"id":3790,"date":"2022-06-14T09:19:43","date_gmt":"2021-12-30T12:42:09","guid":{"rendered":"https:\/\/radar-shop.com\/produkt\/navty-p1-performance-edicion-de-por-vida\/"},"modified":"2025-07-11T12:37:33","modified_gmt":"2025-07-11T10:37:33","slug":"navty-p1-performance-lifetime-edition","status":"publish","type":"product","link":"https:\/\/radar-shop.com\/es\/producto\/navty-p1-performance-lifetime-edition\/","title":{"rendered":"Navty P1 Performance &#8211; Edici\u00f3n Lifetime"},"content":{"rendered":"<p><strong>NAVTY P1: m\u00e1s seguridad, libertad y placer de conducci\u00f3n<\/strong><\/p>\n<p><img loading=\"lazy\" decoding=\"async\" class=\"alignnone size-full wp-image-5935\" src=\"https:\/\/radar-shop.com\/wp-content\/uploads\/2021\/12\/navtyp1-car-1.jpg\" alt=\"Navty P1 Car\" width=\"1024\" height=\"719\" srcset=\"https:\/\/radar-shop.com\/wp-content\/uploads\/2021\/12\/navtyp1-car-1.jpg 1024w, https:\/\/radar-shop.com\/wp-content\/uploads\/2021\/12\/navtyp1-car-1-300x211.jpg 300w, https:\/\/radar-shop.com\/wp-content\/uploads\/2021\/12\/navtyp1-car-1-768x539.jpg 768w\" sizes=\"auto, (max-width: 1024px) 100vw, 1024px\" \/><\/p>\n<h3 style=\"text-align: center;\">\/\/\/\/ 0-100 km \/ h &#8211; 2,9 s<\/h3>\n<p><strong>Medici\u00f3n del rendimiento<\/strong> : obtiene una medici\u00f3n exacta de su velocidad y rendimiento de conducci\u00f3n a trav\u00e9s de GPS. La medici\u00f3n de la aceleraci\u00f3n (0-100 \/ 0-200 \/ 0-300 km \/ h) se realiza en cualquier momento y de forma totalmente autom\u00e1tica. Los datos de medici\u00f3n reales le permiten comparar los datos de su veh\u00edculo con las especificaciones de f\u00e1brica o con otros veh\u00edculos.<\/p>\n<h3>M\u00e1s protecci\u00f3n. Menor riesgo de accidentes. Carnet de conducir y prevenci\u00f3n de multas.<\/h3>\n<p><img loading=\"lazy\" decoding=\"async\"  class=\"alignleft size-full wp-image-5945\" src=\"https:\/\/radar-shop.com\/wp-content\/uploads\/2021\/12\/NAVTY-section-control.jpg\" alt=\"Navty P1 Section Control\" width=\"550\" height=\"824\" srcset=\"https:\/\/radar-shop.com\/wp-content\/uploads\/2021\/12\/NAVTY-section-control.jpg 935w, https:\/\/radar-shop.com\/wp-content\/uploads\/2021\/12\/NAVTY-section-control-200x300.jpg 200w, https:\/\/radar-shop.com\/wp-content\/uploads\/2021\/12\/NAVTY-section-control-684x1024.jpg 684w, https:\/\/radar-shop.com\/wp-content\/uploads\/2021\/12\/NAVTY-section-control-768x1150.jpg 768w\" sizes=\"auto, (max-width: 550px) 100vw, 550px\" \/><\/p>\n<p><strong>Proteja su licencia de conducir y ahorre hasta un 90% de multas. <\/strong> &#8211; Con el firmware P1R gratuito, se pueden activar funciones como zonas peligrosas, advertencia de radares de tr\u00e1fico POI, tecnolog\u00eda de radar m\u00faltiple 3D y detecci\u00f3n l\u00e1ser.<\/p>\n<p><strong>Zonas peligrosas y supervisi\u00f3n del tr\u00e1fico<\/strong> : nuestra base de datos le informa en toda Europa sobre las zonas peligrosas y la supervisi\u00f3n del tr\u00e1fico, como c\u00e1maras de velocidad fija \/ sem\u00e1foros \/ control de secciones (controles de secciones de ruta). Adem\u00e1s, puede agregar y administrar sus propios puntos de peligro.<\/p>\n<h4>Alto rendimiento para mayor seguridad<\/h4>\n<p><strong>Advertencia de radar y l\u00e1ser de rendimiento 3D en tiempo real<\/strong> : con el firmware P1R gratuito, tambi\u00e9n se activa la funci\u00f3n de advertencia de radar y l\u00e1ser del NAVTY P1. La \u00faltima tecnolog\u00eda de radar m\u00faltiple 3D y sensores l\u00e1ser de 360 \u00b0 advierten de manera confiable sobre trampas de radar m\u00f3viles o mediciones de velocidad por l\u00e1ser. (banda K segmentable, banda KA segmentable, banda X, Multaradar CD, Multaradar CT, Gatso RT3, Gatso RT4 y l\u00e1ser).<\/p>\n<p><strong>Modo principiante<\/strong> : \u00bfno est\u00e1s seguro de c\u00f3mo usar un detector de radar? Con nuestra configuraci\u00f3n recomendada, puede comenzar a usar su P1 en cuesti\u00f3n de segundos despu\u00e9s de copiar el firmware del P1R con una memoria USB.<\/p>\n<p><strong>Funciones PRO<\/strong> : para expertos y entusiastas, el P1 tambi\u00e9n ofrece una medici\u00f3n de frecuencia de banda exacta, pero tambi\u00e9n una visualizaci\u00f3n de varias mediciones de radar simult\u00e1neas, as\u00ed como la selecci\u00f3n y segmentaci\u00f3n m\u00e1s fina de las bandas de radar individuales para un rendimiento optimizado.<\/p>\n<p>La mejor <strong>tecnolog\u00eda de filtro profundo inteligente de su clase:<\/strong> el detector de radar NAVTY P1 tiene, adem\u00e1s de la antena de radar m\u00e1s grande de su clase, uno de los mejores sistemas de filtro a bordo, que permite reducir al m\u00ednimo las falsas alarmas. En comparaci\u00f3n con otros dispositivos de referencia, el NAVTY P1 logra tiempos de advertencia anticipados que son hasta 10 veces m\u00e1s altos que el est\u00e1ndar actual de radar m\u00faltiple. Compru\u00e9belo usted mismo.<\/p>\n<p><img loading=\"lazy\" decoding=\"async\" class=\"alignright size-full wp-image-5940\" src=\"https:\/\/radar-shop.com\/wp-content\/uploads\/2021\/12\/NAVTY-P1-Gefahrenstelle.jpg\" alt=\"Navty P1 Gefahrenstelle\"  width=\"480\" height=\"479\" srcset=\"https:\/\/radar-shop.com\/wp-content\/uploads\/2021\/12\/NAVTY-P1-Gefahrenstelle.jpg 800w, https:\/\/radar-shop.com\/wp-content\/uploads\/2021\/12\/NAVTY-P1-Gefahrenstelle-300x300.jpg 300w, https:\/\/radar-shop.com\/wp-content\/uploads\/2021\/12\/NAVTY-P1-Gefahrenstelle-150x150.jpg 150w, https:\/\/radar-shop.com\/wp-content\/uploads\/2021\/12\/NAVTY-P1-Gefahrenstelle-768x767.jpg 768w, https:\/\/radar-shop.com\/wp-content\/uploads\/2021\/12\/NAVTY-P1-Gefahrenstelle-465x465.jpg 465w, https:\/\/radar-shop.com\/wp-content\/uploads\/2021\/12\/NAVTY-P1-Gefahrenstelle-100x100.jpg 100w\" sizes=\"auto, (max-width: 480px) 100vw, 480px\" \/><\/p>\n<h4>Sigilo RDD.<\/h4>\n<p><strong>Legal en toda Europa<\/strong> : en algunos pa\u00edses no se permite la advertencia de vigilancia del tr\u00e1fico. Para que pueda utilizar su NAVTY para medir el rendimiento en toda Europa sin preocupaciones, puede eliminar el firmware P1R adicional en cualquier momento con un simple movimiento. Adem\u00e1s, el P1 RDD es seguro y, por lo tanto, no se puede ubicar electr\u00f3nicamente a trav\u00e9s de RDD, es decir, utilizando sistemas de ubicaci\u00f3n de detectores de radar.<\/p>\n<h4>Prueba del futuro<\/h4>\n<p><strong>Actualizaciones de por vida incluidas<\/strong> &#8211; con la versi\u00f3n NAVTY Lifetime obtendr\u00e1 acceso gratuito de por vida a todas nuestras actualizaciones de base de datos y firmware.  La actualizaci\u00f3n de la base de datos y del firmware se realiza de forma totalmente autom\u00e1tica a trav\u00e9s de la memoria USB y se completa en pocos segundos.<\/p>\n<p\n\n<strong>Operaci\u00f3n intuitiva y anuncio de voz<\/strong> : el idioma para la configuraci\u00f3n del men\u00fa y los anuncios de voz se puede seleccionar entre alem\u00e1n, ingl\u00e9s, franc\u00e9s, espa\u00f1ol o italiano.<\/p>\n<h4>Garant\u00eda de satisfacci\u00f3n <strong>NAVTY<\/strong><\/h4>\n<p>Pru\u00e9belo <strong>gratis durante 30 d\u00edas<\/strong> , \u00a1le garantizamos que le encantar\u00e1 su P1! Por lo tanto, otorgamos a cada cliente P1 un per\u00edodo de retiro extendido de 30 d\u00edas.<\/p>\n<p><strong>Garant\u00eda de 2 a\u00f1os<\/strong> : creemos en nuestros productos. Incluso despu\u00e9s de muchos a\u00f1os de uso intensivo, garantizamos el pleno rendimiento de su NAVTY P1 Lifetime. En caso de un problema o defecto, nuestro experimentado soporte estar\u00e1 a su lado r\u00e1pidamente.<\/p>\n<p><img loading=\"lazy\" decoding=\"async\" class=\"alignnone size-full wp-image-5955\" src=\"https:\/\/radar-shop.com\/wp-content\/uploads\/2021\/12\/NAVTY-P1-Bentley-scaled-3.jpg\" alt=\"Bentley Navty P1 Warning\" width=\"1024\" height=\"677\" srcset=\"https:\/\/radar-shop.com\/wp-content\/uploads\/2021\/12\/NAVTY-P1-Bentley-scaled-3.jpg 1024w, https:\/\/radar-shop.com\/wp-content\/uploads\/2021\/12\/NAVTY-P1-Bentley-scaled-3-300x198.jpg 300w, https:\/\/radar-shop.com\/wp-content\/uploads\/2021\/12\/NAVTY-P1-Bentley-scaled-3-768x508.jpg 768w\" sizes=\"auto, (max-width: 1024px) 100vw, 1024px\" \/><\/p>\n","protected":false},"excerpt":{"rendered":"<p><strong><span class=\"dotted-product-details\"><a href=\"https:\/\/radar-shop.com\/es\/comparacion-de-detectores-de-radar-es\/comparacion-de-detectores-de-radar-2022\/\">COMPARACI\u00d3N DE ADVERTENCIAS DE RADAR<\/a><\/span><br \/>\n<span style=\"color: #000080;\">RECOMENDACI\u00d3N DE RADAR SHOP!<\/span><br \/>\n<\/strong><\/p>\n<p><strong>El nuevo Navty P1: medici\u00f3n<\/strong> totalmente autom\u00e1tica del rendimiento de la velocidad y la aceleraci\u00f3n + advertencia de peligro profesional para mayor seguridad y riesgo de accidentes. <strong>Medici\u00f3n de rendimiento:<\/strong> 0-100 \/ 0-200 \/ 0-300 km \/ ho 0-60 \/ 0-120 \/ 0-180 mph<\/p>\n<ul>\n<li>Actualmente el mejor servicio de multaradar MRCD \/ MRCT \/ GATSO<\/li>\n<li>Actualizaciones gratuitas con Windows \/ MAC \/ Linux a trav\u00e9s de una memoria USB<\/li>\n<li>Actualizaciones regulares de base de datos y firmware incluidas de por vida<\/li>\n<li>Filtrado inteligente de falsas alarmas como asistentes de \u00e1ngulo muerto<\/li>\n<li>Visualizaci\u00f3n de la frecuencia exacta y la segmentaci\u00f3n para un mayor rendimiento.<\/li>\n<li>Ajustes preestablecidos recomendados para principiantes<\/li>\n<li>RDD VG2 y Spectre: ubicaci\u00f3n segura electr\u00f3nicamente<\/li>\n<li>2 a\u00f1os de garant\u00eda NAVTY<\/li>\n<\/ul>\n","protected":false},"featured_media":3351,"comment_status":"open","ping_status":"closed","template":"","meta":{"_kad_post_transparent":"","_kad_post_title":"","_kad_post_layout":"","_kad_post_sidebar_id":"","_kad_post_content_style":"","_kad_post_vertical_padding":"","_kad_post_feature":"","_kad_post_feature_position":"","_kad_post_header":false,"_kad_post_footer":false,"_kad_post_classname":""},"product_brand":[],"product_cat":[1052,1050,953],"product_tag":[291,296,293],"class_list":{"0":"post-3790","1":"product","2":"type-product","3":"status-publish","4":"has-post-thumbnail","6":"product_cat-detector-de-radares-movil","7":"product_cat-recomendacion-de-detector-de-radar","8":"product_cat-navty-es","9":"product_tag-aceleracion-del-vehiculo","10":"product_tag-rastreador-de-rendimiento","11":"product_tag-velocidad-del-vehiculo","13":"first","14":"instock","15":"sale","16":"taxable","17":"shipping-taxable","18":"purchasable","19":"product-type-simple","20":"entry","21":"content-bg","22":"loop-entry"},"jetpack_sharing_enabled":true,"_links":{"self":[{"href":"https:\/\/radar-shop.com\/es\/wp-json\/wp\/v2\/product\/3790","targetHints":{"allow":["GET"]}}],"collection":[{"href":"https:\/\/radar-shop.com\/es\/wp-json\/wp\/v2\/product"}],"about":[{"href":"https:\/\/radar-shop.com\/es\/wp-json\/wp\/v2\/types\/product"}],"replies":[{"embeddable":true,"href":"https:\/\/radar-shop.com\/es\/wp-json\/wp\/v2\/comments?post=3790"}],"wp:featuredmedia":[{"embeddable":true,"href":"https:\/\/radar-shop.com\/es\/wp-json\/wp\/v2\/media\/3351"}],"wp:attachment":[{"href":"https:\/\/radar-shop.com\/es\/wp-json\/wp\/v2\/media?parent=3790"}],"wp:term":[{"taxonomy":"product_brand","embeddable":true,"href":"https:\/\/radar-shop.com\/es\/wp-json\/wp\/v2\/product_brand?post=3790"},{"taxonomy":"product_cat","embeddable":true,"href":"https:\/\/radar-shop.com\/es\/wp-json\/wp\/v2\/product_cat?post=3790"},{"taxonomy":"product_tag","embeddable":true,"href":"https:\/\/radar-shop.com\/es\/wp-json\/wp\/v2\/product_tag?post=3790"}],"curies":[{"name":"wp","href":"https:\/\/api.w.org\/{rel}","templated":true}]}}