{"id":3854,"date":"2021-12-22T07:19:16","date_gmt":"2021-12-30T12:42:41","guid":{"rendered":"https:\/\/radar-shop.com\/produkt\/cable-de-instalacion-para-escort\/"},"modified":"2025-05-23T23:02:14","modified_gmt":"2025-05-23T21:02:14","slug":"instalacion-cable-para-escolta","status":"publish","type":"product","link":"https:\/\/radar-shop.com\/es\/producto\/instalacion-cable-para-escolta\/","title":{"rendered":"Cable de instalaci\u00f3n para Escort"},"content":{"rendered":"<p><strong>Cable de instalaci\u00f3n fijo para detector de radar Escort<\/strong> : este cable de instalaci\u00f3n es especialmente adecuado para la instalaci\u00f3n invisible de la fuente de alimentaci\u00f3n de su detector de radar Escort. El cable se conecta directamente a la fuente de alimentaci\u00f3n de 12V del veh\u00edculo. El cable est\u00e1 equipado con un fusible independiente e intercambiable contra cortocircuitos.<\/p>\n","protected":false},"excerpt":{"rendered":"<p><strong>Cable fijo para detectores de radar Escort<\/strong><\/p>\n","protected":false},"featured_media":3468,"comment_status":"open","ping_status":"closed","template":"","meta":{"_kad_post_transparent":"","_kad_post_title":"","_kad_post_layout":"","_kad_post_sidebar_id":"","_kad_post_content_style":"","_kad_post_vertical_padding":"","_kad_post_feature":"","_kad_post_feature_position":"","_kad_post_header":false,"_kad_post_footer":false,"_kad_post_classname":""},"product_brand":[],"product_cat":[1055],"product_tag":[],"class_list":{"0":"post-3854","1":"product","2":"type-product","3":"status-publish","4":"has-post-thumbnail","6":"product_cat-escort-accesorios","8":"first","9":"instock","10":"taxable","11":"shipping-taxable","12":"purchasable","13":"product-type-simple","14":"entry","15":"content-bg","16":"loop-entry"},"jetpack_sharing_enabled":true,"_links":{"self":[{"href":"https:\/\/radar-shop.com\/es\/wp-json\/wp\/v2\/product\/3854","targetHints":{"allow":["GET"]}}],"collection":[{"href":"https:\/\/radar-shop.com\/es\/wp-json\/wp\/v2\/product"}],"about":[{"href":"https:\/\/radar-shop.com\/es\/wp-json\/wp\/v2\/types\/product"}],"replies":[{"embeddable":true,"href":"https:\/\/radar-shop.com\/es\/wp-json\/wp\/v2\/comments?post=3854"}],"wp:featuredmedia":[{"embeddable":true,"href":"https:\/\/radar-shop.com\/es\/wp-json\/wp\/v2\/media\/3468"}],"wp:attachment":[{"href":"https:\/\/radar-shop.com\/es\/wp-json\/wp\/v2\/media?parent=3854"}],"wp:term":[{"taxonomy":"product_brand","embeddable":true,"href":"https:\/\/radar-shop.com\/es\/wp-json\/wp\/v2\/product_brand?post=3854"},{"taxonomy":"product_cat","embeddable":true,"href":"https:\/\/radar-shop.com\/es\/wp-json\/wp\/v2\/product_cat?post=3854"},{"taxonomy":"product_tag","embeddable":true,"href":"https:\/\/radar-shop.com\/es\/wp-json\/wp\/v2\/product_tag?post=3854"}],"curies":[{"name":"wp","href":"https:\/\/api.w.org\/{rel}","templated":true}]}}