{"id":3873,"date":"2018-08-26T09:18:51","date_gmt":"2021-12-30T12:43:57","guid":{"rendered":"https:\/\/radar-shop.com\/produkt\/mr-handsfree-spy-advertencia-de-flash-solar-de-gps\/"},"modified":"2021-12-30T13:43:57","modified_gmt":"2021-12-30T12:43:57","slug":"advertencia-de-camara-de-velocidad-solar-mr-manos-libres-espia-gps-solar","status":"publish","type":"product","link":"https:\/\/radar-shop.com\/es\/producto\/advertencia-de-camara-de-velocidad-solar-mr-manos-libres-espia-gps-solar\/","title":{"rendered":"MR HANDSFREE SPY + (ADVERTENCIA DE FLASH SOLAR DE GPS)"},"content":{"rendered":"<h2><span style=\"color: #000080;\">ADVERTENCIA DE FLASH GPS QUINTEZZ SPY + <\/span><\/h2>\n<ul>\n<li>Dispositivo basado en GPS para advertencias de sonido y LED oportunas frente a cajas en forma de estrella (c\u00e1maras instaladas permanentemente)<\/li>\n<li>Energ\u00eda solar &#8211; sin cables<\/li>\n<li>carga permanente<\/li>\n<li>Sistema de alerta GPS orientado a la seguridad y la velocidad<\/li>\n<li>Receptor GPS de \u00faltima generaci\u00f3n (SiRF III) con antena GPS incorporada<\/li>\n<li>Base de datos GPS para todos los pa\u00edses europeos<\/li>\n<li>Software Windows \/ iMAC, MacBook, etc. para actualizaciones de bases de datos, as\u00ed como cable USB<\/li>\n<li>Actualizaci\u00f3n de la base de datos a trav\u00e9s de Internet con los \u00faltimos puntos de medici\u00f3n de toda Europa<\/li>\n<li>Se pueden guardar hasta 100,000 ubicaciones \/ c\u00e1maras<\/li>\n<li>Distancia de advertencia frente a cajas de estrellas (c\u00e1maras) 100 m, 300 m, 600 m<\/li>\n<li>tama\u00f1o muy compacto<\/li>\n<li>F\u00e1cil instalaci\u00f3n (inal\u00e1mbrica con ventosas en el parabrisas)<\/li>\n<li>Consta de unidad principal, software, cable USB, enchufe de carga para encendedor de cigarrillos,<\/li>\n<li>\u00a1No se puede apuntar electr\u00f3nicamente!<\/li>\n<li>Apagado autom\u00e1tico cuando el veh\u00edculo est\u00e1 parado durante un largo per\u00edodo de tiempo.<\/li>\n<li>Base de datos: Andorra, Austria, B\u00e9lgica, Bosnia y H, Bulgaria, Croacia, Chipre, Rep\u00fablica Checa, Dinamarca, Estonia, Finlandia, Francia, Alemania, Grecia, Hungr\u00eda, Islandia, Irlanda, Israel, Italia, Jordania, Kuwait, Liechtenstein, Lituania , Luxemburgo, Malta, Marruecos, Pa\u00edses Bajos, Noruega, Om\u00e1n, Polonia, Portugal, Qatar, Rumania, Rusia, Arabia Saudita, Serbia, Eslovaquia, Eslovenia, Sud\u00e1frica, Espa\u00f1a, Suecia, Suiza, T\u00fanez, Turqu\u00eda, Reino Unido, Ucrania, Emiratos \u00c1rabes Unidos<\/li>\n<li>Estuche negro<\/li>\n<li>Dimensiones 32 x 15 x 84 mm<\/li>\n<li>Peso 31g<\/li>\n<\/ul>\n<p>&nbsp;<\/p>\n<p><iframe loading=\"lazy\" src=\"https:\/\/www.youtube.com\/embed\/azOTb8zIhaQ?ecver=1\" width=\"425\" height=\"355\" frameborder=\"0\" allowfullscreen=\"allowfullscreen\"><\/iframe><\/p>\n","protected":false},"excerpt":{"rendered":"<p><strong>El detector de radares de tr\u00e1fico con GPS Mr Handsfree Spy +<\/strong> es un peque\u00f1o dispositivo que funciona con bater\u00eda y se carga con energ\u00eda solar y ofrece una base de datos de radares de tr\u00e1fico GPS integrados para su uso con radares de tr\u00e1fico fijos en Alemania, Austria, Suiza y toda Europa y actualizaciones gratuitas. Ordene ahora y evite multas y puntos inmediatamente.<\/p>\n","protected":false},"featured_media":3276,"comment_status":"open","ping_status":"closed","template":"","meta":{"_kad_post_transparent":"","_kad_post_title":"","_kad_post_layout":"","_kad_post_sidebar_id":"","_kad_post_content_style":"","_kad_post_vertical_padding":"","_kad_post_feature":"","_kad_post_feature_position":"","_kad_post_header":false,"_kad_post_footer":false,"_kad_post_classname":""},"product_brand":[],"product_cat":[1048,962],"product_tag":[],"class_list":{"0":"post-3873","1":"product","2":"type-product","3":"status-publish","4":"has-post-thumbnail","6":"product_cat-detector-de-gps-y-pdi","7":"product_cat-quintezz-es","9":"first","10":"outofstock","11":"taxable","12":"shipping-taxable","13":"purchasable","14":"product-type-simple","15":"entry","16":"content-bg","17":"loop-entry"},"jetpack_sharing_enabled":true,"_links":{"self":[{"href":"https:\/\/radar-shop.com\/es\/wp-json\/wp\/v2\/product\/3873","targetHints":{"allow":["GET"]}}],"collection":[{"href":"https:\/\/radar-shop.com\/es\/wp-json\/wp\/v2\/product"}],"about":[{"href":"https:\/\/radar-shop.com\/es\/wp-json\/wp\/v2\/types\/product"}],"replies":[{"embeddable":true,"href":"https:\/\/radar-shop.com\/es\/wp-json\/wp\/v2\/comments?post=3873"}],"wp:featuredmedia":[{"embeddable":true,"href":"https:\/\/radar-shop.com\/es\/wp-json\/wp\/v2\/media\/3276"}],"wp:attachment":[{"href":"https:\/\/radar-shop.com\/es\/wp-json\/wp\/v2\/media?parent=3873"}],"wp:term":[{"taxonomy":"product_brand","embeddable":true,"href":"https:\/\/radar-shop.com\/es\/wp-json\/wp\/v2\/product_brand?post=3873"},{"taxonomy":"product_cat","embeddable":true,"href":"https:\/\/radar-shop.com\/es\/wp-json\/wp\/v2\/product_cat?post=3873"},{"taxonomy":"product_tag","embeddable":true,"href":"https:\/\/radar-shop.com\/es\/wp-json\/wp\/v2\/product_tag?post=3873"}],"curies":[{"name":"wp","href":"https:\/\/api.w.org\/{rel}","templated":true}]}}