{"id":3886,"date":"2021-12-22T09:18:50","date_gmt":"2021-12-30T12:44:00","guid":{"rendered":"https:\/\/radar-shop.com\/produkt\/whistler-gt-468gxi-europa-incl-actualizaciones-de-por-vida\/"},"modified":"2025-07-11T12:37:31","modified_gmt":"2025-07-11T10:37:31","slug":"whistler-gt-468gxi-europe-inkl-actualizaciones-de-por-vida","status":"publish","type":"product","link":"https:\/\/radar-shop.com\/es\/producto\/whistler-gt-468gxi-europe-inkl-actualizaciones-de-por-vida\/","title":{"rendered":"Whistler GT-468GXi Europa incl. \u00a1ACTUALIZACIONES DE POR VIDA!"},"content":{"rendered":"<p style=\"font-weight: 400;\"><strong>El \u00faltimo detector de radar GPS de radar l\u00e1ser Whistler GT468GXi<\/strong> es el nuevo modelo superior de radar \/ l\u00e1ser \/ GPS de Europa incl. Actualizaciones de la base de datos de la UE de Whistler. Comparado con modelos anteriores como el Pro-68SE, el Whistler GT-468 fue especialmente desarrollado para detectar l\u00e1seres y radares europeos (\u00a1varios segmentos l\u00e1ser ajustables incluyendo Leica, Poliscan!).<\/p>\n<p style=\"font-weight: 400;\"><strong>\u00a1Nuestro consejo sobre precios! Este modelo de alto rendimiento<\/strong> tiene un rango de detecci\u00f3n para advertencia anticipada en Europa con el modo Ka NARROW PLUS, que solo se emite para las siguientes frecuencias Ka: 34,0 GHz, 34,3 GHz y 35,5 GHz. Adem\u00e1s de la advertencia de radar mejorada, este dispositivo ofrece nuevos filtros contra el control de crucero de distancia actual y los asistentes de punto ciego, as\u00ed como una pantalla OLED ergon\u00f3mica. Adem\u00e1s, el GT468GXi ofrece una segmentaci\u00f3n l\u00e1ser \u00fanica y una detecci\u00f3n optimizada con un filtrado l\u00e1ser ideal al mismo tiempo.<\/p>\n<p>Con este modelo de detector de radar, Whistler finalmente tiene un dispositivo para Europa que sabe convencernos en este rango de precios. En general, se han implementado innovaciones \u00fatiles, como el filtrado del asistente de \u00e1ngulo muerto o la segmentaci\u00f3n para avisos l\u00e1ser. Pero tambi\u00e9n nos gust\u00f3 la facilidad de uso.<\/p>\n<ul>\n<li><strong>NUEVO: \u00a1Incluye base de datos de radares de tr\u00e1fico de puntos de inter\u00e9s para toda la vida de Europa!<\/strong><\/li>\n<li>Detectores de radar \/ l\u00e1ser para su uso en toda Europa<\/li>\n<li>Muestreo de todas las frecuencias de radar conocidas<\/li>\n<li>Protecci\u00f3n total de 360 \u00b0 (escanea hacia adelante, hacia los lados y hacia atr\u00e1s)<\/li>\n<li>Modos Silencioso \/ AutoQuiet (reduce la alarma ac\u00fastica mientras la alarma visual a\u00fan est\u00e1 activa)<\/li>\n<li>Modo ciudad (reduce falsos positivos)<\/li>\n<li>Segmentaci\u00f3n l\u00e1ser<\/li>\n<li>Control del volumen<\/li>\n<li>Secuencia de inicio autom\u00e1tico<\/li>\n<li>\u00a1No se puede apuntar electr\u00f3nicamente!<\/li>\n<li>\u00a1Excelente relaci\u00f3n calidad-precio!<\/li>\n<li>Detecta mediciones l\u00e1ser europeas (Traffi patrol XR, Riegl, Jenoptik, Laveg, Truspeed y m\u00e1s)<\/li>\n<li>Los modos l\u00e1ser ajustables permiten la selecci\u00f3n de m\u00faltiples frecuencias de pulso, incluidas Traffipatrol XR, LISD y pistolas l\u00e1ser con modos sigilosos<\/li>\n<li>ID de firma de radar de Whistler (RSID) Radar de banda Ka Ka 33,8, 34,0, 34,3, 34,7 o 35,5<\/li>\n<li>Conexi\u00f3n: simplemente al encendedor de cigarrillos (12 V) incluido<\/li>\n<\/ul>\n<p>&nbsp;<\/p>\n<p style=\"text-align: center;\"><span style=\"color: #000080;\"><strong>RECOMENDACI\u00d3N DE RADAR-SHOP.EU!<\/strong><\/span><\/p>\n","protected":false},"excerpt":{"rendered":"<p><strong><span class=\"dotted-product-details\"><a href=\"https:\/\/www.radar-shop.eu\/de\/radarwarner-vergleich-deutschland\/\">COMPARACI\u00d3N DE ADVERTENCIAS DE RADAR<\/a><\/span><br \/>\n<span style=\"color: #000080;\"><strong>RECOMENDACI\u00d3N DE PRECIO Y RENDIMIENTO!<\/strong><\/span><\/strong><\/p>\n<ul>\n<li>Detector de radar para salpicadero<\/li>\n<li>advierte de trampas de velocidad m\u00f3viles<\/li>\n<li>muy buen filtrado contra el control de crucero a distancia \/ asistentes de punto ciego<\/li>\n<li>advierte sobre c\u00e1maras de velocidad fija en toda Europa<\/li>\n<li>incluida la base de datos de puntos de inter\u00e9s de toda la vida de Europa!<\/li>\n<li>advierte sobre pistolas l\u00e1ser (\u00a1incluso infrarrojas!)<\/li>\n<li>Tipo de instalaci\u00f3n: cabina<\/li>\n<li><a title=\"Radarwarner kaufen\" href=\"https:\/\/www.radar-shop.eu\/de\/faq-radarwarner\/\">\u00bfComprar un detector de radar? \u00bfQu\u00e9? \u00bfC\u00f3mo est\u00e1s?<\/a><\/li>\n<\/ul>\n","protected":false},"featured_media":3152,"comment_status":"open","ping_status":"closed","template":"","meta":{"_kad_post_transparent":"","_kad_post_title":"","_kad_post_layout":"","_kad_post_sidebar_id":"","_kad_post_content_style":"","_kad_post_vertical_padding":"","_kad_post_feature":"","_kad_post_feature_position":"","_kad_post_header":false,"_kad_post_footer":false,"_kad_post_classname":""},"product_brand":[],"product_cat":[1052,987],"product_tag":[],"class_list":{"0":"post-3886","1":"product","2":"type-product","3":"status-publish","4":"has-post-thumbnail","6":"product_cat-detector-de-radares-movil","7":"product_cat-whistler-es","8":"product_shipping_class-envio-gratis","10":"first","11":"instock","12":"sale","13":"featured","14":"taxable","15":"shipping-taxable","16":"purchasable","17":"product-type-simple","18":"entry","19":"content-bg","20":"loop-entry"},"jetpack_sharing_enabled":true,"_links":{"self":[{"href":"https:\/\/radar-shop.com\/es\/wp-json\/wp\/v2\/product\/3886","targetHints":{"allow":["GET"]}}],"collection":[{"href":"https:\/\/radar-shop.com\/es\/wp-json\/wp\/v2\/product"}],"about":[{"href":"https:\/\/radar-shop.com\/es\/wp-json\/wp\/v2\/types\/product"}],"replies":[{"embeddable":true,"href":"https:\/\/radar-shop.com\/es\/wp-json\/wp\/v2\/comments?post=3886"}],"wp:featuredmedia":[{"embeddable":true,"href":"https:\/\/radar-shop.com\/es\/wp-json\/wp\/v2\/media\/3152"}],"wp:attachment":[{"href":"https:\/\/radar-shop.com\/es\/wp-json\/wp\/v2\/media?parent=3886"}],"wp:term":[{"taxonomy":"product_brand","embeddable":true,"href":"https:\/\/radar-shop.com\/es\/wp-json\/wp\/v2\/product_brand?post=3886"},{"taxonomy":"product_cat","embeddable":true,"href":"https:\/\/radar-shop.com\/es\/wp-json\/wp\/v2\/product_cat?post=3886"},{"taxonomy":"product_tag","embeddable":true,"href":"https:\/\/radar-shop.com\/es\/wp-json\/wp\/v2\/product_tag?post=3886"}],"curies":[{"name":"wp","href":"https:\/\/api.w.org\/{rel}","templated":true}]}}