{"id":3901,"date":"2019-11-22T09:18:52","date_gmt":"2019-11-22T08:18:52","guid":{"rendered":"https:\/\/radar-shop.com\/produkt\/escort-max-360c-internacional\/"},"modified":"2021-12-30T13:44:05","modified_gmt":"2021-12-30T12:44:05","slug":"escort-max-360c-internacional","status":"publish","type":"product","link":"https:\/\/radar-shop.com\/es\/producto\/escort-max-360c-internacional\/","title":{"rendered":"Escort Max 360C Internacional"},"content":{"rendered":"<p><strong>El nuevo ESCORT Max 360c<\/strong> es el primer detector de radar desarrollado para el autom\u00f3vil conectado. Gracias al Wi-Fi integrado, el MAX 360c se actualiza de forma inal\u00e1mbrica. Se advierte al conductor de las \u00faltimas amenazas en tiempo real.<\/p>\n<p>Establezca una conexi\u00f3n directa a la WLAN y una conexi\u00f3n a la aplicaci\u00f3n ESCORT Live de su autom\u00f3vil conectado sin que su tel\u00e9fono inteligente tenga que establecer una conexi\u00f3n con el detector de radar. ESCORT Live notifica a los conductores sobre puntos de peligro inminentes que han sido recibidos e informados por otros usuarios en el \u00e1rea, y le brinda acceso instant\u00e1neo a datos sobre advertencias de velocidad.<\/p>\n<p>Si no tiene WLAN con su dispositivo m\u00f3vil y no tiene acceso a un punto de acceso, los usuarios a\u00fan pueden emparejar su tel\u00e9fono inteligente con el MAX 360c a trav\u00e9s de Bluetooth para usar todas las funciones de ESCORT Live. Cuando conduce a casa o se estaciona cerca de un punto de acceso Wi-Fi, el detector de radar se actualiza autom\u00e1ticamente al \u00faltimo software y firmware sin tener que quitar el dispositivo del veh\u00edculo.<\/p>\n<p>Las nuevas flechas de direcci\u00f3n para las advertencias muestran la direcci\u00f3n de la que proviene la alarma, mientras que el procesamiento de la se\u00f1al digital ofrece un rango extremo y una respuesta r\u00e1pida. El detector de radar viene con el \u00faltimo soporte magn\u00e9tico Escort EZ Mag, el cable de suministro SmartCord y una funda de viaje con una cremallera suave.<\/p>\n<h2>Escort Max 360C Internacional<\/h2>\n<p>Gracias al procesamiento de radar ultrarr\u00e1pido, el Escort MAX 360c permanece contigo mientras viajas. El filtrado de clase mundial garantiza que las advertencias de su RW sean precisas y precisas, evitando falsos positivos no deseados. La tecnolog\u00eda AutoLearn autom\u00e1tica patentada por ESCORT utiliza el GPS-GPS 360c integrado para aprender y rechazar autom\u00e1ticamente las falsas alarmas no deseadas. No se requiere intervenci\u00f3n manual del conductor.<\/p>\n<p>La pantalla OLED Escort MAX 360c se puede personalizar con m\u00faltiples combinaciones de colores para adaptarse a su experiencia de conducci\u00f3n. Las flechas multidireccionales que rodean la pantalla se\u00f1alan el origen de la amenaza.<\/p>\n<p>El Escort MAX 360c le informa sobre los \u00faltimos puntos de inter\u00e9s a trav\u00e9s de la propia base de datos DEFENDER de ESCORT.<\/p>\n<h3>Pantalla OLED:<\/h3>\n<p>El detector de radar Escort Max 360c tiene una nueva pantalla OLED multicolor (diodo emisor de luz org\u00e1nica) con s\u00edmbolos intuitivos que reconoce el tipo de amenaza a primera vista. Puede configurar la pantalla en azul, verde, rojo o \u00e1mbar para adaptarse al interior de su veh\u00edculo o sus preferencias personales. El brillo de la pantalla se puede configurar en oscuro, m\u00ednimo, medio, m\u00e1ximo o autom\u00e1ticamente.<\/p>\n<h3>Detecci\u00f3n de radar mejorada:<\/h3>\n<p>El Max 360c tiene un receptor de radar extendido, que garantiza una advertencia a grandes distancias para todas las mediciones de la c\u00e1mara de velocidad. El procesamiento de se\u00f1ales digitales ofrece un rango m\u00e1ximo y un m\u00ednimo de falsas alarmas. El dispositivo ofrece cuatro configuraciones de sensibilidad para la antena del radar:<\/p>\n<p><strong>Autopista<\/strong> : el modo Autopista proporciona la m\u00e1xima sensibilidad para todas las bandas.<br \/>\n<strong>Autom\u00e1tico<\/strong> : en el modo autom\u00e1tico, el dispositivo analiza continuamente todas las se\u00f1ales entrantes y ajusta de forma inteligente los circuitos de sensibilidad. Las advertencias se muestran con un rango largo y un m\u00ednimo de falsos positivos.<br \/>\n<strong>Auto No X<\/strong> : El modo \u00abAuto No X\u00bb desactiva la detecci\u00f3n de banda X, mientras que la sensibilidad total se mantiene para todas las dem\u00e1s bandas.<br \/>\n<strong>Auto Lo X<\/strong> : el modo Auto Lo X reduce la sensibilidad de la detecci\u00f3n de la banda X, por lo que la sensibilidad total para todas las dem\u00e1s bandas permanece sin cambios.<br \/>\n<strong>Tonos de voz y se\u00f1ales<\/strong> : si esta opci\u00f3n est\u00e1 activada, todas las notificaciones e instrucciones se transmiten a trav\u00e9s de un mensaje de voz.<\/p>\n<h3>Volumen de suministro:<\/h3>\n<ul>\n<li>Detector de radar Escort MAX 360C<\/li>\n<li>Cable de alimentaci\u00f3n USB Smartcord<\/li>\n<li>Funda de viaje<\/li>\n<li>nuevo soporte magn\u00e9tico EZ Mag<\/li>\n<\/ul>\n","protected":false},"excerpt":{"rendered":"<p><strong>El nuevo detector de radar ESCORT Max 360c International &#8211;<\/strong> Europa, que fue desarrollado para el autom\u00f3vil conectado. Gracias al Wi-Fi integrado, el MAX 360c se actualiza de forma inal\u00e1mbrica. Se advierte al conductor en tiempo real.<\/p>\n<ul>\n<li>Wifi<\/li>\n<li>Bluetooth<\/li>\n<li>GPS y base de datos<\/li>\n<li>Advertencia de radar en Europa<\/li>\n<li>Advertencia l\u00e1ser Europa<\/li>\n<\/ul>\n","protected":false},"featured_media":3381,"comment_status":"open","ping_status":"closed","template":"","meta":{"_kad_post_transparent":"","_kad_post_title":"","_kad_post_layout":"","_kad_post_sidebar_id":"","_kad_post_content_style":"","_kad_post_vertical_padding":"","_kad_post_feature":"","_kad_post_feature_position":"","_kad_post_header":false,"_kad_post_footer":false,"_kad_post_classname":""},"product_brand":[],"product_cat":[1052,932],"product_tag":[405,399,401],"class_list":{"0":"post-3901","1":"product","2":"type-product","3":"status-publish","4":"has-post-thumbnail","6":"product_cat-detector-de-radares-movil","7":"product_cat-escort-es","8":"product_tag-detector-de-radar-movil","9":"product_tag-escolta","10":"product_tag-escort-360c-es","12":"first","13":"instock","14":"sale","15":"taxable","16":"shipping-taxable","17":"purchasable","18":"product-type-simple","19":"entry","20":"content-bg","21":"loop-entry"},"jetpack_sharing_enabled":true,"_links":{"self":[{"href":"https:\/\/radar-shop.com\/es\/wp-json\/wp\/v2\/product\/3901","targetHints":{"allow":["GET"]}}],"collection":[{"href":"https:\/\/radar-shop.com\/es\/wp-json\/wp\/v2\/product"}],"about":[{"href":"https:\/\/radar-shop.com\/es\/wp-json\/wp\/v2\/types\/product"}],"replies":[{"embeddable":true,"href":"https:\/\/radar-shop.com\/es\/wp-json\/wp\/v2\/comments?post=3901"}],"wp:featuredmedia":[{"embeddable":true,"href":"https:\/\/radar-shop.com\/es\/wp-json\/wp\/v2\/media\/3381"}],"wp:attachment":[{"href":"https:\/\/radar-shop.com\/es\/wp-json\/wp\/v2\/media?parent=3901"}],"wp:term":[{"taxonomy":"product_brand","embeddable":true,"href":"https:\/\/radar-shop.com\/es\/wp-json\/wp\/v2\/product_brand?post=3901"},{"taxonomy":"product_cat","embeddable":true,"href":"https:\/\/radar-shop.com\/es\/wp-json\/wp\/v2\/product_cat?post=3901"},{"taxonomy":"product_tag","embeddable":true,"href":"https:\/\/radar-shop.com\/es\/wp-json\/wp\/v2\/product_tag?post=3901"}],"curies":[{"name":"wp","href":"https:\/\/api.w.org\/{rel}","templated":true}]}}