{"id":3908,"date":"2021-12-22T09:18:51","date_gmt":"2021-12-30T12:44:07","guid":{"rendered":"https:\/\/radar-shop.com\/produkt\/esoguard-pro-dual-proteccion-eso3\/"},"modified":"2025-07-11T12:37:28","modified_gmt":"2025-07-11T10:37:28","slug":"proteccion-esoguard-pro-dual-eso3","status":"publish","type":"product","link":"https:\/\/radar-shop.com\/es\/producto\/proteccion-esoguard-pro-dual-eso3\/","title":{"rendered":"ESOGUARD PRO DUAL &#8211; Protecci\u00f3n ESO3"},"content":{"rendered":"<h2><b><strong>\u00bfCU\u00c1L ES LA FUNCI\u00d3N DE ESO PRODUCTO BLOQUEADOR ESO 3.0? <\/strong><\/b><\/h2>\n<p>Despu\u00e9s de que los detectores de radar, l\u00e1ser y detectores de radares de tr\u00e1fico GPS fueran suficientes durante mucho tiempo, recientemente se ha generalizado cada vez m\u00e1s en Alemania un nuevo dispositivo de medici\u00f3n, el llamado sensor unilateral eso es 3.0. Seguramente puede reconocer el dispositivo de medici\u00f3n en las fotos en Internet. Los detectores de radar y los sistemas l\u00e1ser probados y comprobados no tienen ning\u00fan efecto aqu\u00ed. La nueva generaci\u00f3n de Esoguard PRO ahora tiene sensores a\u00fan m\u00e1s peque\u00f1os, por lo que el montaje es a\u00fan m\u00e1s f\u00e1cil e invisible. Aqu\u00ed tambi\u00e9n se prest\u00f3 atenci\u00f3n a la compatibilidad con la protecci\u00f3n l\u00e1ser anti-l\u00e1ser y se optimiz\u00f3.<\/p>\n<p class=\"p1\">\u00a1El bloqueador de barrera de luz ESO GUARD Pro fue desarrollado especialmente para veh\u00edculos que no tienen un frente recto! Funciona con todos los sensores de un solo lado, independientemente de si es ESO 1.0, Eso 3.0 o (tambi\u00e9n ESO 3.0 Matrix) e incluso en varios carriles. La eficiencia en t\u00faneles est\u00e1 garantizada al 100% ya que el sistema solo se desactiva cuando has apagado tu veh\u00edculo (seg\u00fan el tipo de conexi\u00f3n).<\/p>\n<p class=\"p1\"><span class=\"s1\">Los sensores recientemente desarrollados ofrecen ahora opciones de instalaci\u00f3n completamente nuevas. Como en el pasado, gracias a la tecnolog\u00eda mejorada de doble cabezal, ahora puede protegerse de manera confiable e interferir con las mediciones de ESO en ambos lados a\u00fan m\u00e1s f\u00e1cilmente.<\/span><\/p>\n<p class=\"p1\"><span class=\"s1\">Durante el desarrollo, se tuvo especial cuidado para garantizar que la instalaci\u00f3n fuera mucho m\u00e1s f\u00e1cil que con el modelo anterior, lo que significa que veh\u00edculos como Porsche, Ferrari, Mercedes AMG, Lamborghini, McLaren y todos los dem\u00e1s superdeportivos ahora pueden instalar f\u00e1cilmente el ESO GUARD Pro.<\/span><\/p>\n<p class=\"p1\"><span class=\"s1\">Si posee un veh\u00edculo que no tiene un frente recto, le recomendamos encarecidamente que instale ESO GUARD Pro. Porque con los sensores ESO GUARD normales, tiene muy poco espacio para maniobrar durante la instalaci\u00f3n y, por lo tanto, no puede alinear los sensores al 100% hacia un lado (90 grados). Con ESO GUARD Pro, estos problemas ya no existen, ya que los sensores recientemente desarrollados son absolutamente flexibles y se puede lograr casi cualquier posici\u00f3n de instalaci\u00f3n deseada.<\/span><\/p>\n<div class=\"entry-content-asset videofit\">\n<div class=\"jetpack-video-wrapper\"><iframe loading=\"lazy\" title=\"BMW M Power mit ESO GUARD\" width=\"720\" height=\"405\" src=\"https:\/\/www.youtube.com\/embed\/5_EUQ_ZRzWc?feature=oembed\" frameborder=\"0\" allow=\"accelerometer; autoplay; clipboard-write; encrypted-media; gyroscope; picture-in-picture\" allowfullscreen><\/iframe><\/div>\n<\/div>\n<p>Este nuevo producto ESOGUARD que se ofrece aqu\u00ed est\u00e1 dise\u00f1ado para una instalaci\u00f3n permanente en la parte delantera del veh\u00edculo. Se puede utilizar adem\u00e1s de todas las soluciones completas que se ofrecen, ya que es un dispositivo operado por separado. El dispositivo evita las mediciones de la barrera de luz con la nueva y conocida barrera de luz \u00bb <a href=\"http:\/\/www.eso-elektronik.de\/web\/NewsDownloads\/Photos.aspx?AlbumID=21\" target=\"_blank\" rel=\"noopener\">eso es 3.0 sensor de un solo lado<\/a> \u00ab.<br \/>\nLas mediciones de la barrera de luz m\u00f3vil no se pueden indicar mediante detectores de radar o l\u00e1ser, ya que aqu\u00ed no se emiten ondas de luz de radar ni l\u00e1ser. S\u00f3lo mediante el uso de este dispositivo se pueden evitar las mediciones con el nuevo sistema de medici\u00f3n de sensor \u00f3ptico unilateral \u00abeso es 3.0\u00bb, ya que no existen opciones alternativas de advertencia. Para obtener m\u00e1s informaci\u00f3n sobre este dispositivo, haga clic <u><a href=\"http:\/\/www.radar-shop.com\/out\/pictures\/wysiwigpro\/Informationen%20eso%203.pdf\">aqu\u00ed<\/a><\/u> .<\/p>\n<p><b><strong>\u00bfNo est\u00e1 seguro de c\u00f3mo se ver\u00e1 una instalaci\u00f3n oculta en su veh\u00edculo?<br \/>\nMira los videos:<\/strong><\/b><\/p>\n<p><img loading=\"lazy\" decoding=\"async\" class=\"aligncenter size-full wp-image-139\" src=\"https:\/\/www.radar-shop.eu\/wp-content\/uploads\/2017\/03\/Video_Radarwarner.jpg\" alt=\"\" width=\"500\" height=\"80\"><\/p>\n<p>Si est\u00e1 interesado, los mec\u00e1nicos \/ electricistas de autom\u00f3viles profesionales con experiencia pueden instalar estos dispositivos de una manera muy flexible y discreta, por ejemplo, en Heidelberg (generalmente los viernes por la tarde, los fines de semana). El tiempo de instalaci\u00f3n suele ser de 2 a 5 horas dependiendo del sistema, pero puede ser un poco m\u00e1s largo para los coches ex\u00f3ticos. Por supuesto, los t\u00e9cnicos discutir\u00e1n personalmente con usted las opciones de instalaci\u00f3n de antemano para que pueda tener una idea de c\u00f3mo ser\u00e1 la soluci\u00f3n de antemano. Puede utilizar el tiempo para un recorrido por la ciudad durante la instalaci\u00f3n. Muchos clientes est\u00e1n muy contentos con esta oportunidad. Las dificultades solo pueden surgir en casos raros, por ejemplo, si no hay suficiente espacio en la parte delantera del veh\u00edculo o simplemente desmantelar partes de la carrocer\u00eda tomar\u00eda horas y se requieren herramientas especiales. Si est\u00e1 interesado en organizar la instalaci\u00f3n de los dispositivos que ha solicitado, agregue este art\u00edculo a su carrito de compras.<\/p>\n","protected":false},"excerpt":{"rendered":"<p>Finalmente disponible e importante para los clientes alemanes: como una instalaci\u00f3n fija con dos sensores, el Esoguard PRO Dual ofrece una interferencia completa para las mediciones de los sensores de ESO; haga su pedido aqu\u00ed ahora.<\/p>\n<div id=\"Content1196\" class=\"ContentElement Template-Standard Column-50\">\n<div class=\"Text\">\n<ul class=\"Checkmarks Uppercase\">\n<li>Especialmente para todos los veh\u00edculos con frente curvo.<\/li>\n<li>Sin errores al usar bloqueadores l\u00e1ser<\/li>\n<li>Compatible con bloqueadores l\u00e1ser conocidos<\/li>\n<li>Interfiere con ESO 1.0, ESO 3.0, ESO 3.0 matrix<\/li>\n<li>Interfiere con Autovelox en Italia \/ Espa\u00f1a<\/li>\n<li>Los sensores m\u00e1s peque\u00f1os para la instalaci\u00f3n<\/li>\n<li>2 metros de electricidad &#8211; conexi\u00f3n por cable<\/li>\n<li>Hecho en Alemania<\/li>\n<\/ul>\n<\/div>\n<\/div>\n<div id=\"Content1197\" class=\"ContentElement Template-Standard Column-50\">\n<div class=\"Text\">\n<ul class=\"Checkmarks Uppercase\">\n<li>Desarrollado especialmente para todos los superdeportivos<\/li>\n<li>El \u00e1ngulo de apertura se ha incrementado enormemente.<\/li>\n<li>Sensores ultra flexibles para la instalaci\u00f3n<\/li>\n<li>Solo una unidad de control muy peque\u00f1a<\/li>\n<li>Sensores de nuevo desarrollo<\/li>\n<li>Posibilidad de montaje r\u00e1pido del coche<\/li>\n<li>Actualizaci\u00f3n capaz para el futuro<\/li>\n<li>2 a\u00f1os de garant\u00eda<\/li>\n<\/ul>\n<\/div>\n<\/div>\n","protected":false},"featured_media":3097,"comment_status":"open","ping_status":"closed","template":"","meta":{"_kad_post_transparent":"","_kad_post_title":"","_kad_post_layout":"","_kad_post_sidebar_id":"","_kad_post_content_style":"","_kad_post_vertical_padding":"","_kad_post_feature":"","_kad_post_feature_position":"","_kad_post_header":false,"_kad_post_footer":false,"_kad_post_classname":""},"product_brand":[],"product_cat":[1045,1050,938],"product_tag":[],"class_list":{"0":"post-3908","1":"product","2":"type-product","3":"status-publish","4":"has-post-thumbnail","6":"product_cat-interferente-de-la-eso","7":"product_cat-recomendacion-de-detector-de-radar","8":"product_cat-esoguard-es","10":"first","11":"instock","12":"sale","13":"taxable","14":"shipping-taxable","15":"purchasable","16":"product-type-simple","17":"entry","18":"content-bg","19":"loop-entry"},"jetpack_sharing_enabled":true,"_links":{"self":[{"href":"https:\/\/radar-shop.com\/es\/wp-json\/wp\/v2\/product\/3908","targetHints":{"allow":["GET"]}}],"collection":[{"href":"https:\/\/radar-shop.com\/es\/wp-json\/wp\/v2\/product"}],"about":[{"href":"https:\/\/radar-shop.com\/es\/wp-json\/wp\/v2\/types\/product"}],"replies":[{"embeddable":true,"href":"https:\/\/radar-shop.com\/es\/wp-json\/wp\/v2\/comments?post=3908"}],"wp:featuredmedia":[{"embeddable":true,"href":"https:\/\/radar-shop.com\/es\/wp-json\/wp\/v2\/media\/3097"}],"wp:attachment":[{"href":"https:\/\/radar-shop.com\/es\/wp-json\/wp\/v2\/media?parent=3908"}],"wp:term":[{"taxonomy":"product_brand","embeddable":true,"href":"https:\/\/radar-shop.com\/es\/wp-json\/wp\/v2\/product_brand?post=3908"},{"taxonomy":"product_cat","embeddable":true,"href":"https:\/\/radar-shop.com\/es\/wp-json\/wp\/v2\/product_cat?post=3908"},{"taxonomy":"product_tag","embeddable":true,"href":"https:\/\/radar-shop.com\/es\/wp-json\/wp\/v2\/product_tag?post=3908"}],"curies":[{"name":"wp","href":"https:\/\/api.w.org\/{rel}","templated":true}]}}