{"id":3925,"date":"2017-11-22T09:18:49","date_gmt":"2021-12-30T12:44:26","guid":{"rendered":"https:\/\/radar-shop.com\/produkt\/escort-9500ix-euro-internacional\/"},"modified":"2021-12-30T13:44:26","modified_gmt":"2021-12-30T12:44:26","slug":"escort-9500ix-euro-internacional","status":"publish","type":"product","link":"https:\/\/radar-shop.com\/es\/producto\/escort-9500ix-euro-internacional\/","title":{"rendered":"ESCORT 9500IX EURO \u00abInternacional\u00bb"},"content":{"rendered":"<h2><u>AVISO RADAR ESCORT 9500IX EURO<\/u><\/h2>\n<ul>\n<li>\u00a1Dispositivo de combinaci\u00f3n de detector de radar \u00fanico \u00ab2 en 1\u00bb!<\/li>\n<li>El sistema basado en GPS advierte de cajas de estrella (c\u00e1maras instaladas permanentemente) y es al mismo tiempo un dispositivo de advertencia de radar y l\u00e1ser para puntos de medici\u00f3n m\u00f3viles para su uso en el tablero<\/li>\n<li>Nuestra recomendaci\u00f3n como una soluci\u00f3n de alta gama para el tablero: muchos clientes est\u00e1n satisfechos, \u00a1la gran cantidad de recomendaciones habla por s\u00ed sola!<\/li>\n<li>Sistema de advertencia GPS orientado a la seguridad y la velocidad con mensajes de advertencia adicionales<\/li>\n<li>base de datos GPS <u>preinstalada<\/u> para muchos pa\u00edses europeos<\/li>\n<li>Posibilidad de guardar ubicaciones personales individualmente<\/li>\n<li>Las actualizaciones posteriores de la base de datos con los \u00faltimos puntos de medici\u00f3n son posibles a trav\u00e9s de Internet<\/li>\n<li>Alemania Francia Benelux Espa\u00f1a Portugal Andorra Austria Suiza Liechtenstein Italia Grecia Chipre Polonia Noruega Suecia Finlandia Ruman\u00eda Eslovenia Rep\u00fablica Checa<\/li>\n<li>Dispositivo especialmente desarrollado para sistemas de radar europeos<\/li>\n<li>\u00ab2 en 1\u00bb, pero de tama\u00f1o muy compacto<\/li>\n<li>Detector de radar digital de alta gama para uso en toda Europa <b><strong>con instrucciones de funcionamiento en alem\u00e1n<\/strong><\/b><\/li>\n<li>Sensibilidad de radar variable en funci\u00f3n de la velocidad del veh\u00edculo<\/li>\n<li>Filtro TrueLock basado en GPS contra falsas alarmas<\/li>\n<li>Funciones programables y dependientes del usuario<\/li>\n<li>Salida (s) de voz y sonido digital brillante<\/li>\n<li>Pantalla de texto de alta resoluci\u00f3n<\/li>\n<li>Gr\u00e1fico de barras, ExpertMeter, SpecDisplay, Speedalert (muestra la banda de frecuencia y la intensidad de la se\u00f1al)<\/li>\n<li>Modo de filtro ciudad \/ autopista (reduce las molestias causadas por falsas alarmas)<\/li>\n<li>Funci\u00f3n Mute y AutoMute (reduce la alarma ac\u00fastica mientras la alarma visual a\u00fan est\u00e1 activa)<\/li>\n<li>Control de brillo de pantalla con modo completamente oscuro<\/li>\n<li>\u00a1No seleccionable electr\u00f3nicamente (SmartShield)!<\/li>\n<li>Indicador de velocidad<\/li>\n<li>Manual alem\u00e1n<\/li>\n<li>Conexi\u00f3n: simplemente en el encendedor de cigarrillos (12 V)<\/li>\n<li>Radar y l\u00e1ser de escaneo de 360 grados<\/li>\n<li>Nuevo rendimiento del radar de velocidad variable<\/li>\n<li>90 d\u00edas de actualizaciones gratuitas<\/li>\n<li>Pantalla azul brillante<\/li>\n<li>Entrada de auriculares<\/li>\n<\/ul>\n","protected":false},"excerpt":{"rendered":"<p><span style=\"color: #ed3e24;\">Nota: el modelo descatalogado ya no est\u00e1 disponible<\/span><\/p>\n<p>El detector de radar Escort 9500iX Euro es un dispositivo superior y ofrece advertencias de radar y l\u00e1ser m\u00f3viles, as\u00ed como una base de datos integrada de radares de tr\u00e1fico GPS con el mayor alcance para su uso contra radares de tr\u00e1fico en Alemania, Austria, Suiza y toda Europa &#8211; ordene aqu\u00ed ahora y evitar multas y puntos. Pruebe los dispositivos de advertencia de radar ganadores de Escort contra la trampa de radar y el l\u00e1ser.<\/p>\n","protected":false},"featured_media":3052,"comment_status":"open","ping_status":"closed","template":"","meta":{"_kad_post_transparent":"","_kad_post_title":"","_kad_post_layout":"","_kad_post_sidebar_id":"","_kad_post_content_style":"","_kad_post_vertical_padding":"","_kad_post_feature":"","_kad_post_feature_position":"","_kad_post_header":false,"_kad_post_footer":false,"_kad_post_classname":""},"product_brand":[],"product_cat":[1052,932],"product_tag":[],"class_list":{"0":"post-3925","1":"product","2":"type-product","3":"status-publish","4":"has-post-thumbnail","6":"product_cat-detector-de-radares-movil","7":"product_cat-escort-es","9":"first","10":"outofstock","11":"sale","12":"taxable","13":"shipping-taxable","14":"purchasable","15":"product-type-simple","16":"entry","17":"content-bg","18":"loop-entry"},"jetpack_sharing_enabled":true,"_links":{"self":[{"href":"https:\/\/radar-shop.com\/es\/wp-json\/wp\/v2\/product\/3925","targetHints":{"allow":["GET"]}}],"collection":[{"href":"https:\/\/radar-shop.com\/es\/wp-json\/wp\/v2\/product"}],"about":[{"href":"https:\/\/radar-shop.com\/es\/wp-json\/wp\/v2\/types\/product"}],"replies":[{"embeddable":true,"href":"https:\/\/radar-shop.com\/es\/wp-json\/wp\/v2\/comments?post=3925"}],"wp:featuredmedia":[{"embeddable":true,"href":"https:\/\/radar-shop.com\/es\/wp-json\/wp\/v2\/media\/3052"}],"wp:attachment":[{"href":"https:\/\/radar-shop.com\/es\/wp-json\/wp\/v2\/media?parent=3925"}],"wp:term":[{"taxonomy":"product_brand","embeddable":true,"href":"https:\/\/radar-shop.com\/es\/wp-json\/wp\/v2\/product_brand?post=3925"},{"taxonomy":"product_cat","embeddable":true,"href":"https:\/\/radar-shop.com\/es\/wp-json\/wp\/v2\/product_cat?post=3925"},{"taxonomy":"product_tag","embeddable":true,"href":"https:\/\/radar-shop.com\/es\/wp-json\/wp\/v2\/product_tag?post=3925"}],"curies":[{"name":"wp","href":"https:\/\/api.w.org\/{rel}","templated":true}]}}