{"id":3930,"date":"2019-11-22T09:18:50","date_gmt":"2021-12-30T12:44:26","guid":{"rendered":"https:\/\/radar-shop.com\/produkt\/whistler-gt-130-xi-euro\/"},"modified":"2024-01-02T22:43:08","modified_gmt":"2024-01-02T21:43:08","slug":"whistler-gt-130-xi-euro-2","status":"publish","type":"product","link":"https:\/\/radar-shop.com\/es\/producto\/whistler-gt-130-xi-euro-2\/","title":{"rendered":"WHISTLER GT-130 XI EURO"},"content":{"rendered":"<h1>Detector de radar Whistler GT 130Xi<\/h1>\n<ul>\n<li>Sucesor mejorado del muy exitoso y conocido Whistler 948 euros<\/li>\n<li>Avisador de radar \/ l\u00e1ser dise\u00f1ado y desarrollado para su uso en toda Europa, <strong>con instrucciones de funcionamiento en alem\u00e1n<\/strong><\/li>\n<li>Muestreo de todas las frecuencias de radar conocidas<\/li>\n<li>Excelente relaci\u00f3n calidad-precio<\/li>\n<li>La pantalla de iconos muestra diferentes s\u00edmbolos seg\u00fan la banda de radar recibida<\/li>\n<li>Ka Modo estrecho para las frecuencias Ka de la UE necesarias: 34,0 GHz y 34,3 GHz<\/li>\n<li>Escanea pistolas l\u00e1ser europeas (Traffi patrol XR, Riegl, Jenoptik, Laveg, Truspeed y otras)<\/li>\n<li>Escaneo en modo POP \u2122 (no es necesario en DE \/ AT)<\/li>\n<li>Cobertura m\u00e1xima de 360 \u00b0 desde la parte delantera, lateral y trasera<\/li>\n<li>3 modos de ciudad (Ciudad, Ciudad 1, Ciudad 2) reducen las molestias causadas por falsas alarmas<\/li>\n<li>El modo oscuro \/ tenue reduce el brillo de la pantalla.<\/li>\n<li>Modo oscuro, para mostrar solo en caso de alarma.<\/li>\n<li>Diferentes alarmas ac\u00fasticas en funci\u00f3n de la banda de radar recibida<\/li>\n<li>Modos silencioso \/ silencioso autom\u00e1tico<\/li>\n<li>Prioridad de alerta: seg\u00fan su importancia, la alarma m\u00e1s importante se muestra primero<\/li>\n<li>Protecci\u00f3n de 360 \u00b0 (escanea hacia adelante, hacia los lados y hacia atr\u00e1s)<\/li>\n<li>Modos Silencioso \/ AutoQuiet (reduce la alarma ac\u00fastica mientras la alarma visual a\u00fan est\u00e1 activa)<\/li>\n<li>Modo ciudad (reduce las molestias causadas por falsos positivos)<\/li>\n<li>Control del volumen<\/li>\n<li>Secuencia de arranque autom\u00e1tico (prueba operativa de todas las frecuencias)<\/li>\n<li>\u00a1No se puede apuntar electr\u00f3nicamente!<\/li>\n<li>Conexi\u00f3n: simplemente en el encendedor de cigarrillos (12 V)<\/li>\n<\/ul>\n<p>&nbsp;<\/p>\n","protected":false},"excerpt":{"rendered":"<p><strong><span class=\"dotted-product-details\"><a href=\"https:\/\/www.radar-shop.eu\/de\/radarwarner-vergleich-deutschland\/\">COMPARACI\u00d3N DE ADVERTENCIAS DE RADAR<\/a><\/span><\/strong><br \/>\n<span style=\"color: #000080;\"><strong>\u00a1DISPOSITIVO PARA PRINCIPIANTES!<\/strong><\/span><\/p>\n<ul>\n<li><span style=\"font-family: Verdana;\">Detector de radar para salpicadero<\/span><\/li>\n<li><span style=\"font-family: Verdana;\">advierte de trampas de velocidad m\u00f3viles<\/span><\/li>\n<li><span style=\"font-family: Verdana;\">advierte de pistolas l\u00e1ser<\/span><\/li>\n<li><span style=\"font-family: Verdana;\">Tipo de instalaci\u00f3n: cabina<\/span><\/li>\n<li><a class=\"\" title=\"Radarwarner kaufen\" href=\"https:\/\/www.radar-shop.eu\/faq-radarwarner\/\"><span style=\"font-family: Verdana;\">\u00bfComprar un detector de radar? \u00bfQu\u00e9? \u00bfC\u00f3mo est\u00e1s?<\/span><\/a><\/li>\n<\/ul>\n<p>&nbsp;<\/p>\n","protected":false},"featured_media":3142,"comment_status":"open","ping_status":"closed","template":"","meta":{"_kad_post_transparent":"","_kad_post_title":"","_kad_post_layout":"","_kad_post_sidebar_id":"","_kad_post_content_style":"","_kad_post_vertical_padding":"","_kad_post_feature":"","_kad_post_feature_position":"","_kad_post_header":false,"_kad_post_footer":false,"_kad_post_classname":""},"product_brand":[],"product_cat":[1052,987],"product_tag":[417],"class_list":{"0":"post-3930","1":"product","2":"type-product","3":"status-publish","4":"has-post-thumbnail","6":"product_cat-detector-de-radares-movil","7":"product_cat-whistler-es","8":"product_tag-whistler-es","10":"first","11":"instock","12":"sale","13":"taxable","14":"shipping-taxable","15":"purchasable","16":"product-type-simple","17":"entry","18":"content-bg","19":"loop-entry"},"jetpack_sharing_enabled":true,"_links":{"self":[{"href":"https:\/\/radar-shop.com\/es\/wp-json\/wp\/v2\/product\/3930","targetHints":{"allow":["GET"]}}],"collection":[{"href":"https:\/\/radar-shop.com\/es\/wp-json\/wp\/v2\/product"}],"about":[{"href":"https:\/\/radar-shop.com\/es\/wp-json\/wp\/v2\/types\/product"}],"replies":[{"embeddable":true,"href":"https:\/\/radar-shop.com\/es\/wp-json\/wp\/v2\/comments?post=3930"}],"wp:featuredmedia":[{"embeddable":true,"href":"https:\/\/radar-shop.com\/es\/wp-json\/wp\/v2\/media\/3142"}],"wp:attachment":[{"href":"https:\/\/radar-shop.com\/es\/wp-json\/wp\/v2\/media?parent=3930"}],"wp:term":[{"taxonomy":"product_brand","embeddable":true,"href":"https:\/\/radar-shop.com\/es\/wp-json\/wp\/v2\/product_brand?post=3930"},{"taxonomy":"product_cat","embeddable":true,"href":"https:\/\/radar-shop.com\/es\/wp-json\/wp\/v2\/product_cat?post=3930"},{"taxonomy":"product_tag","embeddable":true,"href":"https:\/\/radar-shop.com\/es\/wp-json\/wp\/v2\/product_tag?post=3930"}],"curies":[{"name":"wp","href":"https:\/\/api.w.org\/{rel}","templated":true}]}}