{"id":3972,"date":"2019-12-11T14:57:31","date_gmt":"2021-12-30T12:48:18","guid":{"rendered":"https:\/\/radar-shop.com\/produkt\/detector-de-radar-escort-redline\/"},"modified":"2021-12-30T13:48:18","modified_gmt":"2021-12-30T12:48:18","slug":"detector-de-radar-de-linea-roja-de-escolta","status":"publish","type":"product","link":"https:\/\/radar-shop.com\/es\/producto\/detector-de-radar-de-linea-roja-de-escolta\/","title":{"rendered":"Detector de radar Escort Redline"},"content":{"rendered":"<pre><a href=\"#hinweis\">Bitte beachten Sie folgendes vor Ihrer Bestellung.<\/a><\/pre>\n<p><strong>Detector de radar Escort Redline<\/strong><\/p>\n<h2>\u00a1Primer detector de radar m\u00f3vil con detecci\u00f3n MRCD \/ CT!<\/h2>\n<ul>\n<li>Detecci\u00f3n de CD \/ CT Multaradar<\/li>\n<li>No se puede rastrear a trav\u00e9s de la tecnolog\u00eda Total Shield<\/li>\n<li>Segmentaci\u00f3n de bandas K y Ka<\/li>\n<li>Detector de radar m\u00f3vil de alta gama<\/li>\n<li>Advertencia de 360 grados de mediciones de radar y l\u00e1ser<\/li>\n<li>Versi\u00f3n europea especial<\/li>\n<li>procesamiento de se\u00f1ales digitales<\/li>\n<li>Alcance m\u00e1ximo con se\u00f1ales d\u00e9biles<\/li>\n<li>Recomendado por expertos<\/li>\n<\/ul>\n<h2>2016 nueva versi\u00f3n<\/h2>\n<p>En Escort, Redline representa el rendimiento m\u00e1s alto. La nueva versi\u00f3n europea 2016 del Realien ofrece la ubicaci\u00f3n de MRCD \/ CT en un detector de radar m\u00f3vil por primera vez. Este radar de baja potencia es muy dif\u00edcil de detectar. La antena de radar extremadamente sensible con procesamiento de se\u00f1al digital detecta esto a tiempo para protegerlo de las molestas multas de estacionamiento. La tecnolog\u00eda Total Shield tambi\u00e9n hace que el detector de radar sea invisible para los dispositivos de rastreo de la polic\u00eda.<\/p>\n<h2>Desafortunadamente no hay GPS<\/h2>\n<p>Desafortunadamente, el detector de radar Escort Redline todav\u00eda se entrega sin GPS. Esto significa que no es posible ninguna advertencia de PDI de una base de datos de radares de tr\u00e1fico. Los clientes que deseen protecci\u00f3n adicional a trav\u00e9s de advertencias de GPS o PDI deben usar un Genevo One S \u00abBlack Edition\u00bb o Escort Passport Max.<\/p>\n<div id=\"hinweis\" class=\"anker\"><\/div>\n<h2>\u00a1Nota para los detectores de radar m\u00f3viles!<\/h2>\n<p>Antes de comprar un detector de radar port\u00e1til, es importante comprobar si su veh\u00edculo tiene un vidrio revestido de metal con un revestimiento especial (parabrisas de confort clim\u00e1tico), ya que aqu\u00ed no es posible detectar los rayos del radar con un detector m\u00f3vil. Esto afecta a menos del 5% de los veh\u00edculos. \u00a1El detector de radar no puede dar una advertencia adecuada! Si descubre que su veh\u00edculo est\u00e1 afectado, tenemos muchas otras soluciones listas para usted. Por ejemplo, el conjunto de la <a href=\"https:\/\/www.efficient-technologies.at\/produkt\/genevo-serie-radarwarner-set\/\" target=\"_blank\" rel=\"noopener\">serie Genevo + que<\/a> consta de Genevo GPS + y Genevo UHD + a un precio especial. U otro ganador de la prueba de la categor\u00eda <a href=\"https:\/\/www.efficient-technologies.at\/produkt-kategorie\/radarwarner\/radarwarnung-festeinbau\/\" target=\"_blank\" rel=\"noopener\">de detectores de radar de montaje fijo<\/a> .<\/p>\n<p>&nbsp;<\/p>\n<h4>Alcance de la entrega Escort Redline<\/h4>\n<ul>\n<li>Detector de radar Escort Redline MRCD \/ CT versi\u00f3n europea<\/li>\n<li>Accesorios completos para montaje en el parabrisas (ventosas)<\/li>\n<li>Cable de alimentaci\u00f3n para mechero (12 V)<\/li>\n<li>Pr\u00e1ctica bolsa de transporte<\/li>\n<li>operaci\u00f3n manual<\/li>\n<\/ul>\n","protected":false},"excerpt":{"rendered":"<ul>\n<li>Detecci\u00f3n de CD \/ CT Multaradar<\/li>\n<li>No se puede rastrear a trav\u00e9s de la tecnolog\u00eda Total Shield<\/li>\n<li>Segmentaci\u00f3n de bandas K y Ka<\/li>\n<li>Detector de radar m\u00f3vil de alta gama<\/li>\n<li>Advertencia de 360 grados de mediciones de radar y l\u00e1ser<\/li>\n<li>Versi\u00f3n europea especial<\/li>\n<\/ul>\n","protected":false},"featured_media":866,"comment_status":"open","ping_status":"closed","template":"","meta":{"_kad_post_transparent":"","_kad_post_title":"","_kad_post_layout":"","_kad_post_sidebar_id":"","_kad_post_content_style":"","_kad_post_vertical_padding":"","_kad_post_feature":"","_kad_post_feature_position":"","_kad_post_header":false,"_kad_post_footer":false,"_kad_post_classname":""},"product_brand":[],"product_cat":[1052,932],"product_tag":[399,443],"class_list":{"0":"post-3972","1":"product","2":"type-product","3":"status-publish","4":"has-post-thumbnail","6":"product_cat-detector-de-radares-movil","7":"product_cat-escort-es","8":"product_tag-escolta","9":"product_tag-linea-roja","11":"first","12":"instock","13":"taxable","14":"shipping-taxable","15":"purchasable","16":"product-type-simple","17":"entry","18":"content-bg","19":"loop-entry"},"jetpack_sharing_enabled":true,"_links":{"self":[{"href":"https:\/\/radar-shop.com\/es\/wp-json\/wp\/v2\/product\/3972","targetHints":{"allow":["GET"]}}],"collection":[{"href":"https:\/\/radar-shop.com\/es\/wp-json\/wp\/v2\/product"}],"about":[{"href":"https:\/\/radar-shop.com\/es\/wp-json\/wp\/v2\/types\/product"}],"replies":[{"embeddable":true,"href":"https:\/\/radar-shop.com\/es\/wp-json\/wp\/v2\/comments?post=3972"}],"wp:featuredmedia":[{"embeddable":true,"href":"https:\/\/radar-shop.com\/es\/wp-json\/wp\/v2\/media\/866"}],"wp:attachment":[{"href":"https:\/\/radar-shop.com\/es\/wp-json\/wp\/v2\/media?parent=3972"}],"wp:term":[{"taxonomy":"product_brand","embeddable":true,"href":"https:\/\/radar-shop.com\/es\/wp-json\/wp\/v2\/product_brand?post=3972"},{"taxonomy":"product_cat","embeddable":true,"href":"https:\/\/radar-shop.com\/es\/wp-json\/wp\/v2\/product_cat?post=3972"},{"taxonomy":"product_tag","embeddable":true,"href":"https:\/\/radar-shop.com\/es\/wp-json\/wp\/v2\/product_tag?post=3972"}],"curies":[{"name":"wp","href":"https:\/\/api.w.org\/{rel}","templated":true}]}}