{"id":3989,"date":"2020-12-11T14:56:02","date_gmt":"2021-12-30T12:48:27","guid":{"rendered":"https:\/\/radar-shop.com\/produkt\/detector-de-radar-genevo-one-s-black-edition\/"},"modified":"2025-05-24T02:44:45","modified_gmt":"2025-05-24T00:44:45","slug":"detector-de-radar-genevo-one-s-black-edition","status":"publish","type":"product","link":"https:\/\/radar-shop.com\/es\/producto\/detector-de-radar-genevo-one-s-black-edition\/","title":{"rendered":"Detector de radar Genevo One S Black Edition"},"content":{"rendered":"<pre><a href=\"#hinweis\">Bitte beachten Sie folgendes vor Ihrer Bestellung.<\/a><\/pre>\n<p><strong>Detector de radar GENEVO One <span style=\"color: #ff0000;\">S<\/span> Black Edition<\/strong><\/p>\n<h2>El nuevo buque insignia de la serie Genevo One. \u00a1El rendimiento crece en un incre\u00edble 100%!<\/h2>\n<ul>\n<li>El detector de radar m\u00e1s peque\u00f1o del mundo con receptor de radar Ultra HD<\/li>\n<li>Un 100% m\u00e1s de potencia de recepci\u00f3n que el Genevo One S.<\/li>\n<li>Se incluyen actualizaciones de la base de datos de radares de por vida<\/li>\n<li>Totalmente legal como un veloc\u00edmetro GPS con solo presionar un bot\u00f3n<\/li>\n<li>Nuevos filtros especiales para veh\u00edculos con radar de distancia<\/li>\n<li>F\u00e1cil reactivaci\u00f3n de la funci\u00f3n de advertencia de radar en la PC<\/li>\n<li>Descargue una nueva base de datos cada mes<\/li>\n<li>Adquisici\u00f3n de fuentes de radar en 360 \u00b0 en Europa (banda estrecha X- \/ K- \/ Ka)<\/li>\n<li>pantalla de matriz completa de alta calidad<\/li>\n<li>Advertencia de mediciones l\u00e1ser (\u00a1incluido Poliscan Speed!)<\/li>\n<li>Advertencia para medidas de control de secci\u00f3n (base de datos)<\/li>\n<li>Advertencia de radares estacionarios (base de datos)<\/li>\n<li>Advertencia de c\u00e1maras de sem\u00e1foro en rojo (base de datos)<\/li>\n<li>Operaci\u00f3n alemana m\u00e1s simple<\/li>\n<\/ul>\n<h2>Rendimiento m\u00e1ximo<\/h2>\n<p>El detector de radar Genevo One S Black Edition con antena Ultra HD pone a todos los dem\u00e1s detectores de radar m\u00f3viles a la sombra. Un 100% m\u00e1s de alcance que cualquier otro producto hasta ahora. Las falsas alarmas son cosa del pasado gracias a la tecnolog\u00eda de filtrado especial. Una nueva tecnolog\u00eda de filtro especial permite al detector de radar diferenciar entre las trampas de velocidad reales y las ondas de radar de los veh\u00edculos con control de crucero de distancia (ACC, Distronic, etc.) o asistentes de punto ciego. En relaci\u00f3n con el soporte vertical, ya se han logrado alcances de hasta 1000 m con medidas traseras.<\/p>\n<h2>Modo de veloc\u00edmetro (funcionamiento legal)<\/h2>\n<p>Las funciones de advertencia de radar no permitidas se desactivan con solo presionar un bot\u00f3n. El Genevo One S Black Edition ya no es un detector de radar operativo en el sentido del StVO y se puede utilizar de forma totalmente legal como veloc\u00edmetro GPS. Con una actualizaci\u00f3n en la PC, el Genevo One S Black Edition se convierte nuevamente en un detector de radar completo.<\/p>\n<h2>Nueva pantalla, PDI selectivos y silencio autom\u00e1tico<\/h2>\n<p>La nueva pantalla de Vollmatix muestra fuentes de radar (banda e intensidad), mediciones l\u00e1ser y mensajes de radar POI (distancia a la c\u00e1mara de velocidad). Una voz alemana le informa de la fuente exacta del peligro, la velocidad permitida. En el caso de la radiaci\u00f3n de radar, la intensidad se indica mediante un pitido.<\/p>\n<p>La advertencia de PDI selectiva le permite seleccionar las advertencias relevantes. Por ejemplo, solo control de secciones y radares de sem\u00e1foro a trav\u00e9s de PDI. Radar fijo, sin embargo, solo a trav\u00e9s de la antena del radar.<\/p>\n<p>Con Auto-Mute, el volumen de las alarmas se reduce a un nivel muy sutil despu\u00e9s de 2 segundos.<\/p>\n<div id=\"hinweis\" class=\"anker\"><\/div>\n<h2>\u00a1Nota para los detectores de radar m\u00f3viles!<\/h2>\n<p>Antes de comprar un detector de radar port\u00e1til, es importante comprobar si su veh\u00edculo tiene un vidrio revestido de metal con un revestimiento especial (parabrisas de confort clim\u00e1tico), ya que aqu\u00ed no es posible detectar los rayos del radar con un detector m\u00f3vil. Esto afecta a menos del 5% de los veh\u00edculos. \u00a1El detector de radar no puede dar una advertencia adecuada! Si descubre que su veh\u00edculo est\u00e1 afectado, tenemos muchas otras soluciones listas para usted. Por ejemplo, el conjunto de la <a href=\"https:\/\/www.efficient-technologies.at\/produkt\/genevo-serie-radarwarner-set\/\" target=\"_blank\" rel=\"noopener noreferrer\">serie Genevo + que<\/a> consta de Genevo GPS + y Genevo UHD + a un precio especial. U otro ganador de la prueba de la categor\u00eda <a href=\"https:\/\/www.efficient-technologies.at\/produkt-kategorie\/radarwarner\/radarwarnung-festeinbau\/\" target=\"_blank\" rel=\"noopener noreferrer\">de detectores de radar de montaje fijo<\/a> .<\/p>\n<h2>Solicite accesorios al mismo tiempo: \u00a1obtenga una ventaja de precio!<\/h2>\n<ul>\n<li><strong>Soporte vertical<\/strong><br \/>\nEl soporte vertical tiene ventajas significativas en t\u00e9rminos de tiempos de advertencia anticipada, especialmente en la banda Ka, que es muy importante para Austria.<\/li>\n<li><strong>Cable de instalaci\u00f3n<\/strong><br \/>\nUn cable delgado y recto para la conexi\u00f3n a la caja de fusibles. Tiene un aspecto mucho m\u00e1s agradable en el veh\u00edculo y es menos perceptible que los cables del encendedor de cigarrillos.<\/li>\n<li><span style=\"font-family: 'Montserrat Semibold', Arial, sans-serif;\"><b>Soporte para visera solar<\/b><\/span><br \/>\nSoporte para montaje discreto en el parasol. En algunos veh\u00edculos, la posici\u00f3n del parasol puede afectar la recepci\u00f3n del GPS.<\/li>\n<\/ul>\n<h3><a href=\"https:\/\/www.efficient-technologies.at\/produkt\/genevo-one-serie-zubehoer\/\" target=\"_blank\" rel=\"noopener noreferrer\">Haga clic aqu\u00ed para ver los accesorios Genevo<\/a> .<\/h3>\n<p>&nbsp;<\/p>\n<h2>Opciones de configuraci\u00f3n<\/h2>\n<ul>\n<li>Modos de visualizaci\u00f3n: velocidad y tiempo, velocidad y voltaje,<br \/>\nVoltaje, tiempo, velocidad, velocidad y br\u00fajula de la bater\u00eda<\/li>\n<li>Silencio autom\u00e1tico: encendido \/ apagado<\/li>\n<li>Velocidad m\u00ednima para se\u00f1ales de alarma (recomendaci\u00f3n 20 km \/ h)<\/li>\n<li>X-Band: On \/ Off (recomendaci\u00f3n OFF)<\/li>\n<li>K-Band: Wide \/ Narrow \/ Instant \/ Aus (recomendaci\u00f3n K Narrow o AUS)<\/li>\n<li>Filtro K: Apagado \/ bajo \/ alto &#8211; Reduce las falsas alarmas de ACC (recomendaci\u00f3n baja)<\/li>\n<li>Banda Ka: Ancha \/ Estrecha \/ Aus (Recomendaci\u00f3n: Ka Narrow)<\/li>\n<li>Ka 34.0 On \/ Off (recomendaci\u00f3n ON)<\/li>\n<li>Ka 34.3 On \/ Off (recomendaci\u00f3n ON)<\/li>\n<li>Ka 34.7 On \/ Off (recomendaci\u00f3n OFF)<\/li>\n<li>Ka 35.5 On \/ Off (recomendaci\u00f3n OFF)<\/li>\n<li>Filtro Ka: Apagado \/ bajo \/ alto &#8211; Reduce las falsas alarmas de ACC (recomendaci\u00f3n: filtro bajo)<\/li>\n<li>L\u00e1ser: encendido \/ apagado (recomendaci\u00f3n encendida)<\/li>\n<li>Sonido de inicio: encendido \/ apagado<\/li>\n<li>Mensaje de conexi\u00f3n GPS: encendido \/ apagado<\/li>\n<li>Mensajes de la base de datos de puntos de inter\u00e9s: Activado \/ Desactivado o con el bot\u00f3n central tambi\u00e9n puede seleccionar categor\u00edas. Utilice los botones +\/- en el lateral para el cambio (recomendaci\u00f3n: la categor\u00eda \u00abpuntos de peligro frecuentes\u00bb desactivada, si no lo desea)<\/li>\n<li>Distancia de advertencia de PDI: (normal 250 m, ancho 375 m, muy ancho 500 m) (recomendaci\u00f3n: ancho)<\/li>\n<li>Unidad: Ingl\u00e9s (mph) \/ M\u00e9trico (km \/ h) (recomendaci\u00f3n km \/ h)<\/li>\n<li>Configuraci\u00f3n de la hora local: cambie la zona horaria (horas) usando los botones +\/- en el lateral.<\/li>\n<li>Idioma: ingl\u00e9s \/ alem\u00e1n \/ checo<\/li>\n<li>Configuraci\u00f3n de f\u00e1brica: para restablecer, presione el bot\u00f3n central.<\/li>\n<li>Eliminar todas sus propias marcas: presione el bot\u00f3n central para eliminar.<\/li>\n<\/ul>\n<h2><\/h2>\n<h4>Volumen de suministro Genevo One <span style=\"color: #ff0000;\">S<\/span> Black Edition<\/h4>\n<ul>\n<li>Genevo One S Black Edition<\/li>\n<li>Soporte incl. 2 ventosas<\/li>\n<li>Cable de alimentaci\u00f3n para toma de 12V<\/li>\n<li>Actualizaciones permanentes de la base de datos de la UE<\/li>\n<li>Instrucciones alemanas<\/li>\n<li>24 meses de garant\u00eda<\/li>\n<\/ul>\n","protected":false},"excerpt":{"rendered":"<ul>\n<li>Detector de radar m\u00f3vil ganador de la prueba<\/li>\n<li>Antena de radar Ultra HD para un rendimiento m\u00e1ximo<\/li>\n<li>100% m\u00e1s de rendimiento que el mejor competidor<\/li>\n<li>Totalmente legal como un veloc\u00edmetro GPS con solo presionar un bot\u00f3n<\/li>\n<li>Base de datos de radares de tr\u00e1fico de la UE incluida de por vida<\/li>\n<li>Tecnolog\u00eda de filtrado para veh\u00edculos con radar de distancia<\/li>\n<li>Funci\u00f3n de silencio autom\u00e1tico<\/li>\n<\/ul>\n","protected":false},"featured_media":671,"comment_status":"open","ping_status":"closed","template":"","meta":{"_kad_post_transparent":"","_kad_post_title":"","_kad_post_layout":"","_kad_post_sidebar_id":"","_kad_post_content_style":"","_kad_post_vertical_padding":"","_kad_post_feature":"","_kad_post_feature_position":"","_kad_post_header":false,"_kad_post_footer":false,"_kad_post_classname":""},"product_brand":[],"product_cat":[1052,943],"product_tag":[406,441,473,400,440,442],"class_list":{"0":"post-3989","1":"product","2":"type-product","3":"status-publish","4":"has-post-thumbnail","6":"product_cat-detector-de-radares-movil","7":"product_cat-genevo-es","8":"product_tag-detector-de-radares","9":"product_tag-detectores-de-radar-moviles","10":"product_tag-edicion-negra","11":"product_tag-genevo-es","12":"product_tag-genevo-one-s-es","13":"product_tag-unos","15":"first","16":"instock","17":"sale","18":"taxable","19":"shipping-taxable","20":"purchasable","21":"product-type-simple","22":"entry","23":"content-bg","24":"loop-entry"},"jetpack_sharing_enabled":true,"_links":{"self":[{"href":"https:\/\/radar-shop.com\/es\/wp-json\/wp\/v2\/product\/3989","targetHints":{"allow":["GET"]}}],"collection":[{"href":"https:\/\/radar-shop.com\/es\/wp-json\/wp\/v2\/product"}],"about":[{"href":"https:\/\/radar-shop.com\/es\/wp-json\/wp\/v2\/types\/product"}],"replies":[{"embeddable":true,"href":"https:\/\/radar-shop.com\/es\/wp-json\/wp\/v2\/comments?post=3989"}],"wp:featuredmedia":[{"embeddable":true,"href":"https:\/\/radar-shop.com\/es\/wp-json\/wp\/v2\/media\/671"}],"wp:attachment":[{"href":"https:\/\/radar-shop.com\/es\/wp-json\/wp\/v2\/media?parent=3989"}],"wp:term":[{"taxonomy":"product_brand","embeddable":true,"href":"https:\/\/radar-shop.com\/es\/wp-json\/wp\/v2\/product_brand?post=3989"},{"taxonomy":"product_cat","embeddable":true,"href":"https:\/\/radar-shop.com\/es\/wp-json\/wp\/v2\/product_cat?post=3989"},{"taxonomy":"product_tag","embeddable":true,"href":"https:\/\/radar-shop.com\/es\/wp-json\/wp\/v2\/product_tag?post=3989"}],"curies":[{"name":"wp","href":"https:\/\/api.w.org\/{rel}","templated":true}]}}