{"id":4030,"date":"2021-12-11T16:39:00","date_gmt":"2021-12-30T12:49:13","guid":{"rendered":"https:\/\/radar-shop.com\/produkt\/racechip-ajuste-de-chips\/"},"modified":"2021-12-30T13:49:13","modified_gmt":"2021-12-30T12:49:13","slug":"ajuste-de-chip-de-chip-de-carrera","status":"publish","type":"product","link":"https:\/\/radar-shop.com\/es\/producto\/ajuste-de-chip-de-chip-de-carrera\/","title":{"rendered":"RaceChip &#8211; ajuste de chips"},"content":{"rendered":"<p><strong>RaceChip &#8211; Chiptuning &#8211; Aumento del rendimiento<\/strong><\/p>\n<h2>\u00a1Libera el potencial de tu coche!<\/h2>\n<ul>\n<li>RaceChip, \u00a1el n\u00famero 1 en ajuste de chips!<\/li>\n<li>Ganador de m\u00faltiples pruebas<\/li>\n<li>Hasta un 30% m\u00e1s de rendimiento<\/li>\n<li>Hasta un 30% m\u00e1s de par<\/li>\n<li>Menor consumo<\/li>\n<li>Hasta 2 a\u00f1os de garant\u00eda del motor<\/li>\n<li>Hasta 5 a\u00f1os de garant\u00eda del producto.<\/li>\n<li>Instalaci\u00f3n sencilla seg\u00fan el principio plug &amp; drive<\/li>\n<li>Hecho en Alemania<\/li>\n<\/ul>\n<h2>El software marca la diferencia<\/h2>\n<p>En los veh\u00edculos modernos, el software de la unidad de control del motor controla la potencia del motor. La presi\u00f3n de refuerzo, la presi\u00f3n del colector de admisi\u00f3n, la masa de aire, etc. se analizan continuamente. La mayor\u00eda de las veces, no se utiliza todo el potencial del motor. Los m\u00f3dulos de tuning RaceChip aprovechan al m\u00e1ximo y utilizan estas reservas de su motor. De esta manera, el motor de su autom\u00f3vil no solo es significativamente m\u00e1s potente, sino tambi\u00e9n m\u00e1s econ\u00f3mico al mismo tiempo.<\/p>\n<h2>\u00bfC\u00f3mo funciona?<\/h2>\n<p>Los m\u00f3dulos de tuning RaceChip optimizan los datos de los sensores en tiempo real y los transmiten a la unidad de control del motor inmediatamente. La unidad de control del motor ajusta la presi\u00f3n de sobrealimentaci\u00f3n y la cantidad de inyecci\u00f3n y proporciona m\u00e1s combustible para obtener m\u00e1s potencia. Los sistemas de seguridad de su motor permanecen bajo control total en todo momento.<\/p>\n<h2>Calidad garantizada<\/h2>\n<p>Ofrecemos Chiptuning Racechip para casi todos los motores di\u00e9sel y gasolina con turbocompresores o compresores. No se arriesgue y benef\u00edciese de la garant\u00eda RaceChip para su motor. <a href=\"https:\/\/www.racechip.de\/chiptuning\/qualitaet-und-garantie.html\" target=\"_blank\" rel=\"noopener\">Lea las condiciones de garant\u00eda aqu\u00ed<\/a> .<\/p>\n<h3>\u00a1M\u00e1s rendimiento, menos consumo con el mismo nivel de seguridad!<\/h3>\n<h2>Ejemplo de tuning<\/h2>\n<h3>Audi A3<\/h3>\n<ul>\n<li>Fabricante: Audi<\/li>\n<li>Tipo: A3 (8V) de 2012<\/li>\n<li>Motor: 2.0 TDI<\/li>\n<li>Potencia: 150 PS \/ 110 KW<\/li>\n<\/ul>\n<table style=\"width: 721px;\">\n<tbody>\n<tr style=\"height: 26px;\">\n<td style=\"width: 404px; height: 26px;\"><strong><a href=\"https:\/\/www.racechip.de\/chiptuning\/racechip-one.html\" target=\"_blank\" rel=\"noopener\">RaceChip S<\/a><\/strong><\/td>\n<td style=\"width: 359px; height: 26px;\"><strong><a href=\"https:\/\/www.racechip.de\/chiptuning\/racechip-pro2.html\" target=\"_blank\" rel=\"noopener\">RaceChip RS<\/a><\/strong><\/td>\n<td style=\"width: 521px; height: 26px;\"><strong><a href=\"https:\/\/www.racechip.de\/chiptuning\/racechip-ultimate.html\" target=\"_blank\" rel=\"noopener\">RaceChip GTS<\/a><\/strong><\/td>\n<\/tr>\n<tr style=\"height: 26px;\">\n<td style=\"width: 404px; height: 26px;\">\n<ul>\n<li>+ 26 CV<\/li>\n<li>+ Par de 61 Nm<\/li>\n<li>Hasta un 10% de ahorro de combustible<\/li>\n<li>5 asignaciones de ajuste fino<\/li>\n<li>Desde \u20ac 139.-<\/li>\n<\/ul>\n<\/td>\n<td style=\"width: 359px; height: 26px;\">\n<ul>\n<li>+ 31 CV<\/li>\n<li>+ 75 Nm de par<\/li>\n<li>Hasta un 15% de ahorro de combustible<\/li>\n<li>6 asignaciones de ajuste fino<\/li>\n<li>Incl. 1 a\u00f1o de garant\u00eda del motor<\/li>\n<li>Control de aplicaciones opcional<\/li>\n<li>Desde \u20ac 249.-<\/li>\n<\/ul>\n<\/td>\n<td style=\"width: 521px; height: 26px;\">\n<ul>\n<li>+ 38 CV<\/li>\n<li>+ 89 Nm par<\/li>\n<li>Hasta un 15% de ahorro de combustible<\/li>\n<li>Incl. 2 a\u00f1os de garant\u00eda del motor<\/li>\n<li>Incl. Certificado de piezas para registro<\/li>\n<li>1x reprogramaci\u00f3n al cambiar de veh\u00edculo<\/li>\n<li>Control de aplicaciones opcional<\/li>\n<li>Desde 479.- \u20ac<\/li>\n<\/ul>\n<\/td>\n<\/tr>\n<\/tbody>\n<\/table>\n<h3><a href=\"https:\/\/www.efficient-technologies.at\/kontakt\/\" target=\"_blank\" rel=\"noopener\">Haga clic aqu\u00ed para obtener su cotizaci\u00f3n gratuita<\/a><\/h3>\n","protected":false},"excerpt":{"rendered":"<ul>\n<li>RaceChip, \u00a1el n\u00famero 1 en ajuste de chips!<\/li>\n<li>Ganador de m\u00faltiples pruebas<\/li>\n<li>30% m\u00e1s de potencia y par<\/li>\n<li>Menor consumo<\/li>\n<li>Hasta 5 a\u00f1os de garant\u00eda<\/li>\n<li>Instalaci\u00f3n sencilla seg\u00fan el principio plug &amp; drive<\/li>\n<li>Control de aplicaci\u00f3n opcional<\/li>\n<li>Chip de potencia RaceChip<\/li>\n<\/ul>\n","protected":false},"featured_media":1298,"comment_status":"open","ping_status":"closed","template":"","meta":{"_kad_post_transparent":"","_kad_post_title":"","_kad_post_layout":"","_kad_post_sidebar_id":"","_kad_post_content_style":"","_kad_post_vertical_padding":"","_kad_post_feature":"","_kad_post_feature_position":"","_kad_post_header":false,"_kad_post_footer":false,"_kad_post_classname":""},"product_brand":[],"product_cat":[1096,967],"product_tag":[594,611,598,605,613],"class_list":{"0":"post-4030","1":"product","2":"type-product","3":"status-publish","4":"has-post-thumbnail","6":"product_cat-sintonizacion","7":"product_cat-racechip-es","8":"product_tag-ajuste-de-chip","9":"product_tag-chip-de-carrera","10":"product_tag-garantia","11":"product_tag-mas-eficiente","12":"product_tag-menor-consumo","14":"first","15":"onbackorder","16":"taxable","17":"shipping-taxable","18":"purchasable","19":"product-type-simple","20":"entry","21":"content-bg","22":"loop-entry"},"jetpack_sharing_enabled":true,"_links":{"self":[{"href":"https:\/\/radar-shop.com\/es\/wp-json\/wp\/v2\/product\/4030","targetHints":{"allow":["GET"]}}],"collection":[{"href":"https:\/\/radar-shop.com\/es\/wp-json\/wp\/v2\/product"}],"about":[{"href":"https:\/\/radar-shop.com\/es\/wp-json\/wp\/v2\/types\/product"}],"replies":[{"embeddable":true,"href":"https:\/\/radar-shop.com\/es\/wp-json\/wp\/v2\/comments?post=4030"}],"wp:featuredmedia":[{"embeddable":true,"href":"https:\/\/radar-shop.com\/es\/wp-json\/wp\/v2\/media\/1298"}],"wp:attachment":[{"href":"https:\/\/radar-shop.com\/es\/wp-json\/wp\/v2\/media?parent=4030"}],"wp:term":[{"taxonomy":"product_brand","embeddable":true,"href":"https:\/\/radar-shop.com\/es\/wp-json\/wp\/v2\/product_brand?post=4030"},{"taxonomy":"product_cat","embeddable":true,"href":"https:\/\/radar-shop.com\/es\/wp-json\/wp\/v2\/product_cat?post=4030"},{"taxonomy":"product_tag","embeddable":true,"href":"https:\/\/radar-shop.com\/es\/wp-json\/wp\/v2\/product_tag?post=4030"}],"curies":[{"name":"wp","href":"https:\/\/api.w.org\/{rel}","templated":true}]}}