{"id":4059,"date":"2022-06-11T14:57:30","date_gmt":"2021-12-30T12:49:32","guid":{"rendered":"https:\/\/radar-shop.com\/produkt\/detector-de-radar-stinger-vip\/"},"modified":"2023-04-15T20:34:39","modified_gmt":"2023-04-15T18:34:39","slug":"detector-de-radar-vip-stinger","status":"publish","type":"product","link":"https:\/\/radar-shop.com\/es\/producto\/detector-de-radar-vip-stinger\/","title":{"rendered":"Detector de radar Stinger VIP"},"content":{"rendered":"<pre><a href=\"#hinweis\">Bitte beachten Sie folgendes vor Ihrer Bestellung.<\/a><\/pre>\n<p><strong>Detector de radar Stinger VIP<\/strong><\/p>\n<h2>Si buscas lo m\u00e1ximo, \u00a1no puedes ignorar al VIP!<\/h2>\n<ul>\n<li>Ganador de m\u00faltiples pruebas en todo el mundo<\/li>\n<li>Protecci\u00f3n perfecta contra sanciones de radar<\/li>\n<li>Detecta todas las mediciones de radar y l\u00e1ser en Europa<\/li>\n<li>Tecnolog\u00eda avanzada de detector de radar Stinger<\/li>\n<li>Ofrece enorme alcance y seguridad<\/li>\n<li>Excelente filtrado de alarmas<\/li>\n<li>Pantalla t\u00e1ctil intuitiva<\/li>\n<li>Base de datos de radares de tr\u00e1fico de Spotlist<\/li>\n<li>Aprendizaje autom\u00e1tico de \u00abfalsa lista\u00bb<\/li>\n<li>Modo legal &#8211; Control policial &#8211; diario<\/li>\n<li>Preparado para el futuro y ampliable<\/li>\n<li>Desarrollado en y para Europa<\/li>\n<li>Todo de una sola fuente<\/li>\n<\/ul>\n<h2>Detector de radar o computadora:<\/h2>\n<h3>Radar de alta definici\u00f3n<\/h3>\n<p>El detector de radar Stinger VIP procesa todas las se\u00f1ales recibidas en un llamado centro inform\u00e1tico. Una unidad de procesamiento central a la que se conectan la exclusiva antena de radar MPHD, los m\u00f3dulos l\u00e1ser HD y el sensor GPS. La antena MPHD alcanza el est\u00e1ndar militar y, con mediciones precisas hasta una mil\u00e9sima, pone a todos los competidores en la sombra. Esto crea la base de la incre\u00edble precisi\u00f3n con la que funcionan los detectores de radar Stinger. Cuando se analiza en detalle, el Stinger VIP distingue qu\u00e9 se\u00f1al proviene de una c\u00e1mara de velocidad real y cu\u00e1l se guarda como una falsa alarma en la falsa lista. Los veh\u00edculos modernos tienen tecnolog\u00eda l\u00e1ser o radar instalada de f\u00e1brica. Aqu\u00ed tambi\u00e9n se requiere inteligencia. Stinger tambi\u00e9n establece est\u00e1ndares aqu\u00ed. El VIP aprende los propios sensores del veh\u00edculo, como ACC, Distronic Plus, Blind Spot Assistant y mucho m\u00e1s. para filtrarlos. Esta precisi\u00f3n era necesaria para poder aumentar a\u00fan m\u00e1s la sensibilidad de la antena del radar. El resultado es un enorme avance de los tiempos de advertencia e incluso los \u00faltimos dispositivos de radar, como el Multaradar CD \/ CT, pueden detectarse de forma fiable.<\/p>\n<h3>Fibra l\u00e1ser HD<\/h3>\n<p>HD Laser sigue HD Radar. La precisi\u00f3n y el funcionamiento de la antena HD tuvieron un impacto directo en el desarrollo de los nuevos m\u00f3dulos l\u00e1ser. La unidad de control o caja analizadora l\u00e1ser eval\u00faa las se\u00f1ales l\u00e1ser recibidas en una fracci\u00f3n de segundo y decide qu\u00e9 hacer. Las se\u00f1ales l\u00e1ser de otros veh\u00edculos, tambi\u00e9n conocidas como LCC, o las se\u00f1ales de los sistemas de control del tr\u00e1fico se filtran con precisi\u00f3n. Aqu\u00ed tambi\u00e9n se utiliza la denominada falsa lista. Numerosas pruebas han demostrado que los nuevos l\u00e1seres Stinger HD bloquean incluso las pistolas l\u00e1ser m\u00e1s peligrosas del mundo. La caja del analizador l\u00e1ser imita el rayo de la pistola l\u00e1ser recibida. Esto evita efectivamente que el oficial sospeche manipulaci\u00f3n, ya que la pistola l\u00e1ser no capta ninguna se\u00f1al externa. Los sensores l\u00e1ser Stinger son los m\u00e1s peque\u00f1os del mercado y se pueden instalar de forma casi invisible. Solo un incre\u00edble di\u00e1metro de 3 mm. Un desaf\u00edo a la competencia.<\/p>\n<h3>Bloqueadores de ESO<\/h3>\n<p>El detector de radar Stinger VIP tambi\u00e9n ofrece protecci\u00f3n opcional contra varias medidas de barrera de luz, como ESO 1, ESO 2, ESO 3.0 o Autovelox. La fibra \u00f3ptica l\u00e1ser Stinger, un disruptor de ESO o bloqueador de ESO, con un di\u00e1metro de solo 3 mm, est\u00e1 integrado en el marco de la placa de matr\u00edcula. La fibra \u00f3ptica l\u00e1ser tambi\u00e9n se puede utilizar como unidad transmisora l\u00e1ser.<\/p>\n<h3>Spotlist<\/h3>\n<p>La base de datos integrada de radares de tr\u00e1fico GPS llamada Spotlist proviene mensualmente del proveedor l\u00edder alem\u00e1n y, por lo tanto, siempre est\u00e1 actualizada. La lista puntual ayuda eficazmente a evitar multas de tr\u00e1fico a trav\u00e9s de sistemas de medici\u00f3n de velocidad instalados permanentemente, pero no medibles, como control de secci\u00f3n, sensores inductivos o piezoel\u00e9ctricos, etc.<\/p>\n<h2>En sinton\u00eda con los tiempos<\/h2>\n<p>Un concepto operativo como ning\u00fan otro. Ning\u00fan otro sistema de alerta de radar ofrece una pantalla t\u00e1ctil de alta resoluci\u00f3n. Dispuesto claramente en la pantalla y de uso intuitivo. Todas las pantallas y la salida de voz est\u00e1n en alem\u00e1n y hacen que la operaci\u00f3n sea un juego de ni\u00f1os. Con una variedad de configuraciones, el Stinger VIP se adapta al cliente y no al rev\u00e9s. La pantalla se puede quitar en los controles de tr\u00e1fico (magn\u00e9tica). El VIP tambi\u00e9n se puede utilizar sin pantalla. La falsa lista autom\u00e1tica inteligente hace que la intervenci\u00f3n manual sea casi superflua.<\/p>\n<p>Y para todos aquellos a los que les guste particularmente simple y discreto, Stinger ahora ofrece el Strip (una peque\u00f1a tira de control t\u00e1ctil, conocida por Freedom Laser) como una alternativa a la pantalla.<\/p>\n<h2>Stinger VIP legal en toda Europa<\/h2>\n<p>El VIP tiene 3 funciones completamente legales a bordo. Cuaderno de bit\u00e1cora, \u201cControl policial\u201d y \u201cSe\u00f1ales de seguridad\u201d. Si las funciones de advertencia de radar se desactivan con solo presionar un bot\u00f3n, el Stinger VIP se puede utilizar en su forma legal en toda Europa sin ning\u00fan problema legal. Otro argumento para elegir un aguij\u00f3n.<\/p>\n<h2>Stinger: la referencia para sistemas completos de detectores de radar<\/h2>\n<p>Stinger es el \u00fanico fabricante que ofrece sistemas completos reales. Otros sistemas de alerta de radar se ensamblan a partir de productos de varios fabricantes. Este no es el caso de Stinger. Stinger es el \u00fanico que ha desarrollado todos los componentes como antenas de radar, bloqueadores l\u00e1ser, protecci\u00f3n contra medidas de barrera de luz, etc. En Europa para Europa. Y eso al m\u00e1s alto nivel.<\/p>\n<div id=\"hinweis\" class=\"anker\"><\/div>\n<h2>Seleccione protecci\u00f3n l\u00e1ser opcional<\/h2>\n<ul>\n<li>Los autos deportivos y de clase media a peque\u00f1a requieren al menos 1 receptor y 1 transmisor<\/li>\n<li>La clase media a alta y los SUV requieren al menos 2 receptores y 2 transmisores<\/li>\n<li>Austria Edition: especialmente para Austria, Stinger ofrece una versi\u00f3n sin bloqueadores l\u00e1ser prohibidos. Por lo tanto, el Stinger VIP no viola \u00a798a KFG.<\/li>\n<\/ul>\n<h3><a href=\"https:\/\/www.efficient-technologies.at\/produkt-kategorie\/radarwarner\/radarwarner-zubehoer\/stinger-zubehoer\/\" target=\"_blank\" rel=\"noopener noreferrer\">Ver bloqueadores y accesorios Stinger ESO<\/a> .<\/h3>\n<p>&nbsp;<\/p>\n<h4>Volumen de suministro detector de radar Stinger VIP<\/h4>\n<ul>\n<li>Monitor<\/li>\n<li>Pantalla de soporte<\/li>\n<li>Antena MPHD<\/li>\n<li>Soporte antena MPHD<\/li>\n<li>Caja de extensi\u00f3n<\/li>\n<li>Receptor de GPS<\/li>\n<li>cableado<\/li>\n<li>Centro de Computaci\u00f3n<\/li>\n<li>memoria USB<\/li>\n<li>manual de instrucciones<\/li>\n<\/ul>\n","protected":false},"excerpt":{"rendered":"<ul>\n<li>Ganador de m\u00faltiples pruebas en todo el mundo<\/li>\n<li>Protecci\u00f3n perfecta contra sanciones de radar<\/li>\n<li>Detecta todas las mediciones de radar y l\u00e1ser en Europa<\/li>\n<li>Tecnolog\u00eda avanzada de detector de radar Stinger<\/li>\n<li>Ofrece enorme alcance y seguridad<\/li>\n<li>Pantalla t\u00e1ctil intuitiva<\/li>\n<li>Modo legal &#8211; Control policial &#8211; diario<\/li>\n<\/ul>\n","protected":false},"featured_media":796,"comment_status":"open","ping_status":"closed","template":"","meta":{"_kad_post_transparent":"","_kad_post_title":"","_kad_post_layout":"","_kad_post_sidebar_id":"","_kad_post_content_style":"","_kad_post_vertical_padding":"","_kad_post_feature":"","_kad_post_feature_position":"","_kad_post_header":false,"_kad_post_footer":false,"_kad_post_classname":""},"product_brand":[],"product_cat":[1051,971],"product_tag":[520,406,591,632,718],"class_list":{"0":"post-4059","1":"product","2":"type-product","3":"status-publish","4":"has-post-thumbnail","6":"product_cat-instalacion-fija-del-detector-de-radares","7":"product_cat-stinger-es","8":"product_tag-aguijon","9":"product_tag-detector-de-radares","10":"product_tag-ganador-de-la-prueba","11":"product_tag-instalacion-fija","12":"product_tag-vip-es","14":"first","15":"instock","16":"sale","17":"featured","18":"taxable","19":"shipping-taxable","20":"purchasable","21":"product-type-simple","22":"entry","23":"content-bg","24":"loop-entry"},"jetpack_sharing_enabled":true,"_links":{"self":[{"href":"https:\/\/radar-shop.com\/es\/wp-json\/wp\/v2\/product\/4059","targetHints":{"allow":["GET"]}}],"collection":[{"href":"https:\/\/radar-shop.com\/es\/wp-json\/wp\/v2\/product"}],"about":[{"href":"https:\/\/radar-shop.com\/es\/wp-json\/wp\/v2\/types\/product"}],"replies":[{"embeddable":true,"href":"https:\/\/radar-shop.com\/es\/wp-json\/wp\/v2\/comments?post=4059"}],"wp:featuredmedia":[{"embeddable":true,"href":"https:\/\/radar-shop.com\/es\/wp-json\/wp\/v2\/media\/796"}],"wp:attachment":[{"href":"https:\/\/radar-shop.com\/es\/wp-json\/wp\/v2\/media?parent=4059"}],"wp:term":[{"taxonomy":"product_brand","embeddable":true,"href":"https:\/\/radar-shop.com\/es\/wp-json\/wp\/v2\/product_brand?post=4059"},{"taxonomy":"product_cat","embeddable":true,"href":"https:\/\/radar-shop.com\/es\/wp-json\/wp\/v2\/product_cat?post=4059"},{"taxonomy":"product_tag","embeddable":true,"href":"https:\/\/radar-shop.com\/es\/wp-json\/wp\/v2\/product_tag?post=4059"}],"curies":[{"name":"wp","href":"https:\/\/api.w.org\/{rel}","templated":true}]}}