{"id":4108,"date":"2021-12-11T14:56:02","date_gmt":"2021-12-30T12:50:34","guid":{"rendered":"https:\/\/radar-shop.com\/produkt\/bloqueador-laser-de-prioridad-anti-laser\/"},"modified":"2021-12-30T13:51:45","modified_gmt":"2021-12-30T12:51:45","slug":"bloqueador-laser-prioritario-anti-laser","status":"publish","type":"product","link":"https:\/\/radar-shop.com\/es\/producto\/bloqueador-laser-prioritario-anti-laser\/","title":{"rendered":"Bloqueador l\u00e1ser de prioridad anti-l\u00e1ser"},"content":{"rendered":"<pre><a href=\"#hinweis\">Bitte beachten Sie folgendes vor Ihrer Bestellung.<\/a><\/pre>\n<h2 style=\"text-align: left;\" align=\"center\"><strong>Bloqueador l\u00e1ser de prioridad anti-l\u00e1ser Austria Edition 2020<\/strong><\/h2>\n<p style=\"text-align: left;\" align=\"center\">Antilaser Priority solo est\u00e1 disponible en Austria en la nueva Austria Edition. La memoria USB especial ALP y la antena GPS se suministran de serie. Por lo tanto, la autoridad dif\u00edcilmente puede probar el uso de un bloqueador l\u00e1ser prohibido. No m\u00e1s funciones l\u00e1ser por debajo de una velocidad definida. Si la memoria USB especial est\u00e1 doblada (no se reconoce visualmente), el sistema ya no se puede utilizar. Con esta Austria Edition, Antilaser quiere adaptarse a las nuevas leyes en Austria para seguir ofreciendo al usuario una sensaci\u00f3n de seguridad.<\/p>\n<h2>Con Priority, Antilaser proporciona una protecci\u00f3n del 100% contra las mediciones l\u00e1ser, \u00a1legal como un sensor de estacionamiento!<\/h2>\n<ul>\n<li>20% m\u00e1s de rendimiento en la detecci\u00f3n de pistolas l\u00e1ser que la competencia<\/li>\n<li>m\u00e1s hasta un 100% m\u00e1s de potencia al bloquear pistolas l\u00e1ser<\/li>\n<li>Posibilidad de hasta 5 sensores<\/li>\n<li>Sensor un 45% m\u00e1s peque\u00f1o que el AL G9 RX<\/li>\n<li>Actualizaciones a trav\u00e9s de Internet y USB Sick<\/li>\n<li>Configuraci\u00f3n a trav\u00e9s de USB o panel de control<\/li>\n<li>Conexi\u00f3n de las antenas de radar de Genevo, Beltronics, Stealth y Valentine1<\/li>\n<li>Control de la aplicaci\u00f3n a trav\u00e9s del m\u00f3dulo Bluetooth (opcional)<\/li>\n<li>Conexi\u00f3n GPS (opcional)<\/li>\n<li>CPU hasta un 400% m\u00e1s r\u00e1pida que AL G9 RX<\/li>\n<\/ul>\n<h2>AL Priority, el asistente de estacionamiento contra multas de estacionamiento<\/h2>\n<p>El nuevo AL Priority se desarroll\u00f3 para protegerlo a usted y a su veh\u00edculo de todo tipo de medici\u00f3n l\u00e1ser. Los componentes se fabrican seg\u00fan normas militares. Al igual que el tel\u00e9metro militar y el veloc\u00edmetro l\u00e1ser de la polic\u00eda, el bloqueador l\u00e1ser de prioridad Antilaser tambi\u00e9n utiliza diodos l\u00e1ser especiales que funcionan en el rango de trabajo de una longitud de onda de 905 nm. En comparaci\u00f3n con los diodos emisores de luz, que se utilizan para algunos sensores infrarrojos cl\u00e1sicos, la potencia del l\u00e1ser es cien veces mayor. El nuevo Antilaser Priority solo utiliza la \u00faltima tecnolog\u00eda. Debido a la alta precisi\u00f3n, la interferencia de otra luz, como los rayos del sol, tampoco es un problema. Los veh\u00edculos con LCC (Laser Cruise Control) tambi\u00e9n se filtran perfectamente.<\/p>\n<h2>\u00a1Con el bloqueador l\u00e1ser prioritario, Antilaser establece un nuevo r\u00e9cord en todo el mundo!<\/h2>\n<p>El bloqueador l\u00e1ser Antilaser Priority no solo ayuda contra las mediciones l\u00e1ser de pistolas l\u00e1ser. Cada vez son m\u00e1s los sistemas de medici\u00f3n fijos con tecnolog\u00eda l\u00e1ser, como el Poliscan Speed Tower de Vitronic, que persiguen a los conductores veloces. Tambi\u00e9n en este caso, Antilaser Priority ofrece suficiente protecci\u00f3n contra multas de estacionamiento.<br \/>\nLegal como un sensor de estacionamiento (la funci\u00f3n de estacionamiento se puede desconectar), el nuevo AL Priority &#8211; ALP para abreviar &#8211; env\u00eda continuamente se\u00f1ales l\u00e1ser y detecta cuando se reflejan en un obst\u00e1culo para advertir al conductor. Entonces, medici\u00f3n con l\u00e1ser en lugar de ultrasonido.<\/p>\n<h2>Hecho a la medida:<\/h2>\n<h3>1-5 sensores<\/h3>\n<ul>\n<li><strong>1 sensor<\/strong> en la parte delantera va desde coches deportivos hasta veh\u00edculos de gama media.<\/li>\n<li>Se recomiendan <strong>2 sensores<\/strong> en la parte delantera para autom\u00f3viles de gama media y SUV.<\/li>\n<li><strong>3 sensores<\/strong> en la parte delantera solo son necesarios para veh\u00edculos extremadamente grandes.<\/li>\n<li>Tambi\u00e9n se pueden montar <strong>1-2 sensores<\/strong> en la parte trasera para proteger el veh\u00edculo de las mediciones traseras.<\/li>\n<\/ul>\n<h3>Teclados opcionales<\/h3>\n<ul>\n<li><strong>Unidad de control PLUS<\/strong> : ofrece un altavoz externo y operaci\u00f3n a trav\u00e9s de un solo bot\u00f3n. Muy sutil.<\/li>\n<li><strong>Panel de control HIFI<\/strong> : tiene un altavoz externo y emite todos los mensajes en alem\u00e1n. Esto facilita mucho la navegaci\u00f3n en el men\u00fa.<\/li>\n<\/ul>\n<h3>Extensiones para la prioridad AL<\/h3>\n<ul>\n<li>Con <strong>Radar Plugin<\/strong> Antilaser describe la extensi\u00f3n para Priority, que permite conectar antenas de radar. Beltronics 975, STiR + y STiR + M-Edition, Genevo HD +, Stealth y Valentine1 son actualmente compatibles. De esta forma, el Antilaser Priority pasa de ser un bloqueador l\u00e1ser a un detector de radar de instalaci\u00f3n fija con protecci\u00f3n l\u00e1ser.<\/li>\n<li>El <strong>complemento<\/strong> de Bluetooth habilita el AL Priority para Bluetooth. Entonces, si prefiere usar su tel\u00e9fono m\u00f3vil en lugar del panel de control anti-l\u00e1ser, esta extensi\u00f3n de Bluetooth ahora est\u00e1 disponible para usted. Esto significa que se puede omitir el panel de control anti-l\u00e1ser y no se puede ver nada en el interior. Entonces, si usa ambos adaptadores, obtendr\u00e1 detectores de radar como alarmas de bloqueador l\u00e1ser a trav\u00e9s de la aplicaci\u00f3n del tel\u00e9fono m\u00f3vil. La aplicaci\u00f3n ALP Connect necesaria est\u00e1 disponible de forma gratuita para Android e iOS. Si el tel\u00e9fono m\u00f3vil no est\u00e1 all\u00ed, las alarmas regresan desde el panel de control.<\/li>\n<\/ul>\n<h3>Probador l\u00e1ser<\/h3>\n<ul>\n<li>El probador de bloqueador l\u00e1ser anti-l\u00e1ser es un dispositivo de prueba \u00fatil para socios de instalaci\u00f3n o clientes finales. Esto le permite comprobar en cualquier momento si su bloqueador l\u00e1ser est\u00e1 realmente listo para su uso y correctamente ajustado. La funci\u00f3n de advertencia l\u00e1ser de otros detectores de radar o bloqueadores l\u00e1ser tambi\u00e9n se puede probar con \u00e9l.<\/li>\n<\/ul>\n<h2>Instalaci\u00f3n en el veh\u00edculo<\/h2>\n<p>Cada conjunto de prioridades AL contiene todas las piezas necesarias para el montaje. Se debe esperar un esfuerzo de instalaci\u00f3n de 1 a 2 horas (frontal) o de 3 a 4 horas (frontal y posterior). Preferiblemente en nuestra casa. Con m\u00e1s de 20 a\u00f1os de experiencia, representamos la m\u00e1xima competencia.<\/p>\n<h3><\/h3>\n<div id=\"hinweis\" class=\"anker\"><\/div>\n<h3>\u00a1Aviso Legal!<\/h3>\n<p>Informaci\u00f3n importante sobre la enmienda a la KFG (Ley de veh\u00edculos de motor) austriaca que proh\u00edbe el funcionamiento de dispositivos de interferencia l\u00e1ser. Nos gustar\u00eda se\u00f1alar a todos los clientes que la funci\u00f3n de aver\u00eda disponible opcionalmente en este dispositivo est\u00e1 prohibida por la ley en Austria desde 2017. En otros pa\u00edses, la advertencia de mediciones de radar o l\u00e1ser tambi\u00e9n es un delito. Por supuesto, le ayudaremos a configurar su dispositivo de acuerdo con la legislaci\u00f3n de su pa\u00eds.<\/p>\n<p>Extracto de KFG Austria 2017:<\/p>\n<p><em>\u00abBloqueador de radar o l\u00e1ser\u00bb<\/em><\/p>\n<ul>\n<li><em>98a. (1) Los dispositivos u objetos con los que se pueda influir o interrumpir los dispositivos t\u00e9cnicos para la vigilancia del tr\u00e1fico no deben estar sujetos a veh\u00edculos de motor ni en ellos ni deben transportarse en veh\u00edculos de motor.<\/em><\/li>\n<\/ul>\n<p><em>(2) Violaciones de la disposici\u00f3n del p\u00e1rr. 1 son culpables tanto del conductor como del propietario registrado del veh\u00edculo.<\/em><\/p>\n<p><em>(3) \u00bfEst\u00e1n en el p\u00e1rr. 1 dispositivos u objetos descubiertos en veh\u00edculos, los \u00f3rganos del servicio de seguridad p\u00fablica o el inspector de carreteras tienen derecho a tomar medidas coercitivas para evitar nuevos viajes hasta que estos dispositivos u objetos hayan sido retirados. Estos dispositivos u objetos deben declararse caducados \u00ab.<\/em><\/p>\n<h4>Actualizaci\u00f3n: \u00a1Por esta raz\u00f3n, los productos Antilaser Priority ser\u00e1n entregados como un conjunto a partir de 6\/2020 por el fabricante con el m\u00f3dulo GPS y la memoria USB AL Priority!<\/h4>\n<p>&nbsp;<\/p>\n<h4>AL Priority ha sido probado con \u00e9xito contra &#8230;<\/h4>\n<ul>\n<li>LTI &#8211; Marksman 20.20, Multalaser, LTI &#8211; UltraLyte, LR, 100, 100LR, 200, 200LR, Compacto, LRB<\/li>\n<li>Redflex &#8211; Lasercam, Lasercam NT, Jenoptik &#8211; LaserPatrol, Jenoptik &#8211; Laveg, Video-Laveg<\/li>\n<li>Multanova &#8211; StarLaser, Robot &#8211; TraffiPatrol V, Sagem &#8211; MestaLaser, Sagem &#8211; EUROLaser<\/li>\n<li>Truvelo &#8211; Lidar, D-Cam, Kustom &#8211; ProLaser I, ProLaser II, ProLaser III<\/li>\n<li>Kustom &#8211; Pro-Lite, Kustom &#8211; LaserCam II, Riegl &#8211; LR90-235, Riegel VX2 \/ 3<\/li>\n<li>Acechador &#8211; LZ-1, Laser Atlanta &#8211; SpeedLaser, S, R, Modo sigiloso<\/li>\n<li>Cleartone &#8211; Stealth SpeedLaser, Fama &#8211; famaLaser II, Fama &#8211; famaShot III<\/li>\n<li>Observador de tr\u00e1fico &#8211; LMS 291\/221\/04\/05, NJL Kft &#8211; SCS-101 \/ SCS-102, Robot &#8211; TraffiPatrol XR<\/li>\n<li>Riegl &#8211; FG21-P, LTI &#8211; TruSpeed, LTI &#8211; TruSpeed 2, LTI &#8211; TruCam<\/li>\n<li>Vitronic &#8211; PoliscanSpeed, Camea &#8211; Control de secci\u00f3n Unicam, Unipar &#8211; SL700<\/li>\n<\/ul>\n<h4>Dimensiones<\/h4>\n<ul>\n<li>Unidad de control: 100x22x40 mm<\/li>\n<li>Sensores: 30x14x57 mm<\/li>\n<li>Unidad de control: 56x27x6 mm<\/li>\n<\/ul>\n<p>El laboratorio de la UE ha confirmado la clase de l\u00e1ser 1: El \u201cCentro de Investigaci\u00f3n de Austria\u201d &#8211; ARC ha confirmado que AL Priority corresponde a la norma de seguridad internacional con respecto a la protecci\u00f3n contra la radiaci\u00f3n l\u00e1ser, espec\u00edficamente la norma IEC 60825-1. Dicha confirmaci\u00f3n es obligatoria para todos los productos que tengan una fuente l\u00e1ser o LED y se comercialicen en la Uni\u00f3n Europea. Las sanciones para los fabricantes y \/ o distribuidores de productos l\u00e1ser no confirmados son severas. AL Priority est\u00e1 certificado como un dispositivo l\u00e1ser de clase 1, lo que significa que el haz de l\u00e1ser incluido tiene un gran ancho y es seguro para su uso en todas las condiciones de trabajo previsibles de forma inteligente. Por supuesto, no se recomienda mirar el rayo l\u00e1ser incluido de cualquier dispositivo l\u00e1ser, independientemente de su clasificaci\u00f3n.<\/p>\n<p>&nbsp;<\/p>\n","protected":false},"excerpt":{"rendered":"<ul>\n<li>\u00a1Antilaser ha sido el ganador de la prueba durante muchos a\u00f1os!<\/li>\n<li>20% m\u00e1s de potencia al detectar pistolas l\u00e1ser<\/li>\n<li>Hasta un 100% m\u00e1s de potencia al bloquear pistolas l\u00e1ser<\/li>\n<li>Posibilidad de hasta 5 sensores<\/li>\n<li>Sensores un 45% m\u00e1s peque\u00f1os<\/li>\n<li>Se puede ampliar para crear un sistema completo de detecci\u00f3n de radar.<\/li>\n<li>Puede actualizarse a trav\u00e9s de Internet.<\/li>\n<\/ul>\n","protected":false},"featured_media":581,"comment_status":"open","ping_status":"closed","template":"","meta":{"_kad_post_transparent":"","_kad_post_title":"","_kad_post_layout":"","_kad_post_sidebar_id":"","_kad_post_content_style":"","_kad_post_vertical_padding":"","_kad_post_feature":"","_kad_post_feature_position":"","_kad_post_header":false,"_kad_post_footer":false,"_kad_post_classname":""},"product_brand":[],"product_cat":[1046,1050,919],"product_tag":[791,394,792],"class_list":{"0":"post-4108","1":"product","2":"type-product","3":"status-publish","4":"has-post-thumbnail","6":"product_cat-interferente-laser","7":"product_cat-recomendacion-de-detector-de-radar","8":"product_cat-antilaser-es","9":"product_tag-anti-laser-es","10":"product_tag-bloqueador-laser-es","11":"product_tag-prioridad","13":"first","14":"instock","15":"sale","16":"taxable","17":"shipping-taxable","18":"purchasable","19":"product-type-variable","20":"has-default-attributes","21":"entry","22":"content-bg","23":"loop-entry"},"jetpack_sharing_enabled":true,"_links":{"self":[{"href":"https:\/\/radar-shop.com\/es\/wp-json\/wp\/v2\/product\/4108","targetHints":{"allow":["GET"]}}],"collection":[{"href":"https:\/\/radar-shop.com\/es\/wp-json\/wp\/v2\/product"}],"about":[{"href":"https:\/\/radar-shop.com\/es\/wp-json\/wp\/v2\/types\/product"}],"replies":[{"embeddable":true,"href":"https:\/\/radar-shop.com\/es\/wp-json\/wp\/v2\/comments?post=4108"}],"wp:featuredmedia":[{"embeddable":true,"href":"https:\/\/radar-shop.com\/es\/wp-json\/wp\/v2\/media\/581"}],"wp:attachment":[{"href":"https:\/\/radar-shop.com\/es\/wp-json\/wp\/v2\/media?parent=4108"}],"wp:term":[{"taxonomy":"product_brand","embeddable":true,"href":"https:\/\/radar-shop.com\/es\/wp-json\/wp\/v2\/product_brand?post=4108"},{"taxonomy":"product_cat","embeddable":true,"href":"https:\/\/radar-shop.com\/es\/wp-json\/wp\/v2\/product_cat?post=4108"},{"taxonomy":"product_tag","embeddable":true,"href":"https:\/\/radar-shop.com\/es\/wp-json\/wp\/v2\/product_tag?post=4108"}],"curies":[{"name":"wp","href":"https:\/\/api.w.org\/{rel}","templated":true}]}}