{"id":6344,"date":"2021-12-22T09:18:36","date_gmt":"2022-07-26T09:57:37","guid":{"rendered":"https:\/\/radar-shop.com\/?post_type=product&#038;p=6344"},"modified":"2023-07-31T12:20:44","modified_gmt":"2023-07-31T10:20:44","slug":"target-blu-eye-2","status":"publish","type":"product","link":"https:\/\/radar-shop.com\/es\/producto\/target-blu-eye-2\/","title":{"rendered":"Target Blu Eye 2"},"content":{"rendered":"<p><strong>Target Blu Eye 2<\/strong><\/p>\n<h2>\u00a1Protecci\u00f3n legal contra veh\u00edculos de emergencia!<\/h2>\n<ul>\n<li>Perfecto para rastrear veh\u00edculos de emergencia camuflados<\/li>\n<li>La \u00fanica protecci\u00f3n contra los veh\u00edculos Provida<\/li>\n<li>Advierte cuando se acercan veh\u00edculos de emergencia<\/li>\n<li>Detecta coches de polic\u00eda, ambulancias y camiones de bomberos que utilizan la red de radio Tetra<\/li>\n<li>Evita colisiones por alcance<\/li>\n<li>Aumenta tu propia seguridad<\/li>\n<li>Permite que los veh\u00edculos de emergencia lleguen m\u00e1s r\u00e1pido al lugar del accidente.<\/li>\n<li>Indica si se acerca un veh\u00edculo de emergencia o de servicio<\/li>\n<li>\u00a1Legal! \u00a1El Blu Eye no es un detector de radar!<\/li>\n<\/ul>\n<h2>Primero mundial<\/h2>\n<p>Blu Eye de Target funciona con una tecnolog\u00eda de escaneo patentada en todo el mundo. Casi todos los servicios de emergencia en Europa utilizan la red de radio TETRA \/ BOS para comunicarse. Blu Eye utiliza la nueva red de radio digital (BOS) para recopilar informaci\u00f3n completamente legal sobre los veh\u00edculos de emergencia que se aproximan.<\/p>\n<h2>Blu Eye legal contra sanciones de radar<\/h2>\n<p>El Target Blu Eye entra en juego donde los detectores de radar a menudo no pueden ayudar. Independientemente de si se trata de controles policiales civiles, veh\u00edculos Provida, medidas de distancia o medidas de barrera de luz. Todos los veh\u00edculos de emergencia nuevos tienen radio Tetra a bordo y pueden ser localizados por Blu Eye. \u00a1Y es completamente legal!<\/p>\n<h2>\u00bfD\u00f3nde funciona Blu Eye?<\/h2>\n<p>Blu Eye est\u00e1 actualmente un poco adelantado a su tiempo. Alemania se ha expandido en todos los \u00e1mbitos. Austria todav\u00eda no. A finales de 2016. Por lo tanto, Blu Eye solo puede funcionar donde la cobertura de red requerida por la UE para veh\u00edculos de emergencia ya se haya ampliado. Pero ciertamente es un sistema que se est\u00e1 volviendo cada vez m\u00e1s importante. Especialmente como una alternativa completamente legal a los detectores de radar convencionales.<\/p>\n<h2>Actualizaciones<\/h2>\n<p>Por supuesto, Blu Eye se puede actualizar. Puede adaptarse a cualquier cambio en la red Tetra \/ BOS para que est\u00e9 absolutamente preparado para el futuro.<\/p>\n","protected":false},"excerpt":{"rendered":"<ul>\n<li>Perfecto para rastrear veh\u00edculos de emergencia camuflados<\/li>\n<li>La \u00fanica protecci\u00f3n contra los veh\u00edculos Provida<\/li>\n<li>Advierte cuando se acercan veh\u00edculos de emergencia<\/li>\n<li>Detecta coches de polic\u00eda, ambulancias y camiones de bomberos.<\/li>\n<li>\u00a1Legal! Blueye no es un detector de radar<\/li>\n<\/ul>\n","protected":false},"featured_media":6349,"comment_status":"open","ping_status":"closed","template":"","meta":{"_kad_post_transparent":"","_kad_post_title":"","_kad_post_layout":"","_kad_post_sidebar_id":"","_kad_post_content_style":"","_kad_post_vertical_padding":"","_kad_post_feature":"","_kad_post_feature_position":"","_kad_post_header":false,"_kad_post_footer":false,"_kad_post_classname":""},"product_brand":[],"product_cat":[1051,972],"product_tag":[788,789,683,790],"class_list":{"0":"post-6344","1":"product","2":"type-product","3":"status-publish","4":"has-post-thumbnail","6":"product_cat-instalacion-fija-del-detector-de-radares","7":"product_cat-track-technologies-target-es","8":"product_tag-ojo-azul","9":"product_tag-provida-es","10":"product_tag-objetivo","11":"product_tag-tetra-es","13":"first","14":"instock","15":"taxable","16":"shipping-taxable","17":"purchasable","18":"product-type-variable","19":"has-default-attributes","20":"entry","21":"content-bg","22":"loop-entry"},"jetpack_sharing_enabled":true,"_links":{"self":[{"href":"https:\/\/radar-shop.com\/es\/wp-json\/wp\/v2\/product\/6344","targetHints":{"allow":["GET"]}}],"collection":[{"href":"https:\/\/radar-shop.com\/es\/wp-json\/wp\/v2\/product"}],"about":[{"href":"https:\/\/radar-shop.com\/es\/wp-json\/wp\/v2\/types\/product"}],"replies":[{"embeddable":true,"href":"https:\/\/radar-shop.com\/es\/wp-json\/wp\/v2\/comments?post=6344"}],"wp:featuredmedia":[{"embeddable":true,"href":"https:\/\/radar-shop.com\/es\/wp-json\/wp\/v2\/media\/6349"}],"wp:attachment":[{"href":"https:\/\/radar-shop.com\/es\/wp-json\/wp\/v2\/media?parent=6344"}],"wp:term":[{"taxonomy":"product_brand","embeddable":true,"href":"https:\/\/radar-shop.com\/es\/wp-json\/wp\/v2\/product_brand?post=6344"},{"taxonomy":"product_cat","embeddable":true,"href":"https:\/\/radar-shop.com\/es\/wp-json\/wp\/v2\/product_cat?post=6344"},{"taxonomy":"product_tag","embeddable":true,"href":"https:\/\/radar-shop.com\/es\/wp-json\/wp\/v2\/product_tag?post=6344"}],"curies":[{"name":"wp","href":"https:\/\/api.w.org\/{rel}","templated":true}]}}