{"id":6525,"date":"2018-12-01T13:17:01","date_gmt":"2022-12-01T12:17:01","guid":{"rendered":"https:\/\/radar-shop.com\/produkt\/probador-antilaser\/"},"modified":"2025-05-23T18:52:24","modified_gmt":"2025-05-23T16:52:24","slug":"probador-antilaser","status":"publish","type":"product","link":"https:\/\/radar-shop.com\/es\/producto\/probador-antilaser\/","title":{"rendered":"Probador antil\u00e1ser"},"content":{"rendered":"<h2>Dispositivo de prueba de bloqueadores l\u00e1ser y detectores de radar antil\u00e1ser<\/h2>\n<p>Perfecto para probar su Antilaser AL Priority u otros bloqueadores l\u00e1ser y detectores de radar. El probador es capaz de simular diferentes ca\u00f1ones l\u00e1ser y as\u00ed probar el funcionamiento de su sistema de alerta de radar l\u00e1ser. El comprobador de bloqueos l\u00e1ser Antilaser es un dispositivo de prueba absolutamente \u00fatil para los socios instaladores o los clientes finales. Con \u00e9l, puede comprobar en cualquier momento si su bloqueador l\u00e1ser est\u00e1 realmente listo para su uso y correctamente ajustado. Tambi\u00e9n puede utilizarse para probar la funci\u00f3n de alerta l\u00e1ser de otros bloqueadores l\u00e1ser o detectores de radar.<\/p>\n","protected":false},"excerpt":{"rendered":"<p>Con el Comprobador de Prioridad Antilaser podr\u00e1 comprobar f\u00e1cilmente y en cualquier momento si su Antilaser est\u00e1 realmente preparado para su uso y correctamente ajustado. Tambi\u00e9n se pueden probar otros bloqueadores l\u00e1ser o detectores de radar.<\/p>\n","protected":false},"featured_media":6521,"comment_status":"open","ping_status":"closed","template":"","meta":{"_kad_post_transparent":"","_kad_post_title":"","_kad_post_layout":"","_kad_post_sidebar_id":"","_kad_post_content_style":"","_kad_post_vertical_padding":"","_kad_post_feature":"","_kad_post_feature_position":"","_kad_post_header":false,"_kad_post_footer":false,"_kad_post_classname":""},"product_brand":[],"product_cat":[1092,1046,919],"product_tag":[],"class_list":{"0":"post-6525","1":"product","2":"type-product","3":"status-publish","4":"has-post-thumbnail","6":"product_cat-accesorios-para-detectores-de-radar","7":"product_cat-interferente-laser","8":"product_cat-antilaser-es","10":"first","11":"instock","12":"taxable","13":"shipping-taxable","14":"purchasable","15":"product-type-simple","16":"entry","17":"content-bg","18":"loop-entry"},"jetpack_sharing_enabled":true,"_links":{"self":[{"href":"https:\/\/radar-shop.com\/es\/wp-json\/wp\/v2\/product\/6525","targetHints":{"allow":["GET"]}}],"collection":[{"href":"https:\/\/radar-shop.com\/es\/wp-json\/wp\/v2\/product"}],"about":[{"href":"https:\/\/radar-shop.com\/es\/wp-json\/wp\/v2\/types\/product"}],"replies":[{"embeddable":true,"href":"https:\/\/radar-shop.com\/es\/wp-json\/wp\/v2\/comments?post=6525"}],"wp:featuredmedia":[{"embeddable":true,"href":"https:\/\/radar-shop.com\/es\/wp-json\/wp\/v2\/media\/6521"}],"wp:attachment":[{"href":"https:\/\/radar-shop.com\/es\/wp-json\/wp\/v2\/media?parent=6525"}],"wp:term":[{"taxonomy":"product_brand","embeddable":true,"href":"https:\/\/radar-shop.com\/es\/wp-json\/wp\/v2\/product_brand?post=6525"},{"taxonomy":"product_cat","embeddable":true,"href":"https:\/\/radar-shop.com\/es\/wp-json\/wp\/v2\/product_cat?post=6525"},{"taxonomy":"product_tag","embeddable":true,"href":"https:\/\/radar-shop.com\/es\/wp-json\/wp\/v2\/product_tag?post=6525"}],"curies":[{"name":"wp","href":"https:\/\/api.w.org\/{rel}","templated":true}]}}