{"id":7429,"date":"2024-08-19T18:22:13","date_gmt":"2024-08-19T16:22:13","guid":{"rendered":"https:\/\/radar-shop.com\/?post_type=product&#038;p=7429"},"modified":"2025-05-23T20:22:50","modified_gmt":"2025-05-23T18:22:50","slug":"sensor-tx-antilaser-alp-priority","status":"publish","type":"product","link":"https:\/\/radar-shop.com\/es\/producto\/sensor-tx-antilaser-alp-priority\/","title":{"rendered":"Sensor TX Priority ALP Antilaser"},"content":{"rendered":"<p><strong>Sensor TX Antil\u00e1ser ALP Priority<\/strong><\/p>\n<h2><strong>Sensor Antil\u00e1ser TX<\/strong><\/h2>\n<p>El sensor Antilaser TX puede conectarse a un sistema ALP Priority existente para ampliarlo. El nuevo sensor TX tambi\u00e9n protege contra los \u00faltimos ca\u00f1ones l\u00e1ser DragonEye.<\/p>\n","protected":false},"excerpt":{"rendered":"<ul>\n<li>Sensor ALP Antilaser TX<\/li>\n<li>Sensor TX para el sistema ALP Priority<\/li>\n<\/ul>\n","protected":false},"featured_media":7436,"comment_status":"open","ping_status":"closed","template":"","meta":{"_kad_post_transparent":"default","_kad_post_title":"","_kad_post_layout":"default","_kad_post_sidebar_id":"","_kad_post_content_style":"default","_kad_post_vertical_padding":"default","_kad_post_feature":"","_kad_post_feature_position":"","_kad_post_header":false,"_kad_post_footer":false,"_kad_post_classname":""},"product_brand":[],"product_cat":[919,1191,1046],"product_tag":[1224,791,792,1225,1226],"class_list":{"0":"post-7429","1":"product","2":"type-product","3":"status-publish","4":"has-post-thumbnail","6":"product_cat-antilaser-es","7":"product_cat-antilaser-accesorios","8":"product_cat-interferente-laser","9":"product_tag-alp-priority-sensor-antilaser","10":"product_tag-anti-laser-es","11":"product_tag-prioridad","12":"product_tag-rx-sensor-es","13":"product_tag-sensor-es","15":"first","16":"instock","17":"taxable","18":"shipping-taxable","19":"purchasable","20":"product-type-variable","21":"has-default-attributes","22":"entry","23":"content-bg","24":"loop-entry"},"jetpack_sharing_enabled":true,"_links":{"self":[{"href":"https:\/\/radar-shop.com\/es\/wp-json\/wp\/v2\/product\/7429","targetHints":{"allow":["GET"]}}],"collection":[{"href":"https:\/\/radar-shop.com\/es\/wp-json\/wp\/v2\/product"}],"about":[{"href":"https:\/\/radar-shop.com\/es\/wp-json\/wp\/v2\/types\/product"}],"replies":[{"embeddable":true,"href":"https:\/\/radar-shop.com\/es\/wp-json\/wp\/v2\/comments?post=7429"}],"wp:featuredmedia":[{"embeddable":true,"href":"https:\/\/radar-shop.com\/es\/wp-json\/wp\/v2\/media\/7436"}],"wp:attachment":[{"href":"https:\/\/radar-shop.com\/es\/wp-json\/wp\/v2\/media?parent=7429"}],"wp:term":[{"taxonomy":"product_brand","embeddable":true,"href":"https:\/\/radar-shop.com\/es\/wp-json\/wp\/v2\/product_brand?post=7429"},{"taxonomy":"product_cat","embeddable":true,"href":"https:\/\/radar-shop.com\/es\/wp-json\/wp\/v2\/product_cat?post=7429"},{"taxonomy":"product_tag","embeddable":true,"href":"https:\/\/radar-shop.com\/es\/wp-json\/wp\/v2\/product_tag?post=7429"}],"curies":[{"name":"wp","href":"https:\/\/api.w.org\/{rel}","templated":true}]}}