{"id":4226,"date":"2021-12-30T15:03:01","date_gmt":"2021-12-30T14:03:01","guid":{"rendered":"https:\/\/radar-shop.com\/imprimer\/"},"modified":"2022-02-18T18:04:42","modified_gmt":"2022-02-18T17:04:42","slug":"imprimer","status":"publish","type":"page","link":"https:\/\/radar-shop.com\/fr\/imprimer\/","title":{"rendered":"imprimer"},"content":{"rendered":"\n<h2 class=\"wp-block-heading\" id=\"anschrift-fur-online-shop-kunden-rucksendungen-retouren-1\">Adresse pour les clients de la boutique en ligne \/ retours<\/h2>\n\n<p><strong>RADAR SHOP COM<\/strong><br\/>Waldhofer Str. 102<br\/>D-69123 Heidelberg<br\/>Allemagne<\/p>\n\n<p>T\u00e9l\u00e9phone: +49-3886-714 99 99<br\/>\u00c9mail: impressum (at) radar-shop.com<\/p>\n\n<h2 class=\"wp-block-heading\" id=\"briefanschrift\">Adresse postale<\/h2>\n\n<p>RADAR SHOP<br\/>Am Stadtwald 7<br\/>19205 Gadebusch<br\/>Allemagne<\/p>\n\n<p><strong>Responsabilit\u00e9 pour les contenus<\/strong><\/p>\n\n<p>Nous nous effor\u00e7ons de maintenir les contenus de notre site \u00e0 jour. Malgr\u00e9 un traitement soigneux, toute responsabilit\u00e9 est exclue.&#13;\n<\/p>\n\n<p>En tant que prestataire de services, nous sommes responsables, conform\u00e9ment au \u00a7 7 alin\u00e9a 1 de la loi allemande sur les t\u00e9l\u00e9m\u00e9dias (TMG), de nos propres contenus sur ces pages selon les lois g\u00e9n\u00e9rales.<\/p>\n\n<p>Selon les \u00a7\u00a7 8 \u00e0 10 de la TMG, nous ne sommes toutefois pas tenus, en tant que prestataire de services, de surveiller les informations \u00e9trang\u00e8res transmises ou enregistr\u00e9es. Si nous prenons connaissance de violations de la loi, nous supprimerons imm\u00e9diatement ces contenus. Nous n&rsquo;assumons une responsabilit\u00e9 \u00e0 cet \u00e9gard qu&rsquo;\u00e0 partir du moment o\u00f9 nous avons connaissance d&rsquo;une \u00e9ventuelle violation de la loi.<\/p>\n\n<p> <\/p>\n\n<p><strong>Responsabilit\u00e9 pour les liens<\/strong><\/p>\n\n<p>Notre offre contient des liens vers des sites Internet externes de tiers, sur le contenu desquels nous n&rsquo;avons aucune influence. Le fournisseur ou l&rsquo;exploitant des pages li\u00e9es est toujours responsable de leur contenu. Nous n&rsquo;assumons aucune responsabilit\u00e9 quant au contenu et \u00e0 l&rsquo;exactitude des informations des sites Internet li\u00e9s de fournisseurs d&rsquo;informations tiers.<\/p>\n\n<p>Les pages li\u00e9es ont \u00e9t\u00e9 contr\u00f4l\u00e9es au moment de la cr\u00e9ation du lien afin de v\u00e9rifier l&rsquo;absence d&rsquo;\u00e9ventuelles violations de la loi SANS R\u00c9CLAMATION. Si nous prenons connaissance de violations de la loi, nous supprimerons imm\u00e9diatement de tels liens.<\/p>\n\n<p><strong>Droit d&rsquo;auteur<\/strong><\/p>\n\n<p>Les contenus et les \u0153uvres cr\u00e9\u00e9s par les exploitants de ces pages sont soumis au droit d&rsquo;auteur allemand. La reproduction, le traitement, la diffusion et toute forme d&rsquo;exploitation en dehors des limites du droit d&rsquo;auteur requi\u00e8rent l&rsquo;accord \u00e9crit de l&rsquo;auteur ou du cr\u00e9ateur concern\u00e9.<\/p>\n\n<p><strong>Protection des donn\u00e9es<\/strong><\/p>\n\n<p>Nous attirons votre attention sur le fait que la transmission de donn\u00e9es sur Internet (p. ex. lors de la communication par e-mail) peut pr\u00e9senter des failles de s\u00e9curit\u00e9. Une protection sans faille des donn\u00e9es contre l&rsquo;acc\u00e8s par des tiers n&rsquo;est pas possible. Une confidentialit\u00e9 au regard des dispositions relatives \u00e0 la protection des donn\u00e9es n&rsquo;est garantie que sous r\u00e9serve de la restriction susmentionn\u00e9e. En particulier, toutes les communications de donn\u00e9es personnelles par Internet ne doivent avoir lieu que dans la mesure o\u00f9 les droits de tiers ne sont pas affect\u00e9s. Sauf si le tiers a \u00e9galement donn\u00e9 son accord en connaissance des failles de s\u00e9curit\u00e9 susmentionn\u00e9es. Toute responsabilit\u00e9 de l&rsquo;exploitant du site est exclue en cas de dommages ou d&rsquo;injonctions r\u00e9sultant de telles failles de s\u00e9curit\u00e9.<\/p>\n\n<p>L&rsquo;utilisation par des tiers de toutes les donn\u00e9es de contact publi\u00e9es pour l&rsquo;envoi de publicit\u00e9 non express\u00e9ment demand\u00e9e est interdite. Les exploitants des pages se r\u00e9servent express\u00e9ment le droit d&rsquo;engager des poursuites judiciaires en cas d&rsquo;envoi non sollicit\u00e9 d&rsquo;informations publicitaires, par exemple par le biais de spams.<\/p>\n\n<p>R\u00e8glement des litiges de consommation \/ Online dispute resolution link: \u00a0\u00a0<a href=\"http:\/\/ec.europa.eu\/consumers\/odr\/\" target=\"_blank\" rel=\"noopener\">http:\/\/ec.europa.eu\/consumers\/odr\/<\/a><\/p>\n","protected":false},"excerpt":{"rendered":"<p>Adresse pour les clients de la boutique en ligne \/ retours RADAR SHOP COMWaldhofer Str. 102D-69123 HeidelbergAllemagne T\u00e9l\u00e9phone: +49-3886-714 99 99\u00c9mail: impressum (at) radar-shop.com Adresse postale RADAR SHOPAm Stadtwald 719205 GadebuschAllemagne Responsabilit\u00e9 pour les contenus Nous nous effor\u00e7ons de maintenir les contenus de notre site \u00e0 jour. Malgr\u00e9 un traitement soigneux, toute responsabilit\u00e9 est exclue.&#13;&#8230;<\/p>\n","protected":false},"author":1,"featured_media":0,"parent":0,"menu_order":0,"comment_status":"closed","ping_status":"closed","template":"","meta":{"_kad_post_transparent":"","_kad_post_title":"","_kad_post_layout":"left","_kad_post_sidebar_id":"","_kad_post_content_style":"","_kad_post_vertical_padding":"","_kad_post_feature":"","_kad_post_feature_position":"","_kad_post_header":false,"_kad_post_footer":false,"_kad_post_classname":"","footnotes":""},"class_list":["post-4226","page","type-page","status-publish","hentry"],"jetpack_sharing_enabled":true,"_links":{"self":[{"href":"https:\/\/radar-shop.com\/fr\/wp-json\/wp\/v2\/pages\/4226","targetHints":{"allow":["GET"]}}],"collection":[{"href":"https:\/\/radar-shop.com\/fr\/wp-json\/wp\/v2\/pages"}],"about":[{"href":"https:\/\/radar-shop.com\/fr\/wp-json\/wp\/v2\/types\/page"}],"author":[{"embeddable":true,"href":"https:\/\/radar-shop.com\/fr\/wp-json\/wp\/v2\/users\/1"}],"replies":[{"embeddable":true,"href":"https:\/\/radar-shop.com\/fr\/wp-json\/wp\/v2\/comments?post=4226"}],"version-history":[{"count":9,"href":"https:\/\/radar-shop.com\/fr\/wp-json\/wp\/v2\/pages\/4226\/revisions"}],"predecessor-version":[{"id":5745,"href":"https:\/\/radar-shop.com\/fr\/wp-json\/wp\/v2\/pages\/4226\/revisions\/5745"}],"wp:attachment":[{"href":"https:\/\/radar-shop.com\/fr\/wp-json\/wp\/v2\/media?parent=4226"}],"curies":[{"name":"wp","href":"https:\/\/api.w.org\/{rel}","templated":true}]}}