{"id":4251,"date":"2021-12-30T15:17:36","date_gmt":"2021-12-30T14:17:36","guid":{"rendered":"https:\/\/radar-shop.com\/entreprises\/"},"modified":"2022-08-12T16:14:23","modified_gmt":"2022-08-12T14:14:23","slug":"entreprises","status":"publish","type":"page","link":"https:\/\/radar-shop.com\/fr\/entreprises\/","title":{"rendered":"Entreprises"},"content":{"rendered":"<div class=\"wp-block-image\">\n<figure class=\"aligncenter size-full\"><img decoding=\"async\" src=\"https:\/\/radar-shop.com\/wp-content\/uploads\/2021\/12\/cropped-radar-shop-net.png\" alt=\"\" class=\"wp-image-1500\"\/><\/figure>\n<\/div>\n<h2 class=\"wp-block-heading\"><strong>RADAR-SHOP.COM<\/strong> &#8211; Expert radar depuis 1999<\/h2>\n\n<p>Votre expert en vente d&rsquo;avertissements radar dans le monde entier &#8211; atelier d&rsquo;installation en Allemagne depuis 1999 Votre service de commande en ligne professionnel de longue date, gr\u00e2ce auquel vous pouvez commander une large gamme de dispositifs d&rsquo; <a href=\"https:\/\/radar-shop.com\/fr\/cat&#xE9;gorie-de-produit\/detecteur-de-radars\/avertisseurs-de-radars-mobiles\/\">avertissement radar<\/a> , <a href=\"https:\/\/radar-shop.com\/fr\/cat&#xE9;gorie-de-produit\/detecteur-de-radars\/avertisseurs-gps-poi\/\">de d\u00e9tecteurs de radars GPS<\/a> et <a href=\"https:\/\/radar-shop.com\/fr\/cat&#xE9;gorie-de-produit\/bloqueur-de-laser-barriere-lumineuse\/brouilleur-de-laser\/\">de brouilleurs laser<\/a> pour vous prot\u00e9ger contre les mesures de vitesse de toutes sortes.<\/p>\n\n<h2 class=\"wp-block-heading\"><strong>R\u00e9seau mondial et vente par correspondance<\/strong><\/h2>\n\n<p>D\u00e9sormais une entreprise mondiale de vente par correspondance en ligne prosp\u00e8re avec un r\u00e9seau int\u00e9gr\u00e9 de d\u00e9tecteurs de radars et de d\u00e9tecteurs de radars dans toute l&rsquo;Europe, vous pouvez compter sur nous ! Une technologie de d\u00e9tection de radar fiable et de haute qualit\u00e9, des d\u00e9tecteurs de radars GPS POI et des bloqueurs de laser de marques bien connues \u00e0 bas prix.<\/p>\n\n<h2 class=\"wp-block-heading\">Pr\u00e9vention fine. Garanti<\/h2>\n\n<p>Radar Shop propose des produits test\u00e9s et faciles \u00e0 utiliser comme une solution efficace et \u00e9conomique pour plus de s\u00e9curit\u00e9 dans le trafic routier contre les exc\u00e8s de vitesse, les accidents et la pr\u00e9vention des amendes. Garanti.<\/p>\n","protected":false},"excerpt":{"rendered":"<p>RADAR-SHOP.COM &#8211; Expert radar depuis 1999 Votre expert en vente d&rsquo;avertissements radar dans le monde entier &#8211; atelier d&rsquo;installation en Allemagne depuis 1999 Votre service de commande en ligne professionnel de longue date, gr\u00e2ce auquel vous pouvez commander une large gamme de dispositifs d&rsquo; avertissement radar , de d\u00e9tecteurs de radars GPS et de brouilleurs&#8230;<\/p>\n","protected":false},"author":1,"featured_media":0,"parent":0,"menu_order":0,"comment_status":"closed","ping_status":"closed","template":"","meta":{"_kad_post_transparent":"","_kad_post_title":"","_kad_post_layout":"left","_kad_post_sidebar_id":"","_kad_post_content_style":"","_kad_post_vertical_padding":"","_kad_post_feature":"","_kad_post_feature_position":"","_kad_post_header":false,"_kad_post_footer":false,"_kad_post_classname":"","footnotes":""},"class_list":["post-4251","page","type-page","status-publish","hentry"],"jetpack_sharing_enabled":true,"_links":{"self":[{"href":"https:\/\/radar-shop.com\/fr\/wp-json\/wp\/v2\/pages\/4251","targetHints":{"allow":["GET"]}}],"collection":[{"href":"https:\/\/radar-shop.com\/fr\/wp-json\/wp\/v2\/pages"}],"about":[{"href":"https:\/\/radar-shop.com\/fr\/wp-json\/wp\/v2\/types\/page"}],"author":[{"embeddable":true,"href":"https:\/\/radar-shop.com\/fr\/wp-json\/wp\/v2\/users\/1"}],"replies":[{"embeddable":true,"href":"https:\/\/radar-shop.com\/fr\/wp-json\/wp\/v2\/comments?post=4251"}],"version-history":[{"count":2,"href":"https:\/\/radar-shop.com\/fr\/wp-json\/wp\/v2\/pages\/4251\/revisions"}],"predecessor-version":[{"id":6479,"href":"https:\/\/radar-shop.com\/fr\/wp-json\/wp\/v2\/pages\/4251\/revisions\/6479"}],"wp:attachment":[{"href":"https:\/\/radar-shop.com\/fr\/wp-json\/wp\/v2\/media?parent=4251"}],"curies":[{"name":"wp","href":"https:\/\/api.w.org\/{rel}","templated":true}]}}