{"id":5746,"date":"2022-02-18T19:17:19","date_gmt":"2022-02-18T18:17:19","guid":{"rendered":"https:\/\/radar-shop.com\/videos-dinstallation-fixe-du-detecteur-de-radar\/"},"modified":"2022-06-08T11:32:06","modified_gmt":"2022-06-08T09:32:06","slug":"video-de-detecteurs-de-radar-et-laser","status":"publish","type":"page","link":"https:\/\/radar-shop.com\/fr\/video-de-detecteurs-de-radar-et-laser\/","title":{"rendered":"Vid\u00e9os d\u2019installation fixe du d\u00e9tecteur de radar"},"content":{"rendered":"\n<h2 class=\"wp-block-heading\" id=\"videos-einbaubeispiele-radarwarner-und-laserjammer-bei-kunden\">VID\u00c9OS EXEMPLES D&rsquo;INSTALLATION D&rsquo;AVERTISSEURS RADAR ET DE BROUILLEURS LASER CHEZ LES CLIENTS<\/h2>\n\n<p><strong>Vous ne savez pas \u00e0 quoi ressemblera une installation de d\u00e9tecteur de radar cach\u00e9e dans votre v\u00e9hicule?<br\/> Regardez <a href=\"https:\/\/www.radar-shop.com\/\"> vid\u00e9os sur les d\u00e9tecteurs de radar<\/a> en tant qu\u2019installation fixe cach\u00e9e!<br\/><br\/><\/strong> L\u2019installation cach\u00e9e des dispositifs est facilement possible dans presque tous les v\u00e9hicules, le positionnement individuel des appareils \u00e0 l\u2019avant du v\u00e9hicule ou, si n\u00e9cessaire, le Cependant, les affichages n\u00e9cessaires dans le cockpit d\u00e9pendent des conditions sp\u00e9cifiques au v\u00e9hicule et, surtout, des pr\u00e9f\u00e9rences du client.\u00a0 <strong><a href=\"https:\/\/radar-shop.com\/fr\/service-clients\/\">Contactez-nous<\/a>!<\/strong><\/p>\n\n<figure class=\"wp-block-embed is-type-video is-provider-youtube wp-block-embed-youtube wp-embed-aspect-16-9 wp-has-aspect-ratio\"><div class=\"wp-block-embed__wrapper\">\r\n<iframe loading=\"lazy\" title=\"Radarwarner TV Reportage ueber radar-shop.com - Radarwarner Laserstoerer kaufen\" width=\"720\" height=\"405\" src=\"https:\/\/www.youtube.com\/embed\/fWFDruOk0sI?feature=oembed\" frameborder=\"0\" allow=\"accelerometer; autoplay; clipboard-write; encrypted-media; gyroscope; picture-in-picture\" allowfullscreen><\/iframe>\r\n<\/div><figcaption><strong>Reportage \u00e0 la t\u00e9l\u00e9vision fran\u00e7aise sur notre boutique et l&rsquo;installation.<\/strong><\/figcaption><\/figure>\r\n\n<h1 class=\"wp-block-heading\" id=\"YTtitle\">D\u00e9tecteurs de radar et perturbateurs laser install\u00e9s de mani\u00e8re invisible &#8211; 15 voitures de luxe avec protection contre tous les radars!<\/h1>\n\n<p id=\"YTdesc\">Vous voyez quelques beaux v\u00e9hicules Mercedes e.B. une Mercedes S65 AMG, une nouvelle Mercedes AMG GTS, une Mercedes SL63, mais aussi Porsche e.B. une Porsche Panamera, une Porsche Cayman GT4 et une Porsche Cayenne. Bien s\u00fbr, les mod\u00e8les BMW ne manquent pas non plus, comme une nouvelle BMW M550i, une BMW M6 ou une nouvelle BMW huiti\u00e8me. Pour les amis Audi, nous montrons une installation de d\u00e9tecteur de radar dans l\u2019Audi RS6. Pour compl\u00e9ter le tableau, les d\u00e9tecteurs de radar et les perturbateurs laser peuvent \u00e9galement \u00eatre admir\u00e9s dans des v\u00e9hicules exotiques tels que la Lamborghini Huracan, une Lotus, une Maserati Levante ou une Aston Martin DB9. <\/p>\n\n<p id=\"YTdesc\">Donc, si un tel v\u00e9hicule vous d\u00e9passe une fois, il est toujours possible qu\u2019il \u00e9tait avec nous avant. Sur notre site Web, vous pouvez voir quels appareils sont disponibles pour l\u2019installation, ce qu\u2019ils fonctionnent et bien s\u00fbr, vous trouverez \u00e9galement toutes les vid\u00e9os et explications sur l\u2019installation. Bien s\u00fbr, tous les appareils peuvent \u00eatre command\u00e9s en ligne ou vous pouvez venir nous voir avec un rendez-vous dans l\u2019atelier Radarwarner \u00e0 Heidelberg. Non seulement les clients allemands ou de Suisse et d\u2019Autriche, non, m\u00eame les clients norv\u00e9giens et italiens ont d\u00e9j\u00e0 \u00e9t\u00e9 accueillis par nous personnellement. Aucune distance n\u2019est trop grande ici parce que nos syst\u00e8mes fonctionnent dans toute l\u2019Europe. <\/p>\n\n<p id=\"YTdesc\">En ce qui concerne les d\u00e9tecteurs de radar, beaucoup de gens pensent aux appareils mobiles classiques pour le tableau de bord ou aux applications d\u2019avertissement radar sur le t\u00e9l\u00e9phone mobile. Les inconv\u00e9nients sont bien connus: ils sont visibles, ils fournissent trop de fausses alarmes, ils n\u2019avertissent pas ou ne prot\u00e8gent pas contre toutes les m\u00e9thodes de mesure et en raison de diff\u00e9rents appareils de mesure de vitesse pas dans tous les pays. Nous imaginons une conduite d\u00e9tendue diff\u00e9remment. Les d\u00e9tecteurs de radar et les interf\u00e9rences laser sont un probl\u00e8me dans toute l\u2019Europe et nous avons donc de nombreux clients des pays voisins qui appr\u00e9cient notre discr\u00e9tion et la qualit\u00e9 des luminaires. Nous avons \u00e9galement eu Fran\u00e7ais t\u00e9l\u00e9vision en tant qu\u2019invit\u00e9s \u00e0 plusieurs reprises, car les radars sont un sujet \u00e9motionnel et controvers\u00e9 aux yeux du public, en particulier en France. Nous garantissons donc \u00e0 tous nos clients une discr\u00e9tion maximale. <\/p>\n\n<p id=\"YTdesc\">Si vous avez aim\u00e9 la vid\u00e9o, abonnez-vous \u00e0 notre cha\u00eene, partagez cette vid\u00e9o avec des amis et donnez-nous un like. Nous attendons avec impatience vos commentaires et vous souhaitons tout le meilleur et toujours une bonne et s\u00fbre conduite. Peut-\u00eatre que nous accueillerons bient\u00f4t l\u2019un ou l\u2019autre d\u2019entre vous personnellement \u00e0 l\u2019installation de d\u00e9tecteur de radar \u00e0 Heidelberg dans notre petit mais bel atelier.<\/p>\n\n<figure class=\"wp-block-embed is-type-video is-provider-youtube wp-block-embed-youtube wp-embed-aspect-4-3 wp-has-aspect-ratio\"><div class=\"wp-block-embed__wrapper\">\r\n<iframe loading=\"lazy\" title=\"Lamborghini Huracan Spyder LP610 4\" width=\"720\" height=\"540\" src=\"https:\/\/www.youtube.com\/embed\/jyPrzN2Dc0o?feature=oembed\" frameborder=\"0\" allow=\"accelerometer; autoplay; clipboard-write; encrypted-media; gyroscope; picture-in-picture\" allowfullscreen><\/iframe>\r\n<\/div><\/figure>\r\n\n<figure class=\"wp-block-embed is-type-video is-provider-youtube wp-block-embed-youtube wp-embed-aspect-4-3 wp-has-aspect-ratio\"><div class=\"wp-block-embed__wrapper\">\r\n<iframe loading=\"lazy\" title=\"Aston Martin DB9 Stealth System 3000\" width=\"720\" height=\"540\" src=\"https:\/\/www.youtube.com\/embed\/o_Wofa4Kn9Y?feature=oembed\" frameborder=\"0\" allow=\"accelerometer; autoplay; clipboard-write; encrypted-media; gyroscope; picture-in-picture\" allowfullscreen><\/iframe>\r\n<\/div><\/figure>\r\n\n<figure class=\"wp-block-embed is-type-video is-provider-youtube wp-block-embed-youtube wp-embed-aspect-4-3 wp-has-aspect-ratio\"><div class=\"wp-block-embed__wrapper\">\r\n<iframe loading=\"lazy\" title=\"Stinger VIP d\u00e9tecteurs de radar et brouilleurs de laser dans Porsche Cayenne hybrid\" width=\"720\" height=\"540\" src=\"https:\/\/www.youtube.com\/embed\/bdinoCETRKI?feature=oembed\" frameborder=\"0\" allow=\"accelerometer; autoplay; clipboard-write; encrypted-media; gyroscope; picture-in-picture\" allowfullscreen><\/iframe>\r\n<\/div><\/figure>\r\n\n<figure class=\"wp-block-embed is-type-video is-provider-youtube wp-block-embed-youtube wp-embed-aspect-4-3 wp-has-aspect-ratio\"><div class=\"wp-block-embed__wrapper\">\r\n<iframe loading=\"lazy\" title=\"Radarwarner Einbau Stinger VIP Laser und ESO Lamborghini Gallardo\" width=\"720\" height=\"540\" src=\"https:\/\/www.youtube.com\/embed\/DhcE57Zd6pg?feature=oembed\" frameborder=\"0\" allow=\"accelerometer; autoplay; clipboard-write; encrypted-media; gyroscope; picture-in-picture\" allowfullscreen><\/iframe>\r\n<\/div><\/figure>\r\n\n<figure class=\"wp-block-embed is-type-video is-provider-youtube wp-block-embed-youtube wp-embed-aspect-4-3 wp-has-aspect-ratio\"><div class=\"wp-block-embed__wrapper\">\r\n<iframe loading=\"lazy\" title=\"Audi A8 4 2 TDI Stinger VIP\" width=\"720\" height=\"540\" src=\"https:\/\/www.youtube.com\/embed\/eiUlF_jkxxY?feature=oembed\" frameborder=\"0\" allow=\"accelerometer; autoplay; clipboard-write; encrypted-media; gyroscope; picture-in-picture\" allowfullscreen><\/iframe>\r\n<\/div><\/figure>\r\n","protected":false},"excerpt":{"rendered":"<p>VID\u00c9OS EXEMPLES D&rsquo;INSTALLATION D&rsquo;AVERTISSEURS RADAR ET DE BROUILLEURS LASER CHEZ LES CLIENTS Vous ne savez pas \u00e0 quoi ressemblera une installation de d\u00e9tecteur de radar cach\u00e9e dans votre v\u00e9hicule? Regardez vid\u00e9os sur les d\u00e9tecteurs de radar en tant qu\u2019installation fixe cach\u00e9e! L\u2019installation cach\u00e9e des dispositifs est facilement possible dans presque tous les v\u00e9hicules, le positionnement&#8230;<\/p>\n","protected":false},"author":1,"featured_media":0,"parent":0,"menu_order":0,"comment_status":"closed","ping_status":"closed","template":"","meta":{"_kad_post_transparent":"","_kad_post_title":"","_kad_post_layout":"","_kad_post_sidebar_id":"","_kad_post_content_style":"","_kad_post_vertical_padding":"","_kad_post_feature":"","_kad_post_feature_position":"","_kad_post_header":false,"_kad_post_footer":false,"_kad_post_classname":"","footnotes":""},"class_list":["post-5746","page","type-page","status-publish","hentry"],"jetpack_sharing_enabled":true,"_links":{"self":[{"href":"https:\/\/radar-shop.com\/fr\/wp-json\/wp\/v2\/pages\/5746","targetHints":{"allow":["GET"]}}],"collection":[{"href":"https:\/\/radar-shop.com\/fr\/wp-json\/wp\/v2\/pages"}],"about":[{"href":"https:\/\/radar-shop.com\/fr\/wp-json\/wp\/v2\/types\/page"}],"author":[{"embeddable":true,"href":"https:\/\/radar-shop.com\/fr\/wp-json\/wp\/v2\/users\/1"}],"replies":[{"embeddable":true,"href":"https:\/\/radar-shop.com\/fr\/wp-json\/wp\/v2\/comments?post=5746"}],"version-history":[{"count":3,"href":"https:\/\/radar-shop.com\/fr\/wp-json\/wp\/v2\/pages\/5746\/revisions"}],"predecessor-version":[{"id":6263,"href":"https:\/\/radar-shop.com\/fr\/wp-json\/wp\/v2\/pages\/5746\/revisions\/6263"}],"wp:attachment":[{"href":"https:\/\/radar-shop.com\/fr\/wp-json\/wp\/v2\/media?parent=5746"}],"curies":[{"name":"wp","href":"https:\/\/api.w.org\/{rel}","templated":true}]}}