{"id":3768,"date":"2019-06-22T09:19:42","date_gmt":"2021-12-30T12:42:04","guid":{"rendered":"https:\/\/radar-shop.com\/produkt\/genevo-assist-hdm-et-antilaser-alp2\/"},"modified":"2025-07-11T12:37:17","modified_gmt":"2025-07-11T10:37:17","slug":"genevo-assist-hdm-et-antilaser-alp2","status":"publish","type":"product","link":"https:\/\/radar-shop.com\/fr\/produit\/genevo-assist-hdm-et-antilaser-alp2\/","title":{"rendered":"GENEVO ASSIST HDM+ et Antilaser ALP2"},"content":{"rendered":"<h2><strong>GENEVO ASSIST HDM+ et Antilaser ALP2<\/strong><\/h2>\n<ul>\n<li>Vous recherchez un syst\u00e8me d&rsquo;alerte radar absolument invisible, int\u00e9gr\u00e9 et non ciblable pour l&rsquo;Allemagne \/ l&rsquo;Europe ?<\/li>\n<li>Souhaitez-vous une installation cach\u00e9e de tous les composants \u00e0 l&rsquo;avant du v\u00e9hicule ainsi qu&rsquo;\u00e0 l&rsquo;int\u00e9rieur du v\u00e9hicule ?<\/li>\n<li>Vous n&rsquo;appr\u00e9ciez pas un affichage s\u00e9par\u00e9 et un affichage de configuration dans le cockpit ?<\/li>\n<\/ul>\n<p><strong>Gen\u00e8ve est invisible. Pas d&rsquo;affichage. Un seul bouton. Pas plus.<\/strong><\/p>\n<p align=\"justify\"><strong>Le syst\u00e8me se compose d&rsquo;une antenne radar de haute qualit\u00e9, d&rsquo;un r\u00e9cepteur GPS associ\u00e9 pour avertir des radars fixes (bo\u00eetes \u00e0 \u00e9toiles), de brouilleurs laser haut de gamme et d&rsquo;un haut-parleur.<\/strong> L&rsquo;unit\u00e9 centrale, qui contr\u00f4le tous les composants de mani\u00e8re centralis\u00e9e via un logiciel, est unique. Cela se fait simplement via une carte SD sur laquelle est install\u00e9 le programme de configuration, qui peut \u00eatre ouvert directement \u00e0 partir de la carte sur le PC. De cette fa\u00e7on, tous les param\u00e8tres relatifs aux fr\u00e9quences scann\u00e9es, \u00e0 la sortie vocale, etc. peuvent \u00eatre configur\u00e9s tr\u00e8s facilement sur le PC \u00e0 l&rsquo;aide de la carte SD. Une fois r\u00e9gl\u00e9, aucune autre modification sur ou dans le v\u00e9hicule n&rsquo;est n\u00e9cessaire.<\/p>\n<p align=\"justify\"><strong>L&rsquo;avantage du syst\u00e8me est \u00e9vident :<\/strong> tous les composants sont install\u00e9s compl\u00e8tement cach\u00e9s dans le v\u00e9hicule &#8211; il n&rsquo;est pas n\u00e9cessaire d&rsquo;installer un \u00e9cran dans le cockpit, seul le bouton de la taille d&rsquo;un ongle avec une petite lumi\u00e8re LED et un interrupteur \u00e0 pointe pour allumer l&rsquo;ensemble du syst\u00e8me et off doit \u00eatre accessible au conducteur \u00eatre positionn\u00e9.<\/p>\n<p align=\"justify\">Cela peut \u00eatre fait sous le volant, par exemple. En cons\u00e9quence, l&rsquo;apparence attrayante \u00e0 l&rsquo;int\u00e9rieur de votre v\u00e9hicule de haute qualit\u00e9 n&rsquo;est pas perturb\u00e9e et permet \u00e9galement au syst\u00e8me d&rsquo;\u00eatre utilis\u00e9 de mani\u00e8re absolument discr\u00e8te pendant la conduite. Le haut-parleur cach\u00e9 vous avertira alors bien entendu en allemand lorsque vous vous approcherez d&rsquo;un radar.<\/p>\n<p style=\"text-align: left;\" align=\"justify\"><strong>Les interf\u00e9reurs laser int\u00e9gr\u00e9s ALP2<\/strong> offrent une protection compl\u00e8te ; ceux-ci peuvent \u00e9galement \u00eatre r\u00e9gl\u00e9s facilement selon vos souhaits \u00e0 l&rsquo;aide du programme de configuration en allemand. Diverses options de r\u00e9glage telles que la suppression des alarmes en dessous d&rsquo;un seuil de vitesse r\u00e9glable sont bien s\u00fbr \u00e9galement possibles.<\/p>\n<p style=\"text-align: left;\" align=\"justify\">Le syst\u00e8me reconna\u00eet \u00e9galement les cam\u00e9ras Poliscan de plus en plus r\u00e9pandues ; vous ne devez consid\u00e9rer qu&rsquo;un bloqueur eso 3.0 (ESOGuard Dual peut \u00eatre command\u00e9 en option + 599 \u20ac) par rapport au capteur de mesure unilat\u00e9ral eso 3.0, qui est parfois utilis\u00e9 en Allemagne.<\/p>\n<p><strong>Les avantages en un coup d&rsquo;\u0153il :<\/strong><\/p>\n<ul>\n<li>Syst\u00e8me complet int\u00e9gr\u00e9 avec des composants individuels de haute qualit\u00e9 contre radar, laser, radars fixes, contr\u00f4le de section et bien plus encore, de sorte qu&rsquo;il peut \u00eatre utilis\u00e9 dans toute l&rsquo;Europe sans aucun probl\u00e8me<\/li>\n<li>Pas besoin de monter un \u00e9cran dans le cockpit<\/li>\n<li>Avertissements acoustiques en allemand<\/li>\n<li>Les interrupteurs peuvent \u00eatre positionn\u00e9s tr\u00e8s petits et discr\u00e8tement<\/li>\n<li>Configuration pratique en allemand \u00e0 l&rsquo;aide d&rsquo;un programme sur le PC<\/li>\n<li>une fois r\u00e9gl\u00e9 &#8211; aucun autre r\u00e9glage dans le v\u00e9hicule<\/li>\n<li>Mise \u00e0 jour de la base de donn\u00e9es \u00e0 vie et gratuite via la carte SD fournie<\/li>\n<li>Contr\u00f4le centralis\u00e9 de tous les composants via un logiciel intelligent<\/li>\n<\/ul>\n<p align=\"justify\"><strong><span style=\"color: #000000;\">Vous ne savez pas \u00e0 quoi ressemblera une installation cach\u00e9e dans votre v\u00e9hicule ?<br \/>\nD\u00e9couvrez les vid\u00e9os :<br \/>\n<\/span><\/strong><\/p>\n<p align=\"justify\"><img loading=\"lazy\" decoding=\"async\" class=\"aligncenter size-full wp-image-139\" src=\"https:\/\/www.radar-shop.eu\/wp-content\/uploads\/2017\/03\/Video_Radarwarner.jpg\" alt=\"\" width=\"500\" height=\"80\"><\/p>\n<p align=\"justify\">Si vous \u00eates int\u00e9ress\u00e9, des m\u00e9caniciens \/ \u00e9lectriciens automobiles professionnels exp\u00e9riment\u00e9s peuvent installer ces appareils de mani\u00e8re tr\u00e8s flexible et discr\u00e8te, par exemple \u00e0 Heidelberg (g\u00e9n\u00e9ralement le vendredi apr\u00e8s-midi, le week-end). Le temps d&rsquo;installation est g\u00e9n\u00e9ralement de 2 \u00e0 5 heures selon le syst\u00e8me, mais il peut \u00eatre un peu plus long pour les voitures exotiques. Les techniciens discuteront bien s\u00fbr des options d&rsquo;installation avec vous personnellement au pr\u00e9alable afin que vous puissiez avoir une id\u00e9e de ce \u00e0 quoi ressemblera la solution au pr\u00e9alable. Vous pouvez utiliser le temps pour une visite de la ville pendant l&rsquo;installation. De nombreux clients sont tr\u00e8s heureux de cette opportunit\u00e9. Des difficult\u00e9s ne peuvent survenir que dans de rares cas, par exemple s&rsquo;il n&rsquo;y a pas assez d&rsquo;espace \u00e0 l&rsquo;avant du v\u00e9hicule ou si le simple d\u00e9montage de pi\u00e8ces de carrosserie prendrait des heures et des outils sp\u00e9ciaux seraient n\u00e9cessaires. Si vous souhaitez organiser l&rsquo;installation des appareils que vous avez command\u00e9s, veuillez ajouter cet article \u00e0 votre panier.<\/p>\n","protected":false},"excerpt":{"rendered":"<p>Le d\u00e9tecteur de radar Genevo Assist PRO HDM + est un d\u00e9tecteur de radar fixe haut de gamme incl. Antilaser ALP2. Il offre un affichage magn\u00e9tique qui peut \u00eatre utilis\u00e9 pour faire fonctionner l&rsquo;ensemble du syst\u00e8me.<\/p>\n","protected":false},"featured_media":3214,"comment_status":"open","ping_status":"closed","template":"","meta":{"_kad_post_transparent":"","_kad_post_title":"","_kad_post_layout":"","_kad_post_sidebar_id":"","_kad_post_content_style":"","_kad_post_vertical_padding":"","_kad_post_feature":"","_kad_post_feature_position":"","_kad_post_header":false,"_kad_post_footer":false,"_kad_post_classname":""},"product_brand":[],"product_cat":[1030,1029,941],"product_tag":[],"class_list":{"0":"post-3768","1":"product","2":"type-product","3":"status-publish","4":"has-post-thumbnail","6":"product_cat-detecteur-de-radar-recommandation","7":"product_cat-paquets-avertisseurs-de-radars-haut-de-gamme","8":"product_cat-genevo-fr","10":"first","11":"instock","12":"sale","13":"taxable","14":"shipping-taxable","15":"purchasable","16":"product-type-simple","17":"entry","18":"content-bg","19":"loop-entry"},"jetpack_sharing_enabled":true,"_links":{"self":[{"href":"https:\/\/radar-shop.com\/fr\/wp-json\/wp\/v2\/product\/3768","targetHints":{"allow":["GET"]}}],"collection":[{"href":"https:\/\/radar-shop.com\/fr\/wp-json\/wp\/v2\/product"}],"about":[{"href":"https:\/\/radar-shop.com\/fr\/wp-json\/wp\/v2\/types\/product"}],"replies":[{"embeddable":true,"href":"https:\/\/radar-shop.com\/fr\/wp-json\/wp\/v2\/comments?post=3768"}],"wp:featuredmedia":[{"embeddable":true,"href":"https:\/\/radar-shop.com\/fr\/wp-json\/wp\/v2\/media\/3214"}],"wp:attachment":[{"href":"https:\/\/radar-shop.com\/fr\/wp-json\/wp\/v2\/media?parent=3768"}],"wp:term":[{"taxonomy":"product_brand","embeddable":true,"href":"https:\/\/radar-shop.com\/fr\/wp-json\/wp\/v2\/product_brand?post=3768"},{"taxonomy":"product_cat","embeddable":true,"href":"https:\/\/radar-shop.com\/fr\/wp-json\/wp\/v2\/product_cat?post=3768"},{"taxonomy":"product_tag","embeddable":true,"href":"https:\/\/radar-shop.com\/fr\/wp-json\/wp\/v2\/product_tag?post=3768"}],"curies":[{"name":"wp","href":"https:\/\/api.w.org\/{rel}","templated":true}]}}