{"id":3777,"date":"2020-11-22T09:19:42","date_gmt":"2020-11-22T08:19:42","guid":{"rendered":"https:\/\/radar-shop.com\/produkt\/valentine-one-v1-gen2\/"},"modified":"2025-11-16T18:35:37","modified_gmt":"2025-11-16T17:35:37","slug":"valentine-one-v1-gen2-2","status":"publish","type":"product","link":"https:\/\/radar-shop.com\/fr\/produit\/valentine-one-v1-gen2-2\/","title":{"rendered":"Valentine One V1 Gen2"},"content":{"rendered":"<p><strong><img loading=\"lazy\" decoding=\"async\" class=\"size-full wp-image-4452 aligncenter\" src=\"https:\/\/www.radar-shop.eu\/wp-content\/uploads\/Valentine-One-V1-Gen2.jpg\" alt=\"Valentine One V1 Gen2\" width=\"1000\" height=\"668\"><\/strong><\/p>\n<p><strong>Valentine One V1 Gen2<\/strong> est un tout nouvel outil de s\u00e9curit\u00e9 qui surpasse consid\u00e9rablement m\u00eame la version la plus avanc\u00e9e de la V1. \u00c0 l&rsquo;int\u00e9rieur du tout nouveau bo\u00eetier en magn\u00e9sium se trouve un d\u00e9tecteur de radar enti\u00e8rement nouveau et brevet\u00e9, inspir\u00e9 d&rsquo;un concept utilis\u00e9 par les radars militaires CHIRP pour trouver des pi\u00e8ges radar plus faibles et plus \u00e9loign\u00e9s avec une plus grande pr\u00e9cision. La gamme de la bande Ka est impressionnante dans le Valentine One V1 Gen2. La gamme de la bande K est \u00e9galement am\u00e9lior\u00e9e. Les nouvelles technologies SAW-D2L et LNA permettent cette augmentation significative de la port\u00e9e par rapport au V1 traditionnel et repr\u00e9sentent en m\u00eame temps une perc\u00e9e dans le camouflage.<\/p>\n<h2><img loading=\"lazy\" decoding=\"async\" class=\"wp-image-4462 alignright\" src=\"https:\/\/www.radar-shop.eu\/wp-content\/uploads\/V1-GEN2-1-e1597059504281.png\" alt=\"V1 Gen2 2\" width=\"498\" height=\"506\">D\u00e9tecteur de radar Valentine One V1 Gen2<br \/>\nCe qui est inclu<\/h2>\n<ul>\n<li>D\u00e9tecteur de radar Valentine One Gen2<\/li>\n<li>Guide de d\u00e9marrage rapide<\/li>\n<li>Support de pare-brise<\/li>\n<li>Support de visi\u00e8re<\/li>\n<li>C\u00e2ble d&rsquo;alimentation enroul\u00e9 &#8211; 30 cm s&rsquo;\u00e9tend jusqu&rsquo;\u00e0 2,4 m<\/li>\n<li>Cordon d&rsquo;alimentation, droit &#8211; 2,4 m<\/li>\n<li>Adaptateur briquet<\/li>\n<li>Adaptateur de fil direct<\/li>\n<li>Connecteur de faisceau de c\u00e2blage<\/li>\n<li>Fusible de remplacement<\/li>\n<li>Ventouses de rechange<\/li>\n<\/ul>\n<div><\/div>\n<div>\n<p><strong>Valentine<\/strong> pr\u00e9sente la technologie de d\u00e9tecteur de radar K-Verifier pour am\u00e9liorer la r\u00e9sistance aux syst\u00e8mes de d\u00e9tection d&rsquo;angle mort dans les nouveaux v\u00e9hicules et r\u00e9duire les fausses alarmes des ouvre-portes automatiques. Le Bluetooth 5.0 int\u00e9gr\u00e9 permet une connexion sans fil \u00e0 vos smartphones et tablettes Apple ou Android. L&rsquo;application gratuite App-V1Connection, l&rsquo;application, s&rsquo;ex\u00e9cute sur votre appareil et vous offre une nouvelle fa\u00e7on r\u00e9volutionnaire d&rsquo;analyser le flux en direct de renseignements sur les menaces provenant de la V1 Gen2. Vous avez \u00e9galement acc\u00e8s aux futures mises \u00e0 jour du firmware.<\/p>\n<p><img loading=\"lazy\" decoding=\"async\" class=\"alignright wp-image-4467\" src=\"https:\/\/www.radar-shop.eu\/wp-content\/uploads\/V1-GEN2-app.png\" alt=\"V1 GEN2 app\" width=\"502\" height=\"545\"><strong>Nouvelle technologie LNA du V1 Gen2 :<\/strong> Le seul moyen d&rsquo;augmenter la port\u00e9e est de d\u00e9tecter des signaux de plus en plus faibles. Consid\u00e9rez LNA comme un agrandissement du signal.<\/p>\n<p><strong>Le LNA a un autre avantage :<\/strong> il agit comme une valve unidirectionnelle et intercepte la sortie LO avant qu&rsquo;elle ne s&rsquo;\u00e9chappe du bo\u00eetier en magn\u00e9sium du V1 Gen2. C&rsquo;est la cl\u00e9 du camouflage. V1 Gen2 est pratiquement ind\u00e9tectable.<\/p>\n<p>Le nouveau et brevet\u00e9 SAWD2L contribue de mani\u00e8re exponentielle au flux de donn\u00e9es. SAWD2L augmente le taux de traitement de plus de cent fois et permet \u00e0 V1 Gen2 de trier rapidement les signaux radar des dispositifs radar avec radars de vitesse du d\u00e9luge actuel de dispositifs radar de changement de voie et de pr\u00e9vention des collisions.<\/p>\n<h3>Gamme sup\u00e9rieure du <strong>Valentine One V1 Gen2<\/strong><\/h3>\n<p>La d\u00e9tection de signaux faibles par le LNA, qui alimente l&rsquo;analyse \u00e0 haut d\u00e9bit du SAWD2L, repr\u00e9sente une avanc\u00e9e dans l&rsquo;alerte pr\u00e9coce radar. L&rsquo;augmentation de la port\u00e9e dans la bande Ka est particuli\u00e8rement spectaculaire. Notre nouveau K-Verifier \u00e9limine les avertissements K ind\u00e9sirables.<\/p>\n<p>Les applications V1 gratuites permettent une analyse avanc\u00e9e des menaces, une programmation facile et des mises \u00e0 niveau instantan\u00e9es \u00e0 partir de la V1 Gen2. Une connexion smartphone via Bluetooth est int\u00e9gr\u00e9e.<\/p>\n<\/div>\n","protected":false},"excerpt":{"rendered":"<p><strong><span class=\"dotted-product-details\"><a href=\"https:\/\/www.radar-shop.eu\/de\/radarwarner-vergleich-deutschland\/\">COMPARAISON D&rsquo;AVERTISSEMENT RADAR<\/a><\/span><br \/>\n<span style=\"color: #000080;\">RECOMMANDATION DE LA BOUTIQUE RADAR&nbsp;!<br \/>\n<\/span><br \/>\n<\/strong><\/p>\n<ul>\n<li>Le d\u00e9tecteur de radar Valentine V1 Gen2 introduit la technologie K-Verifier pour am\u00e9liorer la r\u00e9sistance aux syst\u00e8mes de d\u00e9tection d&rsquo;angle mort dans les nouveaux v\u00e9hicules et r\u00e9duire les fausses alarmes des ouvre-portes automatiques.<\/li>\n<li>Le Bluetooth 5.0 int\u00e9gr\u00e9 permet une connexion sans fil \u00e0 vos smartphones et tablettes Apple ou Android.<\/li>\n<li>L&rsquo;application Valentine V1Connection s&rsquo;ex\u00e9cute sur votre appareil et vous offre une nouvelle fa\u00e7on r\u00e9volutionnaire d&rsquo;analyser le flux en direct de renseignements sur les menaces provenant de la V1 Gen2. Vous aurez \u00e9galement acc\u00e8s aux futures mises \u00e0 jour du firmware.<\/li>\n<li>Imm\u00e9diatement disponible!<\/li>\n<\/ul>\n","protected":false},"featured_media":3576,"comment_status":"open","ping_status":"closed","template":"","meta":{"_kad_post_transparent":"","_kad_post_title":"","_kad_post_layout":"","_kad_post_sidebar_id":"","_kad_post_content_style":"","_kad_post_vertical_padding":"","_kad_post_feature":"","_kad_post_feature_position":"","_kad_post_header":false,"_kad_post_footer":false,"_kad_post_classname":""},"product_brand":[],"product_cat":[1032,983],"product_tag":[],"class_list":{"0":"post-3777","1":"product","2":"type-product","3":"status-publish","4":"has-post-thumbnail","6":"product_cat-avertisseurs-de-radars-mobiles","7":"product_cat-valentine-one-fr","9":"first","10":"onbackorder","11":"sale","12":"taxable","13":"shipping-taxable","14":"purchasable","15":"product-type-simple","16":"entry","17":"content-bg","18":"loop-entry"},"jetpack_sharing_enabled":true,"_links":{"self":[{"href":"https:\/\/radar-shop.com\/fr\/wp-json\/wp\/v2\/product\/3777","targetHints":{"allow":["GET"]}}],"collection":[{"href":"https:\/\/radar-shop.com\/fr\/wp-json\/wp\/v2\/product"}],"about":[{"href":"https:\/\/radar-shop.com\/fr\/wp-json\/wp\/v2\/types\/product"}],"replies":[{"embeddable":true,"href":"https:\/\/radar-shop.com\/fr\/wp-json\/wp\/v2\/comments?post=3777"}],"wp:featuredmedia":[{"embeddable":true,"href":"https:\/\/radar-shop.com\/fr\/wp-json\/wp\/v2\/media\/3576"}],"wp:attachment":[{"href":"https:\/\/radar-shop.com\/fr\/wp-json\/wp\/v2\/media?parent=3777"}],"wp:term":[{"taxonomy":"product_brand","embeddable":true,"href":"https:\/\/radar-shop.com\/fr\/wp-json\/wp\/v2\/product_brand?post=3777"},{"taxonomy":"product_cat","embeddable":true,"href":"https:\/\/radar-shop.com\/fr\/wp-json\/wp\/v2\/product_cat?post=3777"},{"taxonomy":"product_tag","embeddable":true,"href":"https:\/\/radar-shop.com\/fr\/wp-json\/wp\/v2\/product_tag?post=3777"}],"curies":[{"name":"wp","href":"https:\/\/api.w.org\/{rel}","templated":true}]}}