{"id":3786,"date":"2021-12-21T10:19:43","date_gmt":"2021-12-30T12:42:08","guid":{"rendered":"https:\/\/radar-shop.com\/produkt\/genevo-assist-pro-ii-hd\/"},"modified":"2021-12-30T13:42:08","modified_gmt":"2021-12-30T12:42:08","slug":"genevo-assist-pro-ii-hd-2","status":"publish","type":"product","link":"https:\/\/radar-shop.com\/fr\/produit\/genevo-assist-pro-ii-hd-2\/","title":{"rendered":"Genevo Assist Pro II (HD+)"},"content":{"rendered":"<h2>AVERTISSEUR RADAR HAUT DE GAMME GENEVO ASSIST AVEC ANTENNE RADAR HD POUR INSTALLATION FIXE<\/h2>\n<p><strong>Le nouveau d\u00e9tecteur de radar haut de gamme Genevo Assist 2 HD<\/strong> dispose d&rsquo;un nouvel \u00e9cran couleur OLED magn\u00e9tique compact.<br \/>\nGr\u00e2ce au nouveau contr\u00f4le gestuel, le Genevo Assist 2 offre une facilit\u00e9 d&rsquo;utilisation maximale. Vous vous habituerez tr\u00e8s rapidement aux fonctions pratiques de ce d\u00e9tecteur de radar haut de gamme et ne voudrez plus vous en passer. Base de donn\u00e9es actuelle de POI en Europe pour les radars fixes ainsi qu&rsquo;avec sortie vocale allemande. De cette fa\u00e7on, vous serez inform\u00e9 des dangers de mani\u00e8re acoustique par la voix et sur l&rsquo;\u00e9cran matriciel. (Les mises \u00e0 jour \u00e0 vie des POI Europe sont incluses dans notre forfait avec HD +). L&rsquo;ergonomie \u00e9tait \u00e9galement tr\u00e8s importante pour Genevo avec le nouvel Assist. Comme il est g\u00e9n\u00e9ralement rang\u00e9 dans des \u00e9tag\u00e8res, l&rsquo;affichage matriciel est extr\u00eamement compact et facile \u00e0 lire. Les boutons sont plac\u00e9s de telle mani\u00e8re qu&rsquo;un fonctionnement rapide est \u00e9galement possible dans une \u00e9tag\u00e8re.<\/p>\n<p>De cette fa\u00e7on, vous disposez d&rsquo;un moyen 100 % s\u00fbr et discret, en raison des petites dimensions de l&rsquo;appareil, d&rsquo;\u00eatre averti des syst\u00e8mes de mesure install\u00e9s en permanence dans toute l&rsquo;Europe.<br \/>\nLe Genevo contient les positions GPS de ces dispositifs flash en m\u00e9moire. Il pr\u00e9vient d&rsquo;une voix et d&rsquo;un clin d&rsquo;\u0153il \u00e0 temps avant que ces radars ne soient atteints. L&rsquo;antenne radar\/laser HD vous prot\u00e8ge \u00e9galement des pi\u00e8ges radars mobiles et des pistolets laser. Vous pouvez mettre \u00e0 jour la m\u00e9moire du Genevo aussi souvent que vous le souhaitez \u00e0 l&rsquo;aide d&rsquo;une cl\u00e9 USB. Cette base de donn\u00e9es peut \u00eatre facilement mise \u00e0 jour. L&rsquo;appareil est mis \u00e0 jour tr\u00e8s rapidement et de mani\u00e8re fiable avec les derni\u00e8res donn\u00e9es via une interface USB. Vous serez enthousiaste.<\/p>\n<p style=\"font-weight: 400;\"><b><strong>Pr\u00e9sentation GENEVO ASSIST PRO 2 (HD +)<\/strong><\/b><\/p>\n<p style=\"font-weight: 400;\"><b><\/b>+ signale les syst\u00e8mes de mesure de vitesse mobiles + fixes en Europe<br \/>\n+ La derni\u00e8re base de donn\u00e9es Europe est d\u00e9j\u00e0 pr\u00e9install\u00e9e<br \/>\n+ y compris les mises \u00e0 jour \u00e0 vie des POI Europe gratuitement<br \/>\n+ \u00e9cran couleur OLED lumineux pour des avertissements optimaux<br \/>\n+ Capteur de mouvement pour le contr\u00f4le gestuel<br \/>\n+ module GPS puissant pour un fonctionnement cach\u00e9 dans les \u00e9tag\u00e8res<br \/>\n+ Avertissement lors des mesures de Section Control<br \/>\n+ Avertissement de radars fixes<br \/>\n+ Avertissement des cam\u00e9ras de feux rouges et des clignotants de feux de circulation<br \/>\n+ Toutes les alarmes et le fonctionnement sont en allemand<br \/>\n+ antenne d\u00e9tecteur radar haut de gamme r\u00e9sistante aux intemp\u00e9ries<br \/>\n+ D\u00e9tection 360\u00b0 de radar mobile en Europe (bande X\/K\/Ka)<br \/>\n+ Avertissement de mesures laser (\u00e9galement Poliscan Speed !)<br \/>\n+ Filtre de r\u00e9ception radar \/ force r\u00e9glable librement<\/p>\n<p style=\"font-weight: 400;\">+ La d\u00e9fense laser peut \u00eatre facilement install\u00e9e \u00e0 tout moment !<\/p>\n","protected":false},"excerpt":{"rendered":"<h4><strong>RECOMMANDATION DE LA BOUTIQUE RADAR&nbsp;! <\/strong><\/h4>\n<p>Le nouveau d\u00e9tecteur de <strong>radar<\/strong> <strong>Genevo Assist Pro 2 HD<\/strong> est un tout nouveau d\u00e9tecteur de radar int\u00e9gr\u00e9 et, en plus du radar mobile et de l&rsquo;avertissement laser, offre \u00e9galement une base de donn\u00e9es de radars GPS int\u00e9gr\u00e9e avec sortie vocale allemande contre les radars pour toute l&rsquo;Europe &#8211; commander maintenant et \u00e9viter les amendes et les points.<\/p>\n<p><strong>Les avertisseurs radar int\u00e9gr\u00e9s offrent la meilleure protection discr\u00e8te contre les pi\u00e8ges radar et les bo\u00eetes \u00e0 \u00e9toiles.<\/strong> La d\u00e9fense laser et une deuxi\u00e8me antenne radar sont disponibles en option avec ce syst\u00e8me ! Demandez nous.<\/p>\n","protected":false},"featured_media":3651,"comment_status":"open","ping_status":"closed","template":"","meta":{"_kad_post_transparent":"","_kad_post_title":"","_kad_post_layout":"","_kad_post_sidebar_id":"","_kad_post_content_style":"","_kad_post_vertical_padding":"","_kad_post_feature":"","_kad_post_feature_position":"","_kad_post_header":false,"_kad_post_footer":false,"_kad_post_classname":""},"product_brand":[],"product_cat":[1030,1031,941],"product_tag":[],"class_list":{"0":"post-3786","1":"product","2":"type-product","3":"status-publish","4":"has-post-thumbnail","6":"product_cat-detecteur-de-radar-recommandation","7":"product_cat-detecteurs-de-radars-fixes","8":"product_cat-genevo-fr","10":"first","11":"instock","12":"sale","13":"taxable","14":"shipping-taxable","15":"purchasable","16":"product-type-simple","17":"entry","18":"content-bg","19":"loop-entry"},"jetpack_sharing_enabled":true,"_links":{"self":[{"href":"https:\/\/radar-shop.com\/fr\/wp-json\/wp\/v2\/product\/3786","targetHints":{"allow":["GET"]}}],"collection":[{"href":"https:\/\/radar-shop.com\/fr\/wp-json\/wp\/v2\/product"}],"about":[{"href":"https:\/\/radar-shop.com\/fr\/wp-json\/wp\/v2\/types\/product"}],"replies":[{"embeddable":true,"href":"https:\/\/radar-shop.com\/fr\/wp-json\/wp\/v2\/comments?post=3786"}],"wp:featuredmedia":[{"embeddable":true,"href":"https:\/\/radar-shop.com\/fr\/wp-json\/wp\/v2\/media\/3651"}],"wp:attachment":[{"href":"https:\/\/radar-shop.com\/fr\/wp-json\/wp\/v2\/media?parent=3786"}],"wp:term":[{"taxonomy":"product_brand","embeddable":true,"href":"https:\/\/radar-shop.com\/fr\/wp-json\/wp\/v2\/product_brand?post=3786"},{"taxonomy":"product_cat","embeddable":true,"href":"https:\/\/radar-shop.com\/fr\/wp-json\/wp\/v2\/product_cat?post=3786"},{"taxonomy":"product_tag","embeddable":true,"href":"https:\/\/radar-shop.com\/fr\/wp-json\/wp\/v2\/product_tag?post=3786"}],"curies":[{"name":"wp","href":"https:\/\/api.w.org\/{rel}","templated":true}]}}