{"id":3792,"date":"2020-12-22T09:19:43","date_gmt":"2021-12-30T12:42:09","guid":{"rendered":"https:\/\/radar-shop.com\/produkt\/fusee-de-piste-laser\/"},"modified":"2025-04-14T23:26:11","modified_gmt":"2025-04-14T21:26:11","slug":"lasertrack-flare-plaque-dimmatriculation-bloqueur-de-laser","status":"publish","type":"product","link":"https:\/\/radar-shop.com\/fr\/produit\/lasertrack-flare-plaque-dimmatriculation-bloqueur-de-laser\/","title":{"rendered":"Lasertrack Flare Plaque d&rsquo;immatriculation Bloqueur de laser"},"content":{"rendered":"<h3>LASERTRACK FLARE : L&rsquo;ARME ULTIME CONTRE LE CONTRLE LASER<\/h3>\n<div><img loading=\"lazy\" decoding=\"async\" class=\"alignright size-medium wp-image-4130\" src=\"https:\/\/www.radar-shop.eu\/wp-content\/uploads\/\/Lasertrack-flare-jammer-300x197.jpg\" alt=\"\" width=\"300\" height=\"197\"><\/div>\n<div><strong>LaserTrack Flare : l&rsquo;arme ultime<\/strong> contre <strong>les canons laser<\/strong> LaserTrack Flare est une t\u00e9l\u00e9commande multifonctionnelle innovante, combin\u00e9e \u00e0 la technologie de protection laser \u00e0 action instantan\u00e9e la plus avanc\u00e9e, qui vous offre en tant qu&rsquo;utilisateur de nombreux avantages. En tant que t\u00e9l\u00e9commande, le LaserTrack Flare peut \u00eatre utilis\u00e9 partout dans le monde, tandis que dans les pays o\u00f9 la protection radar par radar n&rsquo;est pas autoris\u00e9e, vous pouvez simplement l&rsquo;\u00e9teindre via notre application web.<\/div>\n<div><\/div>\n<div>De cette fa\u00e7on, il ne peut y avoir aucun malentendu sur la mani\u00e8re dont vous allez utiliser votre LaserTrack Flare.<\/div>\n<div><\/div>\n<div>\n<ul>\n<li>Uniquement comme t\u00e9l\u00e9commande : l\u00e9gal dans le monde entier<\/li>\n<li>Comme t\u00e9l\u00e9commande en combinaison avec la d\u00e9tection laser : Consultez votre l\u00e9gislation nationale *<\/li>\n<li>Comme t\u00e9l\u00e9commande en combinaison avec une protection laser : Consultez votre l\u00e9gislation nationale *<\/li>\n<\/ul>\n<\/div>\n<div><\/div>\n<h3>LES CARACT\u00c9RISTIQUES UNIQUES DU LASER TRACK FLARE EN UN COUP D&rsquo;IL&nbsp;:<\/h3>\n<div><\/div>\n<div><strong>T\u00c9L\u00c9COMMANDE AU BESOIN<\/strong> Une t\u00e9l\u00e9commande enti\u00e8rement automatique pour toutes les marques de portails \u00e9lectriques, portes de garage et \u00e9clairage ext\u00e9rieur. Jusqu&rsquo;\u00e0 50 v\u00e9hicules ont acc\u00e8s \u00e0 chaque barri\u00e8re ou porte. Tous avec leur propre code de s\u00e9curit\u00e9 unique. Port\u00e9e moyenne avec une vue d\u00e9gag\u00e9e&nbsp;:&gt; 100 m\u00e8tres.<\/div>\n<div><\/div>\n<div><strong>PROTECTION LASER LORSQUE AUTORIS\u00c9E<\/strong> Si votre pays le permet, LaserTrack Flare peut \u00eatre programm\u00e9 en ligne pour fournir une protection compl\u00e8te et invisible (dissimul\u00e9e) contre toutes les armes laser de la police utilis\u00e9es en Europe.<\/div>\n<div><\/div>\n<div><strong>APR&nbsp;: LA NOUVELLE NORME DANS LE DOMAINE STEALTH<\/strong> Avec LaserTrack Flare, nous introduisons une premi\u00e8re mondiale dans le domaine de la protection invisible contre les armes laser&nbsp;: un retour d&rsquo;impulsion pr\u00e9cis. Brouillage rampant sans code bloqu\u00e9 dans l&rsquo;affichage du canon laser, comme le font d\u00e9j\u00e0 la plupart des fabricants. Avec APR, nous allons encore plus loin. Les canons laser modernes n&rsquo;affichent plus un motif sonore d\u00e9viant lors de la mesure des v\u00e9hicules \u00e9quip\u00e9s de LaserTrack Flare. La furtivit\u00e9 comme la furtivit\u00e9 devrait l&rsquo;\u00eatre !<\/div>\n<div><\/div>\n<div><strong>UTILISATION ET POSSESSION L\u00c9GALES<\/strong> Aucun probl\u00e8me juridique. En tant que t\u00e9l\u00e9commande, LaserTrack Flare est totalement l\u00e9gal dans le monde entier. Appuyer et maintenir enfonc\u00e9 un seul bouton sur l&rsquo;\u00e9cran restaurera les param\u00e8tres d&rsquo;usine et seule la fonction de t\u00e9l\u00e9commande restera active.<\/div>\n<div><\/div>\n<div><strong>PROGRAMMATION ET MISE \u00c0 JOUR<\/strong> Enti\u00e8rement programmable et \u00e9volutif sur notre interface web.<\/div>\n<div><\/div>\n<div><strong>INSTALLATION INVISIBLE, RAPIDE ET EXTR\u00caMEMENT AVANC\u00c9E<\/strong> Int\u00e9gration totalement invisible des transpondeurs dans le cadre de la plaque d&rsquo;immatriculation (disponible \u00e0 partir de mars 2018). Les transpondeurs extr\u00eamement petits et robustes ont chacun leur propre processeur 32 bits \u00e0 180 MHz pour des performances exceptionnelles et une fiabilit\u00e9 maximale dans les conditions les plus difficiles. Les syst\u00e8mes de lentilles avanc\u00e9s avec filtres IR pour les transpondeurs sont d\u00e9velopp\u00e9s en coop\u00e9ration avec les meilleurs sp\u00e9cialistes de l&rsquo;optique. Les lentilles garantissent une amplification maximale de la lumi\u00e8re incidente et un grand angle d&rsquo;ouverture. Ceci, combin\u00e9 au gain \u00e9lectronique le plus \u00e9lev\u00e9 de l&rsquo;industrie, cr\u00e9e une nouvelle norme de sensibilit\u00e9. L&rsquo;affichage minimal de LaserTrack Flare, encore une fois de loin le plus petit du genre, garantit des avertissements acoustiques et visuels en temps opportun dans votre voiture et est con\u00e7u de mani\u00e8re neutre, mais \u00e9l\u00e9gante. En option, l&rsquo;affichage peut \u00e9galement \u00eatre positionn\u00e9 de mani\u00e8re totalement invisible dans un espace existant sur le tableau de bord.<\/div>\n<div><\/div>\n<h3>INSTALLATION FACILE ET FIABLE PAR NOS REVENDEURS :<\/h3>\n<div><\/div>\n<div><strong>LE TESTEUR DE CAM\u00c9RA IR<\/strong> L&rsquo;alignement correct des transpondeurs laser est essentiel \u00e0 leur fonctionnement fiable. L&rsquo;alignement dans l&rsquo;industrie laser s&rsquo;effectue en standard \u00e0 l&rsquo;aide d&rsquo;un niveau \u00e0 bulle. L&rsquo;exp\u00e9rience montre qu&rsquo;aucune garantie ne peut en \u00eatre tir\u00e9e. Pour cette raison, nous avons d\u00e9velopp\u00e9 le testeur de cam\u00e9ra infrarouge. Cela rend l&rsquo;image lumineuse infrarouge du transpondeur visible sur un \u00e9cran d&rsquo;ordinateur portable pour un alignement correct. \u00c0 la fois verticalement et horizontalement. D\u00e9sormais, conduisez toujours avec des transpondeurs parfaitement align\u00e9s : une sensation de d\u00e9tente. Les transpondeurs LaserTrack Flare utilisent un protocole r\u00e9seau et sont interconnect\u00e9s. Cela les rend tr\u00e8s faciles \u00e0 installer, car un seul c\u00e2ble par groupe de transpondeurs doit traverser le pare-feu du v\u00e9hicule. Cela permet d&rsquo;\u00e9conomiser beaucoup de temps et d&rsquo;argent.<\/div>\n<div><\/div>\n<div>GARANTIE \u00c0 VIE Les bo\u00eetiers des transpondeurs LaserTrack sont fabriqu\u00e9s \u00e0 l&rsquo;aide d&rsquo;un proc\u00e9d\u00e9 de moulage thermique automobile pour une fiabilit\u00e9 maximale dans des conditions extr\u00eames. En tant que seul fabricant de lasers au monde, nous garantissons \u00e0 nos transpondeurs une garantie \u00e0 vie contre les infiltrations d&rsquo;eau*. * Les transpondeurs qui ont \u00e9t\u00e9 modifi\u00e9s ou qui pr\u00e9sentent de graves dommages physiques sont exclus de cette garantie.<\/div>\n<h3>Comparatif des bloqueurs laser<\/h3>\n<figure id=\"attachment_4145\" aria-describedby=\"caption-attachment-4145\" style=\"width: 980px\" class=\"wp-caption aligncenter\"><img loading=\"lazy\" decoding=\"async\" class=\"wp-image-4145 size-large\" src=\"https:\/\/www.radar-shop.eu\/wp-content\/uploads\/\/Laserjammer-Vergleich-1024x372.png\" alt=\"\" width=\"980\" height=\"356\"><figcaption id=\"caption-attachment-4145\" class=\"wp-caption-text\">Comparatif Laserjammer : Antilaser Priority &#8211; Stinger Laser &#8211; Lasertrack Flare<\/figcaption><\/figure>\n<p>LaserTrack Flare est la t\u00e9l\u00e9commande la plus innovante et la protection laser la plus puissante de tous les temps. De plus, LaserTrack Flare est beaucoup plus petit que tous les syst\u00e8mes pr\u00e9c\u00e9dents et peut \u00eatre install\u00e9 facilement, de mani\u00e8re fiable et presque invisible dans n&rsquo;importe quelle voiture.<\/p>\n","protected":false},"excerpt":{"rendered":"<p><strong>Ensemble de base, compos\u00e9 de :<\/strong><\/p>\n<ul>\n<li>Unit\u00e9 principale (unit\u00e9 de contr\u00f4le)<\/li>\n<li>Affichage des alarmes visuelles et sonores<\/li>\n<li>c\u00e2blage complet pour l&rsquo;installation<\/li>\n<li>capteur transpondeur<\/li>\n<\/ul>\n","protected":false},"featured_media":3666,"comment_status":"open","ping_status":"closed","template":"","meta":{"_kad_post_transparent":"","_kad_post_title":"","_kad_post_layout":"","_kad_post_sidebar_id":"","_kad_post_content_style":"","_kad_post_vertical_padding":"","_kad_post_feature":"","_kad_post_feature_position":"","_kad_post_header":false,"_kad_post_footer":false,"_kad_post_classname":""},"product_brand":[],"product_cat":[1026,975],"product_tag":[297,298],"class_list":{"0":"post-3792","1":"product","2":"type-product","3":"status-publish","4":"has-post-thumbnail","6":"product_cat-brouilleur-de-laser","7":"product_cat-track-technologies-target-fr","8":"product_tag-brouilleur-laser","9":"product_tag-fusee-de-piste-laser","11":"first","12":"instock","13":"sale","14":"taxable","15":"shipping-taxable","16":"purchasable","17":"product-type-variable","18":"has-default-attributes","19":"entry","20":"content-bg","21":"loop-entry"},"jetpack_sharing_enabled":true,"_links":{"self":[{"href":"https:\/\/radar-shop.com\/fr\/wp-json\/wp\/v2\/product\/3792","targetHints":{"allow":["GET"]}}],"collection":[{"href":"https:\/\/radar-shop.com\/fr\/wp-json\/wp\/v2\/product"}],"about":[{"href":"https:\/\/radar-shop.com\/fr\/wp-json\/wp\/v2\/types\/product"}],"replies":[{"embeddable":true,"href":"https:\/\/radar-shop.com\/fr\/wp-json\/wp\/v2\/comments?post=3792"}],"wp:featuredmedia":[{"embeddable":true,"href":"https:\/\/radar-shop.com\/fr\/wp-json\/wp\/v2\/media\/3666"}],"wp:attachment":[{"href":"https:\/\/radar-shop.com\/fr\/wp-json\/wp\/v2\/media?parent=3792"}],"wp:term":[{"taxonomy":"product_brand","embeddable":true,"href":"https:\/\/radar-shop.com\/fr\/wp-json\/wp\/v2\/product_brand?post=3792"},{"taxonomy":"product_cat","embeddable":true,"href":"https:\/\/radar-shop.com\/fr\/wp-json\/wp\/v2\/product_cat?post=3792"},{"taxonomy":"product_tag","embeddable":true,"href":"https:\/\/radar-shop.com\/fr\/wp-json\/wp\/v2\/product_tag?post=3792"}],"curies":[{"name":"wp","href":"https:\/\/api.w.org\/{rel}","templated":true}]}}