{"id":3801,"date":"2020-11-22T09:34:10","date_gmt":"2020-11-22T08:34:10","guid":{"rendered":"https:\/\/radar-shop.com\/produkt\/escort-redline-360c\/"},"modified":"2025-05-23T08:27:49","modified_gmt":"2025-05-23T06:27:49","slug":"escorte-redline-360c","status":"publish","type":"product","link":"https:\/\/radar-shop.com\/fr\/produit\/escorte-redline-360c\/","title":{"rendered":"ESCORT Redline 360c"},"content":{"rendered":"<div class=\"kpFeatures2__feature\">\n<div class=\"kpFeatures2__iconContainer\">\n<div class=\"kpFeatures1__feature2 relative aos-init aos-animate\" data-aos=\"fade-left\" data-aos-delay=\"800\" data-aos-anchor=\".kpFeatures1__featureWrapper2\">\n<p class=\"kpFeatures1__featureTitle\"><strong>L&rsquo;Escort Redline 360c<\/strong> n&rsquo;est pas pour tout le monde, seulement pour ceux qui attendent le meilleur. Pas de compromis, pas de compromis. Nous avons fourni le meilleur du meilleur pour les personnes qui attendent des performances haut de gamme.<\/p>\n<div class=\"kpFeatures1__feature1 relative aos-init aos-animate\" data-aos=\"fade-right\" data-aos-delay=\"800\" data-aos-anchor=\".kpFeatures1__featureWrapper1\">\n<h3 class=\"kpFeatures1__featureTitle\"><strong><img loading=\"lazy\" decoding=\"async\" class=\"wp-image-4384 alignright\" src=\"https:\/\/www.radar-shop.eu\/wp-content\/uploads\/\/ESCORT_RedLine360c_radar-detector-1024x576.jpg\" alt=\"Escort Redline 360c radar detector\" width=\"767\" height=\"431\" data-wp-editing=\"1\">Escorte Redline 360c <\/strong><\/h3>\n<p>PORT\u00c9E EXTR\u00caME<\/p>\n<p>D\u00e9tendez-vous, car gr\u00e2ce \u00e0 la port\u00e9e extr\u00eame (2X plus de port\u00e9e par rapport au Redline EX), vous savez exactement ce qui se trouve devant, derri\u00e8re et autour de vous.<\/p>\n<p>TOUJOURS VRAI. JAMAIS FAUX.<\/p>\n<p>Une pr\u00e9cision exceptionnelle sur les faux positifs (filtrage assist\u00e9 par IA) signifie que vous savez ce qu&rsquo;est une menace r\u00e9elle et ce qui ne l&rsquo;est pas *.<\/p>\n<p>AUGMENTEZ VOTRE EFFICACIT\u00c9<\/p>\n<p>Un puissant processeur Escort Redline 360c (25 fois plus que le Redline EX) garantit des temps de r\u00e9ponse rapides et des messages d&rsquo;avertissement plus rapides que jamais<\/p>\n<p>VOIR MAIS NE PAS \u00caTRE VOIR<\/p>\n<p>La technologie furtive avanc\u00e9e de l&rsquo;Escort Redline 360c (invisible pour tous les d\u00e9tecteurs RDD) garantit que vous restez compl\u00e8tement anonyme<\/p>\n<p>&nbsp;<\/p>\n<\/div>\n<\/div>\n<div class=\"kpFeatures1__feature2 relative aos-init aos-animate\" data-aos=\"fade-left\" data-aos-delay=\"1100\" data-aos-anchor=\".kpFeatures1__featureWrapper2\">\n<h3 class=\"kpFeatures1__featureTitle\"><img loading=\"lazy\" decoding=\"async\" class=\"alignright size-shop_isle_category_thumbnail wp-image-4394\" src=\"https:\/\/www.radar-shop.eu\/wp-content\/uploads\/\/Escort_Redline360c-500x500.jpg\" alt=\"\" width=\"500\" height=\"500\"><\/h3>\n<p>Une v\u00e9ritable reconnaissance directionnelle \u00e0 360 \u00b0 et une pr\u00e9cision de localisation jusqu&rsquo;\u00e0 2,5 m vous offrent un bouclier de protection complet<\/p>\n<p>PR\u00caT QUAND TU L&rsquo;ES<\/p>\n<p>Un r\u00e9seau de chauffeurs avec plus de 100 millions d&rsquo;alertes communautaires partag\u00e9es en temps r\u00e9el par an assure une protection maximale (\u00c9tats-Unis uniquement&nbsp;!)<\/p>\n<p>CONCEPTION \u00c0 TRIPLE ANTENNE<\/p>\n<p>Deux antennes \u00e0 l&rsquo;avant et une \u00e0 l&rsquo;arri\u00e8re offrent une port\u00e9e deux fois sup\u00e9rieure \u00e0 celle des mod\u00e8les pr\u00e9c\u00e9dents.<\/p>\n<p>FL\u00c8CHES D&rsquo;AVERTISSEMENT DIRECTIONNELLES<\/p>\n<p>Des fl\u00e8ches indiquent la direction de la source radar pour une protection \u00e0 360\u00b0.<\/p>\n<p>TECHNOLOGIE TOTALSHIELD\u2122<\/p>\n<p>La conception exclusive et v\u00e9ritablement furtive permet une utilisation sans \u00eatre d\u00e9tect\u00e9e.<\/p>\n<p>TECHNOLOGIE D&rsquo;AUTO-APPRENTISSAGE<\/p>\n<p>La technologie intelligente bas\u00e9e sur le GPS apprend les itin\u00e9raires et rejette les fausses alarmes.<\/p>\n<p>COMPATIBLE AVEC LES VEHICULES CONNECTES<\/p>\n<p>Le Wi-Fi int\u00e9gr\u00e9 permet le partage instantan\u00e9 des alertes et des mises \u00e0 jour logicielles.<\/p>\n<p>BASE DE DONN\u00c9ES DEFENDER<\/p>\n<p>Recevez des avertissements avanc\u00e9s des emplacements des feux rouges et des radars. (\u00c9tats-Unis uniquement&nbsp;!)<\/p>\n<p>BESOIN D&rsquo;AIDE POUR CONFIGURER CORRECTEMENT L&rsquo;AVERTISSEMENT RADAR ?<\/p>\n<p>&nbsp;<\/p>\n<\/div>\n<\/div>\n<\/div>\n<div class=\"kpFeatures2__feature\">\n<div><\/div>\n<\/div>\n<div class=\"kpFeatures2__feature\">\n<div>\n<h3 class=\"kpFeatures2__title\"><\/h3>\n<\/div>\n<\/div>\n<div class=\"kpFeatures2__feature\">\n<div>\n<h3 class=\"kpFeatures2__title\"><\/h3>\n<\/div>\n<\/div>\n","protected":false},"excerpt":{"rendered":"<p><strong>L&rsquo;Escort Redline 360c<\/strong> n&rsquo;est pas pour tout le monde, seulement pour ceux qui attendent le meilleur. Pas de compromis, pas de compromis.<\/p>\n","protected":false},"featured_media":3686,"comment_status":"open","ping_status":"closed","template":"","meta":{"_kad_post_transparent":"","_kad_post_title":"","_kad_post_layout":"","_kad_post_sidebar_id":"","_kad_post_content_style":"","_kad_post_vertical_padding":"","_kad_post_feature":"","_kad_post_feature_position":"","_kad_post_header":false,"_kad_post_footer":false,"_kad_post_classname":""},"product_brand":[],"product_cat":[1032,935],"product_tag":[306],"class_list":{"0":"post-3801","1":"product","2":"type-product","3":"status-publish","4":"has-post-thumbnail","6":"product_cat-avertisseurs-de-radars-mobiles","7":"product_cat-escort-fr","8":"product_tag-escorte-redline-360c","10":"first","11":"instock","12":"sale","13":"taxable","14":"shipping-taxable","15":"purchasable","16":"product-type-simple","17":"entry","18":"content-bg","19":"loop-entry"},"jetpack_sharing_enabled":true,"_links":{"self":[{"href":"https:\/\/radar-shop.com\/fr\/wp-json\/wp\/v2\/product\/3801","targetHints":{"allow":["GET"]}}],"collection":[{"href":"https:\/\/radar-shop.com\/fr\/wp-json\/wp\/v2\/product"}],"about":[{"href":"https:\/\/radar-shop.com\/fr\/wp-json\/wp\/v2\/types\/product"}],"replies":[{"embeddable":true,"href":"https:\/\/radar-shop.com\/fr\/wp-json\/wp\/v2\/comments?post=3801"}],"wp:featuredmedia":[{"embeddable":true,"href":"https:\/\/radar-shop.com\/fr\/wp-json\/wp\/v2\/media\/3686"}],"wp:attachment":[{"href":"https:\/\/radar-shop.com\/fr\/wp-json\/wp\/v2\/media?parent=3801"}],"wp:term":[{"taxonomy":"product_brand","embeddable":true,"href":"https:\/\/radar-shop.com\/fr\/wp-json\/wp\/v2\/product_brand?post=3801"},{"taxonomy":"product_cat","embeddable":true,"href":"https:\/\/radar-shop.com\/fr\/wp-json\/wp\/v2\/product_cat?post=3801"},{"taxonomy":"product_tag","embeddable":true,"href":"https:\/\/radar-shop.com\/fr\/wp-json\/wp\/v2\/product_tag?post=3801"}],"curies":[{"name":"wp","href":"https:\/\/api.w.org\/{rel}","templated":true}]}}