{"id":3807,"date":"2020-09-11T09:19:43","date_gmt":"2021-12-30T12:42:12","guid":{"rendered":"https:\/\/radar-shop.com\/produkt\/uniden-r7\/"},"modified":"2021-12-30T13:42:12","modified_gmt":"2021-12-30T12:42:12","slug":"uniden-r7-2","status":"publish","type":"product","link":"https:\/\/radar-shop.com\/fr\/produit\/uniden-r7-2\/","title":{"rendered":"Uniden R7"},"content":{"rendered":"<div class=\"list-row\">\n<p class=\"product-description\"><strong>Uniden R7&nbsp;:<\/strong> double radar et d\u00e9tecteur laser \u00e0 longue port\u00e9e extr\u00eame avec GPS int\u00e9gr\u00e9 d&rsquo;Uniden. Avec l&rsquo;Uniden R7, vous pouvez marquer des points g\u00e9ographiques o\u00f9 vous rencontrez souvent des transmissions radar. Il peut s&rsquo;agir de zones scolaires, de cam\u00e9ras aux feux rouges et d&rsquo;endroits o\u00f9 la police surveille fr\u00e9quemment la circulation. Vous pouvez marquer ces points de mani\u00e8re \u00e0 ce que la sortie vocale du d\u00e9tecteur de radar R3 annonce \u00ab&nbsp;User mark ahead&nbsp;\u00bb \u00e0 l&rsquo;approche. La fonction de notification vocale permet aux utilisateurs de choisir quel type de radar est d\u00e9tect\u00e9 (feu rouge, vitesse, etc.). Gr\u00e2ce \u00e0 la nouvelle antenne radar double, l&rsquo;Uniden affiche m\u00eame la direction, la bande et la force du signal pour chaque radar.<\/p>\n<\/div>\n<h3 class=\"list-row\">Caract\u00e9ristiques uniques de la s\u00e9rie R7<\/h3>\n<ul>\n<li class=\"list-row\">Radar Uniden R7<\/li>\n<li class=\"list-row\">D\u00e9tection radar laser longue port\u00e9e<\/li>\n<li class=\"list-row\">MRCD \/ MRCT (priorit\u00e9 d&rsquo;alarme : Laser, MRCD, Ka, K, X) avec tonalit\u00e9s personnalisables<\/li>\n<li class=\"list-row\">Les doubles antennes indiquent la direction du laser<\/li>\n<li class=\"list-row\">Notifications vocales<\/li>\n<li class=\"list-row\">Affichages de fr\u00e9quence de bande radar<\/li>\n<li class=\"list-row\">GPS pour les emplacements des feux rouges et des radars (US \/ CA \/ NZ)<\/li>\n<li class=\"list-row\">Jusqu&rsquo;\u00e0 2 000 verrouillages GPS<\/li>\n<li class=\"list-row\">\u00c9cran OLED facile \u00e0 lire<\/li>\n<li class=\"list-row\">Ensemble de marque utilisateur et notification vocale<\/li>\n<li class=\"list-row\">Filtres avanc\u00e9s de bande K et Ka<\/li>\n<li class=\"list-row\">Spectres I et IV &#8211; non d\u00e9tectable<\/li>\n<li class=\"list-row\">Affiche la force du signal et la tension de la batterie du v\u00e9hicule<\/li>\n<li class=\"list-row\">Max. Syst\u00e8me d&rsquo;avertissement de vitesse<\/li>\n<li class=\"list-row\">Supprimer le point de cam\u00e9ra de lumi\u00e8re rouge<\/li>\n<li class=\"list-row\">Tonalit\u00e9s d&rsquo;alarme s\u00e9lectionnables X, K, MRCD, Ka et Laserband<\/li>\n<li class=\"list-row\">Niveaux de sensibilit\u00e9 personnalis\u00e9s des bandes X, K et Ka<\/li>\n<li class=\"list-row\">Coupure automatique du niveau de volume (off, on : 0 &#8211; 5)<\/li>\n<li class=\"list-row\">Alarme vocale \u00e0 fr\u00e9quence Ka<\/li>\n<li class=\"list-row\">Att\u00e9nuer automatiquement<\/li>\n<li class=\"list-row\">Couper le son de l&rsquo;alarme d&rsquo;exc\u00e8s de vitesse<\/li>\n<li class=\"list-row\">Les fl\u00e8ches radar vous indiquent de quelle direction vient la menace<\/li>\n<li class=\"list-row\">D\u00e9tection laser 360\u00b0<\/li>\n<li class=\"list-row\">Grand \u00e9cran OLED ultra lumineux pour le jour et la nuit<\/li>\n<li class=\"list-row\">D\u00e9tection de cam\u00e9ra GPS aux feux rouges (UNIQUEMENT NOUS \/ CAN \/ NZ&nbsp;!)<\/li>\n<li class=\"list-row\">Processeur 50 % plus rapide<\/li>\n<\/ul>\n<h3>Qu&rsquo;y a-t-il dans la boite<\/h3>\n<ul>\n<li>Uniden R7<\/li>\n<li>Cordon d&rsquo;alimentation 12V DC avec prise RJ11<\/li>\n<li>Support de pare-brise (1 ventouse)<\/li>\n<li>Support de pare-brise (2 ventouses)<\/li>\n<li>Housse en n\u00e9opr\u00e8ne<\/li>\n<li>sac de transport<\/li>\n<li>cable USB<\/li>\n<li>Bande auto-agrippante<\/li>\n<li>Mode d&#8217;emploi<\/li>\n<\/ul>\n<div class=\"list-row\">\n<h3>Manuel d&rsquo;utilisation d&rsquo;Uniden<\/h3>\n<p><a href=\"https:\/\/www.radar-shop.eu\/wp-content\/uploads\/Uniden-R7-user-manual.pdf\" target=\"_blank\" rel=\"noopener\">Manuel d&rsquo;utilisation Uniden R7<\/a> (PDF)<\/p>\n<h3>Test de comparaison Uniden R7 vs Valentine One Gen2<\/h3>\n<p>Vortex (www.vortexradar.com), l&rsquo;un des meilleurs blogueurs YouTube pour les d\u00e9tecteurs de radar, a test\u00e9 et \u00e9valu\u00e9 l&rsquo;Uniden R7 par rapport au tout nouveau Valentine One Gen2.<\/p>\n<\/div>\n<div class=\"list-row\">\n<p><iframe loading=\"lazy\" src=\"https:\/\/www.youtube.com\/embed\/tHRxgc1Btfc?list=RDQM1ovYpyYs3f8\" width=\"964\" height=\"542\" frameborder=\"0\" allowfullscreen=\"allowfullscreen\"><\/iframe><\/p>\n<blockquote class=\"wp-embedded-content\" data-secret=\"LxB20FXb4W\"><p><a href=\"https:\/\/www.radar-shop.eu\/radar-detector-setup-tutorial\/\" target=\"_blank\" rel=\"noopener\">Radar Detector Setup Tutorial<\/a><\/p><\/blockquote>\n<p><iframe loading=\"lazy\" class=\"wp-embedded-content\" sandbox=\"allow-scripts\" security=\"restricted\" style=\"position: absolute; clip: rect(1px, 1px, 1px, 1px);\" title=\"&#8220;Radar Detector Setup Tutorial&#8221; &#8212; RADAR SHOP\" src=\"https:\/\/www.radar-shop.eu\/radar-detector-setup-tutorial\/embed\/#?secret=LxB20FXb4W\" data-secret=\"LxB20FXb4W\" width=\"600\" height=\"338\" frameborder=\"0\" marginwidth=\"0\" marginheight=\"0\" scrolling=\"no\"><\/iframe><\/p>\n<\/div>\n<p>&nbsp;<\/p>\n","protected":false},"excerpt":{"rendered":"<ul>\n<li class=\"list-row\">MRCD \/ MRCT (priorit\u00e9 d&rsquo;alarme : Laser, MRCD, Ka, K, X) avec tonalit\u00e9s personnalisables<\/li>\n<li class=\"list-row\">Les doubles antennes indiquent la direction du laser<\/li>\n<li class=\"list-row\">Notifications vocales<\/li>\n<li class=\"list-row\">Affichages de fr\u00e9quence de bande radar<\/li>\n<li class=\"list-row\">GPS pour les emplacements des feux rouges et des radars (US \/ CA \/ NZ)<\/li>\n<li class=\"list-row\">Jusqu&rsquo;\u00e0 2 000 verrouillages GPS<\/li>\n<li class=\"list-row\">\u00c9cran OLED facile \u00e0 lire<\/li>\n<li class=\"list-row\">Ensemble de marque utilisateur et notification vocale<\/li>\n<li class=\"list-row\">Filtres avanc\u00e9s de bande K et Ka<\/li>\n<li class=\"list-row\">Spectres I et IV &#8211; non d\u00e9tectable<\/li>\n<\/ul>\n","protected":false},"featured_media":3596,"comment_status":"open","ping_status":"closed","template":"","meta":{"_kad_post_transparent":"","_kad_post_title":"","_kad_post_layout":"","_kad_post_sidebar_id":"","_kad_post_content_style":"","_kad_post_vertical_padding":"","_kad_post_feature":"","_kad_post_feature_position":"","_kad_post_header":false,"_kad_post_footer":false,"_kad_post_classname":""},"product_brand":[],"product_cat":[1032,977],"product_tag":[],"class_list":{"0":"post-3807","1":"product","2":"type-product","3":"status-publish","4":"has-post-thumbnail","6":"product_cat-avertisseurs-de-radars-mobiles","7":"product_cat-uniden-fr","9":"first","10":"onbackorder","11":"taxable","12":"shipping-taxable","13":"purchasable","14":"product-type-simple","15":"entry","16":"content-bg","17":"loop-entry"},"jetpack_sharing_enabled":true,"_links":{"self":[{"href":"https:\/\/radar-shop.com\/fr\/wp-json\/wp\/v2\/product\/3807","targetHints":{"allow":["GET"]}}],"collection":[{"href":"https:\/\/radar-shop.com\/fr\/wp-json\/wp\/v2\/product"}],"about":[{"href":"https:\/\/radar-shop.com\/fr\/wp-json\/wp\/v2\/types\/product"}],"replies":[{"embeddable":true,"href":"https:\/\/radar-shop.com\/fr\/wp-json\/wp\/v2\/comments?post=3807"}],"wp:featuredmedia":[{"embeddable":true,"href":"https:\/\/radar-shop.com\/fr\/wp-json\/wp\/v2\/media\/3596"}],"wp:attachment":[{"href":"https:\/\/radar-shop.com\/fr\/wp-json\/wp\/v2\/media?parent=3807"}],"wp:term":[{"taxonomy":"product_brand","embeddable":true,"href":"https:\/\/radar-shop.com\/fr\/wp-json\/wp\/v2\/product_brand?post=3807"},{"taxonomy":"product_cat","embeddable":true,"href":"https:\/\/radar-shop.com\/fr\/wp-json\/wp\/v2\/product_cat?post=3807"},{"taxonomy":"product_tag","embeddable":true,"href":"https:\/\/radar-shop.com\/fr\/wp-json\/wp\/v2\/product_tag?post=3807"}],"curies":[{"name":"wp","href":"https:\/\/api.w.org\/{rel}","templated":true}]}}