{"id":3837,"date":"2021-12-22T07:19:16","date_gmt":"2021-12-30T12:42:38","guid":{"rendered":"https:\/\/radar-shop.com\/produkt\/cable-dinstallation-pour-escort\/"},"modified":"2025-05-23T06:18:43","modified_gmt":"2025-05-23T04:18:43","slug":"cable-dinstallation-pour-escorte","status":"publish","type":"product","link":"https:\/\/radar-shop.com\/fr\/produit\/cable-dinstallation-pour-escorte\/","title":{"rendered":"C\u00e2ble d&rsquo;installation pour Escort"},"content":{"rendered":"<p><strong>C\u00e2ble d&rsquo;installation fixe pour d\u00e9tecteur de radar Escort<\/strong> &#8211; ce c\u00e2ble d&rsquo;installation est particuli\u00e8rement adapt\u00e9 \u00e0 l&rsquo;installation invisible de l&rsquo;alimentation de votre d\u00e9tecteur de radar Escort. Le c\u00e2ble est connect\u00e9 directement \u00e0 l&rsquo;alimentation 12V du v\u00e9hicule. Le c\u00e2ble est \u00e9quip\u00e9 d&rsquo;un fusible s\u00e9par\u00e9 et \u00e9changeable contre les courts-circuits.<\/p>\n","protected":false},"excerpt":{"rendered":"<p><strong>C\u00e2ble fixe pour d\u00e9tecteurs de radar Escort<\/strong><\/p>\n","protected":false},"featured_media":3466,"comment_status":"open","ping_status":"closed","template":"","meta":{"_kad_post_transparent":"","_kad_post_title":"","_kad_post_layout":"","_kad_post_sidebar_id":"","_kad_post_content_style":"","_kad_post_vertical_padding":"","_kad_post_feature":"","_kad_post_feature_position":"","_kad_post_header":false,"_kad_post_footer":false,"_kad_post_classname":""},"product_brand":[],"product_cat":[1057],"product_tag":[],"class_list":{"0":"post-3837","1":"product","2":"type-product","3":"status-publish","4":"has-post-thumbnail","6":"product_cat-escort-accessoires","8":"first","9":"instock","10":"taxable","11":"shipping-taxable","12":"purchasable","13":"product-type-simple","14":"entry","15":"content-bg","16":"loop-entry"},"jetpack_sharing_enabled":true,"_links":{"self":[{"href":"https:\/\/radar-shop.com\/fr\/wp-json\/wp\/v2\/product\/3837","targetHints":{"allow":["GET"]}}],"collection":[{"href":"https:\/\/radar-shop.com\/fr\/wp-json\/wp\/v2\/product"}],"about":[{"href":"https:\/\/radar-shop.com\/fr\/wp-json\/wp\/v2\/types\/product"}],"replies":[{"embeddable":true,"href":"https:\/\/radar-shop.com\/fr\/wp-json\/wp\/v2\/comments?post=3837"}],"wp:featuredmedia":[{"embeddable":true,"href":"https:\/\/radar-shop.com\/fr\/wp-json\/wp\/v2\/media\/3466"}],"wp:attachment":[{"href":"https:\/\/radar-shop.com\/fr\/wp-json\/wp\/v2\/media?parent=3837"}],"wp:term":[{"taxonomy":"product_brand","embeddable":true,"href":"https:\/\/radar-shop.com\/fr\/wp-json\/wp\/v2\/product_brand?post=3837"},{"taxonomy":"product_cat","embeddable":true,"href":"https:\/\/radar-shop.com\/fr\/wp-json\/wp\/v2\/product_cat?post=3837"},{"taxonomy":"product_tag","embeddable":true,"href":"https:\/\/radar-shop.com\/fr\/wp-json\/wp\/v2\/product_tag?post=3837"}],"curies":[{"name":"wp","href":"https:\/\/api.w.org\/{rel}","templated":true}]}}