{"id":3838,"date":"2021-12-22T08:19:16","date_gmt":"2021-12-30T12:42:39","guid":{"rendered":"https:\/\/radar-shop.com\/produkt\/cable-de-remplacement-pour-navty\/"},"modified":"2023-11-02T22:12:19","modified_gmt":"2023-11-02T21:12:19","slug":"cable-de-remplacement-pour-navty","status":"publish","type":"product","link":"https:\/\/radar-shop.com\/fr\/produit\/cable-de-remplacement-pour-navty\/","title":{"rendered":"C\u00e2ble de remplacement pour Navty"},"content":{"rendered":"<p>C\u00e2ble de remplacement pour NAVTY P1 &#8211; (version compatible avec \u00e9clairage LED ainsi qu&rsquo;une connexion de charge USB pour le Navty P1 \u00e0 connecter \u00e0 l&rsquo;allume cigare. NOUVEAU : la tension d&rsquo;entr\u00e9e peut maintenant \u00eatre de 12 \u00e0 24 V.<\/p>\n<p>Raccord:<\/p>\n<ul>\n<li>NAVTY P1<\/li>\n<\/ul>\n","protected":false},"excerpt":{"rendered":"<p><strong>C\u00e2ble de remplacement avec interrupteur et chargeur USB<\/strong><\/p>\n<p>Raccord:<\/p>\n<ul>\n<li>NAVTY P1<\/li>\n<\/ul>\n","protected":false},"featured_media":3481,"comment_status":"open","ping_status":"closed","template":"","meta":{"_kad_post_transparent":"","_kad_post_title":"","_kad_post_layout":"","_kad_post_sidebar_id":"","_kad_post_content_style":"","_kad_post_vertical_padding":"","_kad_post_feature":"","_kad_post_feature_position":"","_kad_post_header":false,"_kad_post_footer":false,"_kad_post_classname":""},"product_brand":[],"product_cat":[1065,952],"product_tag":[],"class_list":{"0":"post-3838","1":"product","2":"type-product","3":"status-publish","4":"has-post-thumbnail","6":"product_cat-navty-accessoires","7":"product_cat-navty-fr","9":"first","10":"instock","11":"taxable","12":"shipping-taxable","13":"purchasable","14":"product-type-simple","15":"entry","16":"content-bg","17":"loop-entry"},"jetpack_sharing_enabled":true,"_links":{"self":[{"href":"https:\/\/radar-shop.com\/fr\/wp-json\/wp\/v2\/product\/3838","targetHints":{"allow":["GET"]}}],"collection":[{"href":"https:\/\/radar-shop.com\/fr\/wp-json\/wp\/v2\/product"}],"about":[{"href":"https:\/\/radar-shop.com\/fr\/wp-json\/wp\/v2\/types\/product"}],"replies":[{"embeddable":true,"href":"https:\/\/radar-shop.com\/fr\/wp-json\/wp\/v2\/comments?post=3838"}],"wp:featuredmedia":[{"embeddable":true,"href":"https:\/\/radar-shop.com\/fr\/wp-json\/wp\/v2\/media\/3481"}],"wp:attachment":[{"href":"https:\/\/radar-shop.com\/fr\/wp-json\/wp\/v2\/media?parent=3838"}],"wp:term":[{"taxonomy":"product_brand","embeddable":true,"href":"https:\/\/radar-shop.com\/fr\/wp-json\/wp\/v2\/product_brand?post=3838"},{"taxonomy":"product_cat","embeddable":true,"href":"https:\/\/radar-shop.com\/fr\/wp-json\/wp\/v2\/product_cat?post=3838"},{"taxonomy":"product_tag","embeddable":true,"href":"https:\/\/radar-shop.com\/fr\/wp-json\/wp\/v2\/product_tag?post=3838"}],"curies":[{"name":"wp","href":"https:\/\/api.w.org\/{rel}","templated":true}]}}