{"id":3852,"date":"2019-12-22T09:19:16","date_gmt":"2021-12-30T12:42:41","guid":{"rendered":"https:\/\/radar-shop.com\/produkt\/detecteur-de-camera-embarquee-et-radar-neoline-x-cop-9100s\/"},"modified":"2023-05-17T07:52:48","modified_gmt":"2023-05-17T05:52:48","slug":"detecteur-neoline-x-cop-9100s-dashcam-radar","status":"publish","type":"product","link":"https:\/\/radar-shop.com\/fr\/produit\/detecteur-neoline-x-cop-9100s-dashcam-radar\/","title":{"rendered":"D\u00e9tecteur de cam\u00e9ra embarqu\u00e9e et radar Neoline X-COP 9100s"},"content":{"rendered":"<h3>Neoline X-COP 9100s est la premi\u00e8re dashcam hybride au monde qui reconna\u00eet Multa Radar CD et CT.<\/h3>\n<p><strong>LE NOUVEAU RADAR D&rsquo;AVERTISSEMENT<\/strong> Neoline X-COP 9100s &#8211; Les nouveaux radars multiradars sont r\u00e9pandus en Europe. Ces syst\u00e8mes radar ont une structure de signal unique qui n\u00e9cessite une plate-forme sp\u00e9cifique pour \u00eatre d\u00e9tect\u00e9e. Le Neoline X-COP 9100s d\u00e9tecte MultaRadar dans une bande M sp\u00e9ciale et avertit l&rsquo;utilisateur d&rsquo;un tel radar.<\/p>\n<figure id=\"attachment_2627\" aria-describedby=\"caption-attachment-2627\" style=\"width: 300px\" class=\"wp-caption alignright\"><img loading=\"lazy\" decoding=\"async\" class=\"size-medium wp-image-2629\" src=\"https:\/\/www.radar-shop.eu\/wp-content\/uploads\/\/neoline-9100s-motion_control-300x225.png\" alt=\"neoline-9100s-motion_control\" width=\"300\" height=\"225\"><figcaption id=\"caption-attachment-2627\" class=\"wp-caption-text\"><strong style=\"font-family: -apple-system, BlinkMacSystemFont, 'Segoe UI', Roboto, Oxygen-Sans, Ubuntu, Cantarell, 'Helvetica Neue', sans-serif; font-size: 16px;\">Lors de la cr\u00e9ation du Neoline X-COP 9100, nous avons pris en compte les restrictions l\u00e9gales de diff\u00e9rents pays concernant l&rsquo;utilisation des d\u00e9tecteurs de radar. <\/strong>Cela permet \u00e0 l&rsquo;unit\u00e9 radar d&rsquo;\u00eatre facilement d\u00e9connect\u00e9e d&rsquo;un simple mouvement de la main et l&rsquo;appareil continue de fonctionner comme un informateur GPS. De plus, l&rsquo;appareil offre une protection tr\u00e8s efficace contre les appareils RDD Spectre 4 et Spectre Elite qui sont largement utilis\u00e9s en Europe.<\/figcaption><\/figure>\n<p><strong>Z-SIGNATURE-FILTER<\/strong> &#8211; \u00c9vite les fausses alarmes, en particulier des capteurs pour la d\u00e9tection des angles morts des autres voitures. Contrairement aux technologies similaires, les vrais radars de police ne sont pas bloqu\u00e9s de mani\u00e8re incorrecte.<\/p>\n<p>&nbsp;<\/p>\n<h3>ALERTE FLASH POI VIA GPS<\/h3>\n<p>BASE DE <strong>DONN\u00c9ES GPS<\/strong> MONDIALE &#8211; Les unit\u00e9s Neoline disposent d&rsquo;une base de donn\u00e9es de radars et de cam\u00e9ras int\u00e9gr\u00e9e qui contient les donn\u00e9es de plus de cent mille radars dans le monde (Europe, \u00c9tats-Unis, Isra\u00ebl, Moyen-Orient, Turquie, Australie, etc.). La base de donn\u00e9es est mise \u00e0 jour r\u00e9guli\u00e8rement sur neoline.com. Le Neoline X-COP 9100s int\u00e8gre des modules GPS et GLONASS pour la localisation la plus rapide et la plus pr\u00e9cise.<\/p>\n<p><strong>CAM\u00c9RAS DE CONTRLE DE LA CIRCULATION<\/strong> &#8211; Le Neoline X-COP 9100s vous informe de tous les contr\u00f4les de circulation et vous avertit \u00e0 l&rsquo;avance des types de radars suivants et \u00e9vite les amendes inutiles.<\/p>\n<p><strong>EXCELLENTE QUALIT\u00c9 DE FILM JOUR ET NUIT<\/strong> &#8211; Un processeur Ambarella puissant, des optiques en verre multi-objectifs et un capteur Sony garantissent une vid\u00e9o de haute qualit\u00e9. Un grand angle de vision de 135 degr\u00e9s permet de filmer quatre voies et un bord de route. Le mode nuit automatique permet de voir tous les d\u00e9tails dans les zones sombres de la route.<\/p>\n<p><strong>MODULE EXD PLUS<\/strong> &#8211; L&rsquo;appareil dispose d&rsquo;un module int\u00e9gr\u00e9 sensible aux ultrasons EXD Plus, qui permet une distance maximale de d\u00e9tection du radar de police dans les bandes K, Ka et M. L&rsquo;appareil est particuli\u00e8rement efficace en mode turbo et pr\u00e9vient des radars de faible puissance dirig\u00e9s vers l&rsquo;arri\u00e8re du v\u00e9hicule, tels que Gatso, Multanova 6F, Multa Radar, etc.<\/p>\n<p><strong>CONTRLE DES GESTES<\/strong> &#8211; Pour d\u00e9sactiver les messages audio et vocaux \u00e0 l&rsquo;approche du radar, placez simplement une main devant l&rsquo;\u00e9cran hybride. La technologie de contr\u00f4le de mouvement r\u00e9agit aux gestes et r\u00e9active le son dans les 6 secondes suivant la fin de la notification.<\/p>\n<h3>DETECTEURS RADAR<\/h3>\n<p><iframe loading=\"lazy\" src=\"https:\/\/www.youtube.com\/embed\/--1SZ9MMXtw\" width=\"1131\" height=\"636\" frameborder=\"0\" allowfullscreen=\"allowfullscreen\"><\/iframe><\/p>\n<p><strong>S\u00c9LECTION DE FR\u00c9QUENCE<\/strong> &#8211; Le menu Hybrid contient une fonction de s\u00e9lection de fr\u00e9quence. Selon le pays d&rsquo;utilisation, l&rsquo;hybride modifie les param\u00e8tres de d\u00e9tection dans diff\u00e9rentes plages de fr\u00e9quences et supprime \u00e9galement les faux signaux plus efficacement. Pour les utilisateurs exp\u00e9riment\u00e9s, un r\u00e9glage d\u00e9taill\u00e9 de l&rsquo;hybride est possible, y compris la d\u00e9sactivation de certaines fr\u00e9quences dans les zones K et Ka utilisent le fichier de configuration.<\/p>\n<p><strong>MODE X-COP<\/strong> &#8211; Le nouveau mode X-COP offre une commutation automatique des plages de fr\u00e9quences et des filtres de fausses alarmes, en fonction de la vitesse.<\/p>\n<p><strong>R\u00c9GLAGES DE LA BANDE K<\/strong> &#8211; Les utilisateurs exp\u00e9riment\u00e9s peuvent r\u00e9gler la bande K en fonction de la connaissance des fr\u00e9quences que les radars de police fonctionnent dans la zone d&rsquo;op\u00e9ration.<\/p>\n<ul>\n<li>Large fr\u00e9quence de 23,900 \u00e0 24,250 GHz &#8211; le r\u00e9glage standard pour la d\u00e9tection de tous les radars dans la bande K.<\/li>\n<li>\u00c9troit &#8211; fr\u00e9quence de 24,050 \u00e0 24,195 GHz &#8211; pour r\u00e9duire le nombre de fausses alarmes.<\/li>\n<li>Super-\u00e9troit &#8211; fr\u00e9quence de 24,050 \u00e0 24,125 GHz &#8211; pour minimiser le nombre de fausses alarmes.<\/li>\n<\/ul>\n<p><strong>D\u00c9SACTIVATION DE LA BANDE K EN MODE VILLE<\/strong> &#8211; L&rsquo;utilisateur peut d\u00e9sactiver la bande K en mode VILLE. Ceci est utile dans les grandes villes o\u00f9 il n&rsquo;y a pas de radars mobiles.<\/p>\n<p><strong>45 TYPES DE RADAR &#8211;<\/strong> Vous recevrez des informations sur le type de radar et la vitesse autoris\u00e9e pour le segment de route. Fournir des informations sur la distance \u00e0 un radar et la vitesse moyenne. La base de donn\u00e9es comprend 45 types de radars diff\u00e9rents. Chaque nouveau radar est imm\u00e9diatement ajout\u00e9 \u00e0 la base de donn\u00e9es et est disponible dans de nouvelles mises \u00e0 jour.<\/p>\n<p>&nbsp;<\/p>\n","protected":false},"excerpt":{"rendered":"<p><strong><span class=\"dotted-product-details\"><a href=\"https:\/\/www.radar-shop.eu\/de\/radarwarner-vergleich-deutschland\/\">COMPARAISON D&rsquo;AVERTISSEMENT RADAR<\/a><\/span><\/strong><br \/>\n<strong>Neoline X-COP 9100s est la premi\u00e8re dashcam hybride au monde qui reconna\u00eet les CD et CT de Multa Radar.<\/strong><\/p>\n<ul>\n<li>Vid\u00e9o HD avec un maximum de d\u00e9tails, de jour comme de nuit<\/li>\n<li>Mode HDR intelligent<\/li>\n<li>D\u00e9tection radar, y compris multiradar MRCD \/ MRCT<\/li>\n<li>GPS avec base de donn\u00e9es radar incl. Mises \u00e0 jour<\/li>\n<li>Ajouter\/supprimer des points de danger<\/li>\n<li>R\u00e9glage du rayon des zones dangereuses<\/li>\n<li>Modes de sensibilit\u00e9 Ville \/ Route \/ Turbo \/ \u0425-\u0421\u041e\u0420<\/li>\n<\/ul>\n","protected":false},"featured_media":3501,"comment_status":"open","ping_status":"closed","template":"","meta":{"_kad_post_transparent":"","_kad_post_title":"","_kad_post_layout":"","_kad_post_sidebar_id":"","_kad_post_content_style":"","_kad_post_vertical_padding":"","_kad_post_feature":"","_kad_post_feature_position":"","_kad_post_header":false,"_kad_post_footer":false,"_kad_post_classname":""},"product_brand":[],"product_cat":[1032,958],"product_tag":[346,347,349],"class_list":{"0":"post-3852","1":"product","2":"type-product","3":"status-publish","4":"has-post-thumbnail","6":"product_cat-avertisseurs-de-radars-mobiles","7":"product_cat-neoline-fr","8":"product_tag-dash-cam","9":"product_tag-dvr-fr","10":"product_tag-neoline-x-cop-9100","12":"first","13":"instock","14":"sale","15":"taxable","16":"shipping-taxable","17":"purchasable","18":"product-type-simple","19":"entry","20":"content-bg","21":"loop-entry"},"jetpack_sharing_enabled":true,"_links":{"self":[{"href":"https:\/\/radar-shop.com\/fr\/wp-json\/wp\/v2\/product\/3852","targetHints":{"allow":["GET"]}}],"collection":[{"href":"https:\/\/radar-shop.com\/fr\/wp-json\/wp\/v2\/product"}],"about":[{"href":"https:\/\/radar-shop.com\/fr\/wp-json\/wp\/v2\/types\/product"}],"replies":[{"embeddable":true,"href":"https:\/\/radar-shop.com\/fr\/wp-json\/wp\/v2\/comments?post=3852"}],"wp:featuredmedia":[{"embeddable":true,"href":"https:\/\/radar-shop.com\/fr\/wp-json\/wp\/v2\/media\/3501"}],"wp:attachment":[{"href":"https:\/\/radar-shop.com\/fr\/wp-json\/wp\/v2\/media?parent=3852"}],"wp:term":[{"taxonomy":"product_brand","embeddable":true,"href":"https:\/\/radar-shop.com\/fr\/wp-json\/wp\/v2\/product_brand?post=3852"},{"taxonomy":"product_cat","embeddable":true,"href":"https:\/\/radar-shop.com\/fr\/wp-json\/wp\/v2\/product_cat?post=3852"},{"taxonomy":"product_tag","embeddable":true,"href":"https:\/\/radar-shop.com\/fr\/wp-json\/wp\/v2\/product_tag?post=3852"}],"curies":[{"name":"wp","href":"https:\/\/api.w.org\/{rel}","templated":true}]}}