{"id":3855,"date":"2021-12-22T07:19:16","date_gmt":"2021-12-30T12:42:41","guid":{"rendered":"https:\/\/radar-shop.com\/produkt\/cable-de-remplacement-valentine-one\/"},"modified":"2025-05-23T20:34:58","modified_gmt":"2025-05-23T18:34:58","slug":"remplacement-cable-valentine-one","status":"publish","type":"product","link":"https:\/\/radar-shop.com\/fr\/produit\/remplacement-cable-valentine-one\/","title":{"rendered":"C\u00e2ble de remplacement Valentine One"},"content":{"rendered":"<div class=\"container product-main-content\">\n<div id=\"product-2513\" class=\"post-2513 product type-product status-publish has-post-thumbnail product_cat-radarwarner-zubehoer product_cat-whistler first instock taxable shipping-taxable purchasable product-type-simple\">\n<div class=\"woocommerce-tabs wc-tabs-wrapper\">\n<div id=\"tab-description\" class=\"woocommerce-Tabs-panel woocommerce-Tabs-panel--description panel entry-content wc-tab\" role=\"tabpanel\" aria-labelledby=\"tab-title-description\">\n<p><strong>C\u00e2ble de remplacement adapt\u00e9 au d\u00e9tecteur de radar Valentine One<\/strong> (pour connexion cigarette 12V)<\/p>\n<p>convient aussi pour :<\/p>\n<div class=\"content-blk\">\n<div class=\"row\">\n<div class=\"col-xs-12 col-sm-12\">\n<ul class=\"features\">\n<li>D\u00e9tecteur de radar laser\u00a0Uniden R4 R8<\/li>\n<li>Navty P1<\/li>\n<li>Escort BEL Beltronics Vector 940 V940 V955 V 955 795 V795<\/li>\n<li>Escort Solo S2 S3 SC55<\/li>\n<li>Escort Redline 9500<\/li>\n<li>ESCORT PASSPORT 7500 6800 iQ SC55 S3 C65 9500i 9500ix 8500 X50<\/li>\n<li>Beltronics BEL PRO 100 200 300 500 GX65 RX65 995 965 955<\/li>\n<li>Beltronics STi Driver STi Magnum Magnesium Construcion; XR70 XR950 XR650<\/li>\n<li>BEL Beltronics Vector 995 V8 V6 V995 965 955 895 Pro RX65 GX65 RX55 Professional Series<\/li>\n<\/ul>\n<\/div>\n<\/div>\n<\/div>\n<p>&nbsp;<\/p>\n<\/div>\n<\/div>\n<\/div>\n<\/div>\n","protected":false},"excerpt":{"rendered":"<p><strong>C\u00e2ble de remplacement adapt\u00e9 au d\u00e9tecteur de radar Valentine One<\/strong> (pour connexion cigarette 12V)<\/p>\n","protected":false},"featured_media":3444,"comment_status":"open","ping_status":"closed","template":"","meta":{"_kad_post_transparent":"","_kad_post_title":"","_kad_post_layout":"","_kad_post_sidebar_id":"","_kad_post_content_style":"","_kad_post_vertical_padding":"","_kad_post_feature":"","_kad_post_feature_position":"","_kad_post_header":false,"_kad_post_footer":false,"_kad_post_classname":""},"product_brand":[],"product_cat":[983,1071],"product_tag":[],"class_list":{"0":"post-3855","1":"product","2":"type-product","3":"status-publish","4":"has-post-thumbnail","6":"product_cat-valentine-one-fr","7":"product_cat-valentine-one-accessoires","9":"first","10":"instock","11":"taxable","12":"shipping-taxable","13":"purchasable","14":"product-type-simple","15":"entry","16":"content-bg","17":"loop-entry"},"jetpack_sharing_enabled":true,"_links":{"self":[{"href":"https:\/\/radar-shop.com\/fr\/wp-json\/wp\/v2\/product\/3855","targetHints":{"allow":["GET"]}}],"collection":[{"href":"https:\/\/radar-shop.com\/fr\/wp-json\/wp\/v2\/product"}],"about":[{"href":"https:\/\/radar-shop.com\/fr\/wp-json\/wp\/v2\/types\/product"}],"replies":[{"embeddable":true,"href":"https:\/\/radar-shop.com\/fr\/wp-json\/wp\/v2\/comments?post=3855"}],"wp:featuredmedia":[{"embeddable":true,"href":"https:\/\/radar-shop.com\/fr\/wp-json\/wp\/v2\/media\/3444"}],"wp:attachment":[{"href":"https:\/\/radar-shop.com\/fr\/wp-json\/wp\/v2\/media?parent=3855"}],"wp:term":[{"taxonomy":"product_brand","embeddable":true,"href":"https:\/\/radar-shop.com\/fr\/wp-json\/wp\/v2\/product_brand?post=3855"},{"taxonomy":"product_cat","embeddable":true,"href":"https:\/\/radar-shop.com\/fr\/wp-json\/wp\/v2\/product_cat?post=3855"},{"taxonomy":"product_tag","embeddable":true,"href":"https:\/\/radar-shop.com\/fr\/wp-json\/wp\/v2\/product_tag?post=3855"}],"curies":[{"name":"wp","href":"https:\/\/api.w.org\/{rel}","templated":true}]}}