{"id":3858,"date":"2017-12-22T09:19:16","date_gmt":"2017-12-22T08:19:16","guid":{"rendered":"https:\/\/radar-shop.com\/produkt\/valentine-one-detecteur-de-radar-europe\/"},"modified":"2021-12-30T13:42:42","modified_gmt":"2021-12-30T12:42:42","slug":"detecteur-de-radar-valentine-one-europe","status":"publish","type":"product","link":"https:\/\/radar-shop.com\/fr\/produit\/detecteur-de-radar-valentine-one-europe\/","title":{"rendered":"Valentine One &#8211; D\u00e9tecteur de radar Europe"},"content":{"rendered":"<p><strong>Le d\u00e9tecteur de radar Valentine One<\/strong> &#8211; Le V1 est le d\u00e9tecteur de radar classique et offre un radar mobile et un avertissement laser avec la plus grande port\u00e9e pour une utilisation contre les radars et les amendes en Allemagne, en Autriche et en Suisse. Le Valentine One de Valentine Research aide contre les radars mobiles, les radars et les lasers.<\/p>\n<h3>Avantages de la Saint-Valentin<\/h3>\n<ul>\n<li>D\u00e9tecteur de radar haut de gamme ultime avec avertissement laser pour une utilisation dans toute l&rsquo;Europe<\/li>\n<li>nombreuses possibilit\u00e9s d&rsquo;extension<\/li>\n<li>Avertisseur radar de r\u00e9f\u00e9rence depuis de nombreuses ann\u00e9es<\/li>\n<li>Vainqueur de plusieurs tests r\u00e9p\u00e9t\u00e9s des ann\u00e9es pr\u00e9c\u00e9dentes<\/li>\n<li>plus grande port\u00e9e (jusqu&rsquo;\u00e0 1000 m dans des conditions id\u00e9ales)<\/li>\n<li>Meilleure performance possible dans toute l&rsquo;Europe<\/li>\n<li>Radar avant et arri\u00e8re et antenne laser<\/li>\n<li>Sortie sonore brillante<\/li>\n<li>bo\u00eetier en m\u00e9tal de qualit\u00e9<\/li>\n<li>Affichage de la direction des signaux re\u00e7us au moyen de fl\u00e8ches LED<\/li>\n<li>Fonction d&rsquo;autotest au d\u00e9marrage<\/li>\n<li>Graphique LED (affiche la bande de fr\u00e9quence et la force du signal)<\/li>\n<li>Mode filtre ville \/ autoroute (r\u00e9duit les nuisances caus\u00e9es par les fausses alarmes)<\/li>\n<li>Contr\u00f4le du volume<\/li>\n<li>Accessoires complets pour le montage sur le pare-brise (ventouses)<\/li>\n<li>Emplacement s\u00e9curis\u00e9 &#8211; non ciblable \u00e9lectroniquement&nbsp;!<\/li>\n<li>Branchement : simplement sur l&rsquo;allume cigare et montage sur le pare brise (12 V)<\/li>\n<\/ul>\n<p>&nbsp;<\/p>\n<h3>Inconv\u00e9nients de Valentine One &#8211; \u00e9valuation actuelle dans la comparaison des d\u00e9tecteurs de radar 2019&nbsp;:<\/h3>\n<ul>\n<li>Les r\u00e9glages ne sont pas intuitifs (rien ne fonctionne sans mode d&#8217;emploi)<\/li>\n<li>pas de matrice et d&rsquo;affichage de texte<\/li>\n<li>Pas de GPS \u00e0 bord<\/li>\n<li>Pas de fonction de base de donn\u00e9es de d\u00e9tecteur de radar POI<\/li>\n<li>Protection inad\u00e9quate avec des radars install\u00e9s en permanence<\/li>\n<li>pas de sortie vocale<\/li>\n<li>d\u00e9tection MRCD \/ CT multiradars insuffisante<\/li>\n<li>relativement grand dans la comparaison d&rsquo;aujourd&rsquo;hui<\/li>\n<li>Mises \u00e0 jour possibles uniquement via Valentine Research USA<\/li>\n<\/ul>\n<h3>Recommandations actuelles d&rsquo;avertissement radar, en particulier pour l&rsquo;Allemagne et l&rsquo;Autriche<\/h3>\n<ul>\n<li><strong><a href=\"https:\/\/www.radar-shop.eu\/de\/produkt\/radarwarner-mobil\/navty-p1-performance-tracker\/\" target=\"_blank\" rel=\"noopener\">NAVTY P1 Premium Edition<\/a><\/strong> ( <a href=\"https:\/\/navty.com\/de\/support\/\" target=\"_blank\" rel=\"noopener\">micrologiciel NAVTY P1R<\/a> ) &#8211; incl. GPS et meilleur radar 3D et antenne multiradar (MRCD \/ MRCT \/ GATSO)<\/li>\n<li><a href=\"https:\/\/www.radar-shop.eu\/de\/produkt\/radarwarner-mobil\/genevo-one-m-edition\/\" target=\"_blank\" rel=\"noopener\"><strong>Genevo One M<\/strong><\/a> &#8211; incl. D\u00e9tection GPS et multiradar (MRCD \/ MRCT \/ GATSO)<\/li>\n<\/ul>\n<p>Les deux alternatives d&rsquo;avertissement radar offrent une utilisation plus facile au moyen d&rsquo;un menu texte et d&rsquo;une sortie vocale en allemand ainsi qu&rsquo;une excellente d\u00e9tection multi-radar.<\/p>\n<p><iframe loading=\"lazy\" width=\"640\" height=\"480\" src=\"https:\/\/www.youtube.com\/embed\/klGZHmUdIPg\" frameborder=\"0\" allow=\"accelerometer; autoplay; encrypted-media; gyroscope; picture-in-picture\" allowfullscreen=\"\"><\/iframe>&nbsp;<\/p>\n","protected":false},"excerpt":{"rendered":"<p><strong>Le d\u00e9tecteur de radar Valentine One<\/strong> &#8211; Le V1 est le d\u00e9tecteur de radar classique et offre un radar mobile et un avertissement laser avec la plus grande port\u00e9e pour une utilisation contre les radars en Allemagne, en Autriche et en Suisse. Le Valentine One de Valentine Research aide contre les radars mobiles, les radars et les lasers.<\/p>\n","protected":false},"featured_media":3491,"comment_status":"open","ping_status":"closed","template":"","meta":{"_kad_post_transparent":"","_kad_post_title":"","_kad_post_layout":"","_kad_post_sidebar_id":"","_kad_post_content_style":"","_kad_post_vertical_padding":"","_kad_post_feature":"","_kad_post_feature_position":"","_kad_post_header":false,"_kad_post_footer":false,"_kad_post_classname":""},"product_brand":[],"product_cat":[1032,983],"product_tag":[350,351],"class_list":{"0":"post-3858","1":"product","2":"type-product","3":"status-publish","4":"has-post-thumbnail","6":"product_cat-avertisseurs-de-radars-mobiles","7":"product_cat-valentine-one-fr","8":"product_tag-detecteur-de-radar-v1","9":"product_tag-saint-valentin","11":"first","12":"onbackorder","13":"sale","14":"taxable","15":"shipping-taxable","16":"purchasable","17":"product-type-simple","18":"entry","19":"content-bg","20":"loop-entry"},"jetpack_sharing_enabled":true,"_links":{"self":[{"href":"https:\/\/radar-shop.com\/fr\/wp-json\/wp\/v2\/product\/3858","targetHints":{"allow":["GET"]}}],"collection":[{"href":"https:\/\/radar-shop.com\/fr\/wp-json\/wp\/v2\/product"}],"about":[{"href":"https:\/\/radar-shop.com\/fr\/wp-json\/wp\/v2\/types\/product"}],"replies":[{"embeddable":true,"href":"https:\/\/radar-shop.com\/fr\/wp-json\/wp\/v2\/comments?post=3858"}],"wp:featuredmedia":[{"embeddable":true,"href":"https:\/\/radar-shop.com\/fr\/wp-json\/wp\/v2\/media\/3491"}],"wp:attachment":[{"href":"https:\/\/radar-shop.com\/fr\/wp-json\/wp\/v2\/media?parent=3858"}],"wp:term":[{"taxonomy":"product_brand","embeddable":true,"href":"https:\/\/radar-shop.com\/fr\/wp-json\/wp\/v2\/product_brand?post=3858"},{"taxonomy":"product_cat","embeddable":true,"href":"https:\/\/radar-shop.com\/fr\/wp-json\/wp\/v2\/product_cat?post=3858"},{"taxonomy":"product_tag","embeddable":true,"href":"https:\/\/radar-shop.com\/fr\/wp-json\/wp\/v2\/product_tag?post=3858"}],"curies":[{"name":"wp","href":"https:\/\/api.w.org\/{rel}","templated":true}]}}