{"id":3867,"date":"2021-12-22T09:18:50","date_gmt":"2021-12-30T12:43:53","guid":{"rendered":"https:\/\/radar-shop.com\/produkt\/whistler-gt-468gxi-europe-incl-mises-a-jour-a-vie\/"},"modified":"2025-12-13T23:30:21","modified_gmt":"2025-12-13T22:30:21","slug":"whistler-gt-468gxi-europe-inkl-lifetime-updates","status":"publish","type":"product","link":"https:\/\/radar-shop.com\/fr\/produit\/whistler-gt-468gxi-europe-inkl-lifetime-updates\/","title":{"rendered":"Whistler GT-468GXi Europe incl. MISES \u00c0 JOUR \u00c0 VIE&nbsp;!"},"content":{"rendered":"<p style=\"font-weight: 400;\"><strong>Le dernier d\u00e9tecteur de radar GPS radar laser Whistler GT468GXi<\/strong> est le nouveau mod\u00e8le haut de gamme radar \/ laser \/ GPS europ\u00e9en incl. Mises \u00e0 jour de la base de donn\u00e9es de l&rsquo;UE \u00e0 partir de Whistler. Par rapport aux mod\u00e8les pr\u00e9c\u00e9dents tels que le Pro-68SE, le Whistler GT-468 a \u00e9t\u00e9 sp\u00e9cialement d\u00e9velopp\u00e9 pour d\u00e9tecter les lasers et radars europ\u00e9ens (plusieurs segments laser r\u00e9glables dont Leica, Poliscan !).<\/p>\n<p style=\"font-weight: 400;\"><strong>Notre conseil sur les prix ! Ce mod\u00e8le haute performance<\/strong> dispose d&rsquo;une plage de d\u00e9tection pour l&rsquo;avertissement pr\u00e9alable en Europe avec le mode Ka NARROW PLUS, qui n&rsquo;est \u00e9mis que pour les fr\u00e9quences Ka suivantes&nbsp;: 34,0 GHz, 34,3 GHz et 35,5 GHz. En plus de l&rsquo;avertissement radar encore am\u00e9lior\u00e9, cet appareil propose de nouveaux filtres contre le r\u00e9gulateur de vitesse de distance et les assistants d&rsquo;angle mort actuels, ainsi qu&rsquo;un \u00e9cran OLED ergonomique. De plus, le GT468GXi offre une segmentation laser unique et une d\u00e9tection optimis\u00e9e avec un filtrage laser id\u00e9al en m\u00eame temps.<\/p>\n<p>Avec ce mod\u00e8le de d\u00e9tecteur de radar, Whistler dispose enfin d&rsquo;un appareil pour l&rsquo;Europe qui sait nous convaincre dans cette gamme de prix. Globalement, des innovations utiles ont \u00e9t\u00e9 mises en place, comme le filtrage de l&rsquo;assistant d&rsquo;angle mort ou la segmentation pour les alertes laser. Mais nous avons aussi aim\u00e9 la facilit\u00e9 d&rsquo;utilisation.<\/p>\n<ul>\n<li><strong>NOUVEAU&nbsp;: base de donn\u00e9es des radars POI pour la dur\u00e9e de vie en Europe incluse&nbsp;!<\/strong><\/li>\n<li>D\u00e9tecteurs radar\/laser utilisables dans toute l&rsquo;Europe<\/li>\n<li>\u00c9chantillonnage de toutes les fr\u00e9quences radar connues<\/li>\n<li>Protection totale \u00e0 360 \u00b0 (balayage vers l&rsquo;avant, lat\u00e9ralement et vers l&rsquo;arri\u00e8re)<\/li>\n<li>Modes silencieux \/ AutoQuiet (r\u00e9duit l&rsquo;alarme acoustique alors que l&rsquo;alarme visuelle est toujours active)<\/li>\n<li>Mode ville (r\u00e9duit les faux positifs)<\/li>\n<li>Segmentation laser<\/li>\n<li>Contr\u00f4le du volume<\/li>\n<li>S\u00e9quence de d\u00e9marrage automatique<\/li>\n<li>Non ciblable \u00e9lectroniquement&nbsp;!<\/li>\n<li>Excellent rapport qualit\u00e9\/prix !<\/li>\n<li>D\u00e9tecte les mesures laser europ\u00e9ennes (Traffi patrouille XR, Riegl, Jenoptik, Laveg, Truspeed et plus)<\/li>\n<li>Les modes laser r\u00e9glables permettent la s\u00e9lection de plusieurs fr\u00e9quences de pouls, y compris Traffipatrol XR, LISD et pistolets laser avec modes furtifs<\/li>\n<li>Identifiant de signature du radar de Whistler (RSID) Ka Band Radar Ka 33,8, 34,0, 34,3, 34,7 ou 35,5<\/li>\n<li>Branchement : simplement \u00e0 l&rsquo;allume cigare (12 V) inclus<\/li>\n<\/ul>\n<p>&nbsp;<\/p>\n<p style=\"text-align: center;\"><span style=\"color: #000080;\"><strong>RECOMMANDATION RADAR-SHOP.EU !<\/strong><\/span><\/p>\n","protected":false},"excerpt":{"rendered":"<p><strong><span class=\"dotted-product-details\"><a href=\"https:\/\/www.radar-shop.eu\/de\/radarwarner-vergleich-deutschland\/\">COMPARAISON D&rsquo;AVERTISSEMENT RADAR<\/a><\/span><br \/>\n<span style=\"color: #000080;\"><strong>RECOMMANDATION DE PRIX ET DE PERFORMANCE&nbsp;!<\/strong><\/span><\/strong><\/p>\n<ul>\n<li>D\u00e9tecteur de radar pour le tableau de bord<\/li>\n<li>met en garde contre les radars mobiles<\/li>\n<li>tr\u00e8s bon filtrage contre le r\u00e9gulateur de vitesse \u00e0 distance \/ les assistants d&rsquo;angle mort<\/li>\n<li>met en garde contre les radars fixes en Europe<\/li>\n<li>y compris la base de donn\u00e9es Europe Lifetime POI&nbsp;!<\/li>\n<li>met en garde contre les pistolets laser (y compris infrarouge&nbsp;!)<\/li>\n<li>Type d&rsquo;installation : poste de pilotage<\/li>\n<li><a title=\"Radarwarner kaufen\" href=\"https:\/\/www.radar-shop.eu\/de\/faq-radarwarner\/\">Acheter un d\u00e9tecteur de radar ? Quoi? Comment ca va?<\/a><\/li>\n<\/ul>\n","protected":false},"featured_media":3150,"comment_status":"open","ping_status":"closed","template":"","meta":{"_kad_post_transparent":"","_kad_post_title":"","_kad_post_layout":"","_kad_post_sidebar_id":"","_kad_post_content_style":"","_kad_post_vertical_padding":"","_kad_post_feature":"","_kad_post_feature_position":"","_kad_post_header":false,"_kad_post_footer":false,"_kad_post_classname":""},"product_brand":[],"product_cat":[1032,986],"product_tag":[],"class_list":{"0":"post-3867","1":"product","2":"type-product","3":"status-publish","4":"has-post-thumbnail","6":"product_cat-avertisseurs-de-radars-mobiles","7":"product_cat-whistler-fr","8":"product_shipping_class-livraison-gratuite","10":"first","11":"instock","12":"sale","13":"featured","14":"taxable","15":"shipping-taxable","16":"purchasable","17":"product-type-simple","18":"entry","19":"content-bg","20":"loop-entry"},"jetpack_sharing_enabled":true,"_links":{"self":[{"href":"https:\/\/radar-shop.com\/fr\/wp-json\/wp\/v2\/product\/3867","targetHints":{"allow":["GET"]}}],"collection":[{"href":"https:\/\/radar-shop.com\/fr\/wp-json\/wp\/v2\/product"}],"about":[{"href":"https:\/\/radar-shop.com\/fr\/wp-json\/wp\/v2\/types\/product"}],"replies":[{"embeddable":true,"href":"https:\/\/radar-shop.com\/fr\/wp-json\/wp\/v2\/comments?post=3867"}],"wp:featuredmedia":[{"embeddable":true,"href":"https:\/\/radar-shop.com\/fr\/wp-json\/wp\/v2\/media\/3150"}],"wp:attachment":[{"href":"https:\/\/radar-shop.com\/fr\/wp-json\/wp\/v2\/media?parent=3867"}],"wp:term":[{"taxonomy":"product_brand","embeddable":true,"href":"https:\/\/radar-shop.com\/fr\/wp-json\/wp\/v2\/product_brand?post=3867"},{"taxonomy":"product_cat","embeddable":true,"href":"https:\/\/radar-shop.com\/fr\/wp-json\/wp\/v2\/product_cat?post=3867"},{"taxonomy":"product_tag","embeddable":true,"href":"https:\/\/radar-shop.com\/fr\/wp-json\/wp\/v2\/product_tag?post=3867"}],"curies":[{"name":"wp","href":"https:\/\/api.w.org\/{rel}","templated":true}]}}