{"id":3879,"date":"2020-12-22T09:18:51","date_gmt":"2021-12-30T12:43:59","guid":{"rendered":"https:\/\/radar-shop.com\/produkt\/service-dinstallation-davertissement-radar-individuel\/"},"modified":"2025-07-11T12:34:29","modified_gmt":"2025-07-11T10:34:29","slug":"service-dinstallation-de-detecteur-de-radar-individuel","status":"publish","type":"product","link":"https:\/\/radar-shop.com\/fr\/produit\/service-dinstallation-de-detecteur-de-radar-individuel\/","title":{"rendered":"SERVICE D&rsquo;INSTALLATION D&rsquo;AVERTISSEMENT RADAR INDIVIDUEL"},"content":{"rendered":"<h1><span style=\"color: #000080;\">SERVICE D&rsquo;INSTALLATION D&rsquo;AVERTISSEMENT RADAR <\/span><\/h1>\n<p align=\"justify\"><strong>Service professionnel d&rsquo;installation de d\u00e9tecteurs de radar<\/strong> : Si vous \u00eates int\u00e9ress\u00e9, l&rsquo;installation par des m\u00e9caniciens automobiles \/ \u00e9lectriciens professionnels \u00e0 Heidelberg exp\u00e9riment\u00e9s dans l&rsquo;installation de ces appareils est tr\u00e8s flexible et discret en termes de temps (g\u00e9n\u00e9ralement vendredi apr\u00e8s-midi, week-end). Le temps d&rsquo;installation est g\u00e9n\u00e9ralement de 2 \u00e0 5 heures selon le syst\u00e8me, mais il peut \u00eatre un peu plus long pour les voitures exotiques. Le prix de l&rsquo;installation varie en cons\u00e9quence. En r\u00e8gle g\u00e9n\u00e9rale, les co\u00fbts d&rsquo;installation par nos professionnels exp\u00e9riment\u00e9s se situent entre 300 et 700 \u20ac.<\/p>\n<p align=\"justify\"><strong>Le technicien discutera personnellement avec vous de vos exigences et options d&rsquo;installation au pr\u00e9alable<\/strong> , afin que vous puissiez avoir une id\u00e9e de ce \u00e0 quoi ressemblera la solution \u00e0 l&rsquo;avance. Vous pouvez utiliser le temps pour une visite de la ville pendant l&rsquo;installation. De nombreux clients sont tr\u00e8s heureux de cette opportunit\u00e9. Des difficult\u00e9s ne peuvent survenir que dans de rares cas, par exemple s&rsquo;il n&rsquo;y a pas assez d&rsquo;espace \u00e0 l&rsquo;avant du v\u00e9hicule ou si le simple d\u00e9montage de pi\u00e8ces de carrosserie prendrait des heures et des outils sp\u00e9ciaux seraient n\u00e9cessaires.<\/p>\n<p align=\"justify\">Si vous souhaitez organiser l&rsquo;installation des appareils que vous avez command\u00e9s, veuillez ajouter cet article \u00e0 votre panier ou \u00e9crivez-nous simplement en indiquant le syst\u00e8me souhait\u00e9 et votre v\u00e9hicule avec le mod\u00e8le et l&rsquo;ann\u00e9e de fabrication. Nous pr\u00e9parerons imm\u00e9diatement une offre d&rsquo;installation individuelle pour votre v\u00e9hicule et l&rsquo;\u00e9tendue de l&rsquo;\u00e9quipement.<\/p>\n<h2 align=\"justify\">Exemples d&rsquo;installation de d\u00e9tecteur de radar<\/h2>\n<p><iframe loading=\"lazy\" src=\"https:\/\/www.youtube.com\/embed\/YAhTynQdl8k?ecver=1\" width=\"780\" height=\"439\" frameborder=\"0\" allowfullscreen=\"allowfullscreen\"><\/iframe><\/p>\n<p><iframe loading=\"lazy\" src=\"https:\/\/www.youtube.com\/embed\/_9MutDC3w5c?ecver=1\" width=\"780\" height=\"439\" frameborder=\"0\" allowfullscreen=\"allowfullscreen\"><\/iframe><\/p>\n<p><iframe loading=\"lazy\" src=\"https:\/\/www.youtube.com\/embed\/ydaX_y56suo?ecver=1\" width=\"780\" height=\"439\" frameborder=\"0\" allowfullscreen=\"allowfullscreen\"><\/iframe><\/p>\n<p><iframe loading=\"lazy\" src=\"https:\/\/www.youtube.com\/embed\/NX5yUN2bAd8?ecver=1\" width=\"780\" height=\"439\" frameborder=\"0\" allowfullscreen=\"allowfullscreen\"><\/iframe><\/p>\n<p><iframe loading=\"lazy\" src=\"https:\/\/www.youtube.com\/embed\/l1Uagmjogv0?ecver=1\" width=\"780\" height=\"439\" frameborder=\"0\" allowfullscreen=\"allowfullscreen\"><\/iframe><\/p>\n<p><iframe loading=\"lazy\" src=\"https:\/\/www.youtube.com\/embed\/XDNiYDpsLg4?ecver=1\" width=\"780\" height=\"439\" frameborder=\"0\" allowfullscreen=\"allowfullscreen\"><\/iframe><\/p>\n<p><iframe loading=\"lazy\" src=\"https:\/\/www.youtube.com\/embed\/p_V_sDWp2kk?ecver=1\" width=\"780\" height=\"439\" frameborder=\"0\" allowfullscreen=\"allowfullscreen\"><\/iframe><\/p>\n<p><iframe loading=\"lazy\" src=\"https:\/\/www.youtube.com\/embed\/0U3DSBzId6c?ecver=1\" width=\"780\" height=\"439\" frameborder=\"0\" allowfullscreen=\"allowfullscreen\"><\/iframe><\/p>\n<p><iframe loading=\"lazy\" src=\"https:\/\/www.youtube.com\/embed\/NtM4ooiWB4c?ecver=1\" width=\"780\" height=\"439\" frameborder=\"0\" allowfullscreen=\"allowfullscreen\"><\/iframe><\/p>\n<p><iframe loading=\"lazy\" src=\"https:\/\/www.youtube.com\/embed\/fzuRxbFNzWU?ecver=1\" width=\"780\" height=\"439\" frameborder=\"0\" allowfullscreen=\"allowfullscreen\"><\/iframe><\/p>\n<p><iframe loading=\"lazy\" src=\"https:\/\/www.youtube.com\/embed\/syhjwK5g214?ecver=1\" width=\"780\" height=\"439\" frameborder=\"0\" allowfullscreen=\"allowfullscreen\"><\/iframe><\/p>\n<p><iframe loading=\"lazy\" src=\"https:\/\/www.youtube.com\/embed\/KuuVucwuMjY?ecver=1\" width=\"780\" height=\"439\" frameborder=\"0\" allowfullscreen=\"allowfullscreen\"><\/iframe><\/p>\n<p><iframe loading=\"lazy\" src=\"https:\/\/www.youtube.com\/embed\/v8111oODoDw?ecver=1\" width=\"780\" height=\"439\" frameborder=\"0\" allowfullscreen=\"allowfullscreen\"><\/iframe><\/p>\n<p><iframe loading=\"lazy\" src=\"https:\/\/www.youtube.com\/embed\/3sC3XO2CT_8?ecver=1\" width=\"780\" height=\"439\" frameborder=\"0\" allowfullscreen=\"allowfullscreen\"><\/iframe><\/p>\n<p><iframe loading=\"lazy\" src=\"https:\/\/www.youtube.com\/embed\/wvuloHyRQrQ?ecver=1\" width=\"780\" height=\"439\" frameborder=\"0\" allowfullscreen=\"allowfullscreen\"><\/iframe><\/p>\n<p><iframe loading=\"lazy\" src=\"https:\/\/www.youtube.com\/embed\/RcxnK8w23h0?ecver=1\" width=\"780\" height=\"439\" frameborder=\"0\" allowfullscreen=\"allowfullscreen\"><\/iframe><\/p>\n","protected":false},"excerpt":{"rendered":"<p><strong><span style=\"color: #000080;\">Sur demande :<\/span> installation de d\u00e9tecteurs de radars par des techniciens automobiles professionnels \u00e0 Heidelberg.<\/strong> Le travail se fait de mani\u00e8re discr\u00e8te et flexible. Nous \u00e9tablirons une offre et un rendez-vous pour vous. Parlez-nous &#8211; installation discr\u00e8te de d\u00e9tecteurs de radar et de brouilleurs laser selon vos souhaits.<\/p>\n<p>Si vous souhaitez organiser l&rsquo;installation des appareils que vous avez command\u00e9s, veuillez ajouter cet article \u00e0 votre panier. Nous pr\u00e9parerons imm\u00e9diatement une offre d&rsquo;installation individuelle adapt\u00e9e \u00e0 votre v\u00e9hicule et \u00e0 l&rsquo;\u00e9tendue de l&rsquo;\u00e9quipement.<\/p>\n","protected":false},"featured_media":3239,"comment_status":"open","ping_status":"closed","template":"","meta":{"_kad_post_transparent":"default","_kad_post_title":"","_kad_post_layout":"default","_kad_post_sidebar_id":"","_kad_post_content_style":"default","_kad_post_vertical_padding":"default","_kad_post_feature":"","_kad_post_feature_position":"","_kad_post_header":false,"_kad_post_footer":false,"_kad_post_classname":""},"product_brand":[],"product_cat":[1106,990],"product_tag":[],"class_list":{"0":"post-3879","1":"product","2":"type-product","3":"status-publish","4":"has-post-thumbnail","6":"product_cat-installation-detecteur-de-radar","7":"product_cat-radar-shop-fr","9":"first","10":"instock","11":"taxable","12":"shipping-taxable","13":"purchasable","14":"product-type-simple","15":"entry","16":"content-bg","17":"loop-entry"},"jetpack_sharing_enabled":true,"_links":{"self":[{"href":"https:\/\/radar-shop.com\/fr\/wp-json\/wp\/v2\/product\/3879","targetHints":{"allow":["GET"]}}],"collection":[{"href":"https:\/\/radar-shop.com\/fr\/wp-json\/wp\/v2\/product"}],"about":[{"href":"https:\/\/radar-shop.com\/fr\/wp-json\/wp\/v2\/types\/product"}],"replies":[{"embeddable":true,"href":"https:\/\/radar-shop.com\/fr\/wp-json\/wp\/v2\/comments?post=3879"}],"wp:featuredmedia":[{"embeddable":true,"href":"https:\/\/radar-shop.com\/fr\/wp-json\/wp\/v2\/media\/3239"}],"wp:attachment":[{"href":"https:\/\/radar-shop.com\/fr\/wp-json\/wp\/v2\/media?parent=3879"}],"wp:term":[{"taxonomy":"product_brand","embeddable":true,"href":"https:\/\/radar-shop.com\/fr\/wp-json\/wp\/v2\/product_brand?post=3879"},{"taxonomy":"product_cat","embeddable":true,"href":"https:\/\/radar-shop.com\/fr\/wp-json\/wp\/v2\/product_cat?post=3879"},{"taxonomy":"product_tag","embeddable":true,"href":"https:\/\/radar-shop.com\/fr\/wp-json\/wp\/v2\/product_tag?post=3879"}],"curies":[{"name":"wp","href":"https:\/\/api.w.org\/{rel}","templated":true}]}}