{"id":3881,"date":"2018-03-21T08:18:50","date_gmt":"2021-12-30T12:43:59","guid":{"rendered":"https:\/\/radar-shop.com\/produkt\/genevo-gps\/"},"modified":"2021-12-30T13:43:59","modified_gmt":"2021-12-30T12:43:59","slug":"genevo-gps-2","status":"publish","type":"product","link":"https:\/\/radar-shop.com\/fr\/produit\/genevo-gps-2\/","title":{"rendered":"Genevo GPS +"},"content":{"rendered":"<p style=\"font-weight: 400;\"><strong>Genevo GPS + POI Warner<\/strong> peut \u00eatre utilis\u00e9 imm\u00e9diatement en d\u00e9placement sans assemblage et dispose de la base de donn\u00e9es actuelle de POI Europe des radars fixes en tant qu&rsquo;avertisseur de POI ind\u00e9pendant et complet avec sortie vocale allemande. De cette fa\u00e7on, vous serez inform\u00e9 des dangers de mani\u00e8re acoustique par la voix et sur l&rsquo;\u00e9cran matriciel. (Les mises \u00e0 jour des POI Europe pendant 1 an sont incluses)<\/p>\n<p style=\"font-weight: 400;\">\u00c9tant donn\u00e9 que le Genevo GPS + est g\u00e9n\u00e9ralement rang\u00e9 dans des \u00e9tag\u00e8res, l&rsquo;affichage matriciel peut \u00eatre facilement lu d&rsquo;en haut. Les 2 seuls boutons sont plac\u00e9s de telle mani\u00e8re qu&rsquo;un fonctionnement rapide est \u00e9galement possible dans une \u00e9tag\u00e8re.<\/p>\n<p><strong>De plus, le Genevo GPS + offre une option de connexion sans fil<\/strong> \u00e0 l&rsquo;antenne radar Genevo HD + disponible en option. Cette combinaison cr\u00e9e un syst\u00e8me d&rsquo;alerte radar \u00e0 part enti\u00e8re incl. GPS, qui fonctionne avec \u00e9l\u00e9gance sans c\u00e2blage complexe. L&rsquo;installation est beaucoup plus facile. Tous les composants pertinents sont install\u00e9s discr\u00e8tement et facilement.<\/p>\n<p style=\"font-weight: 400;\"><strong>Il vous suffit de fixer le GPS Genevo GPS + en quelques secondes<\/strong> \u00e0 l&rsquo;aide de ventouses sur le pare-brise ou la tablette et de connecter le c\u00e2ble de connexion \u00e0 l&rsquo;allume cigare. Ensuite, allumez-le et vous avez termin\u00e9. De cette fa\u00e7on, vous disposez d&rsquo;un moyen 100 % s\u00fbr et discret, en raison des petites dimensions de l&rsquo;appareil, d&rsquo;\u00eatre averti des syst\u00e8mes de mesure install\u00e9s en permanence dans toute l&rsquo;Europe.<\/p>\n<p style=\"font-weight: 400;\"><strong>Le Genevo GPS + contient les positions GPS de ces dispositifs flash en m\u00e9moire.<\/strong> Il pr\u00e9vient d&rsquo;une voix et d&rsquo;un clin d&rsquo;\u0153il \u00e0 temps avant que ces radars ne soient atteints. Le Genevo GPS + peut \u00e9galement vous avertir des radars mobiles et des pistolets laser. Achetez simplement l&rsquo;antenne d&rsquo;avertissement radar sans fil compatible avec un adaptateur radio int\u00e9gr\u00e9. Ensuite, la protection est presque parfaite. Vous pouvez mettre \u00e0 jour la m\u00e9moire du Genevo GPS + aussi souvent que vous le souhaitez \u00e0 l&rsquo;aide d&rsquo;un PC. Cette base de donn\u00e9es peut \u00eatre facilement mise \u00e0 jour. L&rsquo;appareil est mis \u00e0 jour tr\u00e8s rapidement et de mani\u00e8re fiable avec les derni\u00e8res donn\u00e9es via une interface USB. Vous serez enthousiaste.<\/p>\n<p style=\"font-weight: 400;\"><b><strong> <\/strong><\/b><\/p>\n<p style=\"font-weight: 400;\"><b><strong>Bref aper\u00e7u<\/strong><\/b><br \/>\n+ signale les syst\u00e8mes de mesure de vitesse install\u00e9s en permanence en Europe (avertissement POI)<br \/>\n+ La derni\u00e8re base de donn\u00e9es Europe est d\u00e9j\u00e0 pr\u00e9install\u00e9e<br \/>\n+ dont 1 an de mise \u00e0 jour gratuite des POI Europe (via genevo.de)<br \/>\n+ affichage matriciel compact et lumineux pour des avertissements optimaux<br \/>\n+ module GPS puissant pour un fonctionnement cach\u00e9 dans les \u00e9tag\u00e8res<br \/>\n+ Avertissement lors des mesures de Section Control<br \/>\n+ Avertissement de radars fixes<br \/>\n+ Avertissement des cam\u00e9ras de feux rouges et des clignotants de feux de circulation<br \/>\n+ Toutes les alarmes et le fonctionnement sont en allemand<br \/>\n<b><strong><br \/>\nEn option avec Genevo HD + : (peut \u00eatre achet\u00e9 s\u00e9par\u00e9ment ou en package) <\/strong><\/b><br \/>\n+ antenne d\u00e9tecteur radar haut de gamme r\u00e9sistante aux intemp\u00e9ries<br \/>\n+ avec connexion sans fil enti\u00e8rement automatique au GPS + avertisseur de POI<br \/>\n+ D\u00e9tection 360\u00b0 de radar mobile en Europe (bande X\/K\/Ka)<br \/>\n+ Avertissement de mesures laser (\u00e9galement Poliscan Speed !)<br \/>\n+ Filtre de r\u00e9ception radar \/ force librement r\u00e9glable<br \/>\n+ Genevo HD + livraison incl. mises \u00e0 jour de POI Europe \u00e0 vie&nbsp;!<\/p>\n<p>&nbsp;<\/p>\n<p><iframe loading=\"lazy\" src=\"https:\/\/www.youtube.com\/embed\/3PuaKz4K-Cs?ecver=1\" width=\"800\" height=\"380\" frameborder=\"0\" allowfullscreen=\"allowfullscreen\"><span data-mce-type=\"bookmark\" style=\"display: inline-block; width: 0px; overflow: hidden; line-height: 0;\" class=\"mce_SELRES_start\">\ufeff<\/span><\/iframe><\/p>\n","protected":false},"excerpt":{"rendered":"<p><strong>Le d\u00e9tecteur de radars GPS Genevo GPS +<\/strong> est un petit appareil avec un \u00e9cran tr\u00e8s haute r\u00e9solution et offre une base de donn\u00e9es de radars GPS int\u00e9gr\u00e9e pour une utilisation contre les radars fixes en Allemagne, en Autriche, en Suisse et dans toute l&rsquo;Europe avec sortie vocale allemande &#8211; commandez ici maintenant et \u00e9viter les amendes et les points.<\/p>\n<ul>\n<li>Compact avec \u00e9cran<\/li>\n<li>Sortie vocale allemand et anglais<\/li>\n<li>R\u00e9cepteur GPS interne (&amp; externe si n\u00e9cessaire)<\/li>\n<li>Disponible en option : antenne radar externe Genevo HD ou HDM<\/li>\n<li>(communication sans fil avec GPS +&gt; Effort d&rsquo;installation le plus faible)<\/li>\n<\/ul>\n","protected":false},"featured_media":3160,"comment_status":"open","ping_status":"closed","template":"","meta":{"_kad_post_transparent":"","_kad_post_title":"","_kad_post_layout":"","_kad_post_sidebar_id":"","_kad_post_content_style":"","_kad_post_vertical_padding":"","_kad_post_feature":"","_kad_post_feature_position":"","_kad_post_header":false,"_kad_post_footer":false,"_kad_post_classname":""},"product_brand":[],"product_cat":[1028,941],"product_tag":[377,378,375],"class_list":{"0":"post-3881","1":"product","2":"type-product","3":"status-publish","4":"has-post-thumbnail","6":"product_cat-avertisseurs-gps-poi","7":"product_cat-genevo-fr","8":"product_tag-avertisseur-de-poi","9":"product_tag-detecteur-radar","10":"product_tag-geneve","12":"first","13":"instock","14":"sale","15":"taxable","16":"shipping-taxable","17":"purchasable","18":"product-type-simple","19":"entry","20":"content-bg","21":"loop-entry"},"jetpack_sharing_enabled":true,"_links":{"self":[{"href":"https:\/\/radar-shop.com\/fr\/wp-json\/wp\/v2\/product\/3881","targetHints":{"allow":["GET"]}}],"collection":[{"href":"https:\/\/radar-shop.com\/fr\/wp-json\/wp\/v2\/product"}],"about":[{"href":"https:\/\/radar-shop.com\/fr\/wp-json\/wp\/v2\/types\/product"}],"replies":[{"embeddable":true,"href":"https:\/\/radar-shop.com\/fr\/wp-json\/wp\/v2\/comments?post=3881"}],"wp:featuredmedia":[{"embeddable":true,"href":"https:\/\/radar-shop.com\/fr\/wp-json\/wp\/v2\/media\/3160"}],"wp:attachment":[{"href":"https:\/\/radar-shop.com\/fr\/wp-json\/wp\/v2\/media?parent=3881"}],"wp:term":[{"taxonomy":"product_brand","embeddable":true,"href":"https:\/\/radar-shop.com\/fr\/wp-json\/wp\/v2\/product_brand?post=3881"},{"taxonomy":"product_cat","embeddable":true,"href":"https:\/\/radar-shop.com\/fr\/wp-json\/wp\/v2\/product_cat?post=3881"},{"taxonomy":"product_tag","embeddable":true,"href":"https:\/\/radar-shop.com\/fr\/wp-json\/wp\/v2\/product_tag?post=3881"}],"curies":[{"name":"wp","href":"https:\/\/api.w.org\/{rel}","templated":true}]}}