{"id":3906,"date":"2019-11-22T09:18:50","date_gmt":"2021-12-30T12:44:05","guid":{"rendered":"https:\/\/radar-shop.com\/produkt\/whistler-gt-130-xi-euro\/"},"modified":"2025-05-23T12:35:42","modified_gmt":"2025-05-23T10:35:42","slug":"siffleur-gt-130-xi-euro","status":"publish","type":"product","link":"https:\/\/radar-shop.com\/fr\/produit\/siffleur-gt-130-xi-euro\/","title":{"rendered":"WHISTLER GT-130 XI EURO"},"content":{"rendered":"<h1>D\u00e9tecteur radar Whistler GT 130Xi<\/h1>\n<ul>\n<li>Successeur am\u00e9lior\u00e9 du tr\u00e8s r\u00e9ussi et bien connu Whistler 948 euros<\/li>\n<li>Avertisseur radar \/ laser con\u00e7u et d\u00e9velopp\u00e9 pour une utilisation dans toute l&rsquo;Europe &#8211; <strong>avec mode d&#8217;emploi allemand<\/strong><\/li>\n<li>\u00c9chantillonnage de toutes les fr\u00e9quences radar connues<\/li>\n<li>Excellent rapport qualit\u00e9\/prix<\/li>\n<li>L&rsquo;affichage des ic\u00f4nes montre diff\u00e9rents symboles en fonction de la bande radar re\u00e7ue<\/li>\n<li>Mode Ka Narrow pour les fr\u00e9quences Ka n\u00e9cessaires de l&rsquo;UE : 34,0 GHz et 34,3 GHz<\/li>\n<li>Scanne les pistolets laser europ\u00e9ens (Traffi patrouille XR, Riegl, Jenoptik, Laveg, Truspeed et autres)<\/li>\n<li>Balayage en mode POP\u2122 (pas n\u00e9cessaire en DE\/AT)<\/li>\n<li>Couverture maximale \u00e0 360 \u00b0 de l&rsquo;avant, du c\u00f4t\u00e9 et de l&rsquo;arri\u00e8re<\/li>\n<li>3 modes de ville (City, City 1, City 2) r\u00e9duisent les perturbations caus\u00e9es par les fausses alarmes<\/li>\n<li>Le mode faible\/sombre r\u00e9duit la luminosit\u00e9 de l&rsquo;\u00e9cran.<\/li>\n<li>Mode sombre, pour affichage uniquement en cas d&rsquo;alarme.<\/li>\n<li>Diff\u00e9rentes alarmes acoustiques selon la bande radar re\u00e7ue<\/li>\n<li>Modes silencieux \/ silencieux automatique<\/li>\n<li>Priorit\u00e9 d&rsquo;alerte &#8211; en fonction de son importance, l&rsquo;alarme la plus importante est affich\u00e9e en premier<\/li>\n<li>Protection \u00e0 360 \u00b0 (balayage vers l&rsquo;avant, lat\u00e9ralement et vers l&rsquo;arri\u00e8re)<\/li>\n<li>Modes silencieux \/ AutoQuiet (r\u00e9duit l&rsquo;alarme acoustique alors que l&rsquo;alarme visuelle est toujours active)<\/li>\n<li>Mode ville (r\u00e9duit les nuisances caus\u00e9es par les faux positifs)<\/li>\n<li>Contr\u00f4le du volume<\/li>\n<li>S\u00e9quence de d\u00e9marrage automatique (test de fonctionnement de toutes les fr\u00e9quences)<\/li>\n<li>Non ciblable \u00e9lectroniquement&nbsp;!<\/li>\n<li>Branchement : simplement \u00e0 l&rsquo;allume cigare (12 V)<\/li>\n<\/ul>\n<p>&nbsp;<\/p>\n","protected":false},"excerpt":{"rendered":"<p><strong><span class=\"dotted-product-details\"><a href=\"https:\/\/www.radar-shop.eu\/de\/radarwarner-vergleich-deutschland\/\">COMPARAISON D&rsquo;AVERTISSEMENT RADAR<\/a><\/span><\/strong><br \/>\n<span style=\"color: #000080;\"><strong>MEILLEUR APPAREIL POUR D\u00c9BUTANT&nbsp;!<\/strong><\/span><\/p>\n<ul>\n<li><span style=\"font-family: Verdana;\">D\u00e9tecteur radar pour le tableau de bord<\/span><\/li>\n<li><span style=\"font-family: Verdana;\">met en garde contre les radars mobiles<\/span><\/li>\n<li><span style=\"font-family: Verdana;\">met en garde contre les pistolets laser<\/span><\/li>\n<li><span style=\"font-family: Verdana;\">Type d&rsquo;installation : poste de pilotage<\/span><\/li>\n<li><a class=\"\" title=\"Radarwarner kaufen\" href=\"https:\/\/www.radar-shop.eu\/faq-radarwarner\/\"><span style=\"font-family: Verdana;\">Acheter un d\u00e9tecteur de radar ? Quoi? Comment ca va?<\/span><\/a><\/li>\n<\/ul>\n<p>&nbsp;<\/p>\n","protected":false},"featured_media":3140,"comment_status":"open","ping_status":"closed","template":"","meta":{"_kad_post_transparent":"","_kad_post_title":"","_kad_post_layout":"","_kad_post_sidebar_id":"","_kad_post_content_style":"","_kad_post_vertical_padding":"","_kad_post_feature":"","_kad_post_feature_position":"","_kad_post_header":false,"_kad_post_footer":false,"_kad_post_classname":""},"product_brand":[],"product_cat":[1032,986],"product_tag":[404],"class_list":{"0":"post-3906","1":"product","2":"type-product","3":"status-publish","4":"has-post-thumbnail","6":"product_cat-avertisseurs-de-radars-mobiles","7":"product_cat-whistler-fr","8":"product_tag-whistler-fr","10":"first","11":"instock","12":"sale","13":"taxable","14":"shipping-taxable","15":"purchasable","16":"product-type-simple","17":"entry","18":"content-bg","19":"loop-entry"},"jetpack_sharing_enabled":true,"_links":{"self":[{"href":"https:\/\/radar-shop.com\/fr\/wp-json\/wp\/v2\/product\/3906","targetHints":{"allow":["GET"]}}],"collection":[{"href":"https:\/\/radar-shop.com\/fr\/wp-json\/wp\/v2\/product"}],"about":[{"href":"https:\/\/radar-shop.com\/fr\/wp-json\/wp\/v2\/types\/product"}],"replies":[{"embeddable":true,"href":"https:\/\/radar-shop.com\/fr\/wp-json\/wp\/v2\/comments?post=3906"}],"wp:featuredmedia":[{"embeddable":true,"href":"https:\/\/radar-shop.com\/fr\/wp-json\/wp\/v2\/media\/3140"}],"wp:attachment":[{"href":"https:\/\/radar-shop.com\/fr\/wp-json\/wp\/v2\/media?parent=3906"}],"wp:term":[{"taxonomy":"product_brand","embeddable":true,"href":"https:\/\/radar-shop.com\/fr\/wp-json\/wp\/v2\/product_brand?post=3906"},{"taxonomy":"product_cat","embeddable":true,"href":"https:\/\/radar-shop.com\/fr\/wp-json\/wp\/v2\/product_cat?post=3906"},{"taxonomy":"product_tag","embeddable":true,"href":"https:\/\/radar-shop.com\/fr\/wp-json\/wp\/v2\/product_tag?post=3906"}],"curies":[{"name":"wp","href":"https:\/\/api.w.org\/{rel}","templated":true}]}}