{"id":3909,"date":"2022-07-15T09:21:52","date_gmt":"2021-12-30T12:44:09","guid":{"rendered":"https:\/\/radar-shop.com\/produkt\/navty-p1-edition-premium-performance\/"},"modified":"2025-09-02T05:40:35","modified_gmt":"2025-09-02T03:40:35","slug":"navty-p1-performance-premium-edition-2","status":"publish","type":"product","link":"https:\/\/radar-shop.com\/fr\/produit\/navty-p1-performance-premium-edition-2\/","title":{"rendered":"Navty P1 &#8211; \u00c9dition Premium"},"content":{"rendered":"<p><strong>NAVTY P1 &#8211; plus de s\u00e9curit\u00e9, de libert\u00e9 et de plaisir de conduire<\/strong><\/p>\n<p><img loading=\"lazy\" decoding=\"async\" class=\"alignnone size-full wp-image-5935\" src=\"https:\/\/radar-shop.com\/wp-content\/uploads\/2021\/12\/navtyp1-car-1.jpg\" alt=\"Navty P1 Car\" width=\"1024\" height=\"719\" srcset=\"https:\/\/radar-shop.com\/wp-content\/uploads\/2021\/12\/navtyp1-car-1.jpg 1024w, https:\/\/radar-shop.com\/wp-content\/uploads\/2021\/12\/navtyp1-car-1-300x211.jpg 300w, https:\/\/radar-shop.com\/wp-content\/uploads\/2021\/12\/navtyp1-car-1-768x539.jpg 768w\" sizes=\"auto, (max-width: 1024px) 100vw, 1024px\" \/><\/p>\n<h3 style=\"text-align: center;\">\/\/\/\/ 0 &#8211; 100 km\/h &#8211; 2.9s<\/h3>\n<p><strong>Mesure des performances<\/strong> &#8211; vous obtenez une mesure exacte de votre vitesse et de vos performances de conduite via GPS. La mesure de l&rsquo;acc\u00e9l\u00e9ration (0-100 \/ 0-200 \/ 0-300 km \/ h) a lieu \u00e0 tout moment et de mani\u00e8re enti\u00e8rement automatique. Les donn\u00e9es de mesure r\u00e9elles vous permettent de comparer les donn\u00e9es de votre v\u00e9hicule avec les sp\u00e9cifications d&rsquo;usine ou avec d&rsquo;autres v\u00e9hicules.<\/p>\n<h3>Plus de protection. Moins de risques d&rsquo;accidents. Permis de conduire et amende pr\u00e9vention.<\/h3>\n<p><img loading=\"lazy\" decoding=\"async\"  class=\"alignleft size-full wp-image-5945\" src=\"https:\/\/radar-shop.com\/wp-content\/uploads\/2021\/12\/NAVTY-section-control.jpg\" alt=\"Navty P1 Section Control\" width=\"550\" height=\"824\" srcset=\"https:\/\/radar-shop.com\/wp-content\/uploads\/2021\/12\/NAVTY-section-control.jpg 935w, https:\/\/radar-shop.com\/wp-content\/uploads\/2021\/12\/NAVTY-section-control-200x300.jpg 200w, https:\/\/radar-shop.com\/wp-content\/uploads\/2021\/12\/NAVTY-section-control-684x1024.jpg 684w, https:\/\/radar-shop.com\/wp-content\/uploads\/2021\/12\/NAVTY-section-control-768x1150.jpg 768w\" sizes=\"auto, (max-width: 550px) 100vw, 550px\" \/><\/p>\n<p><strong>Prot\u00e9gez votre permis de conduire et \u00e9conomisez jusqu&rsquo;\u00e0 90 % d&rsquo;amendes. <\/strong> &#8211; Avec le micrologiciel gratuit P1R, des fonctions telles que les zones de danger, l&rsquo;avertissement de radars POI, la technologie 3D multiradar et la d\u00e9tection laser peuvent \u00eatre activ\u00e9es.<\/p>\n<p><strong>Zones de danger et surveillance du trafic<\/strong> &#8211; notre base de donn\u00e9es vous informe dans toute l&rsquo;Europe des zones de danger et de la surveillance du trafic tels que les radars fixes \/ les cam\u00e9ras de feux de circulation \/ le contr\u00f4le de section (contr\u00f4les de section d&rsquo;itin\u00e9raire). De plus, vous pouvez ajouter et g\u00e9rer vos propres points de danger.<\/p>\n<h4>Des performances \u00e9lev\u00e9es pour plus de s\u00e9curit\u00e9<\/h4>\n<p><strong>Radar de performance 3D et avertissement laser en temps r\u00e9el<\/strong> &#8211; avec le micrologiciel gratuit P1R, la fonction d&rsquo;avertissement radar et laser du NAVTY P1 est \u00e9galement activ\u00e9e. La derni\u00e8re technologie 3D multaradar et les capteurs laser \u00e0 360 \u00b0 avertissent de mani\u00e8re fiable des radars mobiles ou des mesures de vitesse par laser. (bande K segmentable, bande KA segmentable, bande X, Multaradar CD, Multaradar CT, Gatso RT3, Gatso RT4 et laser).<\/p>\n<p><strong>Mode d\u00e9butant<\/strong> &#8211; Vous ne savez pas comment utiliser un d\u00e9tecteur de radar&nbsp;? Avec nos param\u00e8tres recommand\u00e9s, vous pouvez commencer \u00e0 utiliser votre P1 quelques secondes apr\u00e8s avoir copi\u00e9 le firmware du P1R \u00e0 l&rsquo;aide d&rsquo;une cl\u00e9 USB.<\/p>\n<p><strong>Fonctions PRO<\/strong> &#8211; Pour les experts et les passionn\u00e9s, le P1 propose \u00e9galement une mesure pr\u00e9cise de la fr\u00e9quence de bande, mais aussi un affichage de plusieurs mesures radar simultan\u00e9es ainsi que la s\u00e9lection et la segmentation plus fine des diff\u00e9rentes bandes radar pour des performances optimis\u00e9es.<\/p>\n<p>Meilleure <strong>technologie de filtrage en profondeur intelligent de sa cat\u00e9gorie &#8211;<\/strong> le d\u00e9tecteur de radar NAVTY P1 poss\u00e8de, en plus de la plus grande antenne radar de sa cat\u00e9gorie, l&rsquo;un des meilleurs syst\u00e8mes de filtrage \u00e0 bord, ce qui permet de r\u00e9duire au minimum les fausses alarmes. Par rapport \u00e0 d&rsquo;autres appareils de r\u00e9f\u00e9rence, le NAVTY P1 atteint des d\u00e9lais d&rsquo;avertissement jusqu&rsquo;\u00e0 10 fois sup\u00e9rieurs \u00e0 la norme multiradar actuelle. V\u00e9rifiez par vous-m\u00eame.<\/p>\n<p><img loading=\"lazy\" decoding=\"async\" class=\"alignright size-full wp-image-5940\" src=\"https:\/\/radar-shop.com\/wp-content\/uploads\/2021\/12\/NAVTY-P1-Gefahrenstelle.jpg\" alt=\"Navty P1 Gefahrenstelle\"  width=\"480\" height=\"479\" srcset=\"https:\/\/radar-shop.com\/wp-content\/uploads\/2021\/12\/NAVTY-P1-Gefahrenstelle.jpg 800w, https:\/\/radar-shop.com\/wp-content\/uploads\/2021\/12\/NAVTY-P1-Gefahrenstelle-300x300.jpg 300w, https:\/\/radar-shop.com\/wp-content\/uploads\/2021\/12\/NAVTY-P1-Gefahrenstelle-150x150.jpg 150w, https:\/\/radar-shop.com\/wp-content\/uploads\/2021\/12\/NAVTY-P1-Gefahrenstelle-768x767.jpg 768w, https:\/\/radar-shop.com\/wp-content\/uploads\/2021\/12\/NAVTY-P1-Gefahrenstelle-465x465.jpg 465w, https:\/\/radar-shop.com\/wp-content\/uploads\/2021\/12\/NAVTY-P1-Gefahrenstelle-100x100.jpg 100w\" sizes=\"auto, (max-width: 480px) 100vw, 480px\" \/><\/p>\n<h4>RDD furtif.<\/h4>\n<p>L\u00e9gal dans <strong>toute l&rsquo;Europe<\/strong> &#8211; dans certains pays, l&rsquo;avertissement de surveillance du trafic n&rsquo;est pas autoris\u00e9. Afin que vous puissiez utiliser votre NAVTY pour la mesure de performance dans toute l&rsquo;Europe sans soucis, vous pouvez supprimer le firmware suppl\u00e9mentaire P1R \u00e0 tout moment d&rsquo;un simple mouvement. De plus, le P1 RDD est s\u00fbr et ne peut donc pas \u00eatre localis\u00e9 \u00e9lectroniquement via RDD, c&rsquo;est-\u00e0-dire \u00e0 l&rsquo;aide de syst\u00e8mes de localisation de d\u00e9tecteurs de radar.<\/p>\n<h4>\u00c0 l&rsquo;\u00e9preuve du temps<\/h4>\n<p><strong>Mises \u00e0 jour \u00e0 vie incluses<\/strong> &#8211; avec la version NAVTY Premium, vous obtenez un acc\u00e8s gratuit et \u00e0 vie \u00e0 toutes nos mises \u00e0 jour de base de donn\u00e9es et de firmware. La mise \u00e0 jour de la base de donn\u00e9es et du firmware s&rsquo;effectue de mani\u00e8re enti\u00e8rement automatique via une cl\u00e9 USB et se termine en quelques secondes.<\/p>\n<p><strong>Utilisation intuitive et annonce vocale<\/strong> &#8211; la langue des param\u00e8tres de menu et des annonces vocales peut \u00eatre s\u00e9lectionn\u00e9e parmi l&rsquo;allemand, l&rsquo;anglais, le fran\u00e7ais, l&rsquo;espagnol ou l&rsquo;italien.<\/p>\n<h4>Garantie de satisfaction <strong>NAVTY<\/strong><\/h4>\n<p>Essayez-le <strong>gratuitement pendant 30 jours<\/strong> &#8211; nous vous garantissons que vous allez adorer votre P1&nbsp;! Nous accordons donc \u00e0 chaque client P1 un d\u00e9lai de r\u00e9tractation prolong\u00e9 de 30 jours.<\/p>\n<p><strong>Garantie premium de 4 ans<\/strong> &#8211; nous croyons en nos produits. M\u00eame apr\u00e8s de nombreuses ann\u00e9es d&rsquo;utilisation intensive, nous garantissons les pleines performances de votre NAVTY P1 Premium. Avec l&rsquo;achat, vous recevez une garantie de 4 ans sur votre appareil de notre part. Si vous avez un probl\u00e8me ou un d\u00e9faut, notre support est \u00e0 vos c\u00f4t\u00e9s.<\/p>\n<p><img loading=\"lazy\" decoding=\"async\" class=\"alignnone size-full wp-image-5955\" src=\"https:\/\/radar-shop.com\/wp-content\/uploads\/2021\/12\/NAVTY-P1-Bentley-scaled-3.jpg\" alt=\"Bentley Navty P1 Warning\" width=\"1024\" height=\"677\" srcset=\"https:\/\/radar-shop.com\/wp-content\/uploads\/2021\/12\/NAVTY-P1-Bentley-scaled-3.jpg 1024w, https:\/\/radar-shop.com\/wp-content\/uploads\/2021\/12\/NAVTY-P1-Bentley-scaled-3-300x198.jpg 300w, https:\/\/radar-shop.com\/wp-content\/uploads\/2021\/12\/NAVTY-P1-Bentley-scaled-3-768x508.jpg 768w\" sizes=\"auto, (max-width: 1024px) 100vw, 1024px\" \/><\/p>\n","protected":false},"excerpt":{"rendered":"<p><strong><span class=\"dotted-product-details\"><a href=\"https:\/\/radar-shop.com\/fr\/comparaison-des-detecteurs-de-radar-fr\/comparaison-des-detecteurs-de-radar-2022\/\">COMPARAISON D&rsquo;AVERTISSEMENT RADAR<\/a><\/span><br \/>\n<span style=\"color: #000080;\">RECOMMANDATION RADAR-SHOP.EU !<br \/>\n<\/span><br \/>\n<\/strong><\/p>\n<p><strong>Le nouveau Navty P1<\/strong> est un outil compact de mesure enti\u00e8rement automatique des performances de vitesse et d&rsquo;acc\u00e9l\u00e9ration et d&rsquo;avertissement professionnel des dangers pour plus de s\u00e9curit\u00e9 et de risques d&rsquo;accidents.<\/p>\n<p><strong>Mesure des performances :<\/strong> 0-100 \/ 0-200 \/ 0-300 km\/h ou 0-60 \/ 0-120 \/ 0-180 mph<\/p>\n<p><b>Avec le firmware P1R gratuit,<\/b> vous pouvez \u00e9galement profiter de fonctionnalit\u00e9s de s\u00e9curit\u00e9 telles que la d\u00e9tection radar et lidar 3D. (L&rsquo;appareil est livr\u00e9 sans activation, ce qui le rend id\u00e9al pour les pays o\u00f9 la vente ou l&rsquo;utilisation de dispositifs d&rsquo;avertissement radar est restreinte par la loi). L&rsquo;activation simple s&rsquo;effectue via une mise \u00e0 jour. Toutes les fonctions non autoris\u00e9es peuvent \u00e9galement \u00eatre supprim\u00e9es en appuyant sur un bouton, de sorte que vous puissiez respecter \u00e0 tout moment la l\u00e9gislation sur les avertissements dans toute l&rsquo;Europe.<\/p>\n<ul>\n<li>Meilleur service multi-radar du moment MRCD \/ MRCT \/ GATSO<\/li>\n<li>Mises \u00e0 jour gratuites avec Windows \/ MAC \/ Linux via cl\u00e9 USB<\/li>\n<li>Mises \u00e0 jour r\u00e9guli\u00e8res de la base de donn\u00e9es et du micrologiciel incluses \u00e0 vie<\/li>\n<li>Filtrage intelligent des fausses alarmes telles que les assistants d&rsquo;angle mort<\/li>\n<li>Affichage de la fr\u00e9quence exacte et de la segmentation pour plus de performances<\/li>\n<li>Param\u00e8tres recommand\u00e9s pour les pr\u00e9r\u00e9glages d\u00e9butants<\/li>\n<li>RDD VG2 &amp; Spectre &#8211; s\u00e9curis\u00e9s par localisation \u00e9lectronique<\/li>\n<li>Garantie NAVTY Premium de 4 ans<\/li>\n<\/ul>\n","protected":false},"featured_media":5937,"comment_status":"open","ping_status":"closed","template":"","meta":{"_kad_post_transparent":"","_kad_post_title":"","_kad_post_layout":"","_kad_post_sidebar_id":"","_kad_post_content_style":"","_kad_post_vertical_padding":"","_kad_post_feature":"","_kad_post_feature_position":"","_kad_post_header":false,"_kad_post_footer":false,"_kad_post_classname":""},"product_brand":[],"product_cat":[1030,1032,952],"product_tag":[257,260,259],"class_list":{"0":"post-3909","1":"product","2":"type-product","3":"status-publish","4":"has-post-thumbnail","6":"product_cat-detecteur-de-radar-recommandation","7":"product_cat-avertisseurs-de-radars-mobiles","8":"product_cat-navty-fr","9":"product_tag-acceleration-du-vehicule","10":"product_tag-suivi-des-performances","11":"product_tag-vitesse-du-vehicule","13":"first","14":"instock","15":"sale","16":"taxable","17":"shipping-taxable","18":"purchasable","19":"product-type-simple","20":"entry","21":"content-bg","22":"loop-entry"},"jetpack_sharing_enabled":true,"_links":{"self":[{"href":"https:\/\/radar-shop.com\/fr\/wp-json\/wp\/v2\/product\/3909","targetHints":{"allow":["GET"]}}],"collection":[{"href":"https:\/\/radar-shop.com\/fr\/wp-json\/wp\/v2\/product"}],"about":[{"href":"https:\/\/radar-shop.com\/fr\/wp-json\/wp\/v2\/types\/product"}],"replies":[{"embeddable":true,"href":"https:\/\/radar-shop.com\/fr\/wp-json\/wp\/v2\/comments?post=3909"}],"wp:featuredmedia":[{"embeddable":true,"href":"https:\/\/radar-shop.com\/fr\/wp-json\/wp\/v2\/media\/5937"}],"wp:attachment":[{"href":"https:\/\/radar-shop.com\/fr\/wp-json\/wp\/v2\/media?parent=3909"}],"wp:term":[{"taxonomy":"product_brand","embeddable":true,"href":"https:\/\/radar-shop.com\/fr\/wp-json\/wp\/v2\/product_brand?post=3909"},{"taxonomy":"product_cat","embeddable":true,"href":"https:\/\/radar-shop.com\/fr\/wp-json\/wp\/v2\/product_cat?post=3909"},{"taxonomy":"product_tag","embeddable":true,"href":"https:\/\/radar-shop.com\/fr\/wp-json\/wp\/v2\/product_tag?post=3909"}],"curies":[{"name":"wp","href":"https:\/\/api.w.org\/{rel}","templated":true}]}}