{"id":3922,"date":"2015-08-12T09:18:50","date_gmt":"2021-12-30T12:44:25","guid":{"rendered":"https:\/\/radar-shop.com\/produkt\/beltronics-stir-m-edition-euro-international\/"},"modified":"2025-05-23T15:09:02","modified_gmt":"2025-05-23T13:09:02","slug":"beltronics-stir-m-edition-euro-international-2","status":"publish","type":"product","link":"https:\/\/radar-shop.com\/fr\/produit\/beltronics-stir-m-edition-euro-international-2\/","title":{"rendered":"BELTRONICS STIR M EDITION Euro \u00ab\u00a0International\u00a0\u00bb"},"content":{"rendered":"<h2>BEL STIR PLUS INCL. ALERTE RADAR HAUT DE GAMME GPS M-EDITION<\/h2>\n<p><strong>Le d\u00e9tecteur de radar haut de gamme BEL STiR Plus GPS <em>M Edition<\/em> (Multaradar CD) pour l&rsquo;Europe avec GPS int\u00e9gr\u00e9 offre des performances maximales et une protection presque compl\u00e8te<\/strong> contre les radars, les radars et les lasers. <span style=\"color: #ff0000;\">La fonction de verrouillage automatique pour les bandes X et K est unique et exclusive<\/span> : Autolock analyse en permanence tous les signaux entrants pendant la conduite. Si le m\u00eame signal est d\u00e9tect\u00e9 trois fois au m\u00eame endroit, le BEL STiR bloque automatiquement cette alarme en tant que fausse alarme. Si ce signal a \u00e9t\u00e9 bloqu\u00e9, aucune alarme ne sera \u00e9mise \u00e0 ce stade, sauf s&rsquo;il s&rsquo;agit d&rsquo;un signal nouveau ou diff\u00e9rent. Les signaux verrouill\u00e9s sont automatiquement d\u00e9verrouill\u00e9s d\u00e8s que le BEL STiR Plus n&rsquo;enregistre plus de fausse alarme \u00e0 cet endroit lorsque vous passez devant l&rsquo;endroit.<\/p>\n<p align=\"justify\"><strong>R\u00e9sum\u00e9 :<\/strong> Les fonctions d&rsquo;avertissement radar et d&rsquo;avertissement laser sont id\u00e9alement compl\u00e9t\u00e9es par des avertissements GPS. Le BEL STiR Plus est \u00e9galement un radar \u00e0 \u00e9toile et \u00e0 feux tricolores qui avertit de tous les appareils de mesure fixes. Ceux-ci incluent, par exemple, Redflex, ATS, Nestor, Lasercraft, Gatso, Redspeed, Traffipax, TruVelo, les cam\u00e9ras SPECS Average Speed, Watchman, Speedcurb et bien d&rsquo;autres. La mesure du temps de passage \u00ab\u00a0Section Control\u00a0\u00bb (par ex. Autriche) peut \u00e9galement \u00eatre reconnue de cette mani\u00e8re. Vous \u00e9vitez les p\u00e9nalit\u00e9s correspondantes et la s\u00e9curit\u00e9 routi\u00e8re g\u00e9n\u00e9rale est augment\u00e9e. R\u00e9solvez tous les probl\u00e8mes maintenant et obtenez une protection \u00e0 100 % avec le BEL STiR Plus. De cette fa\u00e7on, vous disposez d&rsquo;un moyen s\u00fbr et discret d&rsquo;\u00eatre averti des syst\u00e8mes de mesure install\u00e9s en permanence dans toute l&rsquo;Europe sans avoir \u00e0 fixer un appareil sur le pare-brise ou le tableau de bord.<br \/>\nLe BEL STiR Plus contient les positions GPS de ces dispositifs flash dans sa m\u00e9moire. Il avertit acoustiquement et clignote \u00e0 temps avant que le radar ne soit atteint. Le BEL STiR Plus vous avertit \u00e9galement des radars mobiles et des pistolets laser. Il suffit d&rsquo;acheter une solution compl\u00e8te compatible cach\u00e9e \u00e0 l&rsquo;avant du v\u00e9hicule au lieu de faire fonctionner plusieurs appareils en parall\u00e8le.<\/p>\n<p align=\"justify\"><strong>Le nombre d&rsquo;appareils de mesure fixes ne cesse de cro\u00eetre.<\/strong> La base de donn\u00e9es Trinity, qui sert de base, est mise \u00e0 jour \u00e0 intervalles r\u00e9guliers d\u00e8s que de nouveaux radars sont ajout\u00e9s ou supprim\u00e9s. De plus, vous pouvez enregistrer vos propres positions en appuyant sur un bouton et recevoir un avertissement \u00e0 ces points. Nous travaillons constamment sur un examen des sites existants et nouveaux en Europe, aux \u00c9tats-Unis et au Canada. Il couvre actuellement 37 pays dans le monde.<\/p>\n<p align=\"justify\"><strong>Vous pouvez mettre \u00e0 jour la m\u00e9moire du BEL STiR Plus aussi souvent que vous le souhaitez \u00e0 l&rsquo;aide d&rsquo;un PC.<\/strong> Cette base de donn\u00e9es peut \u00eatre mise \u00e0 jour facilement et gratuitement \u00e0 l&rsquo;aide du logiciel fourni apr\u00e8s inscription sur le site Beltronics. L&rsquo;appareil est mis \u00e0 jour tr\u00e8s rapidement et de mani\u00e8re fiable avec les derni\u00e8res donn\u00e9es via une interface USB et le logiciel, qui est facile \u00e0 installer et tout aussi simple \u00e0 utiliser.<\/p>\n<p align=\"justify\"><strong>Composants du syst\u00e8me et installation<\/strong><\/p>\n<p align=\"justify\">L&rsquo;appareil se compose de plusieurs composants qui sont cach\u00e9s et discr\u00e8tement install\u00e9s dans le v\u00e9hicule. Tout d&rsquo;abord, le r\u00e9cepteur radar est install\u00e9 en permanence \u00e0 l&rsquo;avant du v\u00e9hicule. La zone derri\u00e8re la calandre ou le pare-chocs est id\u00e9ale pour cela, l&rsquo;appareil est petit, noir et absolument discret. L&rsquo;antenne GPS doit \u00eatre install\u00e9e en tant que pi\u00e8ce de r\u00e9ception suppl\u00e9mentaire. Les deux appareils de r\u00e9ception mentionn\u00e9s sont connect\u00e9s \u00e0 la soi-disant interface avec des c\u00e2bles cach\u00e9s. Cette unit\u00e9 centrale d&rsquo;interface est cach\u00e9e sous le volant, par exemple, derri\u00e8re une trappe ou dans un compartiment. Le petit \u00e9cran et l&rsquo;unit\u00e9 de contr\u00f4le sont connect\u00e9s \u00e0 cette interface. L&rsquo;\u00e9cran et l&rsquo;unit\u00e9 de commande sont \u00e0 peu pr\u00e8s aussi petits qu&rsquo;une cl\u00e9 USB et doivent \u00eatre plac\u00e9s dans une position accessible et visible dans la zone du cockpit. La solution id\u00e9ale d\u00e9pend des conditions particuli\u00e8res du v\u00e9hicule et de vos pr\u00e9f\u00e9rences personnelles. Enfin, le haut-parleur actif et une diode \u00e9lectroluminescente sont connect\u00e9s \u00e0 l&rsquo;interface, qui \u00e9mettent tous deux des signaux acoustiques ou optiques en cas d&rsquo;alarme.<br \/>\nVeuillez \u00e9galement jeter un \u0153il \u00e0 la repr\u00e9sentation sch\u00e9matique dans les images du produit.<\/p>\n<h3><strong>Caract\u00e9ristiques:<\/strong><\/h3>\n<p>\u2022 D\u00e9tecteur externe avec antenne frontale et GPS : d\u00e9tecte les radars, lasers et radars fixes !<br \/>\n\u2022 Le d\u00e9tecteur de radar peut \u00eatre r\u00e9gl\u00e9 individuellement et de mani\u00e8re flexible aux conditions nationales du monde entier pour les fr\u00e9quences souhait\u00e9es en quelques secondes !<br \/>\n\u2022 Meilleure t\u00e9l\u00e9commande pour la d\u00e9tection de \u00ab\u00a0Instant-On\u00a0\u00bb et Ka Police Radar avec une port\u00e9e de d\u00e9tection allant jusqu&rsquo;\u00e0 1 kilom\u00e8tre&nbsp;!<br \/>\n\u2022 Installation facile, bo\u00eetier compact et \u00e9tanche<br \/>\n\u2022 Jusqu&rsquo;\u00e0 10 fonctions peuvent \u00eatre s\u00e9lectionn\u00e9es \u00e0 l&rsquo;aide de la programmation express<br \/>\n\u2022 100% invisible aux d\u00e9tecteurs de police !<br \/>\n\u2022 Mode factice&nbsp;: afin qu&rsquo;aucun appareil op\u00e9rationnel ne puisse \u00eatre trouv\u00e9 dans les pays o\u00f9 le fonctionnement des d\u00e9tecteurs de radar n&rsquo;est pas autoris\u00e9, la fonction d&rsquo;avertissement radar peut \u00eatre rapidement supprim\u00e9e par simple pression d&rsquo;un bouton et uniquement r\u00e9activ\u00e9e via USB<\/p>\n<p align=\"justify\"><strong><span style=\"color: #000000;\">Vous ne savez pas \u00e0 quoi ressemblera une installation cach\u00e9e dans votre v\u00e9hicule ?<br \/>\nD\u00e9couvrez les vid\u00e9os :<\/span><\/strong><\/p>\n<p align=\"justify\"><img loading=\"lazy\" decoding=\"async\" class=\"aligncenter size-full wp-image-139\" src=\"https:\/\/www.radar-shop.eu\/wp-content\/uploads\/2017\/03\/Video_Radarwarner.jpg\" alt=\"\" width=\"500\" height=\"80\"><br \/>\nSi vous \u00eates int\u00e9ress\u00e9, des m\u00e9caniciens \/ \u00e9lectriciens automobiles professionnels exp\u00e9riment\u00e9s peuvent installer ces appareils de mani\u00e8re tr\u00e8s flexible et discr\u00e8te, par exemple \u00e0 Heidelberg (g\u00e9n\u00e9ralement le vendredi apr\u00e8s-midi, le week-end). Le temps d&rsquo;installation est g\u00e9n\u00e9ralement de 2 \u00e0 5 heures selon le syst\u00e8me, mais il peut \u00eatre un peu plus long pour les voitures exotiques. Les techniciens discuteront bien s\u00fbr des options d&rsquo;installation avec vous personnellement au pr\u00e9alable afin que vous puissiez avoir une id\u00e9e de ce \u00e0 quoi ressemblera la solution au pr\u00e9alable. Vous pouvez utiliser le temps pour une visite de la ville pendant l&rsquo;installation. De nombreux clients sont tr\u00e8s heureux de cette opportunit\u00e9. Des difficult\u00e9s ne peuvent survenir que dans de rares cas, par exemple s&rsquo;il n&rsquo;y a pas assez d&rsquo;espace \u00e0 l&rsquo;avant du v\u00e9hicule ou si le simple d\u00e9montage de pi\u00e8ces de carrosserie prendrait des heures et des outils sp\u00e9ciaux seraient n\u00e9cessaires. Si vous souhaitez organiser l&rsquo;installation des appareils que vous avez command\u00e9s, veuillez ajouter cet article \u00e0 votre panier.<\/p>\n","protected":false},"excerpt":{"rendered":"<p><strong>Le d\u00e9tecteur de radar BEL STiR Plus M-edition contre CD Multaradar<\/strong> est un d\u00e9tecteur de radar puissant et, en plus du radar mobile et de l&rsquo;avertissement laser, offre une base de donn\u00e9es de radars GPS int\u00e9gr\u00e9e contre les radars en Allemagne, en Autriche et en Suisse &#8211; commandez ici maintenant et \u00e9vitez amendes et points. Les avertisseurs radar de BEL contre les radars, les lasers et les bo\u00eetes \u00e0 \u00e9toiles.<\/p>\n","protected":false},"featured_media":3115,"comment_status":"open","ping_status":"closed","template":"","meta":{"_kad_post_transparent":"","_kad_post_title":"","_kad_post_layout":"","_kad_post_sidebar_id":"","_kad_post_content_style":"","_kad_post_vertical_padding":"","_kad_post_feature":"","_kad_post_feature_position":"","_kad_post_header":false,"_kad_post_footer":false,"_kad_post_classname":""},"product_brand":[],"product_cat":[921,1031],"product_tag":[],"class_list":{"0":"post-3922","1":"product","2":"type-product","3":"status-publish","4":"has-post-thumbnail","6":"product_cat-beltronics-fr","7":"product_cat-detecteurs-de-radars-fixes","9":"first","10":"instock","11":"taxable","12":"shipping-taxable","13":"purchasable","14":"product-type-simple","15":"entry","16":"content-bg","17":"loop-entry"},"jetpack_sharing_enabled":true,"_links":{"self":[{"href":"https:\/\/radar-shop.com\/fr\/wp-json\/wp\/v2\/product\/3922","targetHints":{"allow":["GET"]}}],"collection":[{"href":"https:\/\/radar-shop.com\/fr\/wp-json\/wp\/v2\/product"}],"about":[{"href":"https:\/\/radar-shop.com\/fr\/wp-json\/wp\/v2\/types\/product"}],"replies":[{"embeddable":true,"href":"https:\/\/radar-shop.com\/fr\/wp-json\/wp\/v2\/comments?post=3922"}],"wp:featuredmedia":[{"embeddable":true,"href":"https:\/\/radar-shop.com\/fr\/wp-json\/wp\/v2\/media\/3115"}],"wp:attachment":[{"href":"https:\/\/radar-shop.com\/fr\/wp-json\/wp\/v2\/media?parent=3922"}],"wp:term":[{"taxonomy":"product_brand","embeddable":true,"href":"https:\/\/radar-shop.com\/fr\/wp-json\/wp\/v2\/product_brand?post=3922"},{"taxonomy":"product_cat","embeddable":true,"href":"https:\/\/radar-shop.com\/fr\/wp-json\/wp\/v2\/product_cat?post=3922"},{"taxonomy":"product_tag","embeddable":true,"href":"https:\/\/radar-shop.com\/fr\/wp-json\/wp\/v2\/product_tag?post=3922"}],"curies":[{"name":"wp","href":"https:\/\/api.w.org\/{rel}","templated":true}]}}