{"id":3933,"date":"2021-12-22T09:18:50","date_gmt":"2021-12-30T12:44:28","guid":{"rendered":"https:\/\/radar-shop.com\/produkt\/genevo-one-m-edition\/"},"modified":"2025-05-23T16:05:37","modified_gmt":"2025-05-23T14:05:37","slug":"genevo-one-m-edition-2","status":"publish","type":"product","link":"https:\/\/radar-shop.com\/fr\/produit\/genevo-one-m-edition-2\/","title":{"rendered":"Genevo One M \u00c9dition"},"content":{"rendered":"<p><strong>Genevo One M Edition : En<\/strong> plus de toutes les fr\u00e9quences radar connues, il d\u00e9tecte d\u00e9sormais \u00e9galement le nouveau multaradar \u00e0 faible rayonnement (technologie radar MRCD \/ MRCT), tel qu&rsquo;il est de plus en plus utilis\u00e9 en Europe, avec la plus haute pr\u00e9cision et distance d&rsquo;avertissement pr\u00e9alable. Comme d&rsquo;habitude, l&rsquo;\u00e9dition M est rest\u00e9e de petite taille et ne peut pas \u00eatre localis\u00e9e elle-m\u00eame.<\/p>\n<p><iframe loading=\"lazy\" src=\"https:\/\/www.youtube.com\/embed\/BVh6azz_fCs?ecver=1\" width=\"640\" height=\"360\" frameborder=\"0\" allowfullscreen=\"allowfullscreen\" data-mce-fragment=\"1\"><\/iframe><\/p>\n<p>La version M Edition partage la technologie et la sensation avec le meilleur de sa cat\u00e9gorie, le Genevo One S &#8211; Black Edition, l&rsquo;\u00e9cran est d\u00e9sormais rouge contrairement \u00e0 la Black Edition.<\/p>\n<h3>O\u00f9 dans l&rsquo;UE MultaRadar CD \/ CT est-il mesur\u00e9&nbsp;?<\/h3>\n<ul>\n<li>L&rsquo;Autriche<\/li>\n<li>Pays-Bas<\/li>\n<li>la Suisse<\/li>\n<li>Espagne<\/li>\n<li>le Portugal<\/li>\n<li>Pologne<\/li>\n<li>Slovaquie<\/li>\n<\/ul>\n<h3>Qu&rsquo;est-ce que MultaRadar CD\/CT ?<\/h3>\n<p>La technologie MultaRadar CD \/ CT fonctionne avec une bande K d&rsquo;impulsions \u00e0 tr\u00e8s faible rayonnement. Cela rend la localisation de la fr\u00e9quence extr\u00eamement difficile.<\/p>\n<h3>Base de donn\u00e9es de POI pour toute l&rsquo;Europe \u00e0 vie gratuite<\/h3>\n<p>La base de donn\u00e9es pour tous les radars fixes, le contr\u00f4le de section, les radars de feux de circulation et les emplacements de mesure fr\u00e9quents sont \u00e9galement inclus avec l&rsquo;\u00e9dition M \u00e0 vie et sont automatiquement reconnus lors de la mise \u00e0 jour sans entrer de cl\u00e9.<\/p>\n<p>Si vous recherchez un appareil mobile pour toute l&rsquo;Europe, le Genevo One M Edition est le premier choix.<\/p>\n<h3>D\u00e9tails Genevo One M :<\/h3>\n<ul>\n<li>Meilleure d\u00e9tection de CD \/ CT MultaRadar<\/li>\n<li>Base de donn\u00e9es POI Europe pr\u00e9-install\u00e9e<\/li>\n<li>Mises \u00e0 jour \u00e0 vie incluses<\/li>\n<li>Navigation simple dans les menus en allemand<\/li>\n<li>Filtres de faux positifs les plus avanc\u00e9s<\/li>\n<li>Mises \u00e0 jour du firmware via USB<\/li>\n<li>Bo\u00eetier noir en haute brillance<\/li>\n<li>\u00c9cran OLED en rouge<\/li>\n<\/ul>\n","protected":false},"excerpt":{"rendered":"<p><strong><span class=\"dotted-product-details\"><a href=\"https:\/\/www.radar-shop.eu\/de\/radarwarner-vergleich-deutschland\/\">COMPARAISON D&rsquo;AVERTISSEMENT RADAR<\/a><\/span><\/strong><br \/>\n<span style=\"color: #000080;\"><strong>RECOMMANDATION RADAR-SHOP.EU !<\/strong><\/span><\/p>\n<p><strong>Genevo One M Edition : En<\/strong> plus de toutes les fr\u00e9quences radar connues, il d\u00e9tecte d\u00e9sormais \u00e9galement le nouveau multaradar \u00e0 faible rayonnement (technologie radar MRCD \/ MRCT), tel qu&rsquo;il est de plus en plus utilis\u00e9 en Europe, avec la plus haute pr\u00e9cision et distance d&rsquo;avertissement pr\u00e9alable. Comme d&rsquo;habitude, l&rsquo;\u00e9dition M est rest\u00e9e de petite taille et ne peut pas \u00eatre localis\u00e9e elle-m\u00eame. La version M Edition partage la technologie et la sensation avec le meilleur de sa cat\u00e9gorie, le Genevo One S &#8211; Black Edition, l&rsquo;\u00e9cran est d\u00e9sormais rouge contrairement \u00e0 la Black Edition.<\/p>\n","protected":false},"featured_media":3125,"comment_status":"open","ping_status":"closed","template":"","meta":{"_kad_post_transparent":"","_kad_post_title":"","_kad_post_layout":"","_kad_post_sidebar_id":"","_kad_post_content_style":"","_kad_post_vertical_padding":"","_kad_post_feature":"","_kad_post_feature_position":"","_kad_post_header":false,"_kad_post_footer":false,"_kad_post_classname":""},"product_brand":[],"product_cat":[1032,941],"product_tag":[],"class_list":{"0":"post-3933","1":"product","2":"type-product","3":"status-publish","4":"has-post-thumbnail","6":"product_cat-avertisseurs-de-radars-mobiles","7":"product_cat-genevo-fr","9":"first","10":"instock","11":"sale","12":"taxable","13":"shipping-taxable","14":"purchasable","15":"product-type-simple","16":"entry","17":"content-bg","18":"loop-entry"},"jetpack_sharing_enabled":true,"_links":{"self":[{"href":"https:\/\/radar-shop.com\/fr\/wp-json\/wp\/v2\/product\/3933","targetHints":{"allow":["GET"]}}],"collection":[{"href":"https:\/\/radar-shop.com\/fr\/wp-json\/wp\/v2\/product"}],"about":[{"href":"https:\/\/radar-shop.com\/fr\/wp-json\/wp\/v2\/types\/product"}],"replies":[{"embeddable":true,"href":"https:\/\/radar-shop.com\/fr\/wp-json\/wp\/v2\/comments?post=3933"}],"wp:featuredmedia":[{"embeddable":true,"href":"https:\/\/radar-shop.com\/fr\/wp-json\/wp\/v2\/media\/3125"}],"wp:attachment":[{"href":"https:\/\/radar-shop.com\/fr\/wp-json\/wp\/v2\/media?parent=3933"}],"wp:term":[{"taxonomy":"product_brand","embeddable":true,"href":"https:\/\/radar-shop.com\/fr\/wp-json\/wp\/v2\/product_brand?post=3933"},{"taxonomy":"product_cat","embeddable":true,"href":"https:\/\/radar-shop.com\/fr\/wp-json\/wp\/v2\/product_cat?post=3933"},{"taxonomy":"product_tag","embeddable":true,"href":"https:\/\/radar-shop.com\/fr\/wp-json\/wp\/v2\/product_tag?post=3933"}],"curies":[{"name":"wp","href":"https:\/\/api.w.org\/{rel}","templated":true}]}}