{"id":3938,"date":"2022-05-22T09:18:49","date_gmt":"2021-12-30T12:44:28","guid":{"rendered":"https:\/\/radar-shop.com\/produkt\/stinger-vip\/"},"modified":"2021-12-30T13:44:28","modified_gmt":"2021-12-30T12:44:28","slug":"stinger-vip-2","status":"publish","type":"product","link":"https:\/\/radar-shop.com\/fr\/produit\/stinger-vip-2\/","title":{"rendered":"STINGER VIP"},"content":{"rendered":"<h2><strong>AVERTISSEUR RADAR STINGER VIP &#8211; LE MEILLEUR DISPOSITIF DE LA FAMILLE STINGER<\/strong><\/h2>\n<p><span style=\"color: #003399;\"><span style=\"color: #000000;\"><strong>Envisagez-vous uniquement un d\u00e9tecteur de radar invisible \u00e0 installation fixe ?<\/strong> Attachez-vous une grande importance \u00e0 un professionnalisme \u00e9lev\u00e9, \u00e0 des performances de pointe absolues combin\u00e9es \u00e0 une grande facilit\u00e9 d&rsquo;utilisation pour votre v\u00e9hicule de haute qualit\u00e9 et performant ? Vous appr\u00e9ciez toujours la haute qualit\u00e9 et souhaitez uniquement avoir un appareil haut de gamme install\u00e9 dans votre v\u00e9hicule ? Alors vous devriez choisir un appareil de la marque Stinger !<br \/>\n<\/span><\/span><\/p>\n<p><span style=\"color: #000080;\"><strong>Vous pouvez trouver une r\u00e9ponse \u00e0 la question de savoir ce qui rend les d\u00e9tecteurs de radar Stinger si sp\u00e9ciaux sous \u00ab\u00a0Pourquoi Stinger\u00a0\u00bb ci-dessous.<\/strong><\/span><\/p>\n<p align=\"justify\"><strong>Lors du d\u00e9veloppement du Stinger VIP<\/strong> , bas\u00e9 sur les propri\u00e9t\u00e9s techniques exceptionnelles de tous les appareils Stinger, une grande importance a \u00e9t\u00e9 accord\u00e9e \u00e0 la facilit\u00e9 d&rsquo;utilisation, \u00e0 un guidage clair de l&rsquo;utilisateur et \u00e0 l&rsquo;int\u00e9gration optiquement attrayante de l&rsquo;\u00e9cran haute r\u00e9solution d\u00e9sormais color\u00e9 dans le cockpit du v\u00e9hicule. De plus, le Stinger VIP dispose d&rsquo;une antenne de r\u00e9ception radar am\u00e9lior\u00e9e (Multipolarity HD), qui am\u00e9liore encore la port\u00e9e de r\u00e9ception du radar et optimise encore l&rsquo;\u00e9limination des fausses alarmes g\u00eanantes. Les dimensions de tous les composants ont \u00e9t\u00e9 \u00e0 nouveau r\u00e9duites afin de permettre \u00e0 l&rsquo;installation cach\u00e9e d&rsquo;\u00eatre encore plus discr\u00e8te.<\/p>\n<p align=\"justify\"><strong>Stinger se compose de l&rsquo;antenne du r\u00e9cepteur radar multipolarit\u00e9<\/strong> \u00e0 installer \u00e0 l&rsquo;avant du v\u00e9hicule, de l&rsquo;ordinateur central avec r\u00e9cepteur GPS, d&rsquo;un \u00e9cran couleur avec support magn\u00e9tique, d&rsquo;une antenne GPS, du bo\u00eetier d&rsquo;extension et d&rsquo;une cl\u00e9 USB pour le transfert de donn\u00e9es. Bien entendu, le logiciel, les c\u00e2bles et le mat\u00e9riel d&rsquo;installation ainsi que toutes les instructions sont \u00e9galement inclus.<\/p>\n<p>&#8211; Peut \u00eatre utilis\u00e9 l\u00e9galement<br \/>\n&#8211; \u00c9cran LCD couleur clair, luminosit\u00e9 r\u00e9glable et amovible avec une poign\u00e9e (123x66x22 mm)<br \/>\n&#8211; Antenne de r\u00e9ception radar multipolarit\u00e9<br \/>\n&#8211; Alerte radars et flash boxes fixes \u00e0 travers l&rsquo;Europe<br \/>\n&#8211; Avertissement de Section Control \/ Tutor avec affichage de la position actuelle, calcul et affichage de votre propre vitesse moyenne<br \/>\n&#8211; Balayage de toutes les fr\u00e9quences radar et laser europ\u00e9ennes<br \/>\n&#8211; Base de donn\u00e9es de radars GPS int\u00e9gr\u00e9e, peut \u00eatre mise \u00e0 jour via Internet et connexion USB<br \/>\n&#8211; Les fonctions non autoris\u00e9es peuvent \u00eatre supprim\u00e9es d&rsquo;une simple pression sur un bouton (ne peuvent \u00eatre r\u00e9activ\u00e9es que sur le PC)<br \/>\n&#8211; Taux de fausses alarmes minimum &#8211; SpeedSense pour la suppression des alarmes en dessous d&rsquo;une vitesse s\u00e9lectionnable<br \/>\n&#8211; Falselist pour le stockage et \u00e0 l&rsquo;avenir la suppression automatique des fausses alarmes<br \/>\n&#8211; Suppression manuelle des fausses alarmes \u00e0 l&rsquo;aide du bouton mute<br \/>\n&#8211; D\u00e9sactivation de la bande K possible via le menu<br \/>\n&#8211; 100% de protection contre la localisation \u00e9lectronique (VG2, Spectre)<br \/>\n&#8211; Sortie vocale et signalisation acoustique via des tonalit\u00e9s d&rsquo;avertissement<br \/>\n&#8211; Spotlist pour stocker vos propres emplacements &#8211; Peut \u00eatre mis \u00e0 jour gratuitement via PC \/ Mac<br \/>\n&#8211; Journal de bord \u00e9lectronique pour l&rsquo;enregistrement de l&rsquo;itin\u00e9raire et l&rsquo;\u00e9valuation ult\u00e9rieure sur le PC, r\u00e9glage \u00ab\u00a0priv\u00e9\u00a0\u00bb ou professionnel avant le d\u00e9part, id\u00e9al pour la comptabilisation des frais de voyage (non reconnu par l&rsquo;administration fiscale allemande, cela doit \u00eatre fait manuellement)<br \/>\n&#8211; Contr\u00f4le de police pour la documentation des mesures de vitesse effectu\u00e9es par la police (stockage de la vitesse, lieu, heure, fr\u00e9quence de contr\u00f4le ult\u00e9rieur)<br \/>\n&#8211; Affichage des signaux de s\u00e9curit\u00e9 (transmission des signaux des utilisateurs de Stinger qui avancent en cas de situation dangereuse, ex. freinage d&rsquo;urgence)<\/p>\n<p><strong>Options d&rsquo;extension optionnelles (incluses dans le <a title=\"Radarwarner Stinger VIP GPS Laser eso\" href=\"http:\/\/www.radar-shop.com\/High-End-Einbau-Komplettsysteme\/Radarwarner-Stinger-VIP-GPS-Laser-Eso.html\">package complet VIP<\/a> \u00e0 commander)&nbsp;:<\/strong><br \/>\n &#8211; Laser Analyzer Box avec jusqu&rsquo;\u00e0 4 modules (carr\u00e9s ou ronds) pour la d\u00e9tection laser et les interf\u00e9rences par LaserShield<br \/>\n&#8211; 2 lasers lat\u00e9raux \u00e0 fibre optique pour interf\u00e9rer avec les capteurs unilat\u00e9raux (pour connexion \u00e0 la Laser Analyzer Box), int\u00e9gr\u00e9s de mani\u00e8re invisible dans un support de plaque d&rsquo;immatriculation pour plaques d&rsquo;immatriculation jusqu&rsquo;\u00e0 520x110mm<\/p>\n<p align=\"justify\"><strong><span style=\"color: #000000;\">Vous ne savez pas \u00e0 quoi ressemblera une installation cach\u00e9e dans votre v\u00e9hicule ?<br \/>\nD\u00e9couvrez les vid\u00e9os :<\/span><\/strong><\/p>\n<p align=\"justify\"><img loading=\"lazy\" decoding=\"async\" class=\"aligncenter size-full wp-image-139\" src=\"https:\/\/www.radar-shop.eu\/wp-content\/uploads\/2017\/03\/Video_Radarwarner.jpg\" alt=\"\" width=\"500\" height=\"80\"><\/p>\n<p align=\"justify\">Si vous \u00eates int\u00e9ress\u00e9, des m\u00e9caniciens \/ \u00e9lectriciens automobiles professionnels exp\u00e9riment\u00e9s peuvent installer ces appareils de mani\u00e8re tr\u00e8s flexible et discr\u00e8te, par exemple \u00e0 Heidelberg (g\u00e9n\u00e9ralement le vendredi apr\u00e8s-midi, le week-end). Le temps d&rsquo;installation est g\u00e9n\u00e9ralement de 2 \u00e0 5 heures selon le syst\u00e8me, mais il peut \u00eatre un peu plus long pour les voitures exotiques. Les techniciens discuteront bien s\u00fbr des options d&rsquo;installation avec vous personnellement au pr\u00e9alable afin que vous puissiez avoir une id\u00e9e de ce \u00e0 quoi ressemblera la solution au pr\u00e9alable. Vous pouvez utiliser le temps pour une visite de la ville pendant l&rsquo;installation. De nombreux clients sont tr\u00e8s heureux de cette opportunit\u00e9. Des difficult\u00e9s ne peuvent survenir que dans de rares cas, par exemple s&rsquo;il n&rsquo;y a pas assez d&rsquo;espace \u00e0 l&rsquo;avant du v\u00e9hicule ou si le simple d\u00e9montage de pi\u00e8ces de carrosserie prendrait des heures et des outils sp\u00e9ciaux seraient n\u00e9cessaires. Si vous souhaitez organiser l&rsquo;installation des appareils que vous avez command\u00e9s, veuillez ajouter cet article \u00e0 votre panier.<\/p>\n<h2 align=\"justify\">Pourquoi Stinger ?<\/h2>\n<h3><strong>AVERTISSEUR RADAR STINGER VIP &#8211; LE NOUVEL APPAREIL TOP DE LA FAMILLE STINGER<\/strong><\/h3>\n<p>Stinger offre encore plus de fonctionnalit\u00e9s que les autres, \u00e9galement de tr\u00e8s bons appareils de la classe premium et repr\u00e9sente le sommet de tous les syst\u00e8mes propos\u00e9s dans la gamme, et les appareils peuvent m\u00eame \u00eatre utilis\u00e9s l\u00e9galement dans toute l&rsquo;Europe &#8211; alors qu&rsquo;est-ce qui rend les d\u00e9tecteurs de radar Stinger si sp\u00e9ciaux ?<\/p>\n<p>Les d\u00e9tecteurs de radar Stinger sont d\u00e9velopp\u00e9s et produits aux Pays-Bas exclusivement pour les conditions routi\u00e8res europ\u00e9ennes, ils ne sont disponibles que pour une installation permanente dissimul\u00e9e dans le v\u00e9hicule. Les appareils ont une structure modulaire et sont parfaitement int\u00e9gr\u00e9s les uns aux autres afin de pouvoir se prot\u00e9ger contre presque tous les syst\u00e8mes de mesure connus. Vous pouvez utiliser un syst\u00e8me d&rsquo;alerte radar Stinger pour vous avertir des radars, des bo\u00eetiers flash fixes et des mesures de distance (Section Control \/ Tutor). Avec des modules suppl\u00e9mentaires en option et faciles \u00e0 connecter, vous vous prot\u00e9gez activement contre les mesures laser de toutes sortes (pistolets laser, jumelles, Vitronic, Poliscan&#8230;) et les barri\u00e8res lumineuses \u00e0 capteur simple face (Optospeed, eso 3.0, autovelox). Avec la derni\u00e8re technologie brevet\u00e9e, le radar et le laser sont d\u00e9tect\u00e9s avec la plus haute pr\u00e9cision et une port\u00e9e maximale, le syst\u00e8me GPS int\u00e9gr\u00e9 avec base de donn\u00e9es de radars \u00e0 l&rsquo;\u00e9chelle europ\u00e9enne offre de nombreuses fonctions suppl\u00e9mentaires. Il n&rsquo;est possible d&rsquo;avertir que des enregistrements vid\u00e9o des v\u00e9hicules de police suiveurs et des barri\u00e8res lumineuses triples qu&rsquo;il est difficile de trouver. Le probl\u00e8me bien connu des fausses alarmes fr\u00e9quentes a \u00e9galement \u00e9t\u00e9 r\u00e9duit \u00e0 un minimum absolu. Il va sans dire que tous les d\u00e9tecteurs de radar Stinger sont enti\u00e8rement prot\u00e9g\u00e9s contre la localisation \u00e9lectronique.<\/p>\n<p>Vous pouvez mettre \u00e0 jour votre appareil r\u00e9guli\u00e8rement et gratuitement \u00e0 l&rsquo;aide du logiciel \u00ab\u00a0Stinger Desktop\u00a0\u00bb fourni pour les PC Windows et Apple &#8211; de cette fa\u00e7on, vous serez toujours \u00e0 jour avec la derni\u00e8re version du logiciel pendant des ann\u00e9es. De nouveaux emplacements avec des radars install\u00e9s en permanence sont \u00e9galement mis \u00e0 jour de cette mani\u00e8re. Tous les d\u00e9tecteurs de radar Stinger avec des modules suppl\u00e9mentaires adapt\u00e9s peuvent \u00eatre install\u00e9s de mani\u00e8re tr\u00e8s discr\u00e8te et pratiquement invisible dans n&rsquo;importe quel v\u00e9hicule.<\/p>\n<p>Dans le cockpit, il n&rsquo;y a qu&rsquo;un petit \u00e9cran ou la \u00ab\u00a0Stinger Card\u00a0\u00bb sous la forme d&rsquo;une carte de cr\u00e9dit pour afficher les alarmes et pour d\u00e9finir la configuration souhait\u00e9e. Vous pouvez le positionner dans le v\u00e9hicule selon vos souhaits et de mani\u00e8re visuellement attrayante. L&rsquo;\u00e9cran et la \u00ab Stinger Card \u00bb compacte peuvent \u00eatre retir\u00e9s d&rsquo;une seule main. N&rsquo;importe quel atelier sp\u00e9cialis\u00e9 peut effectuer l&rsquo;installation et poser les c\u00e2bles avec les connexions enfichables d&rsquo;une mani\u00e8re soign\u00e9e et professionnelle.Les instructions d&rsquo;installation et d&rsquo;utilisation sont bien s\u00fbr incluses.<\/p>\n<p><strong>Unique en termes de situation juridique :<\/strong> gr\u00e2ce \u00e0 l&rsquo;option logicielle de suppression manuelle des fonctions d&rsquo;avertissement individuelles, les appareils Stinger peuvent \u00eatre vendus dans toute l&rsquo;Europe et utilis\u00e9s en fonction de la situation juridique locale. Vous devez donc vous assurer que vous n&rsquo;utilisez que les fonctions du Stinger qui sont autoris\u00e9es sur place (par exemple les signaux de s\u00e9curit\u00e9 ou le journal de bord \u00e9lectronique dans les mod\u00e8les Stinger VIP et Stinger DSI). Ce n&rsquo;est que par l&rsquo;utilisation active de fonctions \u00e9ventuellement non autoris\u00e9es que vous pouvez rencontrer des probl\u00e8mes en cas de contr\u00f4le. Apr\u00e8s avoir supprim\u00e9 les fonctions rapidement et facilement en appuyant sur un bouton, elles ne peuvent \u00eatre r\u00e9activ\u00e9es que sur le PC. En cons\u00e9quence, l&rsquo;appareil peut \u00eatre utilis\u00e9 l\u00e9galement sur le long terme apr\u00e8s la suppression des fonctions non autoris\u00e9es et, en tant que \u00ab\u00a0d\u00e9tecteur de radar non autoris\u00e9\u00a0\u00bb, ne peut plus \u00eatre rendu op\u00e9rationnel pendant une courte p\u00e9riode.<\/p>\n<p> <img loading=\"lazy\" decoding=\"async\" title=\"\" src=\"http:\/\/www.radar-shop.com\/out\/pictures\/wysiwigpro\/Radarwarner%20Empfehlung%20f%C3%BCr%20Schweiz.jpg\" alt=\"\" width=\"13\" height=\"13\"><strong>Notes pour les prospects suisses :<\/strong><br \/>\n Comme on le sait, l&rsquo;exploitation, la possession et l&rsquo;importation de d\u00e9tecteurs de radar sont interdites en Suisse selon le SVG. Nous livrons donc les appareils Stinger en Suisse, mais avec les fonctions d&rsquo;alerte radar d\u00e9sactiv\u00e9es. Ainsi, l&rsquo;importation et l&rsquo;utilisation des appareils en Suisse sont autoris\u00e9es. Il faut bien s\u00fbr signaler que si vous activez des fonctions qui ne sont pas autoris\u00e9es en Suisse, vous violez le SVG. Les utilisateurs \u00e9trangers d&rsquo;appareils Stinger doivent bien entendu \u00e9galement supprimer les fonctions interdites en appuyant sur un bouton de l&rsquo;appareil lors du passage de la fronti\u00e8re vers la Suisse. L&rsquo;achat et l&rsquo;importation sont donc l\u00e9gaux, vous n&rsquo;avez pas non plus \u00e0 payer la taxe de vente allemande ou les douanes, vous ne devez payer que la TVA suisse sur place. de 7,5% sur notre prix net rapport\u00e9.<\/p>\n","protected":false},"excerpt":{"rendered":"<p>AVERTISSEUR RADAR STINGER VIP &#8211; LE MEILLEUR DISPOSITIF DE LA FAMILLE STINGER Envisagez-vous uniquement un d\u00e9tecteur de radar invisible \u00e0 installation fixe ? Attachez-vous une grande importance \u00e0 un professionnalisme \u00e9lev\u00e9, \u00e0 des performances de pointe absolues combin\u00e9es \u00e0 une grande facilit\u00e9 d&rsquo;utilisation pour votre v\u00e9hicule de haute qualit\u00e9 et performant ? Vous appr\u00e9ciez toujours&#8230;<\/p>\n","protected":false},"featured_media":6892,"comment_status":"open","ping_status":"closed","template":"","meta":{"_kad_post_transparent":"","_kad_post_title":"","_kad_post_layout":"","_kad_post_sidebar_id":"","_kad_post_content_style":"","_kad_post_vertical_padding":"","_kad_post_feature":"","_kad_post_feature_position":"","_kad_post_header":false,"_kad_post_footer":false,"_kad_post_classname":""},"product_brand":[],"product_cat":[1031,970],"product_tag":[],"class_list":{"0":"post-3938","1":"product","2":"type-product","3":"status-publish","4":"has-post-thumbnail","6":"product_cat-detecteurs-de-radars-fixes","7":"product_cat-stinger-fr","9":"first","10":"instock","11":"sale","12":"taxable","13":"shipping-taxable","14":"purchasable","15":"product-type-simple","16":"entry","17":"content-bg","18":"loop-entry"},"jetpack_sharing_enabled":true,"_links":{"self":[{"href":"https:\/\/radar-shop.com\/fr\/wp-json\/wp\/v2\/product\/3938","targetHints":{"allow":["GET"]}}],"collection":[{"href":"https:\/\/radar-shop.com\/fr\/wp-json\/wp\/v2\/product"}],"about":[{"href":"https:\/\/radar-shop.com\/fr\/wp-json\/wp\/v2\/types\/product"}],"replies":[{"embeddable":true,"href":"https:\/\/radar-shop.com\/fr\/wp-json\/wp\/v2\/comments?post=3938"}],"wp:featuredmedia":[{"embeddable":true,"href":"https:\/\/radar-shop.com\/fr\/wp-json\/wp\/v2\/media\/6892"}],"wp:attachment":[{"href":"https:\/\/radar-shop.com\/fr\/wp-json\/wp\/v2\/media?parent=3938"}],"wp:term":[{"taxonomy":"product_brand","embeddable":true,"href":"https:\/\/radar-shop.com\/fr\/wp-json\/wp\/v2\/product_brand?post=3938"},{"taxonomy":"product_cat","embeddable":true,"href":"https:\/\/radar-shop.com\/fr\/wp-json\/wp\/v2\/product_cat?post=3938"},{"taxonomy":"product_tag","embeddable":true,"href":"https:\/\/radar-shop.com\/fr\/wp-json\/wp\/v2\/product_tag?post=3938"}],"curies":[{"name":"wp","href":"https:\/\/api.w.org\/{rel}","templated":true}]}}