{"id":3946,"date":"2015-11-22T09:18:48","date_gmt":"2021-12-30T12:44:31","guid":{"rendered":"https:\/\/radar-shop.com\/produkt\/escort-max-euro-international\/"},"modified":"2021-12-30T13:44:31","modified_gmt":"2021-12-30T12:44:31","slug":"escort-max-euro-international-2","status":"publish","type":"product","link":"https:\/\/radar-shop.com\/fr\/produit\/escort-max-euro-international-2\/","title":{"rendered":"ESCORT MAX Euro \u00ab\u00a0International\u00a0\u00bb"},"content":{"rendered":"<ul>\n<li>Nouveau pour 2015 avec antenne radar HD et protection de Multanova CD &#8211; le meilleur appareil sur le march\u00e9<\/li>\n<li>Important : le mod\u00e8le \u00ab\u00a0MAX2\u00a0\u00bb n&rsquo;a \u00e9t\u00e9 d\u00e9velopp\u00e9 que pour le march\u00e9 am\u00e9ricain &#8211; nous vendons le dernier mod\u00e8le pour l&rsquo;Europe<\/li>\n<li>R\u00e9duction maximale des fausses alarmes gr\u00e2ce au meilleur syst\u00e8me de filtrage<\/li>\n<li>Le syst\u00e8me bas\u00e9 sur GPS avertit des bo\u00eetes \u00e0 \u00e9toiles (cam\u00e9ras install\u00e9es en permanence) et est en m\u00eame temps un dispositif d&rsquo;avertissement radar et laser pour les points de mesure mobiles \u00e0 utiliser sur le tableau de bord<\/li>\n<li>Notre recommandation en tant que solution haut de gamme pour le tableau de bord &#8211; les clients sont tr\u00e8s satisfaits, le nombre \u00e9lev\u00e9 de recommandations parle de lui-m\u00eame !<\/li>\n<li>Syst\u00e8me d&rsquo;avertissement GPS ax\u00e9 sur la s\u00e9curit\u00e9 et la vitesse avec messages d&rsquo;avertissement suppl\u00e9mentaires<\/li>\n<li>base de donn\u00e9es GPS <u>pr\u00e9install\u00e9e<\/u> pour de nombreux pays europ\u00e9ens<\/li>\n<li>Possibilit\u00e9 d&rsquo;enregistrer des emplacements personnels individuellement<\/li>\n<li>Des mises \u00e0 jour ult\u00e9rieures de la base de donn\u00e9es avec les derniers points de mesure sont possibles via Internet<\/li>\n<li>Allemagne France Benelux Espagne Portugal Andorre Autriche Suisse Liechtenstein Italie Gr\u00e8ce Chypre Pologne Norv\u00e8ge Su\u00e8de Finlande Roumanie Slov\u00e9nie R\u00e9publique tch\u00e8que<\/li>\n<li>Dispositif sp\u00e9cialement d\u00e9velopp\u00e9 pour les syst\u00e8mes radar europ\u00e9ens<\/li>\n<li>\u00ab&nbsp;2 en 1&nbsp;\u00bb &#8211; mais taille tr\u00e8s compacte<\/li>\n<li>D\u00e9tecteur radar num\u00e9rique haut de gamme pour une utilisation dans toute l&rsquo;Europe<\/li>\n<li>Sortie vocale en anglais (espagnol, chinois, russe)<\/li>\n<li>Sensibilit\u00e9 radar variable en fonction de la vitesse du v\u00e9hicule<\/li>\n<li>Filtre TrueLock bas\u00e9 sur GPS contre les fausses alarmes<\/li>\n<li>Fonctionnalit\u00e9s d\u00e9pendant de l&rsquo;utilisateur et programmables<\/li>\n<li>Son num\u00e9rique brillant et sortie (s) vocale (s)<\/li>\n<li>\u00c9cran LCD haute r\u00e9solution<\/li>\n<li>Graphique \u00e0 barres, ExpertMeter, SpecDisplay, Speedalert (affiche la bande de fr\u00e9quence et la force du signal)<\/li>\n<li>Mode filtre ville \/ autoroute (r\u00e9duit les nuisances caus\u00e9es par les fausses alarmes)<\/li>\n<li>Fonction Mute et AutoMute (r\u00e9duit l&rsquo;alarme acoustique alors que l&rsquo;alarme visuelle est toujours active)<\/li>\n<li>Contr\u00f4le de la luminosit\u00e9 de l&rsquo;\u00e9cran avec mode sombre complet<\/li>\n<li>Non ciblable \u00e9lectroniquement (SmartShield)&nbsp;!<\/li>\n<li>Indicateur de vitesse<\/li>\n<li>Branchement : simplement \u00e0 l&rsquo;allume cigare (12 V)<\/li>\n<li>Radar et laser \u00e0 balayage \u00e0 360 degr\u00e9s<\/li>\n<li>Nouvelles performances de radar \u00e0 vitesse variable<\/li>\n<li>90 jours de mises \u00e0 jour gratuites<\/li>\n<li>\u00c9cran LCD brillant<\/li>\n<li>Entr\u00e9e casque<\/li>\n<\/ul>\n","protected":false},"excerpt":{"rendered":"<p><span style=\"color: #ff0000;\">Mod\u00e8le discontinu\u00e9 n&rsquo;est plus disponible! Recommandation de mod\u00e8le successeur&nbsp;:<\/span><\/p>\n<p>https:\/\/www.radar-shop.eu\/de\/produkt\/radarwarner-mobil\/escort-max-360c-international\/<\/p>\n<p>Le d\u00e9tecteur de radar Escort MAX est l&rsquo;appareil le plus puissant incl. Antenne HD et multi-radar et offre un avertissement radar et laser mobile ainsi qu&rsquo;une base de donn\u00e9es de radars GPS int\u00e9gr\u00e9e avec la plus grande port\u00e9e pour une utilisation contre les radars dans toute l&rsquo;Europe &#8211; commandez maintenant et \u00e9vitez les amendes et les points imm\u00e9diatement.<\/p>\n","protected":false},"featured_media":3040,"comment_status":"open","ping_status":"closed","template":"","meta":{"_kad_post_transparent":"","_kad_post_title":"","_kad_post_layout":"","_kad_post_sidebar_id":"","_kad_post_content_style":"","_kad_post_vertical_padding":"","_kad_post_feature":"","_kad_post_feature_position":"","_kad_post_header":false,"_kad_post_footer":false,"_kad_post_classname":""},"product_brand":[],"product_cat":[1032,935],"product_tag":[],"class_list":{"0":"post-3946","1":"product","2":"type-product","3":"status-publish","4":"has-post-thumbnail","6":"product_cat-avertisseurs-de-radars-mobiles","7":"product_cat-escort-fr","9":"first","10":"outofstock","11":"featured","12":"taxable","13":"shipping-taxable","14":"purchasable","15":"product-type-simple","16":"entry","17":"content-bg","18":"loop-entry"},"jetpack_sharing_enabled":true,"_links":{"self":[{"href":"https:\/\/radar-shop.com\/fr\/wp-json\/wp\/v2\/product\/3946","targetHints":{"allow":["GET"]}}],"collection":[{"href":"https:\/\/radar-shop.com\/fr\/wp-json\/wp\/v2\/product"}],"about":[{"href":"https:\/\/radar-shop.com\/fr\/wp-json\/wp\/v2\/types\/product"}],"replies":[{"embeddable":true,"href":"https:\/\/radar-shop.com\/fr\/wp-json\/wp\/v2\/comments?post=3946"}],"wp:featuredmedia":[{"embeddable":true,"href":"https:\/\/radar-shop.com\/fr\/wp-json\/wp\/v2\/media\/3040"}],"wp:attachment":[{"href":"https:\/\/radar-shop.com\/fr\/wp-json\/wp\/v2\/media?parent=3946"}],"wp:term":[{"taxonomy":"product_brand","embeddable":true,"href":"https:\/\/radar-shop.com\/fr\/wp-json\/wp\/v2\/product_brand?post=3946"},{"taxonomy":"product_cat","embeddable":true,"href":"https:\/\/radar-shop.com\/fr\/wp-json\/wp\/v2\/product_cat?post=3946"},{"taxonomy":"product_tag","embeddable":true,"href":"https:\/\/radar-shop.com\/fr\/wp-json\/wp\/v2\/product_tag?post=3946"}],"curies":[{"name":"wp","href":"https:\/\/api.w.org\/{rel}","templated":true}]}}