{"id":3958,"date":"2021-12-22T09:18:49","date_gmt":"2021-12-30T12:44:33","guid":{"rendered":"https:\/\/radar-shop.com\/produkt\/esoguard-ii-dual-protection-eso3\/"},"modified":"2025-05-23T15:45:42","modified_gmt":"2025-05-23T13:45:42","slug":"protection-esoguard-ii-dual-eso3","status":"publish","type":"product","link":"https:\/\/radar-shop.com\/fr\/produit\/protection-esoguard-ii-dual-eso3\/","title":{"rendered":"ESOGUARD II DUAL &#8211; Protection ESO3"},"content":{"rendered":"<h2><b><strong>QUELLE EST LA FONCTION DE CE PRODUIT BLOCKER ESO 3.0 ? <\/strong><\/b><\/h2>\n<p>Apr\u00e8s que les d\u00e9tecteurs de radar, les d\u00e9tecteurs de radars laser et GPS aient \u00e9t\u00e9 suffisants pendant longtemps, un nouvel appareil de mesure s&rsquo;est r\u00e9cemment r\u00e9pandu en Allemagne, le capteur dit unilat\u00e9ral eso es 3.0. Vous pouvez s\u00fbrement reconna\u00eetre l&rsquo;appareil de mesure sur les photos sur Internet. Les d\u00e9tecteurs de radar et les syst\u00e8mes laser \u00e9prouv\u00e9s n&rsquo;ont aucun effet ici.<\/p>\n<div class=\"entry-content-asset videofit\">\n<div class=\"jetpack-video-wrapper\"><iframe loading=\"lazy\" title=\"BMW M Power mit ESO GUARD\" width=\"720\" height=\"405\" src=\"https:\/\/www.youtube.com\/embed\/5_EUQ_ZRzWc?feature=oembed\" frameborder=\"0\" allow=\"accelerometer; autoplay; clipboard-write; encrypted-media; gyroscope; picture-in-picture\" allowfullscreen><\/iframe><\/div>\n<\/div>\n<p>Ce nouveau produit ESOGUARD propos\u00e9 ici est destin\u00e9 \u00e0 une installation permanente \u00e0 l&rsquo;avant du v\u00e9hicule. Il peut \u00eatre utilis\u00e9 en compl\u00e9ment de toutes les solutions compl\u00e8tes propos\u00e9es, car il s&rsquo;agit d&rsquo;un appareil \u00e0 commande s\u00e9par\u00e9e. L&rsquo;appareil emp\u00eache les mesures de barri\u00e8re lumineuse avec la nouvelle barri\u00e8re lumineuse bien connue \u00a0\u00bb <a href=\"http:\/\/www.eso-elektronik.de\/web\/NewsDownloads\/Photos.aspx?AlbumID=21\" target=\"_blank\" rel=\"noopener\">eso es 3.0 capteur unilat\u00e9ral<\/a> \u00ab\u00a0.<br \/>\nLes mesures des barri\u00e8res lumineuses mobiles ne peuvent pas \u00eatre indiqu\u00e9es par des d\u00e9tecteurs radar ou laser, car ni les ondes lumineuses radar ni laser ne sont \u00e9mises ici. Ce n&rsquo;est qu&rsquo;en utilisant cet appareil que vous pouvez emp\u00eacher les mesures avec le nouveau syst\u00e8me de mesure \u00e0 capteur optique unilat\u00e9ral \u00ab\u00a0eso es 3.0\u00a0\u00bb, car il n&rsquo;y a pas d&rsquo;autres options d&rsquo;avertissement. Pour plus d&rsquo;informations sur cet appareil, veuillez cliquer <u><a href=\"http:\/\/www.radar-shop.com\/out\/pictures\/wysiwigpro\/Informationen%20eso%203.pdf\">ici<\/a><\/u> .<\/p>\n<p><b><strong>Vous ne savez pas \u00e0 quoi ressemblera une installation cach\u00e9e dans votre v\u00e9hicule ?<br \/>\nD\u00e9couvrez les vid\u00e9os :<\/strong><\/b><\/p>\n<p><img loading=\"lazy\" decoding=\"async\" class=\"aligncenter size-full wp-image-139\" src=\"https:\/\/www.radar-shop.eu\/wp-content\/uploads\/2017\/03\/Video_Radarwarner.jpg\" alt=\"\" width=\"500\" height=\"80\"><\/p>\n<p>Si vous \u00eates int\u00e9ress\u00e9, des m\u00e9caniciens \/ \u00e9lectriciens automobiles professionnels exp\u00e9riment\u00e9s peuvent installer ces appareils de mani\u00e8re tr\u00e8s flexible et discr\u00e8te, par exemple \u00e0 Heidelberg (g\u00e9n\u00e9ralement le vendredi apr\u00e8s-midi, le week-end). Le temps d&rsquo;installation est g\u00e9n\u00e9ralement de 2 \u00e0 5 heures selon le syst\u00e8me, mais il peut \u00eatre un peu plus long pour les voitures exotiques. Les techniciens discuteront bien s\u00fbr des options d&rsquo;installation avec vous personnellement au pr\u00e9alable afin que vous puissiez avoir une id\u00e9e de ce \u00e0 quoi ressemblera la solution au pr\u00e9alable. Vous pouvez utiliser le temps pour une visite de la ville pendant l&rsquo;installation. De nombreux clients sont tr\u00e8s heureux de cette opportunit\u00e9. Des difficult\u00e9s ne peuvent survenir que dans de rares cas, par exemple s&rsquo;il n&rsquo;y a pas assez d&rsquo;espace \u00e0 l&rsquo;avant du v\u00e9hicule ou si le simple d\u00e9montage de pi\u00e8ces de carrosserie prendrait des heures et des outils sp\u00e9ciaux seraient n\u00e9cessaires. Si vous souhaitez organiser l&rsquo;installation des appareils que vous avez command\u00e9s, veuillez ajouter cet article \u00e0 votre panier.<\/p>\n","protected":false},"excerpt":{"rendered":"<p>Enfin disponible et important pour les clients allemands : L&rsquo;Esoguard 3.0 Blocker Dual, en tant qu&rsquo;installation permanente avec deux capteurs, offre des interf\u00e9rences compl\u00e8tes pour les mesures des capteurs &#8211; commandez ici maintenant.<\/p>\n","protected":false},"featured_media":3095,"comment_status":"open","ping_status":"closed","template":"","meta":{"_kad_post_transparent":"","_kad_post_title":"","_kad_post_layout":"","_kad_post_sidebar_id":"","_kad_post_content_style":"","_kad_post_vertical_padding":"","_kad_post_feature":"","_kad_post_feature_position":"","_kad_post_header":false,"_kad_post_footer":false,"_kad_post_classname":""},"product_brand":[],"product_cat":[1025,936],"product_tag":[],"class_list":{"0":"post-3958","1":"product","2":"type-product","3":"status-publish","4":"has-post-thumbnail","6":"product_cat-brouilleur-eso","7":"product_cat-esoguard-fr","9":"first","10":"instock","11":"sale","12":"taxable","13":"shipping-taxable","14":"purchasable","15":"product-type-simple","16":"entry","17":"content-bg","18":"loop-entry"},"jetpack_sharing_enabled":true,"_links":{"self":[{"href":"https:\/\/radar-shop.com\/fr\/wp-json\/wp\/v2\/product\/3958","targetHints":{"allow":["GET"]}}],"collection":[{"href":"https:\/\/radar-shop.com\/fr\/wp-json\/wp\/v2\/product"}],"about":[{"href":"https:\/\/radar-shop.com\/fr\/wp-json\/wp\/v2\/types\/product"}],"replies":[{"embeddable":true,"href":"https:\/\/radar-shop.com\/fr\/wp-json\/wp\/v2\/comments?post=3958"}],"wp:featuredmedia":[{"embeddable":true,"href":"https:\/\/radar-shop.com\/fr\/wp-json\/wp\/v2\/media\/3095"}],"wp:attachment":[{"href":"https:\/\/radar-shop.com\/fr\/wp-json\/wp\/v2\/media?parent=3958"}],"wp:term":[{"taxonomy":"product_brand","embeddable":true,"href":"https:\/\/radar-shop.com\/fr\/wp-json\/wp\/v2\/product_brand?post=3958"},{"taxonomy":"product_cat","embeddable":true,"href":"https:\/\/radar-shop.com\/fr\/wp-json\/wp\/v2\/product_cat?post=3958"},{"taxonomy":"product_tag","embeddable":true,"href":"https:\/\/radar-shop.com\/fr\/wp-json\/wp\/v2\/product_tag?post=3958"}],"curies":[{"name":"wp","href":"https:\/\/api.w.org\/{rel}","templated":true}]}}