{"id":3974,"date":"2020-12-11T14:56:02","date_gmt":"2021-12-30T12:48:18","guid":{"rendered":"https:\/\/radar-shop.com\/produkt\/detecteur-de-radar-genevo-one-s-black-edition\/"},"modified":"2021-12-30T13:48:18","modified_gmt":"2021-12-30T12:48:18","slug":"detecteur-de-radar-genevo-one-s-black-edition","status":"publish","type":"product","link":"https:\/\/radar-shop.com\/fr\/produit\/detecteur-de-radar-genevo-one-s-black-edition\/","title":{"rendered":"D\u00e9tecteur de radar Genevo One S Black Edition"},"content":{"rendered":"<pre><a href=\"#hinweis\">Bitte beachten Sie folgendes vor Ihrer Bestellung.<\/a><\/pre>\n<p><strong>D\u00e9tecteur de radar GENEVO One <span style=\"color: #ff0000;\">S<\/span> Black Edition<\/strong><\/p>\n<h2>Le nouveau fleuron de la s\u00e9rie Genevo One. La performance augmente d&rsquo;un incroyable 100&nbsp;%&nbsp;!<\/h2>\n<ul>\n<li>Le plus petit d\u00e9tecteur de radar au monde avec r\u00e9cepteur radar Ultra HD<\/li>\n<li>100% plus de puissance de r\u00e9ception que le Genevo One S.<\/li>\n<li>Mises \u00e0 jour de la base de donn\u00e9es des radars \u00e0 vie incluses<\/li>\n<li>Enti\u00e8rement l\u00e9gal comme indicateur de vitesse GPS sur simple pression d&rsquo;un bouton<\/li>\n<li>Nouveaux filtres sp\u00e9ciaux pour v\u00e9hicules avec radar de distance<\/li>\n<li>R\u00e9activation facile de la fonction d&rsquo;alerte radar sur le PC<\/li>\n<li>T\u00e9l\u00e9charger une nouvelle base de donn\u00e9es chaque mois<\/li>\n<li>Acquisition 360\u00b0 de sources radar en Europe (bande X- \/ K- \/ Ka-\u00e9troite)<\/li>\n<li>affichage matriciel complet de haute qualit\u00e9<\/li>\n<li>Avertissement de mesures laser (y compris Poliscan Speed !)<\/li>\n<li>Avertissement pour les mesures de Section Control (base de donn\u00e9es)<\/li>\n<li>Avertissement de radars fixes (base de donn\u00e9es)<\/li>\n<li>Avertissement de cam\u00e9ras aux feux rouges (base de donn\u00e9es)<\/li>\n<li>Op\u00e9ration allemande la plus simple<\/li>\n<\/ul>\n<h2>Performance maximum<\/h2>\n<p>Le d\u00e9tecteur de radar Genevo One S Black Edition avec antenne Ultra HD met tous les autres d\u00e9tecteurs de radar mobiles \u00e0 l&rsquo;ombre. 100% plus de gamme que tout autre produit jusqu&rsquo;\u00e0 pr\u00e9sent. Les fausses alarmes appartiennent au pass\u00e9 gr\u00e2ce \u00e0 une technologie de filtrage sp\u00e9ciale. Une nouvelle technologie de filtre sp\u00e9cial permet au d\u00e9tecteur de radar de diff\u00e9rencier les radars r\u00e9els des ondes radar des v\u00e9hicules \u00e9quip\u00e9s d&rsquo;un r\u00e9gulateur de vitesse \u00e0 distance (ACC, Distronic, etc.) ou d&rsquo;assistants d&rsquo;angle mort. En liaison avec le support vertical, des port\u00e9es allant jusqu&rsquo;\u00e0 1000 m ont d\u00e9j\u00e0 \u00e9t\u00e9 atteintes avec des mesures arri\u00e8re.<\/p>\n<h2>Mode compteur de vitesse (fonctionnement l\u00e9gal)<\/h2>\n<p>Les fonctions d&rsquo;avertissement radar non autoris\u00e9es sont d\u00e9sactiv\u00e9es sur simple pression d&rsquo;un bouton. Le Genevo One S Black Edition n&rsquo;est plus un d\u00e9tecteur de radar op\u00e9rationnel au sens du StVO et peut \u00eatre utilis\u00e9 en toute l\u00e9galit\u00e9 comme indicateur de vitesse GPS. Avec une mise \u00e0 jour sur PC, le Genevo One S Black Edition redevient un d\u00e9tecteur de radar \u00e0 part enti\u00e8re.<\/p>\n<h2>Nouvel affichage, POI s\u00e9lectifs et auto-mute<\/h2>\n<p>Le nouvel \u00e9cran Vollmatix affiche les sources radar (bande et intensit\u00e9), les mesures laser et les messages radar POI (distance jusqu&rsquo;au radar). Une voix allemande vous informe de la source exacte du danger, de la vitesse autoris\u00e9e. Dans le cas du rayonnement radar, l&rsquo;intensit\u00e9 est signal\u00e9e par un bip.<\/p>\n<p>L&rsquo;avertissement s\u00e9lectif de POI vous permet de s\u00e9lectionner les avertissements pertinents. Par exemple, seuls les radars de contr\u00f4le de section et de feux tricolores via POI. Radar fixe, cependant, uniquement \u00e0 travers l&rsquo;antenne radar.<\/p>\n<p>Avec Auto-Mute, le volume des alarmes est r\u00e9duit \u00e0 un niveau tr\u00e8s subtil apr\u00e8s 2 secondes.<\/p>\n<div id=\"hinweis\" class=\"anker\"><\/div>\n<h2>Remarque pour les d\u00e9tecteurs de radar mobiles&nbsp;!<\/h2>\n<p>Avant d&rsquo;acheter un d\u00e9tecteur de radar portable, il est important de v\u00e9rifier si votre v\u00e9hicule est dot\u00e9 d&rsquo;un verre sp\u00e9cialement rev\u00eatu et m\u00e9tallis\u00e9 (pare-brise de confort climatique), car il n&rsquo;est pas possible ici de d\u00e9tecter les faisceaux radar avec un d\u00e9tecteur mobile. Cela concerne moins de 5% des v\u00e9hicules. Le d\u00e9tecteur de radar n&rsquo;est pas en mesure de donner un avertissement ad\u00e9quat&nbsp;! Si vous d\u00e9couvrez que votre v\u00e9hicule est concern\u00e9, nous avons de nombreuses autres solutions \u00e0 votre disposition. Par exemple, l&rsquo;ensemble de la <a href=\"https:\/\/www.efficient-technologies.at\/produkt\/genevo-serie-radarwarner-set\/\" target=\"_blank\" rel=\"noopener noreferrer\">s\u00e9rie Genevo +<\/a> compos\u00e9 de Genevo GPS + et Genevo UHD + \u00e0 un prix sp\u00e9cial. Ou un autre gagnant du test de la cat\u00e9gorie <a href=\"https:\/\/www.efficient-technologies.at\/produkt-kategorie\/radarwarner\/radarwarnung-festeinbau\/\" target=\"_blank\" rel=\"noopener noreferrer\">des d\u00e9tecteurs de radar \u00e0 montage fixe<\/a> .<\/p>\n<h2>Commandez des accessoires en m\u00eame temps &#8211; obtenez un avantage de prix !<\/h2>\n<ul>\n<li><strong>Support vertical<\/strong><br \/>\nLe support vertical pr\u00e9sente des avantages significatifs en termes de d\u00e9lais d&rsquo;avertissement, en particulier dans la bande Ka, ce qui est tr\u00e8s important pour l&rsquo;Autriche.<\/li>\n<li><strong>C\u00e2ble d&rsquo;installation<\/strong><br \/>\nUn c\u00e2ble fin et droit pour la connexion \u00e0 la bo\u00eete \u00e0 fusibles. Il est beaucoup plus joli dans le v\u00e9hicule et est moins visible que les c\u00e2bles de l&rsquo;allume-cigare.<\/li>\n<li><span style=\"font-family: 'Montserrat Semibold', Arial, sans-serif;\"><b>Support pare-soleil<\/b><\/span><br \/>\nSupport pour un montage discret sur le pare-soleil. Dans certains v\u00e9hicules, la position du pare-soleil peut alt\u00e9rer la r\u00e9ception GPS.<\/li>\n<\/ul>\n<h3><a href=\"https:\/\/www.efficient-technologies.at\/produkt\/genevo-one-serie-zubehoer\/\" target=\"_blank\" rel=\"noopener noreferrer\">Cliquez ici pour voir les accessoires Genevo<\/a> .<\/h3>\n<p>&nbsp;<\/p>\n<h2>Options de r\u00e9glage<\/h2>\n<ul>\n<li>Modes d&rsquo;affichage : vitesse &amp; temps, vitesse &amp; tension,<br \/>\nTension de la batterie, temps, vitesse, vitesse et boussole<\/li>\n<li>Muet automatique&nbsp;: activ\u00e9\/d\u00e9sactiv\u00e9<\/li>\n<li>Vitesse minimale pour les signaux d&rsquo;alarme (recommandation 20 km\/h)<\/li>\n<li>Bande X&nbsp;: On\/Off (recommandation OFF)<\/li>\n<li>Bande K&nbsp;: Large \/ Narrow \/ Instant \/ Aus (recommandation K Narrow ou AUS)<\/li>\n<li>Filtre K : Off \/ low \/ high &#8211; R\u00e9duit les fausses alarmes de l&rsquo;ACC (recommandation faible)<\/li>\n<li>Bande Ka&nbsp;: Large \/ Narrow \/ Aus (Recommandation&nbsp;: Ka Narrow)<\/li>\n<li>Ka 34.0 On \/ Off (recommandation ON)<\/li>\n<li>Ka 34.3 On \/ Off (recommandation ON)<\/li>\n<li>Ka 34.7 Marche \/ Arr\u00eat (recommandation OFF)<\/li>\n<li>Ka 35.5 Marche \/ Arr\u00eat (recommandation OFF)<\/li>\n<li>Filtre Ka : Off \/ low \/ high &#8211; R\u00e9duit les fausses alarmes de l&rsquo;ACC (recommandation : filter low)<\/li>\n<li>Laser : On \/ Off (recommandation ON)<\/li>\n<li>Son de d\u00e9marrage&nbsp;:&nbsp;On\/Off<\/li>\n<li>Message de connexion GPS : Activ\u00e9 \/ D\u00e9sactiv\u00e9<\/li>\n<li>Messages de la base de donn\u00e9es de POI&nbsp;:&nbsp;On\/Off ou avec le bouton du milieu, vous pouvez \u00e9galement s\u00e9lectionner des cat\u00e9gories. Utilisez les boutons +\/- sur le c\u00f4t\u00e9 pour le changement (recommandation : la cat\u00e9gorie \u00ab&nbsp;points de danger fr\u00e9quents&nbsp;\u00bb d\u00e9sactiv\u00e9, si non souhait\u00e9)<\/li>\n<li>Distance d&rsquo;avertissement POI : (normal 250 m, large 375 m, tr\u00e8s large 500 m) (recommandation : large)<\/li>\n<li>Unit\u00e9 : Anglais (mph) \/ M\u00e9trique (km\/h) (recommandation km\/h)<\/li>\n<li>R\u00e9glage de l&rsquo;heure locale : modifiez le fuseau horaire (heures) \u00e0 l&rsquo;aide des boutons +\/- sur le c\u00f4t\u00e9.<\/li>\n<li>Langue : anglais \/ allemand \/ tch\u00e8que<\/li>\n<li>R\u00e9glage d&rsquo;usine : Pour r\u00e9initialiser, appuyez sur le bouton du milieu.<\/li>\n<li>Supprimer tous vos propres marquages : appuyez sur le bouton central pour supprimer.<\/li>\n<\/ul>\n<h2><\/h2>\n<h4>Contenu de la livraison Genevo One <span style=\"color: #ff0000;\">S<\/span> Black Edition<\/h4>\n<ul>\n<li>Genevo One S Black Edition<\/li>\n<li>Support incl. 2 ventouses<\/li>\n<li>C\u00e2ble d&rsquo;alimentation pour prise 12V<\/li>\n<li>Mises \u00e0 jour de la base de donn\u00e9es de l&rsquo;UE \u00e0 vie<\/li>\n<li>mode d&#8217;emploi allemand<\/li>\n<li>24 mois de garantie<\/li>\n<\/ul>\n","protected":false},"excerpt":{"rendered":"<ul>\n<li>D\u00e9tecteur de radar mobile gagnant du test<\/li>\n<li>Antenne radar Ultra HD pour des performances maximales<\/li>\n<li>100% plus de performances que le meilleur concurrent<\/li>\n<li>Enti\u00e8rement l\u00e9gal comme indicateur de vitesse GPS sur simple pression d&rsquo;un bouton<\/li>\n<li>Base de donn\u00e9es des radars de l&rsquo;UE incluse \u00e0 vie<\/li>\n<li>Technologie de filtrage pour v\u00e9hicules avec radar de distance<\/li>\n<li>Fonction de mise en sourdine automatique<\/li>\n<\/ul>\n","protected":false},"featured_media":669,"comment_status":"open","ping_status":"closed","template":"","meta":{"_kad_post_transparent":"","_kad_post_title":"","_kad_post_layout":"","_kad_post_sidebar_id":"","_kad_post_content_style":"","_kad_post_vertical_padding":"","_kad_post_feature":"","_kad_post_feature_position":"","_kad_post_header":false,"_kad_post_footer":false,"_kad_post_classname":""},"product_brand":[],"product_cat":[1032,941],"product_tag":[378,434,447,375,448,449],"class_list":{"0":"post-3974","1":"product","2":"type-product","3":"status-publish","4":"has-post-thumbnail","6":"product_cat-avertisseurs-de-radars-mobiles","7":"product_cat-genevo-fr","8":"product_tag-detecteur-radar","9":"product_tag-detecteurs-de-radars-mobiles","10":"product_tag-edition-noir","11":"product_tag-geneve","12":"product_tag-genevo-one-s-fr","13":"product_tag-un-s","15":"first","16":"instock","17":"sale","18":"taxable","19":"shipping-taxable","20":"purchasable","21":"product-type-simple","22":"entry","23":"content-bg","24":"loop-entry"},"jetpack_sharing_enabled":true,"_links":{"self":[{"href":"https:\/\/radar-shop.com\/fr\/wp-json\/wp\/v2\/product\/3974","targetHints":{"allow":["GET"]}}],"collection":[{"href":"https:\/\/radar-shop.com\/fr\/wp-json\/wp\/v2\/product"}],"about":[{"href":"https:\/\/radar-shop.com\/fr\/wp-json\/wp\/v2\/types\/product"}],"replies":[{"embeddable":true,"href":"https:\/\/radar-shop.com\/fr\/wp-json\/wp\/v2\/comments?post=3974"}],"wp:featuredmedia":[{"embeddable":true,"href":"https:\/\/radar-shop.com\/fr\/wp-json\/wp\/v2\/media\/669"}],"wp:attachment":[{"href":"https:\/\/radar-shop.com\/fr\/wp-json\/wp\/v2\/media?parent=3974"}],"wp:term":[{"taxonomy":"product_brand","embeddable":true,"href":"https:\/\/radar-shop.com\/fr\/wp-json\/wp\/v2\/product_brand?post=3974"},{"taxonomy":"product_cat","embeddable":true,"href":"https:\/\/radar-shop.com\/fr\/wp-json\/wp\/v2\/product_cat?post=3974"},{"taxonomy":"product_tag","embeddable":true,"href":"https:\/\/radar-shop.com\/fr\/wp-json\/wp\/v2\/product_tag?post=3974"}],"curies":[{"name":"wp","href":"https:\/\/api.w.org\/{rel}","templated":true}]}}