{"id":4031,"date":"2021-12-11T16:39:00","date_gmt":"2021-12-30T12:49:13","guid":{"rendered":"https:\/\/radar-shop.com\/produkt\/testeur-dalcool-envitec-alcoquant-6020\/"},"modified":"2025-12-17T17:11:55","modified_gmt":"2025-12-17T16:11:55","slug":"alkotester-envitec-alcoquant-6020-2","status":"publish","type":"product","link":"https:\/\/radar-shop.com\/fr\/produit\/alkotester-envitec-alcoquant-6020-2\/","title":{"rendered":"Testeur d&rsquo;alcool EnviteC AlcoQuant 6020+"},"content":{"rendered":"<p><strong>Testeur d&rsquo;alcool EnviteC AlcoQuant 6020+<\/strong><\/p>\n<h2>Parce qu&rsquo;une seule bi\u00e8re fait la diff\u00e9rence !<\/h2>\n<ul>\n<li>Testeur d&rsquo;alcool de l&rsquo;ex\u00e9cutif autrichien<\/li>\n<li>Montez dans la voiture la conscience tranquille<\/li>\n<li>Pas de mauvaise surprise<\/li>\n<li>N&rsquo;ayez pas peur du carr\u00e9 de la grille<\/li>\n<li>Cela ne devient pas plus pr\u00e9cis que \u00b1 0,05 absolu<\/li>\n<li>Pr\u00eat \u00e0 l&#8217;emploi \u00e0 tout moment<\/li>\n<li>2000 mesures avec un jeu de piles<\/li>\n<li>Protection contre les projections d&rsquo;eau et la poussi\u00e8re selon IP 54<\/li>\n<li>Protection m\u00e9canique selon IK 03<\/li>\n<li>Op\u00e9ration simple<\/li>\n<li>Affichage et \u00e9clairage des touches<\/li>\n<li>M\u00e9moire de donn\u00e9es pour 9 999 mesures<\/li>\n<li>Peut \u00eatre mis \u00e0 jour via USB<\/li>\n<li>R\u00e9pond aux exigences de la norme europ\u00e9enne EN 15964<\/li>\n<li>Rappel automatique pour calibrer tous les 6 mois\n<div class=\"page\" title=\"Page 5\"><\/div>\n<\/li>\n<\/ul>\n<h2>Dois-je boire un autre verre ou ne devrais-je pas?<\/h2>\n<p>Si vous voulez \u00eatre du bon c\u00f4t\u00e9, vous ne pouvez pas ignorer l&rsquo;AlcoQuant 6020 Plus. Cet appareil est tr\u00e8s appr\u00e9ci\u00e9 par les dirigeants autrichiens en raison de sa pr\u00e9cision et de sa facilit\u00e9 d&rsquo;utilisation. Cela vous donne la m\u00eame valeur avant de monter dans la voiture que l&rsquo;officier qui peut vous arr\u00eater \u00e0 3 p\u00e2t\u00e9s de maisons sur une grille. L&rsquo;AlcoQuant 6020 Plus est livr\u00e9 avec 25 embouts buccaux dans un petit \u00e9tui pratique. Nous ne livrons que des appareils neufs et fra\u00eechement calibr\u00e9s directement de l&rsquo;usine. Pas d&rsquo;articles en stock. Vous recevrez toujours des appareils neufs avec les 6 mois complets jusqu&rsquo;au prochain \u00e9talonnage. Livraison sous 3 \u00e0 5 jours.<\/p>\n<h3><a href=\"https:\/\/www.efficient-technologies.at\/wp-content\/uploads\/2016\/11\/EnviteC-AlcoQuant-6020-Plus.pdf\" target=\"_blank\" rel=\"noopener\">Cliquez ici pour afficher le dossier du produit<\/a> .<\/h3>\n","protected":false},"excerpt":{"rendered":"<ul>\n<li>Testeur d&rsquo;alcool de l&rsquo;ex\u00e9cutif autrichien<\/li>\n<li>Montez dans la voiture la conscience tranquille<\/li>\n<li>Pas de mauvaise surprise<\/li>\n<li>N&rsquo;ayez pas peur du carr\u00e9 de la grille<\/li>\n<li>Cela ne devient pas plus pr\u00e9cis que \u00b1 0,05 absolu<\/li>\n<li>Pr\u00eat \u00e0 l&#8217;emploi \u00e0 tout moment<\/li>\n<\/ul>\n","protected":false},"featured_media":1346,"comment_status":"open","ping_status":"closed","template":"","meta":{"_kad_post_transparent":"","_kad_post_title":"","_kad_post_layout":"","_kad_post_sidebar_id":"","_kad_post_content_style":"","_kad_post_vertical_padding":"","_kad_post_feature":"","_kad_post_feature_position":"","_kad_post_header":false,"_kad_post_footer":false,"_kad_post_classname":""},"product_brand":[],"product_cat":[1084,929],"product_tag":[593,599,609,618,621,606,612],"class_list":{"0":"post-4031","1":"product","2":"type-product","3":"status-publish","4":"has-post-thumbnail","6":"product_cat-autres","7":"product_cat-envitec-fr","8":"product_tag-6020-fr","9":"product_tag-alcoquant-fr","10":"product_tag-de-lalcool","11":"product_tag-envitec-fr","12":"product_tag-executif","13":"product_tag-testeur-alko","14":"product_tag-testeurs-dalcool","16":"first","17":"instock","18":"sale","19":"taxable","20":"shipping-taxable","21":"purchasable","22":"product-type-simple","23":"entry","24":"content-bg","25":"loop-entry"},"jetpack_sharing_enabled":true,"_links":{"self":[{"href":"https:\/\/radar-shop.com\/fr\/wp-json\/wp\/v2\/product\/4031","targetHints":{"allow":["GET"]}}],"collection":[{"href":"https:\/\/radar-shop.com\/fr\/wp-json\/wp\/v2\/product"}],"about":[{"href":"https:\/\/radar-shop.com\/fr\/wp-json\/wp\/v2\/types\/product"}],"replies":[{"embeddable":true,"href":"https:\/\/radar-shop.com\/fr\/wp-json\/wp\/v2\/comments?post=4031"}],"wp:featuredmedia":[{"embeddable":true,"href":"https:\/\/radar-shop.com\/fr\/wp-json\/wp\/v2\/media\/1346"}],"wp:attachment":[{"href":"https:\/\/radar-shop.com\/fr\/wp-json\/wp\/v2\/media?parent=4031"}],"wp:term":[{"taxonomy":"product_brand","embeddable":true,"href":"https:\/\/radar-shop.com\/fr\/wp-json\/wp\/v2\/product_brand?post=4031"},{"taxonomy":"product_cat","embeddable":true,"href":"https:\/\/radar-shop.com\/fr\/wp-json\/wp\/v2\/product_cat?post=4031"},{"taxonomy":"product_tag","embeddable":true,"href":"https:\/\/radar-shop.com\/fr\/wp-json\/wp\/v2\/product_tag?post=4031"}],"curies":[{"name":"wp","href":"https:\/\/api.w.org\/{rel}","templated":true}]}}