{"id":5765,"date":"2021-02-19T18:25:24","date_gmt":"2022-02-19T17:25:24","guid":{"rendered":"https:\/\/radar-shop.com\/produkt\/blinder-hp905-double-capteur\/"},"modified":"2022-02-19T20:03:37","modified_gmt":"2022-02-19T19:03:37","slug":"blinder-hp-905-double-capteur","status":"publish","type":"product","link":"https:\/\/radar-shop.com\/fr\/produit\/blinder-hp-905-double-capteur\/","title":{"rendered":"BLINDER HP 905 DOUBLE CAPTEUR"},"content":{"rendered":"<p><strong>BLINDER HP 905 DUAL &#8211; Blinder met sur le march\u00e9 le nouveau mod\u00e8le de syst\u00e8me de brouillage laser compact HP 905.<\/strong> Les nouveaux capteurs sont tr\u00e8s petits et sont actionn\u00e9s par des diodes laser extr\u00eamement puissantes. Les nouveaux capteurs peuvent facilement \u00eatre log\u00e9s dans les espaces les plus restreints de la voiture et facilitent le montage et l&rsquo;int\u00e9gration \u00e0 l&rsquo;avant du v\u00e9hicule. Les nouveaux capteurs sont plus puissants que tous les mod\u00e8les pr\u00e9c\u00e9dents, des LED haute puissance et des diodes laser haute puissance ont \u00e9t\u00e9 int\u00e9gr\u00e9es dans les petits capteurs.<\/p>\n<p><strong>Le nouveau Blinder HP 905<\/strong> dispose d&rsquo;un contr\u00f4le de volume variable et d&rsquo;une nouvelle sortie vocale comme avertissement, qui identifie le type de pistolet laser ou de radar laser avec lequel votre v\u00e9hicule est vis\u00e9. Les tonalit\u00e9s d&rsquo;alarme sont d\u00e9sormais plus faciles \u00e0 identifier, notamment lorsque l&rsquo;int\u00e9rieur du v\u00e9hicule est bruyant. Le Blinder HP905 compact peut fonctionner en 3 modes : mode aide au stationnement, mode r\u00e9cepteur (simple d\u00e9tection laser, mais sans interf\u00e9rence active) et mode d\u00e9fense (mode interf\u00e9rence active pour r\u00e9agir aux signaux laser re\u00e7us).<\/p>\n<p><strong>Vous pouvez basculer entre ces modes de fonctionnement \u00e0 l&rsquo;aide du s\u00e9lecteur \u00e0 distance.<\/strong> Le logiciel Blinder HP 905 peut \u00eatre mis \u00e0 jour. Avec un ordinateur et le c\u00e2ble USB fourni, le logiciel CPU peut \u00eatre mis \u00e0 jour afin d&rsquo;\u00eatre pr\u00e9par\u00e9 pour l&rsquo;avenir en cas de nouvelles mesures laser. Les mises \u00e0 jour sont gratuites et peuvent \u00eatre t\u00e9l\u00e9charg\u00e9es sur le site Web du fabricant. La configuration standard recommand\u00e9e est de 2 capteurs dans le syst\u00e8me \u00e0 double capteur. Si vous conduisez un gros SUV ou que vous souhaitez prot\u00e9ger votre voiture de l&rsquo;arri\u00e8re, vous pouvez acheter la version \u00e0 quatre capteurs du syst\u00e8me compact Blinder HP905 avec 4 capteurs.<\/p>\n<h2>Voici comment fonctionne un bloqueur laser &#8211; Blinder HP 905<\/h2>\n<p>Un dispositif laser envoie \u00e0 intervalles r\u00e9guliers un faisceau infrarouge \u00e0 des fins de mesure de la vitesse, qui est r\u00e9fl\u00e9chi par le v\u00e9hicule cibl\u00e9. En reconnaissant ces r\u00e9flexions sur les faisceaux \u00e9mis individuellement, la vitesse exacte du v\u00e9hicule est maintenant calcul\u00e9e. Ces calculs sont bas\u00e9s sur l&rsquo;attribution claire des r\u00e9flexions lumineuses. Cependant, si des impulsions lumineuses suppl\u00e9mentaires se produisent sur la cible cibl\u00e9e dans la m\u00eame plage de fr\u00e9quences, les rayons r\u00e9fl\u00e9chis ne peuvent pas \u00eatre clairement attribu\u00e9s et la vitesse ne peut donc pas \u00eatre calcul\u00e9e.<\/p>\n<p><strong>Le Laser Blinder HP 905<\/strong> \u00e9met une lumi\u00e8re infrarouge multifr\u00e9quence qui est invisible \u00e0 l&rsquo;\u0153il. Apr\u00e8s qu&rsquo;un faisceau laser frappe l&rsquo;avant du v\u00e9hicule, en plus de la r\u00e9flexion de la lumi\u00e8re r\u00e9elle, un grand nombre d&rsquo;autres impulsions lumineuses sont r\u00e9fl\u00e9chies dans la direction du dispositif laser, de sorte qu&rsquo;aucune mesure ne peut y \u00eatre effectu\u00e9e. Les deux \u00e9metteurs sont discr\u00e8tement fix\u00e9s sur la partie avant du v\u00e9hicule. Comme deux \u00e9metteurs sont utilis\u00e9s, tout l&rsquo;avant du v\u00e9hicule, y compris celui des plus gros v\u00e9hicules, est blind\u00e9. Les r\u00e9troviseurs ext\u00e9rieurs sont \u00e9galement entour\u00e9s par les fr\u00e9quences lumineuses \u00e9mises. Le Blinder HP 905 dual \u00e9met judicieusement les fr\u00e9quences lumineuses en continu lorsque le v\u00e9hicule est en marche, car l&rsquo;\u00e9mission des fr\u00e9quences en r\u00e9ponse \u00e0 un signal laser re\u00e7u pourrait d\u00e9j\u00e0 \u00eatre trop tardive.<\/p>\n<p style=\"font-weight: 400;\"><b><strong>ATTENTION PAS DE RADAR AVERTISSEMENT : Les mesures radar<\/strong><\/b> ne sont pas enregistr\u00e9es ! De plus, l&rsquo;installation en parall\u00e8le d&rsquo;un d\u00e9tecteur de radar tel que <a href=\"https:\/\/radar-shop.com\/fr\/produit\/genevo-assist-hdm\/\">Genevo Assist<\/a> ou <a href=\"https:\/\/radar-shop.com\/fr\/produit\/detecteur-de-radar-vip-stinger\/\">Stinger<\/a> est une option pour se prot\u00e9ger des mesures radar. L&rsquo;installation dans un atelier sp\u00e9cialis\u00e9 est \u00e9galement recommand\u00e9e. Tous les ateliers agr\u00e9\u00e9s peuvent effectuer les travaux sur votre v\u00e9hicule en peu de temps.<\/p>\n","protected":false},"excerpt":{"rendered":"<p>Le brouilleur laser Blinder HP 905 Dual, en tant qu&rsquo;installation fixe avec deux capteurs, offre une alerte laser compl\u00e8te \/ interf\u00e9rence pour toute l&rsquo;Europe<\/p>\n","protected":false},"featured_media":3419,"comment_status":"open","ping_status":"closed","template":"","meta":{"_kad_post_transparent":"","_kad_post_title":"","_kad_post_layout":"","_kad_post_sidebar_id":"","_kad_post_content_style":"","_kad_post_vertical_padding":"","_kad_post_feature":"","_kad_post_feature_position":"","_kad_post_header":false,"_kad_post_footer":false,"_kad_post_classname":""},"product_brand":[],"product_cat":[925,1026],"product_tag":[360,1137,364,1139,362,1138,363],"class_list":{"0":"post-5765","1":"product","2":"type-product","3":"status-publish","4":"has-post-thumbnail","6":"product_cat-blinder-fr","7":"product_cat-brouilleur-de-laser","8":"product_tag-blinder-fr","9":"product_tag-blinder-hp905-fr","10":"product_tag-bloqueur-laser","11":"product_tag-brouilleur-de-laser","12":"product_tag-laser-fr","13":"product_tag-laser-jammer-fr","14":"product_tag-oeilleres-laser","16":"first","17":"onbackorder","18":"sale","19":"taxable","20":"shipping-taxable","21":"purchasable","22":"product-type-simple","23":"entry","24":"content-bg","25":"loop-entry"},"jetpack_sharing_enabled":true,"_links":{"self":[{"href":"https:\/\/radar-shop.com\/fr\/wp-json\/wp\/v2\/product\/5765","targetHints":{"allow":["GET"]}}],"collection":[{"href":"https:\/\/radar-shop.com\/fr\/wp-json\/wp\/v2\/product"}],"about":[{"href":"https:\/\/radar-shop.com\/fr\/wp-json\/wp\/v2\/types\/product"}],"replies":[{"embeddable":true,"href":"https:\/\/radar-shop.com\/fr\/wp-json\/wp\/v2\/comments?post=5765"}],"wp:featuredmedia":[{"embeddable":true,"href":"https:\/\/radar-shop.com\/fr\/wp-json\/wp\/v2\/media\/3419"}],"wp:attachment":[{"href":"https:\/\/radar-shop.com\/fr\/wp-json\/wp\/v2\/media?parent=5765"}],"wp:term":[{"taxonomy":"product_brand","embeddable":true,"href":"https:\/\/radar-shop.com\/fr\/wp-json\/wp\/v2\/product_brand?post=5765"},{"taxonomy":"product_cat","embeddable":true,"href":"https:\/\/radar-shop.com\/fr\/wp-json\/wp\/v2\/product_cat?post=5765"},{"taxonomy":"product_tag","embeddable":true,"href":"https:\/\/radar-shop.com\/fr\/wp-json\/wp\/v2\/product_tag?post=5765"}],"curies":[{"name":"wp","href":"https:\/\/api.w.org\/{rel}","templated":true}]}}