{"id":6404,"date":"2020-12-22T11:00:19","date_gmt":"2022-08-04T09:00:20","guid":{"rendered":"https:\/\/radar-shop.com\/?post_type=product&#038;p=6404"},"modified":"2025-05-23T13:12:55","modified_gmt":"2025-05-23T11:12:55","slug":"cable-de-remplacement-pour-navty-2","status":"publish","type":"product","link":"https:\/\/radar-shop.com\/fr\/produit\/cable-de-remplacement-pour-navty-2\/","title":{"rendered":"C\u00e2ble de remplacement pour Navty"},"content":{"rendered":"<p>C\u00e2ble de remplacement pour NAVTY P1 &#8211; (version compatible avec \u00e9clairage LED ainsi qu&rsquo;une connexion de charge USB pour le Navty P1 \u00e0 connecter \u00e0 l&rsquo;allume cigare. NOUVEAU : la tension d&rsquo;entr\u00e9e peut maintenant \u00eatre de 12 \u00e0 24 V.<\/p>\n<p>Raccord:<\/p>\n<ul>\n<li>NAVTY P1<\/li>\n<li>Escort: MAX, MAX2, MAX3, MAX360, MAX360c<\/li>\n<li>Escort X 8500 (X50),<\/li>\n<li>Escort 9500iX<\/li>\n<li>Escort Redline, Redline EX<\/li>\n<li>Escort EX 360, EX 360C<\/li>\n<li>Valentine One: V1 Gen1, V1 Gen2,<\/li>\n<li>Genevo MAX,<\/li>\n<li>Uniden: R3, R4, R7, R8<\/li>\n<\/ul>\n","protected":false},"excerpt":{"rendered":"<p><strong>C\u00e2ble de remplacement avec interrupteur et chargeur USB<\/strong><\/p>\n<p>Raccord:<\/p>\n<ul>\n<li>NAVTY P1<\/li>\n<li>Escort: MAX, MAX2, MAX3, MAX360, MAX360c<\/li>\n<li>Escort X 8500 (X50),<\/li>\n<li>Escort 9500iX<\/li>\n<li>Escort Redline, Redline EX<\/li>\n<li>Escort EX 360, EX 360C<\/li>\n<li>Valentine One: V1 Gen1, V1 Gen2,<\/li>\n<li>Genevo MAX,<\/li>\n<li>Uniden: R3, R4, R7, R8<\/li>\n<\/ul>\n","protected":false},"featured_media":6409,"comment_status":"open","ping_status":"closed","template":"","meta":{"_kad_post_transparent":"","_kad_post_title":"","_kad_post_layout":"","_kad_post_sidebar_id":"","_kad_post_content_style":"","_kad_post_vertical_padding":"","_kad_post_feature":"","_kad_post_feature_position":"","_kad_post_header":false,"_kad_post_footer":false,"_kad_post_classname":""},"product_brand":[],"product_cat":[1057,1060,1065,1195,1071,952],"product_tag":[],"class_list":{"0":"post-6404","1":"product","2":"type-product","3":"status-publish","4":"has-post-thumbnail","6":"product_cat-escort-accessoires","7":"product_cat-genevo-accessoires","8":"product_cat-navty-accessoires","9":"product_cat-uniden-accessoires","10":"product_cat-valentine-one-accessoires","11":"product_cat-navty-fr","13":"first","14":"instock","15":"taxable","16":"shipping-taxable","17":"purchasable","18":"product-type-simple","19":"entry","20":"content-bg","21":"loop-entry"},"jetpack_sharing_enabled":true,"_links":{"self":[{"href":"https:\/\/radar-shop.com\/fr\/wp-json\/wp\/v2\/product\/6404","targetHints":{"allow":["GET"]}}],"collection":[{"href":"https:\/\/radar-shop.com\/fr\/wp-json\/wp\/v2\/product"}],"about":[{"href":"https:\/\/radar-shop.com\/fr\/wp-json\/wp\/v2\/types\/product"}],"replies":[{"embeddable":true,"href":"https:\/\/radar-shop.com\/fr\/wp-json\/wp\/v2\/comments?post=6404"}],"wp:featuredmedia":[{"embeddable":true,"href":"https:\/\/radar-shop.com\/fr\/wp-json\/wp\/v2\/media\/6409"}],"wp:attachment":[{"href":"https:\/\/radar-shop.com\/fr\/wp-json\/wp\/v2\/media?parent=6404"}],"wp:term":[{"taxonomy":"product_brand","embeddable":true,"href":"https:\/\/radar-shop.com\/fr\/wp-json\/wp\/v2\/product_brand?post=6404"},{"taxonomy":"product_cat","embeddable":true,"href":"https:\/\/radar-shop.com\/fr\/wp-json\/wp\/v2\/product_cat?post=6404"},{"taxonomy":"product_tag","embeddable":true,"href":"https:\/\/radar-shop.com\/fr\/wp-json\/wp\/v2\/product_tag?post=6404"}],"curies":[{"name":"wp","href":"https:\/\/api.w.org\/{rel}","templated":true}]}}