{"id":6524,"date":"2018-12-01T13:17:01","date_gmt":"2022-12-01T12:17:01","guid":{"rendered":"https:\/\/radar-shop.com\/produkt\/testeur-dantilaser\/"},"modified":"2025-05-28T13:24:16","modified_gmt":"2025-05-28T11:24:16","slug":"testeur-dantilaser","status":"publish","type":"product","link":"https:\/\/radar-shop.com\/fr\/produit\/testeur-dantilaser\/","title":{"rendered":"Testeur d&rsquo;antilaser"},"content":{"rendered":"<h2>Appareil de test pour bloqueurs de laser et d\u00e9tecteurs de radars Antilaser<\/h2>\n<p>Parfait pour tester votre Antilaser AL Priority ou tout autre bloqueur de laser ou d\u00e9tecteur de radar. Le testeur est en mesure de simuler diff\u00e9rents pistolets laser et de tester ainsi le fonctionnement de votre syst\u00e8me de d\u00e9tection de radars laser. Le testeur de blocage de laser Antilaser est un appareil de test tr\u00e8s utile pour les partenaires d&rsquo;installation ou les clients finaux. Il vous permet de v\u00e9rifier \u00e0 tout moment si votre bloqueur de laser est r\u00e9ellement op\u00e9rationnel et correctement ajust\u00e9. Il permet \u00e9galement de tester la fonction d&rsquo;alerte laser d&rsquo;autres bloqueurs de laser ou avertisseurs de radar.<\/p>\n","protected":false},"excerpt":{"rendered":"<p>Avec l&rsquo;Antilaser Priority Tester, vous pouvez v\u00e9rifier facilement et \u00e0 tout moment si votre antilaser est vraiment op\u00e9rationnel et correctement ajust\u00e9. Il est \u00e9galement possible de tester d&rsquo;autres bloqueurs de laser ou d\u00e9tecteurs de radar.<\/p>\n","protected":false},"featured_media":6519,"comment_status":"open","ping_status":"closed","template":"","meta":{"_kad_post_transparent":"","_kad_post_title":"","_kad_post_layout":"","_kad_post_sidebar_id":"","_kad_post_content_style":"","_kad_post_vertical_padding":"","_kad_post_feature":"","_kad_post_feature_position":"","_kad_post_header":false,"_kad_post_footer":false,"_kad_post_classname":""},"product_brand":[],"product_cat":[1083,1026,917],"product_tag":[],"class_list":{"0":"post-6524","1":"product","2":"type-product","3":"status-publish","4":"has-post-thumbnail","6":"product_cat-accessoires-pour-detecteurs-de-radars","7":"product_cat-brouilleur-de-laser","8":"product_cat-antilaser-fr","10":"first","11":"instock","12":"taxable","13":"shipping-taxable","14":"purchasable","15":"product-type-simple","16":"entry","17":"content-bg","18":"loop-entry"},"jetpack_sharing_enabled":true,"_links":{"self":[{"href":"https:\/\/radar-shop.com\/fr\/wp-json\/wp\/v2\/product\/6524","targetHints":{"allow":["GET"]}}],"collection":[{"href":"https:\/\/radar-shop.com\/fr\/wp-json\/wp\/v2\/product"}],"about":[{"href":"https:\/\/radar-shop.com\/fr\/wp-json\/wp\/v2\/types\/product"}],"replies":[{"embeddable":true,"href":"https:\/\/radar-shop.com\/fr\/wp-json\/wp\/v2\/comments?post=6524"}],"wp:featuredmedia":[{"embeddable":true,"href":"https:\/\/radar-shop.com\/fr\/wp-json\/wp\/v2\/media\/6519"}],"wp:attachment":[{"href":"https:\/\/radar-shop.com\/fr\/wp-json\/wp\/v2\/media?parent=6524"}],"wp:term":[{"taxonomy":"product_brand","embeddable":true,"href":"https:\/\/radar-shop.com\/fr\/wp-json\/wp\/v2\/product_brand?post=6524"},{"taxonomy":"product_cat","embeddable":true,"href":"https:\/\/radar-shop.com\/fr\/wp-json\/wp\/v2\/product_cat?post=6524"},{"taxonomy":"product_tag","embeddable":true,"href":"https:\/\/radar-shop.com\/fr\/wp-json\/wp\/v2\/product_tag?post=6524"}],"curies":[{"name":"wp","href":"https:\/\/api.w.org\/{rel}","templated":true}]}}