{"id":6678,"date":"2021-01-17T12:54:14","date_gmt":"2021-01-17T11:54:14","guid":{"rendered":"https:\/\/radar-shop.com\/produkt\/alpconnect-bluetooth-module-gen-2\/"},"modified":"2021-01-17T12:54:14","modified_gmt":"2021-01-17T11:54:14","slug":"alpconnect-bluetooth-module-gen-2","status":"publish","type":"product","link":"https:\/\/radar-shop.com\/fr\/produit\/alpconnect-bluetooth-module-gen-2\/","title":{"rendered":"ALPConnect Bluetooth Module (Gen.2)"},"content":{"rendered":"<p>Le module Bluetooth ALPConnect (Gen.2) prend en charge \u00e0 la fois la commande sans fil et la commande c\u00e2bl\u00e9e du syst\u00e8me AL Priority. Si le syst\u00e8me d\u00e9tecte une perte du signal sans fil provenant d&rsquo;un smartphone, la commande revient automatiquement au Control Set.<\/p>\n<p>Toutefois, si vous ne souhaitez pas faire passer de c\u00e2bles sous le tableau de bord et utiliser la commande c\u00e2bl\u00e9e, vous pouvez installer vos capteurs et monter le bo\u00eetier de commande dans le compartiment moteur, mais utiliser un bo\u00eetier \u00e9tanche pour prot\u00e9ger le bo\u00eetier de commande et le module ALPConnect de l&rsquo;humidit\u00e9.<\/p>\n<p>T\u00e9l\u00e9chargez l&rsquo;application ALPConnect sur iTunes ou Google App Store. L&rsquo;application pour smartphone vous permet d&rsquo;utiliser toutes les fonctions de l&rsquo;unit\u00e9 de contr\u00f4le et vous offre en outre un affichage visuel avec des messages vocaux.<\/p>\n<p>Compatible avec les derniers syst\u00e8mes d&rsquo;exploitation Android et iOS.<br \/>\npeut \u00eatre mis \u00e0 jour en ligne pour rester en phase avec les futures versions d&rsquo;Android et d&rsquo;iOS<br \/>\nprend en charge la connexion c\u00e2bl\u00e9e avec le kit de contr\u00f4le<br \/>\npermet des mises \u00e0 jour en ligne du micrologiciel de votre syst\u00e8me<br \/>\najoute un \u00e9cran \u00e0 votre syst\u00e8me ALP, et plus encore&#8230;<\/p>\n","protected":false},"excerpt":{"rendered":"<ul>\n<li>Connexion Bluetooth<\/li>\n<li>Compatible avec les derniers syst\u00e8mes d&rsquo;exploitation Android et iOS.<\/li>\n<li>peut \u00eatre mis \u00e0 jour en ligne pour rester en phase avec les futures versions d&rsquo;Android et d&rsquo;iOS<\/li>\n<li>prend en charge la connexion c\u00e2bl\u00e9e avec le kit de contr\u00f4le<\/li>\n<li>permet des mises \u00e0 jour en ligne du micrologiciel de votre syst\u00e8me<\/li>\n<\/ul>\n","protected":false},"featured_media":6668,"comment_status":"open","ping_status":"closed","template":"","meta":{"_kad_post_transparent":"","_kad_post_title":"","_kad_post_layout":"","_kad_post_sidebar_id":"","_kad_post_content_style":"","_kad_post_vertical_padding":"","_kad_post_feature":"","_kad_post_feature_position":"","_kad_post_header":false,"_kad_post_footer":false,"_kad_post_classname":""},"product_brand":[],"product_cat":[1185,917],"product_tag":[1186,1187],"class_list":{"0":"post-6678","1":"product","2":"type-product","3":"status-publish","4":"has-post-thumbnail","6":"product_cat-antilaser-accessoires","7":"product_cat-antilaser-fr","8":"product_tag-alp-bluetooth-fr","9":"product_tag-alpriority-bluetooth-module-fr","11":"first","12":"instock","13":"sale","14":"taxable","15":"shipping-taxable","16":"purchasable","17":"product-type-simple","18":"entry","19":"content-bg","20":"loop-entry"},"jetpack_sharing_enabled":true,"_links":{"self":[{"href":"https:\/\/radar-shop.com\/fr\/wp-json\/wp\/v2\/product\/6678","targetHints":{"allow":["GET"]}}],"collection":[{"href":"https:\/\/radar-shop.com\/fr\/wp-json\/wp\/v2\/product"}],"about":[{"href":"https:\/\/radar-shop.com\/fr\/wp-json\/wp\/v2\/types\/product"}],"replies":[{"embeddable":true,"href":"https:\/\/radar-shop.com\/fr\/wp-json\/wp\/v2\/comments?post=6678"}],"wp:featuredmedia":[{"embeddable":true,"href":"https:\/\/radar-shop.com\/fr\/wp-json\/wp\/v2\/media\/6668"}],"wp:attachment":[{"href":"https:\/\/radar-shop.com\/fr\/wp-json\/wp\/v2\/media?parent=6678"}],"wp:term":[{"taxonomy":"product_brand","embeddable":true,"href":"https:\/\/radar-shop.com\/fr\/wp-json\/wp\/v2\/product_brand?post=6678"},{"taxonomy":"product_cat","embeddable":true,"href":"https:\/\/radar-shop.com\/fr\/wp-json\/wp\/v2\/product_cat?post=6678"},{"taxonomy":"product_tag","embeddable":true,"href":"https:\/\/radar-shop.com\/fr\/wp-json\/wp\/v2\/product_tag?post=6678"}],"curies":[{"name":"wp","href":"https:\/\/api.w.org\/{rel}","templated":true}]}}