{"id":6813,"date":"2022-06-27T12:29:11","date_gmt":"2023-06-27T10:29:11","guid":{"rendered":"https:\/\/radar-shop.com\/?post_type=product&#038;p=6813"},"modified":"2024-08-01T16:58:09","modified_gmt":"2024-08-01T14:58:09","slug":"cable-dalimentation-usb-c-pour-detecteur-de-radar","status":"publish","type":"product","link":"https:\/\/radar-shop.com\/fr\/produit\/cable-dalimentation-usb-c-pour-detecteur-de-radar\/","title":{"rendered":"C\u00e2ble d&rsquo;alimentation USB-C pour d\u00e9tecteur de radar"},"content":{"rendered":"<p>C\u00e2ble de connexion USB-C pour avertisseur de radars C\u00e2ble 12V-USBC, cord\u00e9, environ 2 m de long \u00e0 l&rsquo;\u00e9tat \u00e9tendu avec affichage d&rsquo;\u00e9tat par LED.<\/p>\n<p>Raccord:<\/p>\n<ul>\n<li>NAVTY P1<\/li>\n<li>Escort: MAX, MAX2, MAX3, MAX360, MAX360c<\/li>\n<li>Escort X 8500 (X50),<\/li>\n<li>Escort 9500iX<\/li>\n<li>Escort Redline, Redline EX<\/li>\n<li>Escort EX 360, EX 360C<\/li>\n<li>Valentine One: V1 Gen1, V1 Gen2,<\/li>\n<li>Genevo MAX,<\/li>\n<li>Uniden: R3, R4, R7, R8<\/li>\n<\/ul>\n","protected":false},"excerpt":{"rendered":"<p>C\u00e2ble d&rsquo;alimentation USB-C d&rsquo;environ 2 m de long avec LED d&rsquo;\u00e9tat<\/p>\n<p>Raccord:<\/p>\n<ul>\n<li>NAVTY P1<\/li>\n<li>Escort: MAX, MAX2, MAX3, MAX360, MAX360c<\/li>\n<li>Escort X 8500 (X50),<\/li>\n<li>Escort 9500iX<\/li>\n<li>Escort Redline, Redline EX<\/li>\n<li>Escort EX 360, EX 360C<\/li>\n<li>Valentine One: V1 Gen1, V1 Gen2,<\/li>\n<li>Genevo MAX,<\/li>\n<li>Uniden: R3, R4, R7, R8<\/li>\n<\/ul>\n","protected":false},"featured_media":6817,"comment_status":"open","ping_status":"closed","template":"","meta":{"_kad_post_transparent":"","_kad_post_title":"","_kad_post_layout":"","_kad_post_sidebar_id":"","_kad_post_content_style":"","_kad_post_vertical_padding":"","_kad_post_feature":"","_kad_post_feature_position":"","_kad_post_header":false,"_kad_post_footer":false,"_kad_post_classname":""},"product_brand":[],"product_cat":[1057,1060,952,1065,1195,1071],"product_tag":[],"class_list":{"0":"post-6813","1":"product","2":"type-product","3":"status-publish","4":"has-post-thumbnail","6":"product_cat-escort-accessoires","7":"product_cat-genevo-accessoires","8":"product_cat-navty-fr","9":"product_cat-navty-accessoires","10":"product_cat-uniden-accessoires","11":"product_cat-valentine-one-accessoires","13":"first","14":"instock","15":"taxable","16":"shipping-taxable","17":"purchasable","18":"product-type-simple","19":"entry","20":"content-bg","21":"loop-entry"},"jetpack_sharing_enabled":true,"_links":{"self":[{"href":"https:\/\/radar-shop.com\/fr\/wp-json\/wp\/v2\/product\/6813","targetHints":{"allow":["GET"]}}],"collection":[{"href":"https:\/\/radar-shop.com\/fr\/wp-json\/wp\/v2\/product"}],"about":[{"href":"https:\/\/radar-shop.com\/fr\/wp-json\/wp\/v2\/types\/product"}],"replies":[{"embeddable":true,"href":"https:\/\/radar-shop.com\/fr\/wp-json\/wp\/v2\/comments?post=6813"}],"wp:featuredmedia":[{"embeddable":true,"href":"https:\/\/radar-shop.com\/fr\/wp-json\/wp\/v2\/media\/6817"}],"wp:attachment":[{"href":"https:\/\/radar-shop.com\/fr\/wp-json\/wp\/v2\/media?parent=6813"}],"wp:term":[{"taxonomy":"product_brand","embeddable":true,"href":"https:\/\/radar-shop.com\/fr\/wp-json\/wp\/v2\/product_brand?post=6813"},{"taxonomy":"product_cat","embeddable":true,"href":"https:\/\/radar-shop.com\/fr\/wp-json\/wp\/v2\/product_cat?post=6813"},{"taxonomy":"product_tag","embeddable":true,"href":"https:\/\/radar-shop.com\/fr\/wp-json\/wp\/v2\/product_tag?post=6813"}],"curies":[{"name":"wp","href":"https:\/\/api.w.org\/{rel}","templated":true}]}}